
{"id":130,"date":"2021-04-08T09:08:24","date_gmt":"2021-04-08T08:08:24","guid":{"rendered":"http:\/\/home.uia.no\/asgerbm\/?page_id=130"},"modified":"2021-05-09T13:10:23","modified_gmt":"2021-05-09T12:10:23","slug":"opgave-3-hojfjellstur","status":"publish","type":"page","link":"https:\/\/home.uia.no\/asgerbm\/opgaver\/opgave-3-hojfjellstur\/","title":{"rendered":"Opgave 3 &#8211; H\u00f8jfjellstur"},"content":{"rendered":"<p>H\u00f8jfjellstur til Hovden<\/p>\n<p>Fjellturen til Hovden b\u00f8d p\u00e5 langrendsski &#8211; og dertilh\u00f8rende oplevelse af vejr.<\/p>\n<p>Herudover oplevede vi forskellige former for ophold I det fri i omst\u00e6ndighederne som vinter og fjell byder.<\/p>\n<p>Snehule<\/p>\n<p>Vi fik p\u00e5 turen muligheden for at bygge og overnatte I en snehule &#8211; t\u00e6nkt som et muligt n\u00f8dshelter I d\u00e5rligt vejr. P\u00e5 baggrund af snedybden p\u00e5 omkring 1,5 meter byggede vi en snehule af typen SIG-igloo.<\/p>\n<p>SIG-iglooen laves ved at grave et cylinderformet hul p\u00e5 omtrendt en meters diameter, for s\u00e5 at lave et tag med enten blokke af sne eller en sned\u00e6kket n\u00f8dshelter. For at styrke tagets b\u00e6reevne b\u00f8r taget v\u00e6re d\u00e6kket med mindst 50 cm sne &#8211; gerne s\u00e5 dybt s\u00e5 sollyset udefra ikke kan ses gennem tagets sne.<\/p>\n<p>Hulen kan fra cylinderhullet udgraves I en cirkel for at skabe en hule stor nok til at gruppens medlemmer kan ligge s\u00e5 komfortabelt som muligt. Skovle er det prim\u00e6re redskab I sneen, men n\u00e5r sneen er god og n\u00e5r man har lidt plads at arbejde p\u00e5 er snesave et godt og effektivt redskab. Med save kan st\u00f8rre blokke af sne graves ud &#8211; som er lettere at transportere og som kan stables og placeres til tagkonstruktionen.<\/p>\n<p>Indgangen til SIG-iglooen graves ind fra en side &#8211; startende omtrendt 2 meter fra det cylindriske hul. Det er vigtigt ikke at grave for meget sne v\u00e6k fra snehulens tag &#8211; da det ellers skader tagets stabilitet.<\/p>\n<p>Sneen skal ogs\u00e5 fjernes fra hulen, her kan det v\u00e6re fordelsagtigt at lade tagkonstruktionen vente &#8211; s\u00e5fremt vejret tillader det. Ellers er en god metode at bruge presseninger, s\u00e5ledes at man fylder den overfl\u00f8dige sne p\u00e5 presseningen og s\u00e5 tr\u00e6kker den ud gennem \u00e5bningen.<\/p>\n<p>Shelterbygning<\/p>\n<p>I vores shelterbygning valgte vi et udfordrende spot, op ad en klippev\u00e6g. Vi havde blot to tr\u00e6er og nogle buske til at f\u00e6stne shelteret. Dette gjorde det sv\u00e6rt at f\u00e5 strammet shelteret op og andre l\u00f8sninger m\u00e5tte udforskes.<\/p>\n<p>Tim viste os hvorledes ski, I sne, kan udg\u00f8re st\u00f8ttep\u00e6le til et shelter. Det er vigtigt at placere skiene dybt og I en vinkel v\u00e6k fra shelteret, for at styrke stabiliteten. Med fordel kan to ski f\u00e6stnes med kort mellemrum s\u00e5 de kan dele byrden.<\/p>\n<p>Disse erfaringer cementerede nogle pointer I shelterbygning.<\/p>\n<ul style=\"margin-left: .375in;direction: ltr;margin-top: 0in;margin-bottom: 0in\" type=\"disc\">\n<li style=\"margin-top: 0;margin-bottom: 0;vertical-align: middle\"><span style=\"font-family: Calibri;font-size: 11.0pt\">Relativt t\u00e6tst\u00e5ende tr\u00e6er er essentielle til at lave nemme og stabile sheltere<\/span><\/li>\n<li style=\"margin-top: 0;margin-bottom: 0;vertical-align: middle\"><span style=\"font-family: Calibri;font-size: 11.0pt\">Alt kan benyttes I shelterbygning &#8211; s\u00e5 l\u00e6nge det stabiliserer shelteret<\/span><\/li>\n<\/ul>\n<p>Toptur og kort<\/p>\n<p>Vi fik gennem vores turen p\u00e5 ski udviklet vores evne til at navigere og bruge kort og kompas. I vinter og sne er nogle af konturene og landm\u00e6rkerne gemt eller sv\u00e6rere at se. Dette besv\u00e6rligg\u00f8re navigationen en smule. Her kan bjergene og toppene v\u00e6re til stor hj\u00e6lp og ved brug af kompas kan man, hvis man identificere en eller flere toppe &#8211; med ret stor pr\u00e6cision finde sin lokation. Alle andre former for landm\u00e6rker er naturligvis ogs\u00e5 anvendelige I navigationen og s\u00f8er, v\u00e5domr\u00e5der og bygninger er s\u00e6rligt genkendelige I vinteromgivelser.<\/p>\n<p>Gruppedynamik<\/p>\n<p>Dagen efter snehulebygningen tog vi p\u00e5 en tur op imellem to toppe. Vejret havde \u00e6ndret sig til noget mere vind &#8211; dette bet\u00f8d noget for den oplevede temperatur. Vi havde en plan om at skulle\u00a0 lave bivuakker til n\u00e6ste nat og havde derfor en tidslig bagkant &#8211; da vi ogs\u00e5 ville tilbage til hytterne inden. I gruppen, best\u00e5ende af 12 studerende og Tim, havde folk forskellige niveauer af overskud. Pres fra for lidt s\u00f8vn, mad, muskul\u00e6r hvile og s\u00e5 videre havde forskellige indflydelse p\u00e5 folks energi. Gruppen m\u00e5tte derfor fors\u00f8ge at tage forskellige hensyn &#8211; og medlemmerne m\u00e5tte tage stilling til deres deltagelse. Dette s\u00e5s I sp\u00f8rgsm\u00e5let om om alle ville vandre det sidste stykke op ad bjerget, her var nogle I gruppen tr\u00e6tte og klar til at tage ned igen. For at tage hensyn, blev det stillet op som et individuelt sp\u00f8rgsm\u00e5l, om den enkelte ville tage resten af turen. P\u00e5 trods af tr\u00e6thed tog alle skiene af og vandrede det sidste stykke op ad bjergets skr\u00e5ninger. Her kan gruppens koh\u00e6sion have stor betydning, grundet koh\u00e6sionen v\u00e6lger alle at tilsides\u00e6tte egne behov for hvile og deltage fuldbyrdet I resten af gruppens valg om at vandre det sidste stykke op. Egne ambitioner kan naturligvis ogs\u00e5 spille ind.<\/p>\n","protected":false},"excerpt":{"rendered":"<p>H\u00f8jfjellstur til Hovden Fjellturen til Hovden b\u00f8d p\u00e5 langrendsski &#8211; og dertilh\u00f8rende oplevelse af vejr. Herudover oplevede vi forskellige former for ophold I det fri i omst\u00e6ndighederne som vinter og fjell byder. Snehule Vi fik p\u00e5 turen muligheden for at &hellip; <a href=\"https:\/\/home.uia.no\/asgerbm\/opgaver\/opgave-3-hojfjellstur\/\">Les videre <span class=\"meta-nav\">&rarr;<\/span><\/a><\/p>\n","protected":false},"author":2939,"featured_media":0,"parent":69,"menu_order":0,"comment_status":"closed","ping_status":"closed","template":"","meta":{"_exactmetrics_skip_tracking":false,"_exactmetrics_sitenote_active":false,"_exactmetrics_sitenote_note":"","_exactmetrics_sitenote_category":0,"footnotes":""},"_links":{"self":[{"href":"https:\/\/home.uia.no\/asgerbm\/wp-json\/wp\/v2\/pages\/130"}],"collection":[{"href":"https:\/\/home.uia.no\/asgerbm\/wp-json\/wp\/v2\/pages"}],"about":[{"href":"https:\/\/home.uia.no\/asgerbm\/wp-json\/wp\/v2\/types\/page"}],"author":[{"embeddable":true,"href":"https:\/\/home.uia.no\/asgerbm\/wp-json\/wp\/v2\/users\/2939"}],"replies":[{"embeddable":true,"href":"https:\/\/home.uia.no\/asgerbm\/wp-json\/wp\/v2\/comments?post=130"}],"version-history":[{"count":4,"href":"https:\/\/home.uia.no\/asgerbm\/wp-json\/wp\/v2\/pages\/130\/revisions"}],"predecessor-version":[{"id":144,"href":"https:\/\/home.uia.no\/asgerbm\/wp-json\/wp\/v2\/pages\/130\/revisions\/144"}],"up":[{"embeddable":true,"href":"https:\/\/home.uia.no\/asgerbm\/wp-json\/wp\/v2\/pages\/69"}],"wp:attachment":[{"href":"https:\/\/home.uia.no\/asgerbm\/wp-json\/wp\/v2\/media?parent=130"}],"curies":[{"name":"wp","href":"https:\/\/api.w.org\/{rel}","templated":true}]}}