
{"id":156,"date":"2021-06-02T16:28:30","date_gmt":"2021-06-02T15:28:30","guid":{"rendered":"http:\/\/home.uia.no\/asgerbm\/?page_id=156"},"modified":"2021-06-02T16:29:57","modified_gmt":"2021-06-02T15:29:57","slug":"kanotur-pa-otra","status":"publish","type":"page","link":"https:\/\/home.uia.no\/asgerbm\/opgaver\/kanotur-pa-otra\/","title":{"rendered":"Opgave 5 &#8211; Kanotur p\u00e5 Otra"},"content":{"rendered":"<p>Med studiet var vi p\u00e5 tur den 3. til den 5. maj. Turen var fra bjerg til kyst, best\u00e5ende af kano og cykling. Vi startede ved Byglandsfjorden p\u00e5 Otra, I kano &#8211; hvor vi f\u00f8rst afpr\u00f8vede kano og kanoteknik i et stykke tid f\u00f8r vi drog videre sydp\u00e5 i retning tilbage mod Kristiansand. Kanotekniktr\u00e6ningen bestod af man\u00f8vrering med de forskellige tag &#8211; J-tag, C-tag og T-tag, samt lidt indf\u00f8ring I hvordan man sidder og hvilke muskler der helst skal v\u00e6re I brug I kano.<\/p>\n<p>Vi stod selv for at lede hinanden p\u00e5 vej I gruppen af outdoor education studerende. Vi skiftedes &#8211; og jeg startede med at lede I f\u00e6llesskab med nogle af mine medstuderende. Vi valgte at lede med fokus p\u00e5 at involvering og medbestemmelse for hele gruppen. Dette var form\u00e5lstjenstligt da vores medstuderende selv havde et h\u00f8jt f\u00e6rdighedsniveau og opgaven ikke indebar de store fareelementer. Praktisk blev det gjort ved at samle gruppen og gennemg\u00e5 planen I plenum samt \u00e5bne for sp\u00f8rgsm\u00e5l og andre meninger. Derudover indrog vi gruppen yderligere ved at tildele en kano som forreste kano og en som bagerste kano &#8211; disse havde ansvar for at holde gruppen relativt samlet og t\u00e6t ved at styre tempo. Dette tillod ogs\u00e5 os, som lederkano, at v\u00e6re fleksibel og potentielt t\u00e6t p\u00e5 alle I gruppen &#8211; s\u00e5ledes vi kunne ro frem og tilbage og h\u00f8re alle ad om hvordan gruppen havde det. Vi tog h\u00f8jde for at vandet var koldt &#8211; omkring 4 grader Celcius &#8211; og en k\u00e6ntring ville medf\u00f8re potentielt set lang tids nedk\u00f8ling ved at ro t\u00e6t p\u00e5 inds\u00f8ens kant. Vi havde tilmed ikke \u00f8vet en makkerredning &#8211; s\u00e5 vores plan ved k\u00e6ntring var at n\u00f8dstedte m\u00e5tte sv\u00f8mme mod land.<\/p>\n<p>Vi overnattede p\u00e5 en \u00f8 halvejs mod d\u00e6mningen ved Syrtveit &#8211; vores kanoturs destination. Vi havde f\u00f8r turen set p\u00e5 vejrudsigten at det ville regne den nat og efterkommende dag &#8211; og vores bivuak var naturligvis bygget efter dette vilk\u00e5r &#8211; vi kom t\u00f8rre igennem natten og tog morgenmaden under presseningen.<\/p>\n<p>Efterf\u00f8lgende dag b\u00f8d p\u00e5 regn og bl\u00e6st &#8211; og dermed kolde h\u00e6nder mm. blandt vores gruppe. Dette havde konsekvenser for hum\u00f8ret. Vores fors\u00f8g p\u00e5 at muntre hinanden op indeholdt r\u00e5b, sang, fl\u00f8jten og historiefort\u00e6llinger p\u00e5 s\u00f8en &#8211; dette bidrog til at de fleste havde en god tur p\u00e5 trods af nedk\u00f8ling og smerter heraf. Et udtryk for at den sociale koh\u00e6sion I gruppen havde en positiv effekt p\u00e5 gruppens opgave l\u00f8sning og tilfredshed. Vi oplevede p\u00e5 forskellig vis hvorledes vejret og hum\u00f8ret havde indflydelse p\u00e5 turen &#8211; det gjorde at energiniveauet faldt og I visse tilf\u00e6lde at folk stoppede eller s\u00e6nkede engagementet med at padle. Vi valgte ikke at skifte kanopar, men dette ville have v\u00e6ret en l\u00f8sning s\u00e5fremt nogle kanoer havde problemer med tempoet.<\/p>\n<p>Vi n\u00e5ede frem til TrollAktiv hvor vi skulle overnatte, og hum\u00f8ret steg gevaldigt I takt med at folk fik t\u00f8rt t\u00f8j p\u00e5 og blev varmet op inde fra. Vi tog den aften beslutningen ikke at gennemf\u00f8re den planlagte klatreaktivitet dagen efter grundet vejret. Beslutningen blev taget I plenum hvor erfarne klatrere b\u00f8d ind med deres viden om hvordan v\u00e5de klipper udg\u00f8r d\u00e5rlige klatrebetingelser og andre b\u00f8d ind med deres meninger om hvor sjovt endnu en dag I regn ville v\u00e6re. Derfor valgte vi at cykle hele vejen hjem dagen efter &#8211; omkring 85 km.<\/p>\n<p>Cykelturen forl\u00f8b som planlagt, I et tempo hvor alle kunne f\u00f8lge med og med kun lidt regnvejr. Pauserne blev korte og f\u00e5 grundet kulde og det ikke s\u00e5 udfordrende tempo. Navigationen var ikke s\u00e5 vanskelig da ruten (nationalcykelrute 3) var skiltet godt og vi havde kort med over hele rutens forl\u00f8b. der opstod ikke s\u00e5 meget tvivl og forreste mand tog oftest ansvaret for valg af vej.<\/p>\n<p>En situation opstod I slutningen af turen &#8211; hvor en medstuderende med kn\u00e6skade m\u00e5tte tage en l\u00e6ngere pause p\u00e5 grund af kn\u00e6et. F\u00f8r denne pause havde vi cyklet et langt str\u00e6k uden pause og hun vidste godt forinden at hun havde behov for en pause &#8211; men da der var s\u00e5 kort igen valgte hun ikke at meddele om hendes behov for pause.<\/p>\n<p>Her skulle vi som gruppe have holdt os mere samlet og v\u00e6ret mere opm\u00e6rksomme og hensynsfulde. Hun skulle have v\u00e6ret mere meddelsom og \u00e5ben omkring hendes behov for pauser. Dette vidner om hvor vigtigt det er at v\u00e6re opm\u00e6rksom og ops\u00f8gende I forhold ti gruppens evner og mangel p\u00e5 evner, som leder. Gruppen kan meget vel fors\u00f8ge at skjule eller glemme at meddele om skader.<\/p>\n","protected":false},"excerpt":{"rendered":"<p>Med studiet var vi p\u00e5 tur den 3. til den 5. maj. Turen var fra bjerg til kyst, best\u00e5ende af kano og cykling. Vi startede ved Byglandsfjorden p\u00e5 Otra, I kano &#8211; hvor vi f\u00f8rst afpr\u00f8vede kano og kanoteknik i &hellip; <a href=\"https:\/\/home.uia.no\/asgerbm\/opgaver\/kanotur-pa-otra\/\">Les videre <span class=\"meta-nav\">&rarr;<\/span><\/a><\/p>\n","protected":false},"author":2939,"featured_media":0,"parent":69,"menu_order":0,"comment_status":"closed","ping_status":"closed","template":"","meta":{"_exactmetrics_skip_tracking":false,"_exactmetrics_sitenote_active":false,"_exactmetrics_sitenote_note":"","_exactmetrics_sitenote_category":0,"footnotes":""},"_links":{"self":[{"href":"https:\/\/home.uia.no\/asgerbm\/wp-json\/wp\/v2\/pages\/156"}],"collection":[{"href":"https:\/\/home.uia.no\/asgerbm\/wp-json\/wp\/v2\/pages"}],"about":[{"href":"https:\/\/home.uia.no\/asgerbm\/wp-json\/wp\/v2\/types\/page"}],"author":[{"embeddable":true,"href":"https:\/\/home.uia.no\/asgerbm\/wp-json\/wp\/v2\/users\/2939"}],"replies":[{"embeddable":true,"href":"https:\/\/home.uia.no\/asgerbm\/wp-json\/wp\/v2\/comments?post=156"}],"version-history":[{"count":3,"href":"https:\/\/home.uia.no\/asgerbm\/wp-json\/wp\/v2\/pages\/156\/revisions"}],"predecessor-version":[{"id":162,"href":"https:\/\/home.uia.no\/asgerbm\/wp-json\/wp\/v2\/pages\/156\/revisions\/162"}],"up":[{"embeddable":true,"href":"https:\/\/home.uia.no\/asgerbm\/wp-json\/wp\/v2\/pages\/69"}],"wp:attachment":[{"href":"https:\/\/home.uia.no\/asgerbm\/wp-json\/wp\/v2\/media?parent=156"}],"curies":[{"name":"wp","href":"https:\/\/api.w.org\/{rel}","templated":true}]}}