
{"id":179,"date":"2021-06-08T15:43:20","date_gmt":"2021-06-08T14:43:20","guid":{"rendered":"http:\/\/home.uia.no\/asgerbm\/?page_id=179"},"modified":"2021-06-08T16:14:35","modified_gmt":"2021-06-08T15:14:35","slug":"opgave-6-selvorganiserede-hikes","status":"publish","type":"page","link":"https:\/\/home.uia.no\/asgerbm\/opgaver\/opgave-6-selvorganiserede-hikes\/","title":{"rendered":"Opgave 6 &#8211; Selvorganiserede Hikes"},"content":{"rendered":"<p>I p\u00e5sken var jeg p\u00e5 roadtrip med 4 af mine medstuderende, vi var her p\u00e5 to hikes samt generelt rundt for at se forskellige dele af Norge.<\/p>\n<p>&nbsp;<\/p>\n<h2>Bremangerlandet<\/h2>\n<p>Vi n\u00e5ede Bremangerlandet og havde ambitionen at hike op ad et bjerg p\u00e5 \u00f8stsiden. Da vi ankom regnede det dog og vi m\u00e5tte tage en samtale om hvad der skulle g\u00f8res. Nogle ville gerne g\u00f8re fors\u00f8get og se hvor langt vi kunne komme. Vejret viste tegn p\u00e5 mere regn og m\u00e5ske sne. Jeg advokerede for at finde en anden hike da bjerget var stejlt og stien umiddelbart ikke var s\u00e5 let at beg\u00e5 sig p\u00e5. Dette var med gruppens sikkerhed og mulighed for at nyde vandreturen in mente. Vi havde heller ikke udstyret helt I orden til at gennemf\u00f8re en besv\u00e6rlig hike. Nogle I gruppen ville gerne udfordres og havde set frem til hiken og bjergets top, som lovede en flot udsigt.<\/p>\n<p>Vi endte med at finde en andet hike, ogs\u00e5 p\u00e5 Bremangerlandet, som ikke var helt s\u00e5 udfordrende eller s\u00e5 h\u00f8jt.<br \/>\nTuren var p\u00e5 mange m\u00e5der fantastisk p\u00e5 trods af at den ikke var den planlagte rute. Vi kunne alle gennemf\u00f8re og st\u00f8dte ikke p\u00e5 ubehageligheder I form af glatte sten eller korte klatreture p\u00e5 v\u00e5d klippe. Her var der ogs\u00e5 naturligvis mulighed for at differentiere sv\u00e6rhedsgraden af hiken og mig og en medstuderende tog en alternativ vej tilbage. Dette gjorde at alle blev tilfredse og at ingen blev taget med p\u00e5 en for udfordrende og m\u00e5ske ubehagelig tur.<\/p>\n<p><img loading=\"lazy\" decoding=\"async\" class=\"alignnone size-medium wp-image-185\" src=\"http:\/\/home.uia.no\/asgerbm\/files\/2021\/06\/IMG_5053-300x225.jpg\" alt=\"\" width=\"300\" height=\"225\" srcset=\"https:\/\/home.uia.no\/asgerbm\/files\/2021\/06\/IMG_5053-300x225.jpg 300w, https:\/\/home.uia.no\/asgerbm\/files\/2021\/06\/IMG_5053-768x576.jpg 768w, https:\/\/home.uia.no\/asgerbm\/files\/2021\/06\/IMG_5053-1024x768.jpg 1024w, https:\/\/home.uia.no\/asgerbm\/files\/2021\/06\/IMG_5053-400x300.jpg 400w\" sizes=\"(max-width: 300px) 100vw, 300px\" \/><\/p>\n<h2>Nigardsbreen<\/h2>\n<p>Ved Breheimen hikede vi til Nigardsbreen &#8211; en omkring 6 km hike frem og 6 km tilbage til bilerne. Det var varmt, men sneen var fortsat omkring 10-20 cm dyb p\u00e5 ruten &#8211; og ret v\u00e5d. Dette gjorde det relativt sv\u00e6rt fremkommeligt uden ski eller snesko. Vi valgte, dels for ikke at vandre I sne og dels for sjov at forlade stien og g\u00e5 ud I terr\u00e6net &#8211; hvor sneen veg for store sten.<\/p>\n<p>Vi havde hele tiden syn for m\u00e5let, nemlig breen, og der var derfor ingen tvivl om retningen. Her l\u00e6rte vi dog om hvor lang tid det kan tage at vandre I terr\u00e6n &#8211; vi tog 3,5 time om 3,5 kilometer. Med gruppen vi var, var det dog muligvis en sjovere og mere stimulerende m\u00e5de at vandre p\u00e5 og ingen havde sure miner eller skavanker. Hvis vi skulle have n\u00e5et andet den dag ville det have v\u00e6ret en h\u00e5bl\u00f8s f\u00e6rd at begi sig ud p\u00e5, men grundet vores iver efter eventyr, vores fascination af omr\u00e5det og vores m\u00e6ngde af tid var det nok det rigtige valg for os p\u00e5 den dag.<br \/>\nDette viser hvordan en m\u00e5ske uoptimal rute &#8211; med den rigtige gruppe p\u00e5 den rigtige dag &#8211; kan v\u00e6re den bedste. En vigtig l\u00e6ring n\u00e5r det kommer til friluftsliv hvor denne medt\u00e6nkning af kontekst og gruppe &#8211; vejr, hum\u00f8r, fysiske evner, grej osv.<\/p>\n","protected":false},"excerpt":{"rendered":"<p>I p\u00e5sken var jeg p\u00e5 roadtrip med 4 af mine medstuderende, vi var her p\u00e5 to hikes samt generelt rundt for at se forskellige dele af Norge. &nbsp; Bremangerlandet Vi n\u00e5ede Bremangerlandet og havde ambitionen at hike op ad et &hellip; <a href=\"https:\/\/home.uia.no\/asgerbm\/opgaver\/opgave-6-selvorganiserede-hikes\/\">Les videre <span class=\"meta-nav\">&rarr;<\/span><\/a><\/p>\n","protected":false},"author":2939,"featured_media":0,"parent":69,"menu_order":0,"comment_status":"closed","ping_status":"closed","template":"","meta":{"_exactmetrics_skip_tracking":false,"_exactmetrics_sitenote_active":false,"_exactmetrics_sitenote_note":"","_exactmetrics_sitenote_category":0,"footnotes":""},"_links":{"self":[{"href":"https:\/\/home.uia.no\/asgerbm\/wp-json\/wp\/v2\/pages\/179"}],"collection":[{"href":"https:\/\/home.uia.no\/asgerbm\/wp-json\/wp\/v2\/pages"}],"about":[{"href":"https:\/\/home.uia.no\/asgerbm\/wp-json\/wp\/v2\/types\/page"}],"author":[{"embeddable":true,"href":"https:\/\/home.uia.no\/asgerbm\/wp-json\/wp\/v2\/users\/2939"}],"replies":[{"embeddable":true,"href":"https:\/\/home.uia.no\/asgerbm\/wp-json\/wp\/v2\/comments?post=179"}],"version-history":[{"count":2,"href":"https:\/\/home.uia.no\/asgerbm\/wp-json\/wp\/v2\/pages\/179\/revisions"}],"predecessor-version":[{"id":189,"href":"https:\/\/home.uia.no\/asgerbm\/wp-json\/wp\/v2\/pages\/179\/revisions\/189"}],"up":[{"embeddable":true,"href":"https:\/\/home.uia.no\/asgerbm\/wp-json\/wp\/v2\/pages\/69"}],"wp:attachment":[{"href":"https:\/\/home.uia.no\/asgerbm\/wp-json\/wp\/v2\/media?parent=179"}],"curies":[{"name":"wp","href":"https:\/\/api.w.org\/{rel}","templated":true}]}}