
{"id":45,"date":"2021-02-04T13:16:57","date_gmt":"2021-02-04T12:16:57","guid":{"rendered":"http:\/\/home.uia.no\/asgerbm\/?page_id=45"},"modified":"2021-04-07T16:17:15","modified_gmt":"2021-04-07T15:17:15","slug":"opgave-2","status":"publish","type":"page","link":"https:\/\/home.uia.no\/asgerbm\/opgaver\/opgave-2\/","title":{"rendered":"Opgave 2 &#8211; Selvorganiseret felttur"},"content":{"rendered":"<h1>Selvorganiseret tur til B\u00f8 &#8211; Ida og Asger p\u00e5 tur &#8211; 24-27 februar<\/h1>\n<h1>Planl\u00e6gningsfasen<\/h1>\n<p>Ida og jeg valgte omr\u00e5det omkring B\u00f8, for ogs\u00e5 at kunne bes\u00f8ge vores studiekamerat fra Danmark som studerer friluftsliv I B\u00f8. Denne m\u00e5de at v\u00e6lge omr\u00e5de p\u00e5, betyder at omr\u00e5det I sig selv ikke blev den afg\u00f8rende faktor. Vi unders\u00f8gte af denne \u00e5rsag ikke mange forskellige muligheder og fandt da ogs\u00e5 meget hurtigt et omr\u00e5de Breis\u00e5s, som ogs\u00e5 blev den endelige destination. I bagklogskabens lys kunne vi nok heller ikke have fundet et bedre omr\u00e5de at vandre I, men burde m\u00e5ske have brugt mere tid p\u00e5 at kigge rundt. Breis\u00e5s er et turomr\u00e5de t\u00e6t p\u00e5 b\u00f8, som virkede oplagt til form\u00e5let. Vi fors\u00f8gte at unders\u00f8ge omr\u00e5det for vejr, snedybder, h\u00f8jdemeter, stier og bevoksning. Det var muligt at finde information om stier og h\u00f8jdemeter &#8211; hvilket gav et billede af et relativt let og tilg\u00e6ngeligt omr\u00e5de. Vi brugte Kartverket.no til at udskrive kort til turen, som vi ogs\u00e5 brugte til planl\u00e6gning af ruten.\u00a0 Vejret og snedybder var sv\u00e6rere at vurdere &#8211; vejrudsigten viste h\u00f8j solskin og h\u00f8je temperature og snedybden viste omkring 20 cm &#8211; if\u00f8lge de kilder vi fandt &#8211; Yr og Varsom. Mere om det senere.<\/p>\n<p>Vi aftalte med vores kammerat hjemmefra at m\u00f8des f\u00f8r vores afgang. Dette gjorde os ogs\u00e5 I stand til at fort\u00e6lle ham om hvor vi tog hen og hvad vores plan var. Denne kontakt sikrede os ogs\u00e5 en person I n\u00e6rheden, som kunne hj\u00e6lpe os I tilf\u00e6lde af uheld og n\u00f8dsituationer.<\/p>\n<p>&nbsp;<\/p>\n<h1>Turen<\/h1>\n<p>Vores tur forl\u00f8b I det hele taget ikke efter planen. Vores plan om at vandre blev forstyret af tilstedev\u00e6relsen af op I mod 40 cm meget v\u00e5d sne. Starten var god, med en bred sti og kun lidt sne og is p\u00e5 vejen. Ida og jeg erfarede at flere korte pauser kan v\u00e6re at foretr\u00e6kke I relativt varmt vejr med store rygs\u00e6kke p\u00e5 ryggen. Korte pauser g\u00f8r en mindre kold I pausen &#8211; og flere pauser g\u00f8r at man bedre kan justere sin bekl\u00e6dning for varmeregulering, samt hvile lidt inden sveden drypper.<\/p>\n<p>&nbsp;<\/p>\n<p>Da vi kom til en skygget og mindre bef\u00e6rdet side af h\u00f8jene, blev sned\u00e6kket tykkere og v\u00e5dere gradvist jo l\u00e6ngere vi kom. Det endte med at afkorte vores tur efter nogle timers vandring lidt f\u00f8r Raumyrkollen. Her gjorde vi lejr for natten I sneen &#8211; med st\u00f8vler som ikke var helt vandt\u00e6tte nok til at holde f\u00f8dderne t\u00f8re. Natten var varm og behagelig I telt.<\/p>\n<p><img loading=\"lazy\" decoding=\"async\" class=\"alignnone size-medium wp-image-106\" src=\"http:\/\/home.uia.no\/asgerbm\/files\/2021\/04\/IMG_20210225_120424074-1-300x225.jpg\" alt=\"\" width=\"300\" height=\"225\" srcset=\"https:\/\/home.uia.no\/asgerbm\/files\/2021\/04\/IMG_20210225_120424074-1-300x225.jpg 300w, https:\/\/home.uia.no\/asgerbm\/files\/2021\/04\/IMG_20210225_120424074-1-768x576.jpg 768w, https:\/\/home.uia.no\/asgerbm\/files\/2021\/04\/IMG_20210225_120424074-1-1024x768.jpg 1024w, https:\/\/home.uia.no\/asgerbm\/files\/2021\/04\/IMG_20210225_120424074-1-400x300.jpg 400w\" sizes=\"(max-width: 300px) 100vw, 300px\" \/><\/p>\n<p>Dagen efter startede I lige s\u00e5 dyb og lige s\u00e5 v\u00e5d sne. Den f\u00f8rste time eller to blev brugt p\u00e5 at k\u00e6mpe os igennem sneen I den planlagte retning. Vi besluttede da &#8211; med drivv\u00e5de f\u00f8dder &#8211; at g\u00e5 tilbage mod de mere bef\u00e6rdede stier mod nord. Vi fandt frem til en solbeskinnet side af en tj\u00f8nn, hvor vi besluttede at l\u00e6gge lejr og t\u00f8rre vores telt og fors\u00f8ge at t\u00e6nde et b\u00e5l.<\/p>\n<p><img loading=\"lazy\" decoding=\"async\" class=\"alignnone size-medium wp-image-112\" src=\"http:\/\/home.uia.no\/asgerbm\/files\/2021\/04\/IMG_20210225_162852308-1-225x300.jpg\" alt=\"\" width=\"225\" height=\"300\" srcset=\"https:\/\/home.uia.no\/asgerbm\/files\/2021\/04\/IMG_20210225_162852308-1-225x300.jpg 225w, https:\/\/home.uia.no\/asgerbm\/files\/2021\/04\/IMG_20210225_162852308-1-768x1024.jpg 768w, https:\/\/home.uia.no\/asgerbm\/files\/2021\/04\/IMG_20210225_162852308-1-375x500.jpg 375w\" sizes=\"(max-width: 225px) 100vw, 225px\" \/><\/p>\n<p>Dette gjorde at vores tur I alt blev afkortet med mindst 15 km. Til geng\u00e6ld fik vi erfaring med b\u00e5lbygning og t\u00f8rring af telt og sokker.<\/p>\n<h1>Lifjell og bonustur<\/h1>\n<p>Vores studiekammerat I B\u00f8 studere til dagligt friluftsliv p\u00e5 USN og vi tog, dagen efter vores hjemkomst, til det lokale Lifjell, som de til dagligt bruger I deres undervisning I ski og vinterfriluftsliv. Her slog vi telt op med smuk udsigt.<\/p>\n<p>Sneen p\u00e5 fjellet var ikke n\u00e6r s\u00e5 v\u00e5d og vores ski gjorde det til en leg at bev\u00e6ge sig rundt. Ida og jeg n\u00f8d her ogs\u00e5 godt af vores vens st\u00f8rre erfaring med ski, sne og vinter.<\/p>\n<p><img loading=\"lazy\" decoding=\"async\" class=\"alignnone size-medium wp-image-108\" src=\"http:\/\/home.uia.no\/asgerbm\/files\/2021\/04\/IMG_20210227_173922844-1-300x225.jpg\" alt=\"\" width=\"300\" height=\"225\" srcset=\"https:\/\/home.uia.no\/asgerbm\/files\/2021\/04\/IMG_20210227_173922844-1-300x225.jpg 300w, https:\/\/home.uia.no\/asgerbm\/files\/2021\/04\/IMG_20210227_173922844-1-768x576.jpg 768w, https:\/\/home.uia.no\/asgerbm\/files\/2021\/04\/IMG_20210227_173922844-1-1024x768.jpg 1024w, https:\/\/home.uia.no\/asgerbm\/files\/2021\/04\/IMG_20210227_173922844-1-400x300.jpg 400w\" sizes=\"(max-width: 300px) 100vw, 300px\" \/><\/p>\n<h1>Gruppedynamik<\/h1>\n<p>Det var kun Ida og jeg p\u00e5 tur, og vi to kender hinanden ret godt efterh\u00e5nden. Dette gjorde at vi uden gnidninger kunne tage de beslutninger der skulle til for at vi begge fik en god tur. Ida havde forinden sl\u00e5et sit kn\u00e6 og det gav hende problemer undervejs &#8211; Ida gav udtryk for hendes kn\u00e6problemer og jeg fors\u00f8gte at tage hensyn. Jeg f\u00f8lte gennem turen at jeg havde st\u00f8rre overskud end Ida og det gjorde at jeg fulgte hendes behov. Dette havde betydning for m\u00e6ngden af pauser og l\u00e6ngden af ruten.<\/p>\n<p>&nbsp;<\/p>\n<p>P\u00e5 vores Lifjelltur lod vi vores ven fra b\u00f8 v\u00e6re mere I en rolle af vejleder &#8211; da han kendte omr\u00e5det og havde gennem sit studie mere erfaring med den form for friluftsliv.<\/p>\n<p>&nbsp;<\/p>\n<h1>L\u00e6ring og erfaring<\/h1>\n<h2>Nye erfaringer<\/h2>\n<h3>Planl\u00e6gning af tur<\/h3>\n<ul style=\"margin-left: .375in;direction: ltr;margin-top: 0in;margin-bottom: 0in\" type=\"disc\">\n<li style=\"margin-top: 0;margin-bottom: 0;vertical-align: middle\"><span style=\"font-family: Calibri;font-size: 11.0pt\">Plan B kan med fordel tage hensyn til: forringet mobilitet I gruppen, forskellige h\u00f8jdemeter og deraf snedybder, alternative sovemuligheder &#8211; alt I alt mere detaljeret og I stand til at give andre muligheder p\u00e5 turen &#8211; ikke blot en n\u00f8dudvej<\/span><\/li>\n<li style=\"margin-top: 0;margin-bottom: 0;vertical-align: middle\"><span style=\"font-family: Calibri;font-size: 11.0pt\">Hvis alle m\u00e5ltider er rigelige bliver der mad til overs<\/span><\/li>\n<\/ul>\n<p>&nbsp;<\/p>\n<h3>Tur<\/h3>\n<ul style=\"margin-left: .375in;direction: ltr;margin-top: 0in;margin-bottom: 0in\" type=\"disc\">\n<li style=\"margin-top: 0;margin-bottom: 0;vertical-align: middle\"><span style=\"font-family: Calibri;font-size: 11.0pt\">Delvist vandt\u00e6tte sko er I sne ikke vandt\u00e6tte overhovedet<\/span><\/li>\n<li style=\"margin-top: 0;margin-bottom: 0;vertical-align: middle\"><span style=\"font-family: Calibri;font-size: 11.0pt\">Der skal ikke meget sne til at g\u00f8re det sv\u00e6rt at vandre &#8211; is\u00e6r n\u00e5r det er v\u00e5dt og varmt<\/span><\/li>\n<li style=\"margin-top: 0;margin-bottom: 0;vertical-align: middle\"><span style=\"font-family: Calibri;font-size: 11.0pt\">V\u00e5dt br\u00e6nde kr\u00e6ver meget energi for at skabe et b\u00e5l<\/span><\/li>\n<\/ul>\n<p>&nbsp;<\/p>\n<h3>Bonustur<\/h3>\n<ul style=\"margin-left: .375in;direction: ltr;margin-top: 0in;margin-bottom: 0in\" type=\"disc\">\n<li style=\"margin-top: 0;margin-bottom: 0;vertical-align: middle\"><span style=\"font-family: Calibri;font-size: 11.0pt\">B\u00e5l I 1,5 meter sne &#8211; grav dybt<\/span><\/li>\n<li style=\"margin-top: 0;margin-bottom: 0;vertical-align: middle\"><span style=\"font-family: Calibri;font-size: 11.0pt\">Snacks kan I sig selv godt udg\u00f8re et m\u00e5ltid &#8211; der er 400 kalorier I en lefse<\/span><\/li>\n<\/ul>\n<p>&nbsp;<\/p>\n<h2>Udvikling af erfaringer<\/h2>\n<ul style=\"margin-left: .375in;direction: ltr;margin-top: 0in;margin-bottom: 0in\" type=\"disc\">\n<li style=\"margin-top: 0;margin-bottom: 0;vertical-align: middle\"><span style=\"font-family: Calibri;font-size: 11.0pt\">Gevaldig udvikling af mine b\u00e5lbyggeregenskaber &#8211; I kraft af utallige fejlslagne fors\u00f8g og sparring med B\u00f8boen<\/span><\/li>\n<li style=\"margin-top: 0;margin-bottom: 0;vertical-align: middle\"><span style=\"font-family: Calibri;font-size: 11.0pt\">Kort og kompas &#8211; l\u00e6g m\u00e6rke til stiens forl\u00f8b<\/span><\/li>\n<\/ul>\n<p>&nbsp;<\/p>\n<h1>Alt i alt en god og l\u00e6rerig tur<\/h1>\n","protected":false},"excerpt":{"rendered":"<p>Selvorganiseret tur til B\u00f8 &#8211; Ida og Asger p\u00e5 tur &#8211; 24-27 februar Planl\u00e6gningsfasen Ida og jeg valgte omr\u00e5det omkring B\u00f8, for ogs\u00e5 at kunne bes\u00f8ge vores studiekamerat fra Danmark som studerer friluftsliv I B\u00f8. Denne m\u00e5de at v\u00e6lge omr\u00e5de &hellip; <a href=\"https:\/\/home.uia.no\/asgerbm\/opgaver\/opgave-2\/\">Les videre <span class=\"meta-nav\">&rarr;<\/span><\/a><\/p>\n","protected":false},"author":2939,"featured_media":0,"parent":69,"menu_order":0,"comment_status":"closed","ping_status":"closed","template":"","meta":{"_exactmetrics_skip_tracking":false,"_exactmetrics_sitenote_active":false,"_exactmetrics_sitenote_note":"","_exactmetrics_sitenote_category":0,"footnotes":""},"_links":{"self":[{"href":"https:\/\/home.uia.no\/asgerbm\/wp-json\/wp\/v2\/pages\/45"}],"collection":[{"href":"https:\/\/home.uia.no\/asgerbm\/wp-json\/wp\/v2\/pages"}],"about":[{"href":"https:\/\/home.uia.no\/asgerbm\/wp-json\/wp\/v2\/types\/page"}],"author":[{"embeddable":true,"href":"https:\/\/home.uia.no\/asgerbm\/wp-json\/wp\/v2\/users\/2939"}],"replies":[{"embeddable":true,"href":"https:\/\/home.uia.no\/asgerbm\/wp-json\/wp\/v2\/comments?post=45"}],"version-history":[{"count":8,"href":"https:\/\/home.uia.no\/asgerbm\/wp-json\/wp\/v2\/pages\/45\/revisions"}],"predecessor-version":[{"id":124,"href":"https:\/\/home.uia.no\/asgerbm\/wp-json\/wp\/v2\/pages\/45\/revisions\/124"}],"up":[{"embeddable":true,"href":"https:\/\/home.uia.no\/asgerbm\/wp-json\/wp\/v2\/pages\/69"}],"wp:attachment":[{"href":"https:\/\/home.uia.no\/asgerbm\/wp-json\/wp\/v2\/media?parent=45"}],"curies":[{"name":"wp","href":"https:\/\/api.w.org\/{rel}","templated":true}]}}