
{"id":73,"date":"2021-02-04T13:54:05","date_gmt":"2021-02-04T12:54:05","guid":{"rendered":"http:\/\/home.uia.no\/asgerbm\/?page_id=73"},"modified":"2021-06-08T15:45:26","modified_gmt":"2021-06-08T14:45:26","slug":"hjem","status":"publish","type":"page","link":"https:\/\/home.uia.no\/asgerbm\/","title":{"rendered":"Hjem"},"content":{"rendered":"<p><a href=\"http:\/\/home.uia.no\/asgerbm\/opgaver\/opgave-1\/\">Refleksioner over Basic Ski Course<\/a><\/p>\n<p><a href=\"http:\/\/home.uia.no\/asgerbm\/opgaver\/opgave-2\/\">Selvorganiseret felttur<\/a><\/p>\n<p><a href=\"http:\/\/home.uia.no\/asgerbm\/opgaver\/opgave-3-hojfjellstur\/\">H\u00f8jfjellstur<\/a><\/p>\n<p><a href=\"http:\/\/home.uia.no\/asgerbm\/opgaver\/opgave-4-cykeltur-til-lindesnes\/\">Cykeltur til Lindesnes<\/a><\/p>\n<p><a href=\"http:\/\/home.uia.no\/asgerbm\/opgaver\/kanotur-pa-otra\/\">Kanotur p\u00e5 Otra<\/a><\/p>\n<p><a href=\"http:\/\/home.uia.no\/asgerbm\/opgaver\/opgave-6-selvorganiserede-hikes\/\">Selvorganiserede Hikes<\/a><\/p>\n<p><a href=\"http:\/\/home.uia.no\/asgerbm\/opgaver\/opgave-7-randoy-vandaktiviteter-og-o-lejr\/\">Rand\u00f8y: Vandaktiviteter og \u00d8-lejr<\/a><\/p>\n<p>&nbsp;<\/p>\n","protected":false},"excerpt":{"rendered":"<p>Refleksioner over Basic Ski Course Selvorganiseret felttur H\u00f8jfjellstur Cykeltur til Lindesnes Kanotur p\u00e5 Otra Selvorganiserede Hikes Rand\u00f8y: Vandaktiviteter og \u00d8-lejr &nbsp;<\/p>\n","protected":false},"author":2939,"featured_media":0,"parent":0,"menu_order":0,"comment_status":"closed","ping_status":"closed","template":"","meta":{"_exactmetrics_skip_tracking":false,"_exactmetrics_sitenote_active":false,"_exactmetrics_sitenote_note":"","_exactmetrics_sitenote_category":0,"footnotes":""},"_links":{"self":[{"href":"https:\/\/home.uia.no\/asgerbm\/wp-json\/wp\/v2\/pages\/73"}],"collection":[{"href":"https:\/\/home.uia.no\/asgerbm\/wp-json\/wp\/v2\/pages"}],"about":[{"href":"https:\/\/home.uia.no\/asgerbm\/wp-json\/wp\/v2\/types\/page"}],"author":[{"embeddable":true,"href":"https:\/\/home.uia.no\/asgerbm\/wp-json\/wp\/v2\/users\/2939"}],"replies":[{"embeddable":true,"href":"https:\/\/home.uia.no\/asgerbm\/wp-json\/wp\/v2\/comments?post=73"}],"version-history":[{"count":5,"href":"https:\/\/home.uia.no\/asgerbm\/wp-json\/wp\/v2\/pages\/73\/revisions"}],"predecessor-version":[{"id":183,"href":"https:\/\/home.uia.no\/asgerbm\/wp-json\/wp\/v2\/pages\/73\/revisions\/183"}],"wp:attachment":[{"href":"https:\/\/home.uia.no\/asgerbm\/wp-json\/wp\/v2\/media?parent=73"}],"curies":[{"name":"wp","href":"https:\/\/api.w.org\/{rel}","templated":true}]}}