
{"id":80,"date":"2017-10-07T17:26:13","date_gmt":"2017-10-07T16:26:13","guid":{"rendered":"http:\/\/home.uia.no\/atskje17uia-no\/?page_id=80"},"modified":"2018-09-19T17:42:47","modified_gmt":"2018-09-19T16:42:47","slug":"om-meg","status":"publish","type":"page","link":"https:\/\/home.uia.no\/atskje17uia-no\/om-meg\/","title":{"rendered":"Om meg"},"content":{"rendered":"<p style=\"text-align: center\">Hei! Og takk for at du stakk innom!<\/p>\n<p><a href=\"http:\/\/home.uia.no\/atskje17uia-no\/files\/2017\/10\/1.jpg\"><img loading=\"lazy\" decoding=\"async\" class=\"alignleft wp-image-268\" src=\"http:\/\/home.uia.no\/atskje17uia-no\/files\/2017\/10\/1-250x251.jpg\" alt=\"\" width=\"200\" height=\"201\" srcset=\"https:\/\/home.uia.no\/atskje17uia-no\/files\/2017\/10\/1-250x251.jpg 250w, https:\/\/home.uia.no\/atskje17uia-no\/files\/2017\/10\/1-150x150.jpg 150w, https:\/\/home.uia.no\/atskje17uia-no\/files\/2017\/10\/1-768x771.jpg 768w, https:\/\/home.uia.no\/atskje17uia-no\/files\/2017\/10\/1-598x600.jpg 598w, https:\/\/home.uia.no\/atskje17uia-no\/files\/2017\/10\/1-50x50.jpg 50w, https:\/\/home.uia.no\/atskje17uia-no\/files\/2017\/10\/1-400x402.jpg 400w, https:\/\/home.uia.no\/atskje17uia-no\/files\/2017\/10\/1.jpg 956w\" sizes=\"(max-width: 200px) 100vw, 200px\" \/><\/a>Jeg heter Astrid Terese og er, og har alltid v\u00e6rt, en rimelig altetende lesehest. Favorittene mine er fantasy, science fiction, krim og tegneserier. I tillegg til thrillere, og den vide kategorien romaner.<\/p>\n<p>Jeg har jobbet p\u00e5 biblioteket i flere \u00e5r, ogs\u00e5 som skolebibliotekar. Jeg har tatt noe av Bibliotekh\u00f8gskolen, og ett \u00e5r med Litteratur ved H\u00f8gskolen i S\u00f8r-\u00d8st Norge kombinert med studier av bokbransjen, men bestemte meg for \u00e5 ta en Bachelor i Skolebibliotekkunnskap for \u00e5 f\u00e5 den ekstra kunnskapen som f\u00f8lger med et slik studie. Ikke minst i forhold til barnelitteratur.<\/p>\n<p>Du f\u00e5r tak i meg p\u00e5 astridterese (a) gmail.com<\/p>\n","protected":false},"excerpt":{"rendered":"<p>Hei! Og takk for at du stakk innom! Jeg heter Astrid Terese og er, og har alltid v\u00e6rt, en rimelig altetende lesehest. Favorittene mine er fantasy, science fiction, krim og tegneserier. I tillegg til thrillere, og den vide kategorien romaner. &hellip; <a href=\"https:\/\/home.uia.no\/atskje17uia-no\/om-meg\/\">Continue reading <span class=\"meta-nav\">&rarr;<\/span><\/a><\/p>\n","protected":false},"author":1412,"featured_media":0,"parent":0,"menu_order":0,"comment_status":"closed","ping_status":"closed","template":"","meta":{"_exactmetrics_skip_tracking":false,"_exactmetrics_sitenote_active":false,"_exactmetrics_sitenote_note":"","_exactmetrics_sitenote_category":0,"footnotes":""},"_links":{"self":[{"href":"https:\/\/home.uia.no\/atskje17uia-no\/wp-json\/wp\/v2\/pages\/80"}],"collection":[{"href":"https:\/\/home.uia.no\/atskje17uia-no\/wp-json\/wp\/v2\/pages"}],"about":[{"href":"https:\/\/home.uia.no\/atskje17uia-no\/wp-json\/wp\/v2\/types\/page"}],"author":[{"embeddable":true,"href":"https:\/\/home.uia.no\/atskje17uia-no\/wp-json\/wp\/v2\/users\/1412"}],"replies":[{"embeddable":true,"href":"https:\/\/home.uia.no\/atskje17uia-no\/wp-json\/wp\/v2\/comments?post=80"}],"version-history":[{"count":10,"href":"https:\/\/home.uia.no\/atskje17uia-no\/wp-json\/wp\/v2\/pages\/80\/revisions"}],"predecessor-version":[{"id":272,"href":"https:\/\/home.uia.no\/atskje17uia-no\/wp-json\/wp\/v2\/pages\/80\/revisions\/272"}],"wp:attachment":[{"href":"https:\/\/home.uia.no\/atskje17uia-no\/wp-json\/wp\/v2\/media?parent=80"}],"curies":[{"name":"wp","href":"https:\/\/api.w.org\/{rel}","templated":true}]}}