
{"id":2,"date":"2014-04-03T11:35:33","date_gmt":"2014-04-03T11:35:33","guid":{"rendered":"http:\/\/home.uia.no\/beritl10\/?page_id=2"},"modified":"2014-04-03T15:41:30","modified_gmt":"2014-04-03T14:41:30","slug":"testside","status":"publish","type":"page","link":"https:\/\/home.uia.no\/beritl10\/testside\/","title":{"rendered":"Om Berit"},"content":{"rendered":"<p>Heisann!<\/p>\n<div id=\"attachment_11\" style=\"width: 310px\" class=\"wp-caption aligncenter\"><a href=\"http:\/\/home.uia.no\/beritl10\/files\/2014\/04\/bilde-1.jpg\"><img loading=\"lazy\" decoding=\"async\" aria-describedby=\"caption-attachment-11\" class=\"size-medium wp-image-11\" src=\"http:\/\/home.uia.no\/beritl10\/files\/2014\/04\/bilde-1-300x292.jpg\" alt=\"\" width=\"300\" height=\"292\" srcset=\"https:\/\/home.uia.no\/beritl10\/files\/2014\/04\/bilde-1-300x292.jpg 300w, https:\/\/home.uia.no\/beritl10\/files\/2014\/04\/bilde-1-1024x998.jpg 1024w, https:\/\/home.uia.no\/beritl10\/files\/2014\/04\/bilde-1-50x50.jpg 50w, https:\/\/home.uia.no\/beritl10\/files\/2014\/04\/bilde-1-400x390.jpg 400w, https:\/\/home.uia.no\/beritl10\/files\/2014\/04\/bilde-1.jpg 1842w\" sizes=\"(max-width: 300px) 100vw, 300px\" \/><\/a><p id=\"caption-attachment-11\" class=\"wp-caption-text\">Fremtidig superl\u00e6rer!<\/p><\/div>\n<p>Jeg heter Berit Marie og jeg dr\u00f8mmer om \u00e5 bli verdens beste l\u00e6rer! Jeg har et par m\u00e5neder igjen f\u00f8r jeg er ferdig utdannet og gleder meg stadig mer til \u00e5 innta l\u00e6reryrket og alt det har \u00e5 by p\u00e5 \ud83d\ude42<\/p>\n","protected":false},"excerpt":{"rendered":"<p>Heisann! Jeg heter Berit Marie og jeg dr\u00f8mmer om \u00e5 bli verdens beste l\u00e6rer! Jeg har et par m\u00e5neder igjen f\u00f8r jeg er ferdig utdannet og gleder meg stadig mer til \u00e5 innta l\u00e6reryrket og alt det har \u00e5 by &hellip; <a href=\"https:\/\/home.uia.no\/beritl10\/testside\/\">Les videre <span class=\"meta-nav\">&rarr;<\/span><\/a><\/p>\n","protected":false},"author":410,"featured_media":0,"parent":0,"menu_order":0,"comment_status":"open","ping_status":"open","template":"","meta":{"_exactmetrics_skip_tracking":false,"_exactmetrics_sitenote_active":false,"_exactmetrics_sitenote_note":"","_exactmetrics_sitenote_category":0,"footnotes":""},"_links":{"self":[{"href":"https:\/\/home.uia.no\/beritl10\/wp-json\/wp\/v2\/pages\/2"}],"collection":[{"href":"https:\/\/home.uia.no\/beritl10\/wp-json\/wp\/v2\/pages"}],"about":[{"href":"https:\/\/home.uia.no\/beritl10\/wp-json\/wp\/v2\/types\/page"}],"author":[{"embeddable":true,"href":"https:\/\/home.uia.no\/beritl10\/wp-json\/wp\/v2\/users\/410"}],"replies":[{"embeddable":true,"href":"https:\/\/home.uia.no\/beritl10\/wp-json\/wp\/v2\/comments?post=2"}],"version-history":[{"count":3,"href":"https:\/\/home.uia.no\/beritl10\/wp-json\/wp\/v2\/pages\/2\/revisions"}],"predecessor-version":[{"id":9,"href":"https:\/\/home.uia.no\/beritl10\/wp-json\/wp\/v2\/pages\/2\/revisions\/9"}],"wp:attachment":[{"href":"https:\/\/home.uia.no\/beritl10\/wp-json\/wp\/v2\/media?parent=2"}],"curies":[{"name":"wp","href":"https:\/\/api.w.org\/{rel}","templated":true}]}}