
{"id":38,"date":"2016-09-07T17:57:27","date_gmt":"2016-09-07T16:57:27","guid":{"rendered":"http:\/\/home.uia.no\/bjorno14\/?page_id=38"},"modified":"2016-09-13T14:13:47","modified_gmt":"2016-09-13T13:13:47","slug":"time-1","status":"publish","type":"page","link":"https:\/\/home.uia.no\/bjorno14\/oppgaver\/idr129\/kunde-1\/time-1\/","title":{"rendered":"Time 1"},"content":{"rendered":"<p>Bj\u00f8rn Erik Opstadmo<br \/>\n26.08.2016<\/p>\n<p>Jeg hadde en time med kunden hvor han fikk fortalt litt om treningsbakgrunn, m\u00e5let med treningen og hva jeg kunne hjelpe han med.<\/p>\n<p>&nbsp;<\/p>\n<p>Kj\u00f8nn: Mann<br \/>\nAlder: 22<br \/>\nYrke: Student<br \/>\nTilgjengelighet\/tid: Stort sett god tid utenom skolen, varierer fra dag til dag.<br \/>\nM\u00e5l: Kunder \u00f8nsker \u00e5 f\u00e5 en innf\u00f8ring i trening av kjernemuskulatur, med fokus p\u00e5 overkropp.<\/p>\n<p>Treningsbakgrunn<\/p>\n<p>Kunden har god erfaring med utholdenhetstrening, og er aktiv i hverdagen. Han har drevet lite med styrketrening og derfor \u00f8nsker han min hjelp med en innf\u00f8ring i trening av kjernemuskulaturen. Han vil gjerne trene 1-2 \u00f8kter i uken og virker motivert!<\/p>\n<p>&nbsp;<\/p>\n<p>&nbsp;<\/p>\n","protected":false},"excerpt":{"rendered":"<p>Bj\u00f8rn Erik Opstadmo 26.08.2016 Jeg hadde en time med kunden hvor han fikk fortalt litt om treningsbakgrunn, m\u00e5let med treningen og hva jeg kunne hjelpe han med. &nbsp; Kj\u00f8nn: Mann Alder: 22 Yrke: Student Tilgjengelighet\/tid: Stort sett god tid utenom &hellip; <a href=\"https:\/\/home.uia.no\/bjorno14\/oppgaver\/idr129\/kunde-1\/time-1\/\">Les videre <span class=\"meta-nav\">&rarr;<\/span><\/a><\/p>\n","protected":false},"author":1138,"featured_media":0,"parent":9,"menu_order":0,"comment_status":"closed","ping_status":"closed","template":"","meta":{"_exactmetrics_skip_tracking":false,"_exactmetrics_sitenote_active":false,"_exactmetrics_sitenote_note":"","_exactmetrics_sitenote_category":0,"footnotes":""},"_links":{"self":[{"href":"https:\/\/home.uia.no\/bjorno14\/wp-json\/wp\/v2\/pages\/38"}],"collection":[{"href":"https:\/\/home.uia.no\/bjorno14\/wp-json\/wp\/v2\/pages"}],"about":[{"href":"https:\/\/home.uia.no\/bjorno14\/wp-json\/wp\/v2\/types\/page"}],"author":[{"embeddable":true,"href":"https:\/\/home.uia.no\/bjorno14\/wp-json\/wp\/v2\/users\/1138"}],"replies":[{"embeddable":true,"href":"https:\/\/home.uia.no\/bjorno14\/wp-json\/wp\/v2\/comments?post=38"}],"version-history":[{"count":3,"href":"https:\/\/home.uia.no\/bjorno14\/wp-json\/wp\/v2\/pages\/38\/revisions"}],"predecessor-version":[{"id":158,"href":"https:\/\/home.uia.no\/bjorno14\/wp-json\/wp\/v2\/pages\/38\/revisions\/158"}],"up":[{"embeddable":true,"href":"https:\/\/home.uia.no\/bjorno14\/wp-json\/wp\/v2\/pages\/9"}],"wp:attachment":[{"href":"https:\/\/home.uia.no\/bjorno14\/wp-json\/wp\/v2\/media?parent=38"}],"curies":[{"name":"wp","href":"https:\/\/api.w.org\/{rel}","templated":true}]}}