
{"id":67,"date":"2016-09-07T18:09:20","date_gmt":"2016-09-07T17:09:20","guid":{"rendered":"http:\/\/home.uia.no\/bjorno14\/?page_id=67"},"modified":"2016-09-13T14:14:13","modified_gmt":"2016-09-13T13:14:13","slug":"time-1","status":"publish","type":"page","link":"https:\/\/home.uia.no\/bjorno14\/oppgaver\/idr129\/kunde-2\/time-1\/","title":{"rendered":"Time 1"},"content":{"rendered":"<p>Bj\u00f8rn Erik Opstadmo<br \/>\n28.08.2016<\/p>\n<p>Jeg hadde en time med kunden hvor han fikk fortalt litt om treningsbakgrunn, m\u00e5let med treningen og hva jeg kunne hjelpe han med.<\/p>\n<p>Kj\u00f8nn: Mann<br \/>\nAlder: 23<br \/>\nYrke: Student<br \/>\nTilgjengelighet\/tid: Stort sett god tid utenom studiene, \u00f8nsker trening 1-2 ganger i uken.<br \/>\nM\u00e5l: F\u00e5 innf\u00f8ring i trening og bygge opp et grunnlag<\/p>\n<p>Treningsbakgrunn<br \/>\nHar drevet mye med fotball, men er sjeldent aktiv med trening utenom studiene og spiller fotball en gang iblant. Har s\u00e5 og s\u00e5 ingen erfaring med treningssenter. \u00a0Virker motivert og \u00e5pen for det meste.<\/p>\n<p>&nbsp;<\/p>\n","protected":false},"excerpt":{"rendered":"<p>Bj\u00f8rn Erik Opstadmo 28.08.2016 Jeg hadde en time med kunden hvor han fikk fortalt litt om treningsbakgrunn, m\u00e5let med treningen og hva jeg kunne hjelpe han med. Kj\u00f8nn: Mann Alder: 23 Yrke: Student Tilgjengelighet\/tid: Stort sett god tid utenom studiene, &hellip; <a href=\"https:\/\/home.uia.no\/bjorno14\/oppgaver\/idr129\/kunde-2\/time-1\/\">Les videre <span class=\"meta-nav\">&rarr;<\/span><\/a><\/p>\n","protected":false},"author":1138,"featured_media":0,"parent":11,"menu_order":0,"comment_status":"closed","ping_status":"closed","template":"","meta":{"_exactmetrics_skip_tracking":false,"_exactmetrics_sitenote_active":false,"_exactmetrics_sitenote_note":"","_exactmetrics_sitenote_category":0,"footnotes":""},"_links":{"self":[{"href":"https:\/\/home.uia.no\/bjorno14\/wp-json\/wp\/v2\/pages\/67"}],"collection":[{"href":"https:\/\/home.uia.no\/bjorno14\/wp-json\/wp\/v2\/pages"}],"about":[{"href":"https:\/\/home.uia.no\/bjorno14\/wp-json\/wp\/v2\/types\/page"}],"author":[{"embeddable":true,"href":"https:\/\/home.uia.no\/bjorno14\/wp-json\/wp\/v2\/users\/1138"}],"replies":[{"embeddable":true,"href":"https:\/\/home.uia.no\/bjorno14\/wp-json\/wp\/v2\/comments?post=67"}],"version-history":[{"count":4,"href":"https:\/\/home.uia.no\/bjorno14\/wp-json\/wp\/v2\/pages\/67\/revisions"}],"predecessor-version":[{"id":159,"href":"https:\/\/home.uia.no\/bjorno14\/wp-json\/wp\/v2\/pages\/67\/revisions\/159"}],"up":[{"embeddable":true,"href":"https:\/\/home.uia.no\/bjorno14\/wp-json\/wp\/v2\/pages\/11"}],"wp:attachment":[{"href":"https:\/\/home.uia.no\/bjorno14\/wp-json\/wp\/v2\/media?parent=67"}],"curies":[{"name":"wp","href":"https:\/\/api.w.org\/{rel}","templated":true}]}}