
{"id":331,"date":"2018-05-10T20:48:31","date_gmt":"2018-05-10T19:48:31","guid":{"rendered":"http:\/\/home.uia.no\/charliek\/?page_id=331"},"modified":"2022-03-10T13:46:51","modified_gmt":"2022-03-10T12:46:51","slug":"home","status":"publish","type":"page","link":"https:\/\/home.uia.no\/charliek\/","title":{"rendered":""},"content":{"rendered":"<h2><span style=\"color: #b31010\">Velkommen<\/span><img loading=\"lazy\" decoding=\"async\" class=\"alignright wp-image-143\" src=\"http:\/\/home.uia.no\/charliek\/files\/2018\/03\/180225_Charlie_portr\u00e6t-0026_web-2-200x300.jpg\" alt=\"\" width=\"173\" height=\"260\" srcset=\"https:\/\/home.uia.no\/charliek\/files\/2018\/03\/180225_Charlie_portr\u00e6t-0026_web-2-200x300.jpg 200w, https:\/\/home.uia.no\/charliek\/files\/2018\/03\/180225_Charlie_portr\u00e6t-0026_web-2-768x1152.jpg 768w, https:\/\/home.uia.no\/charliek\/files\/2018\/03\/180225_Charlie_portr\u00e6t-0026_web-2-682x1024.jpg 682w, https:\/\/home.uia.no\/charliek\/files\/2018\/03\/180225_Charlie_portr\u00e6t-0026_web-2-333x500.jpg 333w, https:\/\/home.uia.no\/charliek\/files\/2018\/03\/180225_Charlie_portr\u00e6t-0026_web-2.jpg 1333w\" sizes=\"(max-width: 173px) 100vw, 173px\" \/><\/h2>\n<p style=\"text-align: left\">Mit navn er Charlie Krautwald, jeg er ph.d. i historie og forsker ved Genusvetenskapliga institutionen p\u00e5 Lunds Universitet.<\/p>\n<p><span class=\"d2edcug0 hpfvmrgz qv66sw1b c1et5uql oi732d6d ik7dh3pa ht8s03o8 a8c37x1j fe6kdd0r mau55g9w c8b282yb keod5gw0 nxhoafnm aigsh9s9 d3f4x2em iv3no6db jq4qci2q a3bd9o3v b1v8xokw oo9gr5id\" dir=\"auto\">Her forsker jeg i genushistorie p\u00e5 projektet &laquo;Governing the Pleasurescape&raquo;, der unders\u00f8ger den offentlige regulering af k\u00f8n, s\u00e6delighed og det urbane rum i K\u00f8benhavn 1870-1910.<\/span><\/p>\n<p>Derudover underviser jeg ogs\u00e5 p\u00e5 historiestudiet p\u00e5 K\u00f8benhavns Universitet inden for emnerne demokrati, aktivisme og politisk kultur i perioden 1900-1940.<\/p>\n<p style=\"text-align: left\">Blandt mine forskningsomr\u00e5der er ogs\u00e5 fascisme, h\u00f8jreradikale bev\u00e6gelser og i antifascisme, som jeg har publiceret flere artikler og en bog om.<\/p>\n<p>Jeg er uddannet cand.mag. i historie fra K\u00f8benhavns Universitet (2016) med tilvalgsstudier i museologi og kulturarv samt ph.d. i historie fra Universitetet i Agder i Norge (2021) med med afhandling om gadepolitik og rumlige krav i 1930&#8217;ernes politiske kultur.<\/p>\n<p>Her p\u00e5 siden kan du l\u00e6se mere om min forskning og p\u00e5 <a href=\"https:\/\/home.uia.no\/charliek\/blog\/\"><strong>bloggen<\/strong><\/a> f\u00f8lge mit arbejde.<\/p>\n<p>Kontakt: <span style=\"color: #000080\">smg545@hum.ku.dk <\/span>\/ tlf. +45 42783031.<\/p>\n","protected":false},"excerpt":{"rendered":"<p>Velkommen Mit navn er Charlie Krautwald, jeg er ph.d. i historie og forsker ved Genusvetenskapliga institutionen p\u00e5 Lunds Universitet. Her forsker jeg i genushistorie p\u00e5 projektet &laquo;Governing the Pleasurescape&raquo;, der unders\u00f8ger den offentlige regulering af k\u00f8n, s\u00e6delighed og det urbane rum i K\u00f8benhavn 1870-1910. Derudover underviser jeg ogs\u00e5 p\u00e5 historiestudiet p\u00e5 K\u00f8benhavns Universitet inden for &hellip; <\/p>\n<p class=\"link-more\"><a href=\"https:\/\/home.uia.no\/charliek\/\" class=\"more-link\">Fortsett \u00e5 lese<span class=\"screen-reader-text\"> \u00ab\u00bb<\/span><\/a><\/p>\n","protected":false},"author":1325,"featured_media":0,"parent":0,"menu_order":0,"comment_status":"closed","ping_status":"closed","template":"","meta":{"_exactmetrics_skip_tracking":false,"_exactmetrics_sitenote_active":false,"_exactmetrics_sitenote_note":"","_exactmetrics_sitenote_category":0,"footnotes":""},"_links":{"self":[{"href":"https:\/\/home.uia.no\/charliek\/wp-json\/wp\/v2\/pages\/331"}],"collection":[{"href":"https:\/\/home.uia.no\/charliek\/wp-json\/wp\/v2\/pages"}],"about":[{"href":"https:\/\/home.uia.no\/charliek\/wp-json\/wp\/v2\/types\/page"}],"author":[{"embeddable":true,"href":"https:\/\/home.uia.no\/charliek\/wp-json\/wp\/v2\/users\/1325"}],"replies":[{"embeddable":true,"href":"https:\/\/home.uia.no\/charliek\/wp-json\/wp\/v2\/comments?post=331"}],"version-history":[{"count":44,"href":"https:\/\/home.uia.no\/charliek\/wp-json\/wp\/v2\/pages\/331\/revisions"}],"predecessor-version":[{"id":897,"href":"https:\/\/home.uia.no\/charliek\/wp-json\/wp\/v2\/pages\/331\/revisions\/897"}],"wp:attachment":[{"href":"https:\/\/home.uia.no\/charliek\/wp-json\/wp\/v2\/media?parent=331"}],"curies":[{"name":"wp","href":"https:\/\/api.w.org\/{rel}","templated":true}]}}