
{"id":199,"date":"2016-02-18T20:35:59","date_gmt":"2016-02-18T19:35:59","guid":{"rendered":"http:\/\/home.uia.no\/elimd\/?page_id=199"},"modified":"2016-03-10T15:11:31","modified_gmt":"2016-03-10T14:11:31","slug":"mindmeister","status":"publish","type":"page","link":"https:\/\/home.uia.no\/elimd\/verktoykasse\/mindmeister\/","title":{"rendered":"Samskrive i tankekart med MindMeister"},"content":{"rendered":"<p><a href=\"https:\/\/www.mindmeister.com\/\" target=\"_blank\">MindMeister<\/a>\u00a0er et tankekartverkt\u00f8y som tillater samskriving. Den som oppretter tankekartet m\u00e5 lage en bruker, men de som deltar beh\u00f8ver ikke ha bruker eller v\u00e6re logget p\u00e5. Hvis du vil pr\u00f8ve \u00e5 skrive inn i et tankekart, kan du dele forslag til digitale verkt\u00f8y p\u00e5 lenken <a title=\"Tankekart med forslag til digitale verkt\u00f8y\" href=\"https:\/\/www.mindmeister.com\/619224293\" target=\"_blank\">her<\/a>.<\/p>\n<p>Eksempel p\u00e5 tankekart:<\/p>\n<p><a href=\"http:\/\/home.uia.no\/elimd\/files\/2016\/02\/Digitale_verkt\u00f8y.jpg\"><img loading=\"lazy\" decoding=\"async\" class=\"alignnone size-large wp-image-201\" src=\"http:\/\/home.uia.no\/elimd\/files\/2016\/02\/Digitale_verkt\u00f8y-1024x423.jpg\" alt=\"\" width=\"640\" height=\"264\" srcset=\"https:\/\/home.uia.no\/elimd\/files\/2016\/02\/Digitale_verkt\u00f8y-1024x423.jpg 1024w, https:\/\/home.uia.no\/elimd\/files\/2016\/02\/Digitale_verkt\u00f8y-300x124.jpg 300w, https:\/\/home.uia.no\/elimd\/files\/2016\/02\/Digitale_verkt\u00f8y-400x165.jpg 400w, https:\/\/home.uia.no\/elimd\/files\/2016\/02\/Digitale_verkt\u00f8y-624x258.jpg 624w\" sizes=\"(max-width: 640px) 100vw, 640px\" \/><\/a><\/p>\n<p><span style=\"line-height: 1.71429;font-size: 1rem\">N\u00e5r du oppretter et tankekart for deling, m\u00e5 du endre innstillingene for tankekartet. F\u00f8rst m\u00e5 du gj\u00f8re tankekartet offentlig og s\u00e5 gi tillatelse til at andre kan gj\u00f8re endringer. Da m\u00e5 du endre innstillingene som p\u00e5 bildet:\u00a0<\/span><\/p>\n<p><span style=\"line-height: 1.71429;font-size: 1rem\"><a href=\"http:\/\/home.uia.no\/elimd\/files\/2016\/02\/Mindmeister-public.jpg\"><img loading=\"lazy\" decoding=\"async\" class=\"alignnone size-medium wp-image-202\" src=\"http:\/\/home.uia.no\/elimd\/files\/2016\/02\/Mindmeister-public-300x265.jpg\" alt=\"\" width=\"300\" height=\"265\" srcset=\"https:\/\/home.uia.no\/elimd\/files\/2016\/02\/Mindmeister-public-300x265.jpg 300w, https:\/\/home.uia.no\/elimd\/files\/2016\/02\/Mindmeister-public-400x353.jpg 400w, https:\/\/home.uia.no\/elimd\/files\/2016\/02\/Mindmeister-public.jpg 568w\" sizes=\"(max-width: 300px) 100vw, 300px\" \/><\/a><\/span><\/p>\n<p><span style=\"font-size: 1rem;line-height: 1.71429\">N\u00e5r tankekartet er offentlig, kopierer du lenken og deler den med de som skal ha tilgang til tankekartet. Hvis du vil bruke det med elever eller studenter, kan du legge lenken i l\u00e6ringsplattformen.\u00a0<\/span><\/p>\n<p>Hvis du vil vise tankekartet senere, er det enkelt \u00e5 sette det opp som en presentasjon der du viser utvalgte deler av tankekartet om gangen.<\/p>\n<p>&nbsp;<\/p>\n<p>&nbsp;<\/p>\n<p>&nbsp;<\/p>\n<p>&nbsp;<\/p>\n","protected":false},"excerpt":{"rendered":"<p>MindMeister\u00a0er et tankekartverkt\u00f8y som tillater samskriving. Den som oppretter tankekartet m\u00e5 lage en bruker, men de som deltar beh\u00f8ver ikke ha bruker eller v\u00e6re logget p\u00e5. Hvis du vil pr\u00f8ve \u00e5 skrive inn i et tankekart, kan du dele forslag &hellip; <a href=\"https:\/\/home.uia.no\/elimd\/verktoykasse\/mindmeister\/\">Les videre <span class=\"meta-nav\">&rarr;<\/span><\/a><\/p>\n","protected":false},"author":58,"featured_media":201,"parent":159,"menu_order":0,"comment_status":"closed","ping_status":"open","template":"","meta":{"_exactmetrics_skip_tracking":false,"_exactmetrics_sitenote_active":false,"_exactmetrics_sitenote_note":"","_exactmetrics_sitenote_category":0,"footnotes":""},"_links":{"self":[{"href":"https:\/\/home.uia.no\/elimd\/wp-json\/wp\/v2\/pages\/199"}],"collection":[{"href":"https:\/\/home.uia.no\/elimd\/wp-json\/wp\/v2\/pages"}],"about":[{"href":"https:\/\/home.uia.no\/elimd\/wp-json\/wp\/v2\/types\/page"}],"author":[{"embeddable":true,"href":"https:\/\/home.uia.no\/elimd\/wp-json\/wp\/v2\/users\/58"}],"replies":[{"embeddable":true,"href":"https:\/\/home.uia.no\/elimd\/wp-json\/wp\/v2\/comments?post=199"}],"version-history":[{"count":12,"href":"https:\/\/home.uia.no\/elimd\/wp-json\/wp\/v2\/pages\/199\/revisions"}],"predecessor-version":[{"id":239,"href":"https:\/\/home.uia.no\/elimd\/wp-json\/wp\/v2\/pages\/199\/revisions\/239"}],"up":[{"embeddable":true,"href":"https:\/\/home.uia.no\/elimd\/wp-json\/wp\/v2\/pages\/159"}],"wp:featuredmedia":[{"embeddable":true,"href":"https:\/\/home.uia.no\/elimd\/wp-json\/wp\/v2\/media\/201"}],"wp:attachment":[{"href":"https:\/\/home.uia.no\/elimd\/wp-json\/wp\/v2\/media?parent=199"}],"curies":[{"name":"wp","href":"https:\/\/api.w.org\/{rel}","templated":true}]}}