
{"id":25,"date":"2014-06-23T22:42:49","date_gmt":"2014-06-23T21:42:49","guid":{"rendered":"http:\/\/home.uia.no\/elimd\/?page_id=25"},"modified":"2016-02-27T13:50:23","modified_gmt":"2016-02-27T12:50:23","slug":"fiape2014","status":"publish","type":"page","link":"https:\/\/home.uia.no\/elimd\/herramientas\/fiape2014\/","title":{"rendered":"El uso de dispositivos m\u00f3viles en la clase de ELE"},"content":{"rendered":"<p><strong>Taller sobre el uso de dispositivos m\u00f3viles en la clase de ELE<\/strong><br \/>\n<a href=\"http:\/\/cuenca2014.org\/programa-y-horario\" target=\"_blank\">V Congreso Internacional de FIAPE, Cuenca 2014<\/a><\/p>\n<p><a href=\"http:\/\/home.uia.no\/elimd\/files\/2014\/06\/302.jpg\"><img loading=\"lazy\" decoding=\"async\" class=\"alignnone size-medium wp-image-191\" src=\"http:\/\/home.uia.no\/elimd\/files\/2014\/06\/302-300x200.jpg\" alt=\"\" width=\"300\" height=\"200\" srcset=\"https:\/\/home.uia.no\/elimd\/files\/2014\/06\/302-300x200.jpg 300w, https:\/\/home.uia.no\/elimd\/files\/2014\/06\/302-1024x682.jpg 1024w, https:\/\/home.uia.no\/elimd\/files\/2014\/06\/302-400x266.jpg 400w, https:\/\/home.uia.no\/elimd\/files\/2014\/06\/302-624x416.jpg 624w\" sizes=\"(max-width: 300px) 100vw, 300px\" \/><\/a><\/p>\n<p>Empezamos con <a href=\"https:\/\/www.mentimeter.com\/p\/e961628afb87\/el-telefono-movil-desvia-la-atencion-de-los-alumnos-en-clase-\" target=\"_blank\">una pregunta<\/a>.<\/p>\n<p>Esta pregunta est\u00e1 creada con la herramienta <a href=\"https:\/\/www.mentimeter.com\/\">Mentimeter<\/a>,\u00a0que es un sistema de respuesta interactiva. Este sistema permite una participaci\u00f3n activa del p\u00fablico por medio de su dispositivo m\u00f3vil.<\/p>\n<p><strong>La utilidad de los sistemas \u00a0de respuesta interactiva:<\/strong><\/p>\n<ol>\n<li>Establecer el conocimiento previo de un tema con <a href=\"https:\/\/www.mentimeter.com\/p\/daf2957b4936\/que-asocias-con-herramientas-colaborativas\" target=\"_blank\">preguntas abiertas<\/a>.<\/li>\n<li>Resumir lo m\u00e1s importante de una clase.<\/li>\n<li><a href=\"http:\/\/m.socrative.com\" target=\"_blank\">Controlar el conocimiento de un tema con preguntas espec\u00edficas.<\/a><\/li>\n<li><a href=\"http:\/\/m.socrative.com\/lecturer\/#quiz\" target=\"_blank\">Preguntas que requieren pensar.<\/a><\/li>\n<\/ol>\n<p>Ejemplos de uso:<\/p>\n<ol>\n<li><a href=\"https:\/\/play.kahoot.it\/#\/lobby?quizId=70d6023f-b8fe-4d48-a9fd-d045ec6c35bb\" target=\"_blank\">Ejercicio para controlar el conocimiento del subjuntivo.<\/a><\/li>\n<li><a href=\"https:\/\/play.kahoot.it\/#\/lobby?quizId=8f8f4933-6020-4785-ae03-4ea614f29140\" target=\"_blank\">Ejercicio con respuestas abiertas a discusi\u00f3n.<\/a><\/li>\n<\/ol>\n<p><strong>Sistemas \u00a0de respuesta interactiva:<\/strong><\/p>\n<ul>\n<li><a href=\"http:\/\/home.uia.no\/elimd\/?p=31\" target=\"_blank\">Mentimeter<\/a><\/li>\n<li><a href=\"http:\/\/home.uia.no\/elimd\/?p=89\" target=\"_blank\">Socrative<\/a><\/li>\n<li><a href=\"http:\/\/home.uia.no\/elimd\/?p=94\" target=\"_blank\">Kahoot<\/a><\/li>\n<\/ul>\n<p><strong>\u00a0Herramientas de participaci\u00f3n activa:<\/strong><\/p>\n<ul>\n<li><span style=\"color: #3366ff\"><a href=\"https:\/\/todaysmeet.com\/\" target=\"_blank\">Today&#8217;s meet:<\/a>\u00a0<\/span><span style=\"color: #000000\"><a href=\"https:\/\/todaysmeet.com\/Fiape2014\" target=\"_blank\"><span style=\"color: #000000\">https:\/\/todaysmeet.com\/Fiape2014<\/span><\/a><\/span><\/li>\n<li><a href=\"http:\/\/padlet.com\/\" target=\"_blank\">Padlet:<\/a><span style=\"color: #000000\">\u00a0<a href=\"http:\/\/padlet.com\/eli_m_drange\/fiape2014\" target=\"_blank\"><span style=\"color: #000000\">http:\/\/padlet.com\/eli_m_drange\/fiape2014<\/span><\/a><\/span><\/li>\n<\/ul>\n<p><strong>Actividades para trabajar la oralidad en el aula con un dispositivo m\u00f3vil:<\/strong><\/p>\n<p><span style=\"text-decoration: underline\">Archivos de audio:<\/span><\/p>\n<ul>\n<li>Grabar los ejercicios tradicionales de parejas.<\/li>\n<ul>\n<li>Crear conciencia sobre la pronunciaci\u00f3n.<\/li>\n<li>Incentivar la creatividad en los di\u00e1logos.<\/li>\n<\/ul>\n<li>Incluir archivos de audio en las pruebas.<\/li>\n<\/ul>\n<p><span style=\"text-decoration: underline\">Im\u00e1genes:<\/span><\/p>\n<ul>\n<li>Crear un banco de im\u00e1genes con palabras para aprender vocabulario.<\/li>\n<li>Sacar fotos y explicar lo que muestran las fotos.<\/li>\n<\/ul>\n<p><span style=\"text-decoration: underline\">V\u00eddeos:<\/span><\/p>\n<ul>\n<li>Filmar v\u00eddeos con instrucciones.<\/li>\n<li>Dise\u00f1ar un juego de rol y filmar.<\/li>\n<li>Dise\u00f1ar tareas que se completan con un v\u00eddeo.<\/li>\n<\/ul>\n<p><strong>Aplicaciones para trabajar la lengua dentro y fuera del aula:<\/strong><\/p>\n<ul>\n<li><a href=\"http:\/\/home.uia.no\/elimd\/?p=117\" target=\"_blank\">Memrise<\/a><\/li>\n<li><a href=\"http:\/\/home.uia.no\/elimd\/?p=120\" target=\"_blank\">Duolingo<\/a><\/li>\n<li><a href=\"http:\/\/home.uia.no\/elimd\/?p=126\" target=\"_blank\">Quizlet<\/a><\/li>\n<\/ul>\n<p>&nbsp;<\/p>\n","protected":false},"excerpt":{"rendered":"<p>Taller sobre el uso de dispositivos m\u00f3viles en la clase de ELE V Congreso Internacional de FIAPE, Cuenca 2014 Empezamos con una pregunta. Esta pregunta est\u00e1 creada con la herramienta Mentimeter,\u00a0que es un sistema de respuesta interactiva. Este sistema permite &hellip; <a href=\"https:\/\/home.uia.no\/elimd\/herramientas\/fiape2014\/\">Les videre <span class=\"meta-nav\">&rarr;<\/span><\/a><\/p>\n","protected":false},"author":58,"featured_media":0,"parent":154,"menu_order":0,"comment_status":"closed","ping_status":"open","template":"","meta":{"_exactmetrics_skip_tracking":false,"_exactmetrics_sitenote_active":false,"_exactmetrics_sitenote_note":"","_exactmetrics_sitenote_category":0,"footnotes":""},"_links":{"self":[{"href":"https:\/\/home.uia.no\/elimd\/wp-json\/wp\/v2\/pages\/25"}],"collection":[{"href":"https:\/\/home.uia.no\/elimd\/wp-json\/wp\/v2\/pages"}],"about":[{"href":"https:\/\/home.uia.no\/elimd\/wp-json\/wp\/v2\/types\/page"}],"author":[{"embeddable":true,"href":"https:\/\/home.uia.no\/elimd\/wp-json\/wp\/v2\/users\/58"}],"replies":[{"embeddable":true,"href":"https:\/\/home.uia.no\/elimd\/wp-json\/wp\/v2\/comments?post=25"}],"version-history":[{"count":63,"href":"https:\/\/home.uia.no\/elimd\/wp-json\/wp\/v2\/pages\/25\/revisions"}],"predecessor-version":[{"id":36,"href":"https:\/\/home.uia.no\/elimd\/wp-json\/wp\/v2\/pages\/25\/revisions\/36"}],"up":[{"embeddable":true,"href":"https:\/\/home.uia.no\/elimd\/wp-json\/wp\/v2\/pages\/154"}],"wp:attachment":[{"href":"https:\/\/home.uia.no\/elimd\/wp-json\/wp\/v2\/media?parent=25"}],"curies":[{"name":"wp","href":"https:\/\/api.w.org\/{rel}","templated":true}]}}