
{"id":254,"date":"2016-08-23T23:16:12","date_gmt":"2016-08-23T22:16:12","guid":{"rendered":"http:\/\/home.uia.no\/elimd\/?page_id=254"},"modified":"2016-08-23T23:16:12","modified_gmt":"2016-08-23T22:16:12","slug":"pln","status":"publish","type":"page","link":"https:\/\/home.uia.no\/elimd\/digital-kompetanse\/pln\/","title":{"rendered":"PLN &#8211; Personlig l\u00e6ringsnettverk"},"content":{"rendered":"<p>Som fagperson eller student er det viktig \u00e5 bygge et personlig l\u00e6ringsnettverk, ofte forkortet til PLN. Hva er et PLN og hvordan kan vi bygge det? Svend Andreas Horgen har laget en innf\u00f8ring i PLN som kan ses her i tre deler: <a href=\"https:\/\/www.youtube.com\/watch?v=n5RwFF_8jl8\">Hva er PLN?<\/a> <a href=\"https:\/\/www.youtube.com\/watch?v=gowOiVsjI9U\">Verkt\u00f8y i et PLN<\/a> og <a href=\"https:\/\/www.youtube.com\/watch?v=Ous4rAaXq6U\">PLN i undervisning<\/a><\/p>\n<p>Et PLN kan best\u00e5 av mange ulike verkt\u00f8y. Det viktigste verkt\u00f8yet i mitt PLN er uten tvil <a href=\"https:\/\/twitter.com\/\">Twitter<\/a> der jeg f\u00f8lger mange ulike institusjoner og fagpersoner som deler lenker og gode ideer.\u00a0Blogger er ogs\u00e5 en viktig del av et PLN. Med en egen blogg, kan en bli en del av et nettverk som samarbeider og deler informasjon.<\/p>\n","protected":false},"excerpt":{"rendered":"<p>Som fagperson eller student er det viktig \u00e5 bygge et personlig l\u00e6ringsnettverk, ofte forkortet til PLN. Hva er et PLN og hvordan kan vi bygge det? Svend Andreas Horgen har laget en innf\u00f8ring i PLN som kan ses her i &hellip; <a href=\"https:\/\/home.uia.no\/elimd\/digital-kompetanse\/pln\/\">Les videre <span class=\"meta-nav\">&rarr;<\/span><\/a><\/p>\n","protected":false},"author":58,"featured_media":0,"parent":251,"menu_order":0,"comment_status":"closed","ping_status":"open","template":"","meta":{"_exactmetrics_skip_tracking":false,"_exactmetrics_sitenote_active":false,"_exactmetrics_sitenote_note":"","_exactmetrics_sitenote_category":0,"footnotes":""},"_links":{"self":[{"href":"https:\/\/home.uia.no\/elimd\/wp-json\/wp\/v2\/pages\/254"}],"collection":[{"href":"https:\/\/home.uia.no\/elimd\/wp-json\/wp\/v2\/pages"}],"about":[{"href":"https:\/\/home.uia.no\/elimd\/wp-json\/wp\/v2\/types\/page"}],"author":[{"embeddable":true,"href":"https:\/\/home.uia.no\/elimd\/wp-json\/wp\/v2\/users\/58"}],"replies":[{"embeddable":true,"href":"https:\/\/home.uia.no\/elimd\/wp-json\/wp\/v2\/comments?post=254"}],"version-history":[{"count":1,"href":"https:\/\/home.uia.no\/elimd\/wp-json\/wp\/v2\/pages\/254\/revisions"}],"predecessor-version":[{"id":255,"href":"https:\/\/home.uia.no\/elimd\/wp-json\/wp\/v2\/pages\/254\/revisions\/255"}],"up":[{"embeddable":true,"href":"https:\/\/home.uia.no\/elimd\/wp-json\/wp\/v2\/pages\/251"}],"wp:attachment":[{"href":"https:\/\/home.uia.no\/elimd\/wp-json\/wp\/v2\/media?parent=254"}],"curies":[{"name":"wp","href":"https:\/\/api.w.org\/{rel}","templated":true}]}}