
{"id":20,"date":"2017-01-11T12:47:19","date_gmt":"2017-01-11T11:47:19","guid":{"rendered":"http:\/\/home.uia.no\/florek16\/?page_id=20"},"modified":"2017-01-15T19:29:28","modified_gmt":"2017-01-15T18:29:28","slug":"home-2","status":"publish","type":"page","link":"https:\/\/home.uia.no\/florek16\/","title":{"rendered":"Home"},"content":{"rendered":"<p><a href=\"http:\/\/home.uia.no\/florek16\/files\/2017\/01\/IMG_5043-e1484137620250.jpg\"><img loading=\"lazy\" decoding=\"async\" src=\"http:\/\/home.uia.no\/florek16\/files\/2017\/01\/IMG_5043-e1484137620250-225x300.jpg\" alt=\"\" width=\"225\" height=\"300\" \/><\/a><\/p>\n<p>Welcome \u2013 Velkommen \u2013 Willkommen to my website.<\/p>\n<p>It is a part of my exchange semester in Kristiansand to write some assignments about the trips we made. Hiking, camping, skiing, canoeing and a lot more are activities in our course called outdoor education. In my assignments, you can read about my experiences and what I have learned. In addition to that you can read my blog to become an insight what I am doing and experiencing during my semester in Norway. At my gallery, you can find some pictures of the beautiful countryside of Norway.<\/p>\n<p>&nbsp;<\/p>\n<p>Ein Teil meines Austauschsemesters in Kristiansand ist es, Arbeiten \u00fcber die Trips zu schreiben, welche wir gemacht haben. Wandern, Campen, Skifahren, Kanu fahren und viel mehr sind Aktivit\u00e4ten welche zum Kurs \u00abOutdoor Education\u00bb z\u00e4hlen. In den Assignments kannst du lesen \u00fcber meine Erfahrungen und dar\u00fcber, was ich gelernt habe. In meinem Blog bekommst du einen Einblick, was ich w\u00e4hrend meinem Semester in Norwegen mache und erlebe. Bilder von der wundersch\u00f6nen Natur in Norwegen findest du unter Gallery.<\/p>\n<p>&nbsp;<\/p>\n","protected":false},"excerpt":{"rendered":"<p>Welcome \u2013 Velkommen \u2013 Willkommen to my website. It is a part of my exchange semester in Kristiansand to write some assignments about the trips we made. Hiking, camping, skiing, canoeing and a lot more are activities in our course &hellip; <a href=\"https:\/\/home.uia.no\/florek16\/\">Continue reading <span class=\"meta-nav\">&rarr;<\/span><\/a><\/p>\n","protected":false},"author":1286,"featured_media":0,"parent":16,"menu_order":0,"comment_status":"closed","ping_status":"closed","template":"","meta":{"_exactmetrics_skip_tracking":false,"_exactmetrics_sitenote_active":false,"_exactmetrics_sitenote_note":"","_exactmetrics_sitenote_category":0,"ngg_post_thumbnail":0,"footnotes":""},"_links":{"self":[{"href":"https:\/\/home.uia.no\/florek16\/wp-json\/wp\/v2\/pages\/20"}],"collection":[{"href":"https:\/\/home.uia.no\/florek16\/wp-json\/wp\/v2\/pages"}],"about":[{"href":"https:\/\/home.uia.no\/florek16\/wp-json\/wp\/v2\/types\/page"}],"author":[{"embeddable":true,"href":"https:\/\/home.uia.no\/florek16\/wp-json\/wp\/v2\/users\/1286"}],"replies":[{"embeddable":true,"href":"https:\/\/home.uia.no\/florek16\/wp-json\/wp\/v2\/comments?post=20"}],"version-history":[{"count":7,"href":"https:\/\/home.uia.no\/florek16\/wp-json\/wp\/v2\/pages\/20\/revisions"}],"predecessor-version":[{"id":57,"href":"https:\/\/home.uia.no\/florek16\/wp-json\/wp\/v2\/pages\/20\/revisions\/57"}],"up":[{"embeddable":true,"href":"https:\/\/home.uia.no\/florek16\/wp-json\/wp\/v2\/pages\/16"}],"wp:attachment":[{"href":"https:\/\/home.uia.no\/florek16\/wp-json\/wp\/v2\/media?parent=20"}],"curies":[{"name":"wp","href":"https:\/\/api.w.org\/{rel}","templated":true}]}}