
{"id":22,"date":"2012-09-06T13:04:44","date_gmt":"2012-09-06T12:04:44","guid":{"rendered":"http:\/\/home.uia.no\/geirn12\/?page_id=22"},"modified":"2012-09-21T17:15:23","modified_gmt":"2012-09-21T16:15:23","slug":"start","status":"publish","type":"page","link":"https:\/\/home.uia.no\/geirn12\/","title":{"rendered":"Etterutdanning"},"content":{"rendered":"<div>\n<p>Jeg har v\u00e6rt l\u00e6rer i norsk i flere \u00e5r, og det er deilig \u00e5 kunne sette\u00a0 seg p\u00e5 skolebenken igjen. Faglig p\u00e5fyll og oppdatering er noe enhver l\u00e6rer burde f\u00e5 anledning til med jevne mellomrom. Jeg gleder meg.<\/p>\n<\/div>\n","protected":false},"excerpt":{"rendered":"<p>Jeg har v\u00e6rt l\u00e6rer i norsk i flere \u00e5r, og det er deilig \u00e5 kunne sette\u00a0 seg p\u00e5 skolebenken igjen. Faglig p\u00e5fyll og oppdatering er noe enhver l\u00e6rer burde f\u00e5 anledning til med jevne mellomrom. Jeg gleder meg.<\/p>\n","protected":false},"author":78,"featured_media":0,"parent":0,"menu_order":0,"comment_status":"closed","ping_status":"open","template":"","meta":{"_exactmetrics_skip_tracking":false,"_exactmetrics_sitenote_active":false,"_exactmetrics_sitenote_note":"","_exactmetrics_sitenote_category":0,"footnotes":""},"_links":{"self":[{"href":"https:\/\/home.uia.no\/geirn12\/wp-json\/wp\/v2\/pages\/22"}],"collection":[{"href":"https:\/\/home.uia.no\/geirn12\/wp-json\/wp\/v2\/pages"}],"about":[{"href":"https:\/\/home.uia.no\/geirn12\/wp-json\/wp\/v2\/types\/page"}],"author":[{"embeddable":true,"href":"https:\/\/home.uia.no\/geirn12\/wp-json\/wp\/v2\/users\/78"}],"replies":[{"embeddable":true,"href":"https:\/\/home.uia.no\/geirn12\/wp-json\/wp\/v2\/comments?post=22"}],"version-history":[{"count":3,"href":"https:\/\/home.uia.no\/geirn12\/wp-json\/wp\/v2\/pages\/22\/revisions"}],"predecessor-version":[{"id":25,"href":"https:\/\/home.uia.no\/geirn12\/wp-json\/wp\/v2\/pages\/22\/revisions\/25"}],"wp:attachment":[{"href":"https:\/\/home.uia.no\/geirn12\/wp-json\/wp\/v2\/media?parent=22"}],"curies":[{"name":"wp","href":"https:\/\/api.w.org\/{rel}","templated":true}]}}