
{"id":55,"date":"2022-09-19T07:54:03","date_gmt":"2022-09-19T06:54:03","guid":{"rendered":"https:\/\/home.uia.no\/haolsen\/?page_id=55"},"modified":"2022-09-19T12:39:12","modified_gmt":"2022-09-19T11:39:12","slug":"om-meg","status":"publish","type":"page","link":"https:\/\/home.uia.no\/haolsen\/om-meg\/","title":{"rendered":"Om meg"},"content":{"rendered":"\n<figure class=\"wp-block-image size-large is-resized\"><img loading=\"lazy\" decoding=\"async\" src=\"https:\/\/home.uia.no\/haolsen\/files\/2022\/09\/Helge-Andreas-1-1024x379.jpeg\" alt=\"\" class=\"wp-image-83\" width=\"211\" height=\"75\" \/><\/figure>\n\n\n\n<p>Jeg er lektor med hovedfag i historie og har jobbet 18 \u00e5r i Osloskolen. Jeg underviser ogs\u00e5 i religion, samfunnskunnskap og kropps\u00f8ving.<\/p>\n\n\n\n<p>Bosted er \u00c5rvoll hvor jeg bor sammen med kone og to barn. <\/p>\n\n\n\n<p>Jeg kommer opprinnelig fra Fredrikstad, men har stort sett bodd i Oslo siden 1996. <\/p>\n","protected":false},"excerpt":{"rendered":"<p>Jeg er lektor med hovedfag i historie og har jobbet 18 \u00e5r i Osloskolen. Jeg underviser ogs\u00e5 i religion, samfunnskunnskap og kropps\u00f8ving. Bosted er \u00c5rvoll hvor jeg bor sammen med kone og to barn. Jeg kommer opprinnelig fra Fredrikstad, men &hellip; <a href=\"https:\/\/home.uia.no\/haolsen\/om-meg\/\">Les videre <span class=\"meta-nav\">&rarr;<\/span><\/a><\/p>\n","protected":false},"author":3513,"featured_media":0,"parent":0,"menu_order":0,"comment_status":"closed","ping_status":"closed","template":"","meta":{"_exactmetrics_skip_tracking":false,"_exactmetrics_sitenote_active":false,"_exactmetrics_sitenote_note":"","_exactmetrics_sitenote_category":0,"footnotes":""},"_links":{"self":[{"href":"https:\/\/home.uia.no\/haolsen\/wp-json\/wp\/v2\/pages\/55"}],"collection":[{"href":"https:\/\/home.uia.no\/haolsen\/wp-json\/wp\/v2\/pages"}],"about":[{"href":"https:\/\/home.uia.no\/haolsen\/wp-json\/wp\/v2\/types\/page"}],"author":[{"embeddable":true,"href":"https:\/\/home.uia.no\/haolsen\/wp-json\/wp\/v2\/users\/3513"}],"replies":[{"embeddable":true,"href":"https:\/\/home.uia.no\/haolsen\/wp-json\/wp\/v2\/comments?post=55"}],"version-history":[{"count":4,"href":"https:\/\/home.uia.no\/haolsen\/wp-json\/wp\/v2\/pages\/55\/revisions"}],"predecessor-version":[{"id":97,"href":"https:\/\/home.uia.no\/haolsen\/wp-json\/wp\/v2\/pages\/55\/revisions\/97"}],"wp:attachment":[{"href":"https:\/\/home.uia.no\/haolsen\/wp-json\/wp\/v2\/media?parent=55"}],"curies":[{"name":"wp","href":"https:\/\/api.w.org\/{rel}","templated":true}]}}