
{"id":146,"date":"2022-02-27T15:33:34","date_gmt":"2022-02-27T14:33:34","guid":{"rendered":"http:\/\/home.uia.no\/hegest\/?page_id=146"},"modified":"2022-02-28T10:22:06","modified_gmt":"2022-02-28T09:22:06","slug":"difinisjoner","status":"publish","type":"page","link":"https:\/\/home.uia.no\/hegest\/difinisjoner\/","title":{"rendered":"Definisjoner"},"content":{"rendered":"<ul>\n<li>Ettspr\u00e5ks prinsippet:\u00a0\u00e5 gj\u00f8re oss i stand til motta og forst\u00e5 kommunikasjon p\u00e5 et spr\u00e5k og respondere p\u00e5 et annet, v\u00e5rt eget.<\/li>\n<li>Reseptive ferdigheter:\u00a0\u00e5 forst\u00e5 det man h\u00f8rer og leser.<\/li>\n<li>L\u00e5nord: ord spr\u00e5ka har tatt opp i seg gjennom kontakt med andre spr\u00e5k<\/li>\n<li>Arveord: de ordene som vi har hatt lengst i spr\u00e5ka<\/li>\n<li>Falske venner: l\u00e5nord som har samme eller veldig lik form, men som har helt ulik betydning<\/li>\n<li>Lingua Franca:\u00a0et felles spr\u00e5k for kommunikasjon<\/li>\n<\/ul>\n<p>Definisjonene har jeg utledet fra H\u00e5rstads bok &laquo;Nabospr\u00e5k og nabosspr\u00e5kundervisning&raquo;.<\/p>\n","protected":false},"excerpt":{"rendered":"<p>Ettspr\u00e5ks prinsippet:\u00a0\u00e5 gj\u00f8re oss i stand til motta og forst\u00e5 kommunikasjon p\u00e5 et spr\u00e5k og respondere p\u00e5 et annet, v\u00e5rt eget. Reseptive ferdigheter:\u00a0\u00e5 forst\u00e5 det man h\u00f8rer og leser. L\u00e5nord: ord spr\u00e5ka har tatt opp i seg gjennom kontakt med &hellip; <a href=\"https:\/\/home.uia.no\/hegest\/difinisjoner\/\">Les videre <span class=\"meta-nav\">&rarr;<\/span><\/a><\/p>\n","protected":false},"author":3312,"featured_media":0,"parent":0,"menu_order":0,"comment_status":"closed","ping_status":"closed","template":"","meta":{"_exactmetrics_skip_tracking":false,"_exactmetrics_sitenote_active":false,"_exactmetrics_sitenote_note":"","_exactmetrics_sitenote_category":0,"footnotes":""},"_links":{"self":[{"href":"https:\/\/home.uia.no\/hegest\/wp-json\/wp\/v2\/pages\/146"}],"collection":[{"href":"https:\/\/home.uia.no\/hegest\/wp-json\/wp\/v2\/pages"}],"about":[{"href":"https:\/\/home.uia.no\/hegest\/wp-json\/wp\/v2\/types\/page"}],"author":[{"embeddable":true,"href":"https:\/\/home.uia.no\/hegest\/wp-json\/wp\/v2\/users\/3312"}],"replies":[{"embeddable":true,"href":"https:\/\/home.uia.no\/hegest\/wp-json\/wp\/v2\/comments?post=146"}],"version-history":[{"count":6,"href":"https:\/\/home.uia.no\/hegest\/wp-json\/wp\/v2\/pages\/146\/revisions"}],"predecessor-version":[{"id":174,"href":"https:\/\/home.uia.no\/hegest\/wp-json\/wp\/v2\/pages\/146\/revisions\/174"}],"wp:attachment":[{"href":"https:\/\/home.uia.no\/hegest\/wp-json\/wp\/v2\/media?parent=146"}],"curies":[{"name":"wp","href":"https:\/\/api.w.org\/{rel}","templated":true}]}}