
{"id":40,"date":"2022-02-15T13:32:04","date_gmt":"2022-02-15T12:32:04","guid":{"rendered":"http:\/\/home.uia.no\/hegest\/?page_id=40"},"modified":"2022-02-15T13:32:04","modified_gmt":"2022-02-15T12:32:04","slug":"om-meg","status":"publish","type":"page","link":"https:\/\/home.uia.no\/hegest\/om-meg\/","title":{"rendered":"Om meg"},"content":{"rendered":"<p>Hei.<\/p>\n<p>Jeg er opprinnelig fra Vest-Telemark, noe som vises i lynne og temperament. For ca. 10 \u00e5r siden flyttet jeg til Syden &#8211; Ris\u00f8r. Jeg savner skif\u00f8ret, men &laquo;padlef\u00f8ret&raquo; veier det opp &#8211; nesten. Om dagen jobber jeg p\u00e5 voksenoppl\u00e6ringa, om kvelden strikker og syr jeg. Jeg lever det gode liv.<\/p>\n","protected":false},"excerpt":{"rendered":"<p>Hei. Jeg er opprinnelig fra Vest-Telemark, noe som vises i lynne og temperament. For ca. 10 \u00e5r siden flyttet jeg til Syden &#8211; Ris\u00f8r. Jeg savner skif\u00f8ret, men &laquo;padlef\u00f8ret&raquo; veier det opp &#8211; nesten. Om dagen jobber jeg p\u00e5 voksenoppl\u00e6ringa, &hellip; <a href=\"https:\/\/home.uia.no\/hegest\/om-meg\/\">Les videre <span class=\"meta-nav\">&rarr;<\/span><\/a><\/p>\n","protected":false},"author":3312,"featured_media":0,"parent":0,"menu_order":0,"comment_status":"closed","ping_status":"closed","template":"","meta":{"_exactmetrics_skip_tracking":false,"_exactmetrics_sitenote_active":false,"_exactmetrics_sitenote_note":"","_exactmetrics_sitenote_category":0,"footnotes":""},"_links":{"self":[{"href":"https:\/\/home.uia.no\/hegest\/wp-json\/wp\/v2\/pages\/40"}],"collection":[{"href":"https:\/\/home.uia.no\/hegest\/wp-json\/wp\/v2\/pages"}],"about":[{"href":"https:\/\/home.uia.no\/hegest\/wp-json\/wp\/v2\/types\/page"}],"author":[{"embeddable":true,"href":"https:\/\/home.uia.no\/hegest\/wp-json\/wp\/v2\/users\/3312"}],"replies":[{"embeddable":true,"href":"https:\/\/home.uia.no\/hegest\/wp-json\/wp\/v2\/comments?post=40"}],"version-history":[{"count":1,"href":"https:\/\/home.uia.no\/hegest\/wp-json\/wp\/v2\/pages\/40\/revisions"}],"predecessor-version":[{"id":42,"href":"https:\/\/home.uia.no\/hegest\/wp-json\/wp\/v2\/pages\/40\/revisions\/42"}],"wp:attachment":[{"href":"https:\/\/home.uia.no\/hegest\/wp-json\/wp\/v2\/media?parent=40"}],"curies":[{"name":"wp","href":"https:\/\/api.w.org\/{rel}","templated":true}]}}