
{"id":74,"date":"2022-02-15T13:52:02","date_gmt":"2022-02-15T12:52:02","guid":{"rendered":"http:\/\/home.uia.no\/hegest\/?page_id=74"},"modified":"2022-02-28T10:24:43","modified_gmt":"2022-02-28T09:24:43","slug":"kilder","status":"publish","type":"page","link":"https:\/\/home.uia.no\/hegest\/kilder\/","title":{"rendered":"Kilder"},"content":{"rendered":"<ul>\n<li>\n<h1>Nabospr\u00e5k og nabospr\u00e5kundevinsning<\/h1>\n<\/li>\n<\/ul>\n<p>Stian H\u00e5rstad<\/p>\n<p>Cappelen Damm Akademisk 2021<\/p>\n<ul>\n<li><a href=\"https:\/\/www.sprakradet.no\/globalassets\/vi-og-vart\/publikasjoner\/sprakradets-skrifter\/handboka-i-nabospraksundervisning-web.pdf\">H\u00e5ndbok i nabospr\u00e5kundervisning (sprakradet.no)<\/a><\/li>\n<li><a href=\"https:\/\/nordeniskolen.org\/nb\/om-norden-i-skolen\/\">Om Norden i Skolen, <\/a><\/li>\n<\/ul>\n","protected":false},"excerpt":{"rendered":"<p>Nabospr\u00e5k og nabospr\u00e5kundevinsning Stian H\u00e5rstad Cappelen Damm Akademisk 2021 H\u00e5ndbok i nabospr\u00e5kundervisning (sprakradet.no) Om Norden i Skolen,<\/p>\n","protected":false},"author":3312,"featured_media":0,"parent":0,"menu_order":0,"comment_status":"closed","ping_status":"closed","template":"","meta":{"_exactmetrics_skip_tracking":false,"_exactmetrics_sitenote_active":false,"_exactmetrics_sitenote_note":"","_exactmetrics_sitenote_category":0,"footnotes":""},"_links":{"self":[{"href":"https:\/\/home.uia.no\/hegest\/wp-json\/wp\/v2\/pages\/74"}],"collection":[{"href":"https:\/\/home.uia.no\/hegest\/wp-json\/wp\/v2\/pages"}],"about":[{"href":"https:\/\/home.uia.no\/hegest\/wp-json\/wp\/v2\/types\/page"}],"author":[{"embeddable":true,"href":"https:\/\/home.uia.no\/hegest\/wp-json\/wp\/v2\/users\/3312"}],"replies":[{"embeddable":true,"href":"https:\/\/home.uia.no\/hegest\/wp-json\/wp\/v2\/comments?post=74"}],"version-history":[{"count":6,"href":"https:\/\/home.uia.no\/hegest\/wp-json\/wp\/v2\/pages\/74\/revisions"}],"predecessor-version":[{"id":180,"href":"https:\/\/home.uia.no\/hegest\/wp-json\/wp\/v2\/pages\/74\/revisions\/180"}],"wp:attachment":[{"href":"https:\/\/home.uia.no\/hegest\/wp-json\/wp\/v2\/media?parent=74"}],"curies":[{"name":"wp","href":"https:\/\/api.w.org\/{rel}","templated":true}]}}