
{"id":78,"date":"2022-02-15T13:52:32","date_gmt":"2022-02-15T12:52:32","guid":{"rendered":"http:\/\/home.uia.no\/hegest\/?page_id=78"},"modified":"2022-02-15T14:17:07","modified_gmt":"2022-02-15T13:17:07","slug":"kompetansemal","status":"publish","type":"page","link":"https:\/\/home.uia.no\/hegest\/kompetansemal\/","title":{"rendered":"Kompetansem\u00e5l"},"content":{"rendered":"<table>\n<tbody>\n<tr>\n<td width=\"471\"><strong>Kompetansem\u00e5l:<\/strong><\/p>\n<p><strong>Etter 4. trinn:<\/strong> sammenligne\u00a0ord og uttrykk i norsk og andre spr\u00e5k<\/p>\n<p><strong>Etter 7. trinn:<\/strong> lese lyrikk, noveller, fagtekster og annen skj\u00f8nnlitteratur og sakprosa p\u00e5 bokm\u00e5l og nynorsk, svensk og dansk og samtale om form\u00e5l, form og innhold<\/p>\n<p><strong>Etter 10.trinn:<\/strong> lese skj\u00f8nnlitteratur og sakprosa p\u00e5 bokm\u00e5l og nynorsk og i oversettelse fra samiske og andre spr\u00e5k, og\u00a0reflektere\u00a0over tekstenes form\u00e5l, innhold, sjangertrekk og virkemidler<\/p>\n<p>Det er ikke krav til produktive ferdigheter, men til de reseptive ferdighetene, det som betyr \u00e5 forst\u00e5 det man h\u00f8rer og leser.<\/td>\n<\/tr>\n<\/tbody>\n<\/table>\n","protected":false},"excerpt":{"rendered":"<p>Kompetansem\u00e5l: Etter 4. trinn: sammenligne\u00a0ord og uttrykk i norsk og andre spr\u00e5k Etter 7. trinn: lese lyrikk, noveller, fagtekster og annen skj\u00f8nnlitteratur og sakprosa p\u00e5 bokm\u00e5l og nynorsk, svensk og dansk og samtale om form\u00e5l, form og innhold Etter 10.trinn: &hellip; <a href=\"https:\/\/home.uia.no\/hegest\/kompetansemal\/\">Les videre <span class=\"meta-nav\">&rarr;<\/span><\/a><\/p>\n","protected":false},"author":3312,"featured_media":0,"parent":0,"menu_order":0,"comment_status":"closed","ping_status":"closed","template":"","meta":{"_exactmetrics_skip_tracking":false,"_exactmetrics_sitenote_active":false,"_exactmetrics_sitenote_note":"","_exactmetrics_sitenote_category":0,"footnotes":""},"_links":{"self":[{"href":"https:\/\/home.uia.no\/hegest\/wp-json\/wp\/v2\/pages\/78"}],"collection":[{"href":"https:\/\/home.uia.no\/hegest\/wp-json\/wp\/v2\/pages"}],"about":[{"href":"https:\/\/home.uia.no\/hegest\/wp-json\/wp\/v2\/types\/page"}],"author":[{"embeddable":true,"href":"https:\/\/home.uia.no\/hegest\/wp-json\/wp\/v2\/users\/3312"}],"replies":[{"embeddable":true,"href":"https:\/\/home.uia.no\/hegest\/wp-json\/wp\/v2\/comments?post=78"}],"version-history":[{"count":2,"href":"https:\/\/home.uia.no\/hegest\/wp-json\/wp\/v2\/pages\/78\/revisions"}],"predecessor-version":[{"id":90,"href":"https:\/\/home.uia.no\/hegest\/wp-json\/wp\/v2\/pages\/78\/revisions\/90"}],"wp:attachment":[{"href":"https:\/\/home.uia.no\/hegest\/wp-json\/wp\/v2\/media?parent=78"}],"curies":[{"name":"wp","href":"https:\/\/api.w.org\/{rel}","templated":true}]}}