
{"id":82,"date":"2022-02-15T13:53:43","date_gmt":"2022-02-15T12:53:43","guid":{"rendered":"http:\/\/home.uia.no\/hegest\/?page_id=82"},"modified":"2022-02-28T10:23:02","modified_gmt":"2022-02-28T09:23:02","slug":"lenker","status":"publish","type":"page","link":"https:\/\/home.uia.no\/hegest\/lenker\/","title":{"rendered":"Lenker"},"content":{"rendered":"<ul>\n<li><a href=\"https:\/\/nordeniskolen.org\/nb\/\">Norden i Skolen &#8211; Bokm\u00e5l<\/a><\/li>\n<li><a href=\"https:\/\/nordeniskolen.org\/nb\/om-norden-i-skolen-siden\/lydordbok\/\">Lydordbok (nordeniskolen.org)<\/a><\/li>\n<li><a href=\"https:\/\/www.sprakradet.no\/globalassets\/vi-og-vart\/publikasjoner\/sprakradets-skrifter\/handboka-i-nabospraksundervisning-web.pdf\">H\u00e5ndbok i nabospr\u00e5kundervisning (sprakradet.no)<\/a><\/li>\n<li><a href=\"https:\/\/www.youtube.com\/watch?v=v356cpgtGqM\">Vem Kan Segla F\u00f6rutan Vind &#8211; Cumulus &#8211; YouTube<\/a><\/li>\n<\/ul>\n","protected":false},"excerpt":{"rendered":"<p>Norden i Skolen &#8211; Bokm\u00e5l Lydordbok (nordeniskolen.org) H\u00e5ndbok i nabospr\u00e5kundervisning (sprakradet.no) Vem Kan Segla F\u00f6rutan Vind &#8211; Cumulus &#8211; YouTube<\/p>\n","protected":false},"author":3312,"featured_media":0,"parent":0,"menu_order":0,"comment_status":"closed","ping_status":"closed","template":"","meta":{"_exactmetrics_skip_tracking":false,"_exactmetrics_sitenote_active":false,"_exactmetrics_sitenote_note":"","_exactmetrics_sitenote_category":0,"footnotes":""},"_links":{"self":[{"href":"https:\/\/home.uia.no\/hegest\/wp-json\/wp\/v2\/pages\/82"}],"collection":[{"href":"https:\/\/home.uia.no\/hegest\/wp-json\/wp\/v2\/pages"}],"about":[{"href":"https:\/\/home.uia.no\/hegest\/wp-json\/wp\/v2\/types\/page"}],"author":[{"embeddable":true,"href":"https:\/\/home.uia.no\/hegest\/wp-json\/wp\/v2\/users\/3312"}],"replies":[{"embeddable":true,"href":"https:\/\/home.uia.no\/hegest\/wp-json\/wp\/v2\/comments?post=82"}],"version-history":[{"count":5,"href":"https:\/\/home.uia.no\/hegest\/wp-json\/wp\/v2\/pages\/82\/revisions"}],"predecessor-version":[{"id":176,"href":"https:\/\/home.uia.no\/hegest\/wp-json\/wp\/v2\/pages\/82\/revisions\/176"}],"wp:attachment":[{"href":"https:\/\/home.uia.no\/hegest\/wp-json\/wp\/v2\/media?parent=82"}],"curies":[{"name":"wp","href":"https:\/\/api.w.org\/{rel}","templated":true}]}}