
{"id":6,"date":"2020-08-31T13:09:43","date_gmt":"2020-08-31T11:09:43","guid":{"rendered":"http:\/\/home.uia.no\/helenecs\/?page_id=2"},"modified":"2021-11-02T13:11:56","modified_gmt":"2021-11-02T12:11:56","slug":"ommeg","status":"publish","type":"page","link":"https:\/\/home.uia.no\/helenecs\/ommeg\/","title":{"rendered":"Om meg"},"content":{"rendered":"<p>Jeg er i 30-\u00e5rene, f\u00f8dt og oppvokst i B\u00e6rum. Bor fremdeles i kommunen, sammen med mannen min, datteren og hunden v\u00e5r.<\/p>\n<p>P\u00e5 barneskolen elsket jeg \u00e5 lese, og t\u00f8mte omtrent biblioteket der for b\u00f8ker. Leseinteressen har vedvart, selv om det de siste 10 \u00e5rene ofte har v\u00e6rt mest faglitteratur.<\/p>\n<p>Jeg h<span style=\"float: none;background-color: #ffffff;color: #000000;cursor: text;font-family: Georgia,'Bitstream Charter',serif;font-size: 14px;font-style: normal;font-variant: normal;font-weight: 400;letter-spacing: normal;line-height: inherit;text-align: left;text-decoration: none;text-indent: 0px\">ar lektorutdanning fra Universitetet i Oslo, med historie og engelsk som fag.<\/span> Underviser for tiden i samfunnsfag, engelsk og engelsk fordypning, i tillegg til litt spesialpedagogikk.<\/p>\n<p>Har skrevet historiefaglig masteroppgave om myndighet i Norge mellom 1814-1845. Den ligger p\u00e5 <a href=\"https:\/\/www.duo.uio.no\/\">https:\/\/www.duo.uio.no<\/a> om noen vil lese den \ud83d\ude09<\/p>\n<p>Jeg har jobbet noen \u00e5r p\u00e5 ungdomsskole i B\u00e6rum. For et \u00e5r siden tok jeg over biblioteket, da v\u00e5r tidligere bibliotekar har pensjonert seg. Biblioteket har siden den gang gjennomg\u00e5tt en stor fysisk forandring. H\u00e5per videre \u00e5 utvikle biblioteket til \u00e5 bli en mer integrert og aktiv del av den \u00f8vrige skolehverdagen og elevenes liv.<\/p>\n","protected":false},"excerpt":{"rendered":"<p>Jeg er i 30-\u00e5rene, f\u00f8dt og oppvokst i B\u00e6rum. Bor fremdeles i kommunen, sammen med mannen min, datteren og hunden v\u00e5r. P\u00e5 barneskolen elsket jeg \u00e5 lese, og t\u00f8mte omtrent biblioteket der for b\u00f8ker. Leseinteressen har vedvart, selv om det &hellip; <a href=\"https:\/\/home.uia.no\/helenecs\/ommeg\/\">Continue reading <span class=\"meta-nav\">&rarr;<\/span><\/a><\/p>\n","protected":false},"author":2732,"featured_media":0,"parent":0,"menu_order":0,"comment_status":"closed","ping_status":"open","template":"","meta":{"_exactmetrics_skip_tracking":false,"_exactmetrics_sitenote_active":false,"_exactmetrics_sitenote_note":"","_exactmetrics_sitenote_category":0,"footnotes":""},"_links":{"self":[{"href":"https:\/\/home.uia.no\/helenecs\/wp-json\/wp\/v2\/pages\/6"}],"collection":[{"href":"https:\/\/home.uia.no\/helenecs\/wp-json\/wp\/v2\/pages"}],"about":[{"href":"https:\/\/home.uia.no\/helenecs\/wp-json\/wp\/v2\/types\/page"}],"author":[{"embeddable":true,"href":"https:\/\/home.uia.no\/helenecs\/wp-json\/wp\/v2\/users\/2732"}],"replies":[{"embeddable":true,"href":"https:\/\/home.uia.no\/helenecs\/wp-json\/wp\/v2\/comments?post=6"}],"version-history":[{"count":4,"href":"https:\/\/home.uia.no\/helenecs\/wp-json\/wp\/v2\/pages\/6\/revisions"}],"predecessor-version":[{"id":105,"href":"https:\/\/home.uia.no\/helenecs\/wp-json\/wp\/v2\/pages\/6\/revisions\/105"}],"wp:attachment":[{"href":"https:\/\/home.uia.no\/helenecs\/wp-json\/wp\/v2\/media?parent=6"}],"curies":[{"name":"wp","href":"https:\/\/api.w.org\/{rel}","templated":true}]}}