
{"id":15,"date":"2022-09-10T10:27:50","date_gmt":"2022-09-10T09:27:50","guid":{"rendered":"https:\/\/home.uia.no\/jannen\/?page_id=15"},"modified":"2022-09-10T10:34:25","modified_gmt":"2022-09-10T09:34:25","slug":"velkommen-til-min-blogg","status":"publish","type":"page","link":"https:\/\/home.uia.no\/jannen\/velkommen-til-min-blogg\/","title":{"rendered":"Velkommen til min blogg"},"content":{"rendered":"\n<figure class=\"wp-block-image size-full\"><img loading=\"lazy\" decoding=\"async\" width=\"526\" height=\"349\" src=\"https:\/\/home.uia.no\/jannen\/files\/2022\/09\/Bilde1.png\" alt=\"\" class=\"wp-image-17\" srcset=\"https:\/\/home.uia.no\/jannen\/files\/2022\/09\/Bilde1.png 526w, https:\/\/home.uia.no\/jannen\/files\/2022\/09\/Bilde1-300x199.png 300w, https:\/\/home.uia.no\/jannen\/files\/2022\/09\/Bilde1-400x265.png 400w, https:\/\/home.uia.no\/jannen\/files\/2022\/09\/Bilde1-452x300.png 452w\" sizes=\"(max-width: 526px) 100vw, 526px\" \/><\/figure>\n\n\n\n<p>Hei og velkommen!!<\/p>\n\n\n\n<p>Her skal jeg vise dere oppdragene jeg utf\u00f8rer i studiet &laquo;Profesjonsfaglig digital kompetanse i skolen&raquo;. Jeg skal forklare hva jeg gj\u00f8r, hvorfor det gj\u00f8res og hva som kan v\u00e6re b\u00e5de fordeler og ulemper ved bruk av digitale hjelpemidler i skolen. <\/p>\n\n\n\n<p>Jeg er kontaktl\u00e6rer for 27 1. klassinger p\u00e5 en barneskole i Kristiansand. I min 17 \u00e5r lange &laquo;karriere&raquo; som l\u00e6rer har min hverdag g\u00e5tt over fra mye bruk av b\u00f8ker til mer bruk av digitale hjelpemidler. Dette ser jeg p\u00e5 som positivt, men jeg ser helt klart ogs\u00e5 hva som kan v\u00e6re utfordringer knyttet til dette. Jeg gleder meg til \u00e5 pr\u00f8ve ut nye digitale hjelpemidler og se hvordan jeg kan tilpasse dette til mine elever. <\/p>\n","protected":false},"excerpt":{"rendered":"<p>Hei og velkommen!! Her skal jeg vise dere oppdragene jeg utf\u00f8rer i studiet &laquo;Profesjonsfaglig digital kompetanse i skolen&raquo;. Jeg skal forklare hva jeg gj\u00f8r, hvorfor det gj\u00f8res og hva som kan v\u00e6re b\u00e5de fordeler og ulemper ved bruk av digitale &hellip; <a href=\"https:\/\/home.uia.no\/jannen\/velkommen-til-min-blogg\/\">Les videre <span class=\"meta-nav\">&rarr;<\/span><\/a><\/p>\n","protected":false},"author":3493,"featured_media":0,"parent":0,"menu_order":0,"comment_status":"closed","ping_status":"closed","template":"","meta":{"_exactmetrics_skip_tracking":false,"_exactmetrics_sitenote_active":false,"_exactmetrics_sitenote_note":"","_exactmetrics_sitenote_category":0,"footnotes":""},"_links":{"self":[{"href":"https:\/\/home.uia.no\/jannen\/wp-json\/wp\/v2\/pages\/15"}],"collection":[{"href":"https:\/\/home.uia.no\/jannen\/wp-json\/wp\/v2\/pages"}],"about":[{"href":"https:\/\/home.uia.no\/jannen\/wp-json\/wp\/v2\/types\/page"}],"author":[{"embeddable":true,"href":"https:\/\/home.uia.no\/jannen\/wp-json\/wp\/v2\/users\/3493"}],"replies":[{"embeddable":true,"href":"https:\/\/home.uia.no\/jannen\/wp-json\/wp\/v2\/comments?post=15"}],"version-history":[{"count":2,"href":"https:\/\/home.uia.no\/jannen\/wp-json\/wp\/v2\/pages\/15\/revisions"}],"predecessor-version":[{"id":25,"href":"https:\/\/home.uia.no\/jannen\/wp-json\/wp\/v2\/pages\/15\/revisions\/25"}],"wp:attachment":[{"href":"https:\/\/home.uia.no\/jannen\/wp-json\/wp\/v2\/media?parent=15"}],"curies":[{"name":"wp","href":"https:\/\/api.w.org\/{rel}","templated":true}]}}