
{"id":33,"date":"2022-09-10T10:39:36","date_gmt":"2022-09-10T09:39:36","guid":{"rendered":"https:\/\/home.uia.no\/jannen\/?page_id=33"},"modified":"2022-09-10T10:49:14","modified_gmt":"2022-09-10T09:49:14","slug":"hjem","status":"publish","type":"page","link":"https:\/\/home.uia.no\/jannen\/hjem\/","title":{"rendered":"Her er jeg!"},"content":{"rendered":"\n<p>Jeg heter Janne og er kontaktl\u00e6rer p\u00e5 1. trinn p\u00e5 en barneskole i Kristiansand. I min skolehverdag bruker jeg mye digitale hjelpemidler. Jeg gleder meg til \u00e5 tilegne meg mer kunnskap om flere m\u00e5ter \u00e5 anvende det digitale i klasserommet!<\/p>\n\n\n\n<p><\/p>\n\n\n\n<figure class=\"wp-block-image size-large is-resized\"><img loading=\"lazy\" decoding=\"async\" src=\"https:\/\/home.uia.no\/jannen\/files\/2022\/09\/305737633_835672241132488_2435731464251775085_n-768x1024.jpg\" alt=\"\" class=\"wp-image-39\" width=\"537\" height=\"718\" srcset=\"https:\/\/home.uia.no\/jannen\/files\/2022\/09\/305737633_835672241132488_2435731464251775085_n-225x300.jpg 225w, https:\/\/home.uia.no\/jannen\/files\/2022\/09\/305737633_835672241132488_2435731464251775085_n-375x500.jpg 375w\" sizes=\"(max-width: 537px) 100vw, 537px\" \/><\/figure>\n","protected":false},"excerpt":{"rendered":"<p>Jeg heter Janne og er kontaktl\u00e6rer p\u00e5 1. trinn p\u00e5 en barneskole i Kristiansand. I min skolehverdag bruker jeg mye digitale hjelpemidler. Jeg gleder meg til \u00e5 tilegne meg mer kunnskap om flere m\u00e5ter \u00e5 anvende det digitale i klasserommet!<\/p>\n","protected":false},"author":3493,"featured_media":0,"parent":0,"menu_order":0,"comment_status":"closed","ping_status":"closed","template":"","meta":{"_exactmetrics_skip_tracking":false,"_exactmetrics_sitenote_active":false,"_exactmetrics_sitenote_note":"","_exactmetrics_sitenote_category":0,"footnotes":""},"_links":{"self":[{"href":"https:\/\/home.uia.no\/jannen\/wp-json\/wp\/v2\/pages\/33"}],"collection":[{"href":"https:\/\/home.uia.no\/jannen\/wp-json\/wp\/v2\/pages"}],"about":[{"href":"https:\/\/home.uia.no\/jannen\/wp-json\/wp\/v2\/types\/page"}],"author":[{"embeddable":true,"href":"https:\/\/home.uia.no\/jannen\/wp-json\/wp\/v2\/users\/3493"}],"replies":[{"embeddable":true,"href":"https:\/\/home.uia.no\/jannen\/wp-json\/wp\/v2\/comments?post=33"}],"version-history":[{"count":2,"href":"https:\/\/home.uia.no\/jannen\/wp-json\/wp\/v2\/pages\/33\/revisions"}],"predecessor-version":[{"id":41,"href":"https:\/\/home.uia.no\/jannen\/wp-json\/wp\/v2\/pages\/33\/revisions\/41"}],"wp:attachment":[{"href":"https:\/\/home.uia.no\/jannen\/wp-json\/wp\/v2\/media?parent=33"}],"curies":[{"name":"wp","href":"https:\/\/api.w.org\/{rel}","templated":true}]}}