
{"id":29,"date":"2016-08-23T07:47:26","date_gmt":"2016-08-23T06:47:26","guid":{"rendered":"http:\/\/home.uia.no\/jannen14\/?page_id=29"},"modified":"2016-09-07T17:54:04","modified_gmt":"2016-09-07T16:54:04","slug":"oppgave-1-time-4","status":"publish","type":"page","link":"https:\/\/home.uia.no\/jannen14\/oppgaver\/oppgave-1-time-4\/","title":{"rendered":"Oppgave 1: Time 4"},"content":{"rendered":"<p>Dette var den siste timen vi hadde i sammen. Det har v\u00e6rt veldig l\u00e6rerikt.<\/p>\n<p>Isteden\u00a0for vanlig markl\u00f8ft s\u00e5 ville kunden heller l\u00e6re sumomarkl\u00f8ft, s\u00e5 da fokuserte vi heller p\u00e5 det. Sist ben\u00f8kt kj\u00f8rte vi strakmark, noe som kunden syntes var litt vanskelig. Derfor s\u00e5 ville jeg ta opp igjen denne \u00f8velsen for \u00e5 pr\u00f8ve \u00e5 f\u00e5 kunden til \u00e5 klare \u00f8velsen. Jeg utf\u00f8rte en sjekk for \u00e5 se om problemet var for lite mobilitet, eller om det kun var kunden som ikke fikk til \u00e5 strekke bena. Det viste seg at det ikke var mobiliteten, s\u00e5 pr\u00f8vde \u00e5 f\u00e5 kunden til \u00e5 fokusere p\u00e5 \u00e5 ikke skulle b\u00f8ye kn\u00e6rne, og plutselig s\u00e5 fikk hun det til, s\u00e5 det var veldig g\u00f8y.<\/p>\n<p>I f\u00f8rste programmet s\u00e5 kj\u00f8rte vi g\u00e5ende utfall, noe som viste seg at kunden ikke klarte s\u00e5 bra p\u00e5 grunn av litt kneproblem. Derfor s\u00e5 pr\u00f8vde jeg \u00e5 tenke litt mer alternativt, s\u00e5 vi pr\u00f8vde utfall bakover i slynge, og det fungerte utmerket. Kunden gikk ut med skjelvende ben, og da var min jobb gjort \ud83d\ude09<\/p>\n<p><a href=\"http:\/\/home.uia.no\/jannen14\/files\/2016\/08\/idunn-bein-2-1-.png\"><img loading=\"lazy\" decoding=\"async\" class=\"alignnone size-large wp-image-78\" src=\"http:\/\/home.uia.no\/jannen14\/files\/2016\/08\/idunn-bein-2-1--576x1024.png\" alt=\"\" width=\"576\" height=\"1024\" srcset=\"https:\/\/home.uia.no\/jannen14\/files\/2016\/08\/idunn-bein-2-1--576x1024.png 576w, https:\/\/home.uia.no\/jannen14\/files\/2016\/08\/idunn-bein-2-1--168x300.png 168w, https:\/\/home.uia.no\/jannen14\/files\/2016\/08\/idunn-bein-2-1--281x500.png 281w, https:\/\/home.uia.no\/jannen14\/files\/2016\/08\/idunn-bein-2-1-.png 1440w\" sizes=\"(max-width: 576px) 100vw, 576px\" \/><\/a><a href=\"http:\/\/home.uia.no\/jannen14\/files\/2016\/08\/idunn-bein-2-2-.png\"><img loading=\"lazy\" decoding=\"async\" class=\"alignnone size-large wp-image-79\" src=\"http:\/\/home.uia.no\/jannen14\/files\/2016\/08\/idunn-bein-2-2--576x1024.png\" alt=\"\" width=\"576\" height=\"1024\" srcset=\"https:\/\/home.uia.no\/jannen14\/files\/2016\/08\/idunn-bein-2-2--576x1024.png 576w, https:\/\/home.uia.no\/jannen14\/files\/2016\/08\/idunn-bein-2-2--168x300.png 168w, https:\/\/home.uia.no\/jannen14\/files\/2016\/08\/idunn-bein-2-2--281x500.png 281w, https:\/\/home.uia.no\/jannen14\/files\/2016\/08\/idunn-bein-2-2-.png 1440w\" sizes=\"(max-width: 576px) 100vw, 576px\" \/><\/a><\/p>\n","protected":false},"excerpt":{"rendered":"<p>Dette var den siste timen vi hadde i sammen. Det har v\u00e6rt veldig l\u00e6rerikt. Isteden\u00a0for vanlig markl\u00f8ft s\u00e5 ville kunden heller l\u00e6re sumomarkl\u00f8ft, s\u00e5 da fokuserte vi heller p\u00e5 det. Sist ben\u00f8kt kj\u00f8rte vi strakmark, noe som kunden syntes var &hellip; <a href=\"https:\/\/home.uia.no\/jannen14\/oppgaver\/oppgave-1-time-4\/\">Les videre <span class=\"meta-nav\">&rarr;<\/span><\/a><\/p>\n","protected":false},"author":1099,"featured_media":0,"parent":7,"menu_order":0,"comment_status":"closed","ping_status":"closed","template":"","meta":{"_exactmetrics_skip_tracking":false,"_exactmetrics_sitenote_active":false,"_exactmetrics_sitenote_note":"","_exactmetrics_sitenote_category":0,"footnotes":""},"_links":{"self":[{"href":"https:\/\/home.uia.no\/jannen14\/wp-json\/wp\/v2\/pages\/29"}],"collection":[{"href":"https:\/\/home.uia.no\/jannen14\/wp-json\/wp\/v2\/pages"}],"about":[{"href":"https:\/\/home.uia.no\/jannen14\/wp-json\/wp\/v2\/types\/page"}],"author":[{"embeddable":true,"href":"https:\/\/home.uia.no\/jannen14\/wp-json\/wp\/v2\/users\/1099"}],"replies":[{"embeddable":true,"href":"https:\/\/home.uia.no\/jannen14\/wp-json\/wp\/v2\/comments?post=29"}],"version-history":[{"count":3,"href":"https:\/\/home.uia.no\/jannen14\/wp-json\/wp\/v2\/pages\/29\/revisions"}],"predecessor-version":[{"id":77,"href":"https:\/\/home.uia.no\/jannen14\/wp-json\/wp\/v2\/pages\/29\/revisions\/77"}],"up":[{"embeddable":true,"href":"https:\/\/home.uia.no\/jannen14\/wp-json\/wp\/v2\/pages\/7"}],"wp:attachment":[{"href":"https:\/\/home.uia.no\/jannen14\/wp-json\/wp\/v2\/media?parent=29"}],"curies":[{"name":"wp","href":"https:\/\/api.w.org\/{rel}","templated":true}]}}