
{"id":34,"date":"2016-08-23T07:54:58","date_gmt":"2016-08-23T06:54:58","guid":{"rendered":"http:\/\/home.uia.no\/jannen14\/?page_id=34"},"modified":"2016-08-29T13:11:53","modified_gmt":"2016-08-29T12:11:53","slug":"oppgave-2-time-2","status":"publish","type":"page","link":"https:\/\/home.uia.no\/jannen14\/oppgaver\/oppgave-2-time-2\/","title":{"rendered":"Oppgave 2: Time 2"},"content":{"rendered":"<p>Time to med kunden ble en underkropps, rygg-og mage\u00f8kt, ogs\u00e5 her med en del \u00f8velser i slynge\/trx.<\/p>\n<p>Kunden utf\u00f8rte \u00f8velsene veldig bra, og hadde en veldig fin rygg og rytme, spesielt i mark\u00f8ft der det er veldig viktig med en strak rygg for \u00e5 unng\u00e5 \u00e5 belaste ryggen feil, som kan f\u00f8re til ryggproblemer. Jeg tror kunden fikk kj\u00f8rt seg, og ga alt helt til siste slutt. En knallbra \u00f8kt, og jeg gleder meg allerede til neste time \ud83d\ude09<\/p>\n<p>Programmet kommer under her. Kj\u00f8rte som regel 10 reps * 3 sett )glemte \u00e5 skrive det inn i programmet), med pauser p\u00e5 ca 2 minutter. Pausene varierer litt med hvilken \u00f8velse man utf\u00f8rer. Gj\u00f8r man \u00f8velser der man bruker store muskelgrupper s\u00e5 trengs det lengere pauser enn om man bare trener en enkelt muskel. Pausene kommer ogs\u00e5 ann p\u00e5 hvor mange reps og hvor stor belastning man har. Men n\u00e5r man kj\u00f8rer ca 10 reps er pauser p\u00e5 ca 2 minutter greit.<\/p>\n<p>I tillegg til det som st\u00e5r i programmet, s\u00e5 la vi p\u00e5 sideplanke i slynge helt til slutt. Der kj\u00f8rte vi 15 sek p\u00e5 hver side * 3 sett. Den sviir!<\/p>\n<p><a href=\"http:\/\/home.uia.no\/jannen14\/files\/2016\/08\/sofie-2-1.png\"><img loading=\"lazy\" decoding=\"async\" class=\"alignnone size-medium wp-image-55\" src=\"http:\/\/home.uia.no\/jannen14\/files\/2016\/08\/sofie-2-1-168x300.png\" alt=\"\" width=\"168\" height=\"300\" srcset=\"https:\/\/home.uia.no\/jannen14\/files\/2016\/08\/sofie-2-1-168x300.png 168w, https:\/\/home.uia.no\/jannen14\/files\/2016\/08\/sofie-2-1-576x1024.png 576w, https:\/\/home.uia.no\/jannen14\/files\/2016\/08\/sofie-2-1-281x500.png 281w, https:\/\/home.uia.no\/jannen14\/files\/2016\/08\/sofie-2-1.png 1440w\" sizes=\"(max-width: 168px) 100vw, 168px\" \/><\/a><a href=\"http:\/\/home.uia.no\/jannen14\/files\/2016\/08\/sofie-2-2.png\"><img loading=\"lazy\" decoding=\"async\" class=\"alignnone size-medium wp-image-56\" src=\"http:\/\/home.uia.no\/jannen14\/files\/2016\/08\/sofie-2-2-168x300.png\" alt=\"\" width=\"168\" height=\"300\" srcset=\"https:\/\/home.uia.no\/jannen14\/files\/2016\/08\/sofie-2-2-168x300.png 168w, https:\/\/home.uia.no\/jannen14\/files\/2016\/08\/sofie-2-2-576x1024.png 576w, https:\/\/home.uia.no\/jannen14\/files\/2016\/08\/sofie-2-2-281x500.png 281w, https:\/\/home.uia.no\/jannen14\/files\/2016\/08\/sofie-2-2.png 1440w\" sizes=\"(max-width: 168px) 100vw, 168px\" \/><\/a><\/p>\n","protected":false},"excerpt":{"rendered":"<p>Time to med kunden ble en underkropps, rygg-og mage\u00f8kt, ogs\u00e5 her med en del \u00f8velser i slynge\/trx. Kunden utf\u00f8rte \u00f8velsene veldig bra, og hadde en veldig fin rygg og rytme, spesielt i mark\u00f8ft der det er veldig viktig med en &hellip; <a href=\"https:\/\/home.uia.no\/jannen14\/oppgaver\/oppgave-2-time-2\/\">Les videre <span class=\"meta-nav\">&rarr;<\/span><\/a><\/p>\n","protected":false},"author":1099,"featured_media":0,"parent":7,"menu_order":0,"comment_status":"closed","ping_status":"closed","template":"","meta":{"_exactmetrics_skip_tracking":false,"_exactmetrics_sitenote_active":false,"_exactmetrics_sitenote_note":"","_exactmetrics_sitenote_category":0,"footnotes":""},"_links":{"self":[{"href":"https:\/\/home.uia.no\/jannen14\/wp-json\/wp\/v2\/pages\/34"}],"collection":[{"href":"https:\/\/home.uia.no\/jannen14\/wp-json\/wp\/v2\/pages"}],"about":[{"href":"https:\/\/home.uia.no\/jannen14\/wp-json\/wp\/v2\/types\/page"}],"author":[{"embeddable":true,"href":"https:\/\/home.uia.no\/jannen14\/wp-json\/wp\/v2\/users\/1099"}],"replies":[{"embeddable":true,"href":"https:\/\/home.uia.no\/jannen14\/wp-json\/wp\/v2\/comments?post=34"}],"version-history":[{"count":4,"href":"https:\/\/home.uia.no\/jannen14\/wp-json\/wp\/v2\/pages\/34\/revisions"}],"predecessor-version":[{"id":54,"href":"https:\/\/home.uia.no\/jannen14\/wp-json\/wp\/v2\/pages\/34\/revisions\/54"}],"up":[{"embeddable":true,"href":"https:\/\/home.uia.no\/jannen14\/wp-json\/wp\/v2\/pages\/7"}],"wp:attachment":[{"href":"https:\/\/home.uia.no\/jannen14\/wp-json\/wp\/v2\/media?parent=34"}],"curies":[{"name":"wp","href":"https:\/\/api.w.org\/{rel}","templated":true}]}}