
{"id":97,"date":"2016-10-03T17:06:43","date_gmt":"2016-10-03T16:06:43","guid":{"rendered":"http:\/\/home.uia.no\/jannen14\/?page_id=97"},"modified":"2016-10-19T10:18:31","modified_gmt":"2016-10-19T09:18:31","slug":"time-5","status":"publish","type":"page","link":"https:\/\/home.uia.no\/jannen14\/idr-130\/time-5\/","title":{"rendered":"Time 5"},"content":{"rendered":"<p>Da var vi kommet til siste timen b\u00e5de for kondisjon og den siste timen v\u00e5r i sammen. Denne \u00f8kta her tenkte jeg \u00e5 kj\u00f8re p\u00e5 romaskin, som en intervall\u00f8kt. 1 minutts jobbing og 30 sekunders pause * 12. F\u00f8r dette s\u00e5 kj\u00f8rte vi 15 minutters oppvarming p\u00e5 m\u00f8lla. Tenker det er okei \u00e5 varme opp p\u00e5 en annen m\u00e5te slik at det ikke skal bli s\u00e5 ensformig og kjedelig for kunden. Etter endte intervaller hadde vi nedtrapping p\u00e5 romaskina i ca 5 minutter.<\/p>\n<p>Siden vi fortsatt hadde litt tid igjen drev vi med litt balansetrening p\u00e5 pute, situps p\u00e5 matte og planken for styrke opp balansen og kjernemuskulaturen.<\/p>\n<p>Disse 5 \u00f8ktene med kunden har v\u00e6rt kjempe l\u00e6rerike. Jeg har blitt tryggere p\u00e5 meg selv og min kunnskap om treninga vi har gjennomf\u00f8rt. Kunden virker ogs\u00e5 veldig motivert til \u00e5 fortsette treningen hjemme i slynga si, s\u00e5 det gir ogs\u00e5 meg som pt til \u00e5 fortsette og f\u00f8ler at jeg har gjort noe riktig.<\/p>\n","protected":false},"excerpt":{"rendered":"<p>Da var vi kommet til siste timen b\u00e5de for kondisjon og den siste timen v\u00e5r i sammen. Denne \u00f8kta her tenkte jeg \u00e5 kj\u00f8re p\u00e5 romaskin, som en intervall\u00f8kt. 1 minutts jobbing og 30 sekunders pause * 12. F\u00f8r dette &hellip; <a href=\"https:\/\/home.uia.no\/jannen14\/idr-130\/time-5\/\">Les videre <span class=\"meta-nav\">&rarr;<\/span><\/a><\/p>\n","protected":false},"author":1099,"featured_media":0,"parent":86,"menu_order":0,"comment_status":"closed","ping_status":"closed","template":"","meta":{"_exactmetrics_skip_tracking":false,"_exactmetrics_sitenote_active":false,"_exactmetrics_sitenote_note":"","_exactmetrics_sitenote_category":0,"footnotes":""},"_links":{"self":[{"href":"https:\/\/home.uia.no\/jannen14\/wp-json\/wp\/v2\/pages\/97"}],"collection":[{"href":"https:\/\/home.uia.no\/jannen14\/wp-json\/wp\/v2\/pages"}],"about":[{"href":"https:\/\/home.uia.no\/jannen14\/wp-json\/wp\/v2\/types\/page"}],"author":[{"embeddable":true,"href":"https:\/\/home.uia.no\/jannen14\/wp-json\/wp\/v2\/users\/1099"}],"replies":[{"embeddable":true,"href":"https:\/\/home.uia.no\/jannen14\/wp-json\/wp\/v2\/comments?post=97"}],"version-history":[{"count":4,"href":"https:\/\/home.uia.no\/jannen14\/wp-json\/wp\/v2\/pages\/97\/revisions"}],"predecessor-version":[{"id":119,"href":"https:\/\/home.uia.no\/jannen14\/wp-json\/wp\/v2\/pages\/97\/revisions\/119"}],"up":[{"embeddable":true,"href":"https:\/\/home.uia.no\/jannen14\/wp-json\/wp\/v2\/pages\/86"}],"wp:attachment":[{"href":"https:\/\/home.uia.no\/jannen14\/wp-json\/wp\/v2\/media?parent=97"}],"curies":[{"name":"wp","href":"https:\/\/api.w.org\/{rel}","templated":true}]}}