
{"id":82,"date":"2015-04-16T12:11:14","date_gmt":"2015-04-16T11:11:14","guid":{"rendered":"http:\/\/home.uia.no\/jannit14\/?page_id=82"},"modified":"2015-06-11T11:05:18","modified_gmt":"2015-06-11T10:05:18","slug":"bortelid-trip-4","status":"publish","type":"page","link":"https:\/\/home.uia.no\/jannit14\/outdoor-knowledge\/bortelid-trip-4\/","title":{"rendered":"03. Self organized fieldtrip Bortelid 06.03 \u2013 08.03 2015"},"content":{"rendered":"<p><strong>Our final trip self organised field trip<br \/>\n<\/strong><\/p>\n<p>Our final trip started in the weekend of the 6<sup>th<\/sup> \u2013 8<sup>th<\/sup> of March in <em>Bortelid,<\/em> about 100 kilometers north-east of <em>Kristiansand<\/em>. We prepared dinner for the two nights, in advance. Breakfast and Lunch we made everyone for himself.<\/p>\n<p><strong><span style=\"text-decoration: underline\">Packing List<\/span><\/strong><\/p>\n<p><span style=\"text-decoration: underline\">Common gear<\/span><br \/>\n&#8211;\u00a0\u00a0\u00a0\u00a0\u00a0\u00a0\u00a0\u00a0\u00a0\u00a0\u00a0\u00a0\u00a0 inner tent<br \/>\n&#8211;\u00a0\u00a0\u00a0\u00a0\u00a0\u00a0\u00a0\u00a0\u00a0 \u00a0\u00a0\u00a0\u00a0tent poles<br \/>\n&#8211;\u00a0\u00a0\u00a0\u00a0\u00a0\u00a0\u00a0\u00a0\u00a0\u00a0\u00a0\u00a0\u00a0 snow pegs<br \/>\n&#8211;\u00a0\u00a0\u00a0\u00a0\u00a0\u00a0\u00a0\u00a0\u00a0\u00a0\u00a0\u00a0\u00a04 gas cans<br \/>\n&#8211;\u00a0\u00a0\u00a0\u00a0\u00a0\u00a0\u00a0\u00a0\u00a0\u00a0\u00a0\u00a0\u00a0 Stove adaptor<br \/>\n&#8211;\u00a0\u00a0\u00a0\u00a0\u00a0\u00a0\u00a0\u00a0\u00a0\u00a0\u00a0\u00a0\u00a0 ski wax<\/p>\n<p><span style=\"text-decoration: underline\">Sleepgear<\/span><br \/>\n&#8211;\u00a0\u00a0\u00a0\u00a0\u00a0\u00a0\u00a0\u00a0\u00a0\u00a0\u00a0\u00a0\u00a0 inflatable mat<br \/>\n&#8211;\u00a0\u00a0\u00a0\u00a0\u00a0\u00a0\u00a0\u00a0\u00a0 \u00a0\u00a0\u00a0\u00a0insulation mat<br \/>\n&#8211;\u00a0\u00a0\u00a0\u00a0\u00a0\u00a0\u00a0\u00a0\u00a0\u00a0\u00a0\u00a0\u00a0 sleeping bag<br \/>\n&#8211;\u00a0\u00a0\u00a0\u00a0\u00a0\u00a0\u00a0\u00a0\u00a0\u00a0\u00a0\u00a0\u00a0 inlay<br \/>\n&#8211;\u00a0\u00a0\u00a0\u00a0\u00a0\u00a0\u00a0\u00a0\u00a0\u00a0\u00a0\u00a0\u00a0 bivauoc bag<\/p>\n<p><span style=\"text-decoration: underline\">Clothes<\/span><br \/>\n&#8211;\u00a0\u00a0\u00a0\u00a0\u00a0\u00a0\u00a0\u00a0\u00a0\u00a0\u00a0\u00a0\u00a02 pairs of sock<br \/>\n&#8211;\u00a0\u00a0\u00a0\u00a0\u00a0\u00a0\u00a0\u00a0\u00a0\u00a0\u00a0\u00a0\u00a0woolen longunderwear (merino)<br \/>\n&#8211;\u00a0\u00a0\u00a0\u00a0\u00a0\u00a0\u00a0\u00a0\u00a0\u00a0\u00a0\u00a0woolen t-shirt<br \/>\n&#8211;\u00a0\u00a0\u00a0\u00a0\u00a0\u00a0\u00a0\u00a0\u00a0\u00a0\u00a0\u00a0\u00a0 soft-shell trousers<br \/>\n&#8211;\u00a0\u00a0\u00a0\u00a0\u00a0\u00a0\u00a0\u00a0\u00a0\u00a0\u00a0\u00a0\u00a0 fleece<br \/>\n&#8211;\u00a0\u00a0\u00a0\u00a0\u00a0\u00a0\u00a0\u00a0\u00a0\u00a0\u00a0\u00a0\u00a0 waterproof jacket\/trouser<br \/>\n&#8211;\u00a0\u00a0\u00a0\u00a0\u00a0\u00a0\u00a0\u00a0\u00a0\u00a0\u00a0\u00a0\u00a0 gloves<br \/>\n&#8211;\u00a0\u00a0\u00a0\u00a0\u00a0\u00a0\u00a0\u00a0\u00a0\u00a0 \u00a0\u00a0\u00a0mits<br \/>\n&#8211;\u00a0\u00a0\u00a0\u00a0\u00a0\u00a0\u00a0\u00a0\u00a0\u00a0\u00a0\u00a0\u00a0 ski boots<br \/>\n&#8211;\u00a0\u00a0\u00a0\u00a0\u00a0\u00a0\u00a0\u00a0\u00a0\u00a0\u00a0\u00a0\u00a0 buff<br \/>\n&#8211;\u00a0\u00a0\u00a0\u00a0\u00a0\u00a0\u00a0\u00a0\u00a0\u00a0\u00a0\u00a0\u00a0 gaiters<br \/>\n&#8211;\u00a0\u00a0\u00a0\u00a0\u00a0\u00a0\u00a0\u00a0\u00a0\u00a0\u00a0\u00a0\u00a0 down jacket<\/p>\n<p><span style=\"text-decoration: underline\">Gear<\/span><br \/>\n&#8211;\u00a0\u00a0\u00a0\u00a0\u00a0\u00a0\u00a0\u00a0\u00a0\u00a0\u00a0\u00a0\u00a0 Backpack 70L<br \/>\n&#8211;\u00a0\u00a0\u00a0\u00a0\u00a0\u00a0\u00a0\u00a0\u00a0\u00a0\u00a0\u00a0\u00a0 Dry bags<br \/>\n&#8211;\u00a0\u00a0\u00a0\u00a0\u00a0\u00a0\u00a0\u00a0\u00a0\u00a0\u00a0\u00a0\u00a0 Plastic bags<br \/>\n&#8211;\u00a0\u00a0\u00a0\u00a0\u00a0\u00a0\u00a0\u00a0\u00a0\u00a0\u00a0\u00a0\u00a0 notebook + pencil<br \/>\n&#8211;\u00a0\u00a0\u00a0\u00a0\u00a0\u00a0\u00a0\u00a0\u00a0\u00a0\u00a0\u00a0\u00a0 knife<br \/>\n&#8211;\u00a0\u00a0\u00a0\u00a0\u00a0\u00a0\u00a0\u00a0\u00a0\u00a0\u00a0\u00a0\u00a0 compass<br \/>\n&#8211;\u00a0\u00a0\u00a0\u00a0\u00a0\u00a0\u00a0\u00a0\u00a0\u00a0\u00a0\u00a0\u00a0 map + mapcase<br \/>\n&#8211;\u00a0\u00a0\u00a0\u00a0\u00a0\u00a0\u00a0\u00a0\u00a0\u00a0\u00a0\u00a0\u00a0 snow shovel<br \/>\n&#8211;\u00a0\u00a0\u00a0\u00a0\u00a0\u00a0\u00a0\u00a0\u00a0\u00a0\u00a0\u00a0\u00a0 headlight + spare battery<br \/>\n&#8211;\u00a0\u00a0\u00a0\u00a0\u00a0\u00a0\u00a0\u00a0\u00a0\u00a0\u00a0\u00a0\u00a0 mobile<br \/>\n&#8211;\u00a0\u00a0\u00a0\u00a0\u00a0\u00a0\u00a0\u00a0\u00a0\u00a0\u00a0\u00a0\u00a0 avalanche stick<br \/>\n&#8211;\u00a0\u00a0\u00a0\u00a0\u00a0\u00a0\u00a0\u00a0\u00a0\u00a0\u00a0\u00a0\u00a0 ski\u2019s, \u00a0skipoles<br \/>\n&#8211;\u00a0\u00a0\u00a0\u00a0\u00a0\u00a0\u00a0\u00a0\u00a0\u00a0\u00a0\u00a0\u00a0 goggles, sunglasses<br \/>\n&#8211;\u00a0\u00a0\u00a0\u00a0\u00a0\u00a0\u00a0\u00a0\u00a0\u00a0\u00a0\u00a0\u00a0 thermos<br \/>\n&#8211;\u00a0\u00a0\u00a0\u00a0\u00a0\u00a0\u00a0\u00a0\u00a0\u00a0\u00a0\u00a0\u00a0 spoon\/Knife<br \/>\n&#8211;\u00a0\u00a0\u00a0\u00a0\u00a0\u00a0\u00a0\u00a0\u00a0\u00a0\u00a0\u00a0\u00a0 mat to sit on<\/p>\n<p><span style=\"text-decoration: underline\">hygiene and health<\/span><br \/>\n&#8211;\u00a0\u00a0\u00a0\u00a0\u00a0\u00a0\u00a0\u00a0\u00a0\u00a0\u00a0\u00a0\u00a0 first-aid-kit<br \/>\n&#8211;\u00a0\u00a0\u00a0\u00a0\u00a0\u00a0\u00a0\u00a0\u00a0\u00a0\u00a0\u00a0\u00a0 rescue blanket<br \/>\n&#8211;\u00a0\u00a0\u00a0\u00a0\u00a0\u00a0\u00a0\u00a0\u00a0\u00a0\u00a0\u00a0\u00a0 toothbrush + paste<br \/>\n&#8211;\u00a0\u00a0\u00a0\u00a0\u00a0\u00a0\u00a0\u00a0\u00a0\u00a0\u00a0\u00a0\u00a0 sun cream<\/p>\n<p><strong>Execution of the trip<\/strong><\/p>\n<p><strong>DAY 1<\/strong> Our trip started on Friday, 6<sup>th<\/sup> of March.<\/p>\n<p>We took the local bus from the city center of Kristiansand to <em>Bortelid. <\/em>On the bus we met Anne, Adele, Katja, Luke and Will, who were on their way to make their\u00a0 own cross-country trip. We agreed that we want to meet up before the second night at the DNT hut <em>Gaukhei<\/em>.<\/p>\n<p>While we were sitting in the second bus, the bus driver asked us whether we should call the bus from <a href=\"http:\/\/www.aseral.kommune.no\/om-kommunenfakta-om-kommunen\/om-var-kommune\"><em>\u00c5seral<\/em><\/a> to<em> Bortelid<\/em>, since the bus is only driving when necessary. But we did not luckily the bus driver was so kind to bring us all the way to <em>Bortelid<\/em>. When we arrived the weather was very good it was very warm around 4 \u00b0C and the sun was out. We choose the red Swix wax, but the snow was very wet so the wax did not have enough structure to hold on to the snow. In that conditions the only alternative was klister but none of us had some.<\/p>\n<p>The first part was very hard. We stayed on the tracks for the first 2,5 kilometers. But after some time we realized, that we were not at the point where we had originally planned. We just followed the ski track without paying attention to the map. We made a detour of about 1 km to get back on our planned route. Shortly after that, we left the tracks into the even moister snow.\u00a0 During that time the weather started to get worse. The warm and sunny day turned into a cloudy and very windy day.<\/p>\n<p>We reached <em>Langst\u00f8ltj\u00f8nn\u00e6<\/em>, which was a lake north-east of <em>Bortelid<\/em>, and as soon as we reached it the weather started to get even worse. We realized that the wind is going to be very strong on the lake. It got so bad that we had to herring-bone even on the flat ground, just not to get push backwards. After that we tried to stay between trees along the lake to have some protection from the wind.<\/p>\n<p>We took the breaks in natural shelters that blocked the wind. After a while the wind got really exhausting and our mood changed from happy to annoyed. By 4 p.m. we arrived at the designated camp, we located our tent between the trees at the bank of a lake. Finding dry wood was really hard, since everything was covered in snow. In the end we managed to get the fire going, but could not keep it on for more than 45 minutes. After dinner we went for a ski-around on the lake to get warm before we went to bed. The night was very windy and our tent just had three snow pegs with it; therefore the sides of the tent were only weighed down with snow.<\/p>\n<p>DAY 2<\/p>\n<p>We started the second day with making porridge for breakfast and discussing the plans for the day. The weather conditions had not changed, so we decided to change our plans and make our way towards the DNT-Route to <em>Gaukhei<\/em> as quick as possible.<\/p>\n<p>The marked DNT- Route went almost parallel to our planned route. We packed up the tent and started by 10 o\u2019clock. It was very foggy and windy, so we were glad about the marked route to the DNT-Hut. The snow structure was still very wet and the wax was not working very well. Especially the sections uphill were really hard. We slipped a lot and had to herring-bone quite a lot. At a waterfall we could fill up our water bottles. As we got closer to the hut, the weather and the view got worse. Sometimes we were not able to see more than 70 meters. Thanks to the marked route we always knew that we were on the right way, but even though the weather was bad we always knew where we were on the map.<\/p>\n<p>All in all we made just 8 km in just over five hours, so we arrived at 15:20 at the <em>Gaukhei<\/em> hut. First we just wanted to wait there for the other group we met on the bus and to warm up a bit. But in the end we decided to spend the night there. The weather didn\u00b4t changed so view was still bad.<\/p>\n<p>Day 3<\/p>\n<p>The plan for the last day was 18 km back to the <em>Bortelid Skisenter. <\/em>Our group did not have a lot of experience in ski touring, so we were unsure how long the last section would take us. A Norwegian, who stayed at the hut, told us that he skied this section uphill within 5 hours. We wanted to start early, because we still needed to find out if there was a bus driving to <em>Kristiansand<\/em> on Sunday. We tried to call the bus company during our trip, but we did not have any phone service.<\/p>\n<p>We started at 8:30 in the morning, with strong winds. Luckily, the wind came from the west and was on our backs the first four kilometers, which was the uphill section. So we were able to make the first four kilometers in 40 minutes. The wax was working quite well compared to the other days. The next section was a flat part 3 kilometer south. During this part the wind got stronger and was still coming from the west so it almost blew us over. We discovered fresh Reindeer tracks, so naturally we looked the rest of the day for a reindeer flock, but unfortunately didn\u2019t have any luck.<\/p>\n<p>After 2 hours of skiing, the sky cleared up and our moods changed. With some sunshine, we started to play around in the melting snow. When we crossed a lake there was already a layer of water on the surface so we were really happy to make it to the other side. About five kilometers before the ski center, we were back to the prepared ski tracks. After some breaks in the sun, we arrived in Bortelid at 13:30. After a while we found out, that the bus to <em>Kristiansand<\/em> would go, at 17:45 so we passed time by practicing telemark turns and waiting in a hut.<\/p>\n<p>&nbsp;<\/p>\n<p>Reflection on the learning outcomes<\/p>\n<p>I divided our learning outcome into two groups; the first being hard skills, and the second being the group dynamic experience.<\/p>\n<p>On the trip we increased many hard skills like: how to navigate in the winter without seeing many features, learning how to build a tent in a storm, and understanding that the weather is a very important influence on the route especially in relation to speed. Besides that I think we all improved our ski technique some of us learned it the easy way and some learned the hard way. The most challenging part was maybe the condition. Melting snow and heavy wind turned a normal route into a very hard one.<\/p>\n<p>&nbsp;<\/p>\n<p>Group dynamic processes before and after<\/p>\n<p>According to Tuckman\u00b4s model, every group has to pass four stages:<\/p>\n<ul>\n<li><strong>Forming<\/strong>: The group gets to know each other<\/li>\n<li><strong>Storming<\/strong>: disagreement arises in the group; arguing occurs; positions, authority and influence are questioned<\/li>\n<li><strong>Norming<\/strong>: common ground, rules and regulations are found<\/li>\n<li><strong>Performing<\/strong>: the group performs as a unit; tasks are solved together; strengths and weaknesses of the group members are taken into consideration<\/li>\n<\/ul>\n<p>I think we passed the storming stage in our first planning process. In our second try we performed better even though not every group member was completely involved in the planning and performing process. After some days together our group became a unit, despite the different efforts given by group members in the planning process, we still solved the challenges of the trip together.<\/p>\n","protected":false},"excerpt":{"rendered":"<p>Our final trip self organised field trip Our final trip started in the weekend of the 6th \u2013 8th of March in Bortelid, about 100 kilometers north-east of Kristiansand. We prepared dinner for the two nights, in advance. Breakfast and &hellip; <a href=\"https:\/\/home.uia.no\/jannit14\/outdoor-knowledge\/bortelid-trip-4\/\">Continue reading <span class=\"meta-nav\">&rarr;<\/span><\/a><\/p>\n","protected":false},"author":608,"featured_media":0,"parent":51,"menu_order":0,"comment_status":"closed","ping_status":"closed","template":"sidebar-page.php","meta":{"_exactmetrics_skip_tracking":false,"_exactmetrics_sitenote_active":false,"_exactmetrics_sitenote_note":"","_exactmetrics_sitenote_category":0,"footnotes":""},"_links":{"self":[{"href":"https:\/\/home.uia.no\/jannit14\/wp-json\/wp\/v2\/pages\/82"}],"collection":[{"href":"https:\/\/home.uia.no\/jannit14\/wp-json\/wp\/v2\/pages"}],"about":[{"href":"https:\/\/home.uia.no\/jannit14\/wp-json\/wp\/v2\/types\/page"}],"author":[{"embeddable":true,"href":"https:\/\/home.uia.no\/jannit14\/wp-json\/wp\/v2\/users\/608"}],"replies":[{"embeddable":true,"href":"https:\/\/home.uia.no\/jannit14\/wp-json\/wp\/v2\/comments?post=82"}],"version-history":[{"count":12,"href":"https:\/\/home.uia.no\/jannit14\/wp-json\/wp\/v2\/pages\/82\/revisions"}],"predecessor-version":[{"id":328,"href":"https:\/\/home.uia.no\/jannit14\/wp-json\/wp\/v2\/pages\/82\/revisions\/328"}],"up":[{"embeddable":true,"href":"https:\/\/home.uia.no\/jannit14\/wp-json\/wp\/v2\/pages\/51"}],"wp:attachment":[{"href":"https:\/\/home.uia.no\/jannit14\/wp-json\/wp\/v2\/media?parent=82"}],"curies":[{"name":"wp","href":"https:\/\/api.w.org\/{rel}","templated":true}]}}