
{"id":10,"date":"2022-05-02T07:06:39","date_gmt":"2022-05-02T06:06:39","guid":{"rendered":"https:\/\/home.uia.no\/janth17\/?page_id=10"},"modified":"2022-05-02T07:06:39","modified_gmt":"2022-05-02T06:06:39","slug":"jan-terje-hellemsbakken","status":"publish","type":"page","link":"https:\/\/home.uia.no\/janth17\/jan-terje-hellemsbakken\/","title":{"rendered":"Jan Terje Hellemsbakken"},"content":{"rendered":"\n<p>Mitt navn er Jan Terje Hellemsbakken og jeg g\u00e5r p\u00e5 bachelor i Kommunikasjon. Dette studiet ligger under <a href=\"https:\/\/www.uia.no\/om-uia\/fakultet\/fakultet-for-humaniora-og-pedagogikk\" data-type=\"URL\" data-id=\"https:\/\/www.uia.no\/om-uia\/fakultet\/fakultet-for-humaniora-og-pedagogikk\">Fakultet for humaniora og pedagogikk<\/a>. <\/p>\n\n\n\n<p>Min bacheloroppgave sikter p\u00e5 \u00e5 finne ut noe om hvordan norske avismedier bruker bildebaser. <\/p>\n","protected":false},"excerpt":{"rendered":"<p>Mitt navn er Jan Terje Hellemsbakken og jeg g\u00e5r p\u00e5 bachelor i Kommunikasjon. Dette studiet ligger under Fakultet for humaniora og pedagogikk. Min bacheloroppgave sikter p\u00e5 \u00e5 finne ut noe om hvordan norske avismedier bruker bildebaser.<\/p>\n","protected":false},"author":3390,"featured_media":0,"parent":0,"menu_order":0,"comment_status":"closed","ping_status":"closed","template":"","meta":{"_exactmetrics_skip_tracking":false,"_exactmetrics_sitenote_active":false,"_exactmetrics_sitenote_note":"","_exactmetrics_sitenote_category":0,"footnotes":""},"_links":{"self":[{"href":"https:\/\/home.uia.no\/janth17\/wp-json\/wp\/v2\/pages\/10"}],"collection":[{"href":"https:\/\/home.uia.no\/janth17\/wp-json\/wp\/v2\/pages"}],"about":[{"href":"https:\/\/home.uia.no\/janth17\/wp-json\/wp\/v2\/types\/page"}],"author":[{"embeddable":true,"href":"https:\/\/home.uia.no\/janth17\/wp-json\/wp\/v2\/users\/3390"}],"replies":[{"embeddable":true,"href":"https:\/\/home.uia.no\/janth17\/wp-json\/wp\/v2\/comments?post=10"}],"version-history":[{"count":2,"href":"https:\/\/home.uia.no\/janth17\/wp-json\/wp\/v2\/pages\/10\/revisions"}],"predecessor-version":[{"id":16,"href":"https:\/\/home.uia.no\/janth17\/wp-json\/wp\/v2\/pages\/10\/revisions\/16"}],"wp:attachment":[{"href":"https:\/\/home.uia.no\/janth17\/wp-json\/wp\/v2\/media?parent=10"}],"curies":[{"name":"wp","href":"https:\/\/api.w.org\/{rel}","templated":true}]}}