
{"id":1093,"date":"2015-05-14T11:45:26","date_gmt":"2015-05-14T10:45:26","guid":{"rendered":"http:\/\/home.uia.no\/katjaw14\/?page_id=1093"},"modified":"2015-05-14T11:45:26","modified_gmt":"2015-05-14T10:45:26","slug":"02-fliegenfischen","status":"publish","type":"page","link":"https:\/\/home.uia.no\/katjaw14\/blog-2\/05-mai\/02-fliegenfischen\/","title":{"rendered":"02 Fliegenfischen"},"content":{"rendered":"<p>13. Mai<\/p>\n<p>Mein Komilitone Roman hat herausgefunden, dass ein kleiner Fischerladen in der Stadt jeden Mittwoch eine kostenlose Einf\u00fchrung ins Fliegenfischen gibt. Da wir Friluftsliv Studenten in so etwas nat\u00fcrlich immer interessiert sind und auch gerade nicht auf einem Trip waren, haben wir uns das mal angeschaut&#8230; Seht selbst!<\/p>\n<p>Das Fliegenfischen an sich war nur eine Trocken\u00fcbung, da der Schwung an sich schon recht komplex ist. Allerding glaube ich, dass die meisten von unserem Kurs wohl auch gute Chancen gehabt h\u00e4tten, einen Fisch aus dem Wasser zu ziehen &#8211; die Kursleiter haben uns flei\u00dfig gelobt. Ich hab es sogar auch geschafft den Double Knot umzusetzten, sodass die Leine mehr beschleunigt werden kann und so bessere Flugkurven erzielt. Lustige Bewegung, bei der aber doch irgendwann der Arm verkrampft, weil es einfach sehr ungewohnt ist \ud83d\ude00<\/p>\n<p>Nach der Fliegenfischen-Stunde hatte Petr noch seine Angel dabei, sodass wir zu 4. noch ein bisschen zum Spa\u00df fischen gegangen sind und die sch\u00f6ne Abendsonne genossen haben&#8230; Als ich an der Reihe war, hab ich doch prompt beim 4. Mal auswerfen einen Fisch am Haken gehabt!! &#8211; Abendessen gerettet \ud83d\ude42<\/p>\n\n\t\n\t\t<div class=\"gallery_clear\"><\/div> \n\t\t<div id=\"gallery_1093_1\" class=\"photospace\"> \n\t\n\t\t\t<!-- Start Advanced Gallery Html Containers -->\n\t\t\t<div class=\"thumbs_wrap2\">\n\t\t\t\t<div class=\"thumbs_wrap\">\n\t\t\t\t\t<div id=\"thumbs_1093_1\" class=\"thumnail_col \" >\n\t\t\t\t\t\t \n\t\t\t\t\t\t<ul class=\"thumbs noscript\">\t\t\t\t\n\t\t\t\t\t\t\n\t\t\t\t\t\t\t\t\t<li><a class=\"thumb\" href=\"https:\/\/home.uia.no\/katjaw14\/files\/2015\/05\/11124934_868533806527067_2091645972_n-400x300.jpg\" title=\"...angerichtet mit Salat und Kracker :)\" >\t\t\t\t\t\t\t\t\n\t\t\t\t\t\t\t\t\t\t\t<img decoding=\"async\" src=\"https:\/\/home.uia.no\/katjaw14\/files\/2015\/05\/11124934_868533806527067_2091645972_n-50x50.jpg\" alt=\"\" title=\"...angerichtet mit Salat und Kracker :)\" \/>\n\t\t\t\t\t\t\t\t\t\t<\/a>\n\t\t\t\t\t\t\t\t\t\t\n\t\t\t\t\t\t\t\t\t\t<div class=\"caption\">\n\t\t\t\t\t\t\t\t\t\t\t\n\t\t\t\t\t\t\t\t\t\t<\/div>\n\t\t\t\t\t\t\t\t\t\t\n\t\t\t\t\t\t\t\t\t<\/li>\n\t\t\t\t\t\t\t\t\n\t\t\t\t\t\t\t\t\t<li><a class=\"thumb\" href=\"https:\/\/home.uia.no\/katjaw14\/files\/2015\/05\/11134255_868533893193725_991866846_n-400x300.jpg\" title=\"Fisch im Schlafsack\" >\t\t\t\t\t\t\t\t\n\t\t\t\t\t\t\t\t\t\t\t<img decoding=\"async\" src=\"https:\/\/home.uia.no\/katjaw14\/files\/2015\/05\/11134255_868533893193725_991866846_n-50x50.jpg\" alt=\"\" title=\"Fisch im Schlafsack\" \/>\n\t\t\t\t\t\t\t\t\t\t<\/a>\n\t\t\t\t\t\t\t\t\t\t\n\t\t\t\t\t\t\t\t\t\t<div class=\"caption\">\n\t\t\t\t\t\t\t\t\t\t\t\n\t\t\t\t\t\t\t\t\t\t<\/div>\n\t\t\t\t\t\t\t\t\t\t\n\t\t\t\t\t\t\t\t\t<\/li>\n\t\t\t\t\t\t\t\t\n\t\t\t\t\t\t\t\t\t<li><a class=\"thumb\" href=\"https:\/\/home.uia.no\/katjaw14\/files\/2015\/05\/11225850_868533849860396_1892826041_n-400x300.jpg\" title=\"lecker lecker Fisch...\" >\t\t\t\t\t\t\t\t\n\t\t\t\t\t\t\t\t\t\t\t<img decoding=\"async\" src=\"https:\/\/home.uia.no\/katjaw14\/files\/2015\/05\/11225850_868533849860396_1892826041_n-50x50.jpg\" alt=\"\" title=\"lecker lecker Fisch...\" \/>\n\t\t\t\t\t\t\t\t\t\t<\/a>\n\t\t\t\t\t\t\t\t\t\t\n\t\t\t\t\t\t\t\t\t\t<div class=\"caption\">\n\t\t\t\t\t\t\t\t\t\t\t\n\t\t\t\t\t\t\t\t\t\t<\/div>\n\t\t\t\t\t\t\t\t\t\t\n\t\t\t\t\t\t\t\t\t<\/li>\n\t\t\t\t\t\t\t\t\n\t\t\t\t\t\t\t\t\t<li><a class=\"thumb\" href=\"https:\/\/home.uia.no\/katjaw14\/files\/2015\/05\/CIMG3552-400x300.jpg\" title=\"typisch Norwegen: wechselhaftes Wetter\" >\t\t\t\t\t\t\t\t\n\t\t\t\t\t\t\t\t\t\t\t<img decoding=\"async\" src=\"https:\/\/home.uia.no\/katjaw14\/files\/2015\/05\/CIMG3552-50x50.jpg\" alt=\"\" title=\"typisch Norwegen: wechselhaftes Wetter\" \/>\n\t\t\t\t\t\t\t\t\t\t<\/a>\n\t\t\t\t\t\t\t\t\t\t\n\t\t\t\t\t\t\t\t\t\t<div class=\"caption\">\n\t\t\t\t\t\t\t\t\t\t\t\n\t\t\t\t\t\t\t\t\t\t<\/div>\n\t\t\t\t\t\t\t\t\t\t\n\t\t\t\t\t\t\t\t\t<\/li>\n\t\t\t\t\t\t\t\t\n\t\t\t\t\t\t\t\t\t<li><a class=\"thumb\" href=\"https:\/\/home.uia.no\/katjaw14\/files\/2015\/05\/CIMG3558-400x112.jpg\" title=\"Benediktsbua auf Odderoya\" >\t\t\t\t\t\t\t\t\n\t\t\t\t\t\t\t\t\t\t\t<img decoding=\"async\" src=\"https:\/\/home.uia.no\/katjaw14\/files\/2015\/05\/CIMG3558-50x50.jpg\" alt=\"\" title=\"Benediktsbua auf Odderoya\" \/>\n\t\t\t\t\t\t\t\t\t\t<\/a>\n\t\t\t\t\t\t\t\t\t\t\n\t\t\t\t\t\t\t\t\t\t<div class=\"caption\">\n\t\t\t\t\t\t\t\t\t\t\t\n\t\t\t\t\t\t\t\t\t\t<\/div>\n\t\t\t\t\t\t\t\t\t\t\n\t\t\t\t\t\t\t\t\t<\/li>\n\t\t\t\t\t\t\t\t\n\t\t\t\t\t\t\t\t\t<li><a class=\"thumb\" href=\"https:\/\/home.uia.no\/katjaw14\/files\/2015\/05\/CIMG3568-400x300.jpg\" title=\"Praxis am Wasser, aber ohne Fliege :D\" >\t\t\t\t\t\t\t\t\n\t\t\t\t\t\t\t\t\t\t\t<img decoding=\"async\" src=\"https:\/\/home.uia.no\/katjaw14\/files\/2015\/05\/CIMG3568-50x50.jpg\" alt=\"\" title=\"Praxis am Wasser, aber ohne Fliege :D\" \/>\n\t\t\t\t\t\t\t\t\t\t<\/a>\n\t\t\t\t\t\t\t\t\t\t\n\t\t\t\t\t\t\t\t\t\t<div class=\"caption\">\n\t\t\t\t\t\t\t\t\t\t\t\n\t\t\t\t\t\t\t\t\t\t<\/div>\n\t\t\t\t\t\t\t\t\t\t\n\t\t\t\t\t\t\t\t\t<\/li>\n\t\t\t\t\t\t\t\t\n\t\t\t\t\t\t\t\t\t<li><a class=\"thumb\" href=\"https:\/\/home.uia.no\/katjaw14\/files\/2015\/05\/CIMG3570-400x300.jpg\" title=\"Fr\u00fc\u00fc\u00fc\u00fchling :)\" >\t\t\t\t\t\t\t\t\n\t\t\t\t\t\t\t\t\t\t\t<img decoding=\"async\" src=\"https:\/\/home.uia.no\/katjaw14\/files\/2015\/05\/CIMG3570-50x50.jpg\" alt=\"\" title=\"Fr\u00fc\u00fc\u00fc\u00fchling :)\" \/>\n\t\t\t\t\t\t\t\t\t\t<\/a>\n\t\t\t\t\t\t\t\t\t\t\n\t\t\t\t\t\t\t\t\t\t<div class=\"caption\">\n\t\t\t\t\t\t\t\t\t\t\t\n\t\t\t\t\t\t\t\t\t\t<\/div>\n\t\t\t\t\t\t\t\t\t\t\n\t\t\t\t\t\t\t\t\t<\/li>\n\t\t\t\t\t\t\t\t\n\t\t\t\t\t\t\t\t\t<li><a class=\"thumb\" href=\"https:\/\/home.uia.no\/katjaw14\/files\/2015\/05\/CIMG3577-400x300.jpg\" title=\"Aussicht beim Fischen\" >\t\t\t\t\t\t\t\t\n\t\t\t\t\t\t\t\t\t\t\t<img decoding=\"async\" src=\"https:\/\/home.uia.no\/katjaw14\/files\/2015\/05\/CIMG3577-50x50.jpg\" alt=\"\" title=\"Aussicht beim Fischen\" \/>\n\t\t\t\t\t\t\t\t\t\t<\/a>\n\t\t\t\t\t\t\t\t\t\t\n\t\t\t\t\t\t\t\t\t\t<div class=\"caption\">\n\t\t\t\t\t\t\t\t\t\t\t\n\t\t\t\t\t\t\t\t\t\t<\/div>\n\t\t\t\t\t\t\t\t\t\t\n\t\t\t\t\t\t\t\t\t<\/li>\n\t\t\t\t\t\t\t\t\n\t\t\t\t\t\t\t\t\t<li><a class=\"thumb\" href=\"https:\/\/home.uia.no\/katjaw14\/files\/2015\/05\/CIMG3579-400x300.jpg\" title=\"Sonne genie\u00dfen :)\" >\t\t\t\t\t\t\t\t\n\t\t\t\t\t\t\t\t\t\t\t<img decoding=\"async\" src=\"https:\/\/home.uia.no\/katjaw14\/files\/2015\/05\/CIMG3579-50x50.jpg\" alt=\"\" title=\"Sonne genie\u00dfen :)\" \/>\n\t\t\t\t\t\t\t\t\t\t<\/a>\n\t\t\t\t\t\t\t\t\t\t\n\t\t\t\t\t\t\t\t\t\t<div class=\"caption\">\n\t\t\t\t\t\t\t\t\t\t\t\n\t\t\t\t\t\t\t\t\t\t<\/div>\n\t\t\t\t\t\t\t\t\t\t\n\t\t\t\t\t\t\t\t\t<\/li>\n\t\t\t\t\t\t\t\t\n\t\t\t\t\t\t\t\t\t<li><a class=\"thumb\" href=\"https:\/\/home.uia.no\/katjaw14\/files\/2015\/05\/CIMG3587-400x300.jpg\" title=\"ein Fisch am Haken!! - Leider nicht angebissen, sondern am Auge erwischt... (sterben musst er eh :D)\" >\t\t\t\t\t\t\t\t\n\t\t\t\t\t\t\t\t\t\t\t<img decoding=\"async\" src=\"https:\/\/home.uia.no\/katjaw14\/files\/2015\/05\/CIMG3587-50x50.jpg\" alt=\"\" title=\"ein Fisch am Haken!! - Leider nicht angebissen, sondern am Auge erwischt... (sterben musst er eh :D)\" \/>\n\t\t\t\t\t\t\t\t\t\t<\/a>\n\t\t\t\t\t\t\t\t\t\t\n\t\t\t\t\t\t\t\t\t\t<div class=\"caption\">\n\t\t\t\t\t\t\t\t\t\t\t\n\t\t\t\t\t\t\t\t\t\t<\/div>\n\t\t\t\t\t\t\t\t\t\t\n\t\t\t\t\t\t\t\t\t<\/li>\n\t\t\t\t\t\t\t\t\n\t\t\t\t\t\t\t\t\t<li><a class=\"thumb\" href=\"https:\/\/home.uia.no\/katjaw14\/files\/2015\/05\/CIMG3592-400x300.jpg\" title=\"Petrs Handstand im Sonnenuntergang - im Hintergrund die Feierlustigen Russ\" >\t\t\t\t\t\t\t\t\n\t\t\t\t\t\t\t\t\t\t\t<img decoding=\"async\" src=\"https:\/\/home.uia.no\/katjaw14\/files\/2015\/05\/CIMG3592-50x50.jpg\" alt=\"\" title=\"Petrs Handstand im Sonnenuntergang - im Hintergrund die Feierlustigen Russ\" \/>\n\t\t\t\t\t\t\t\t\t\t<\/a>\n\t\t\t\t\t\t\t\t\t\t\n\t\t\t\t\t\t\t\t\t\t<div class=\"caption\">\n\t\t\t\t\t\t\t\t\t\t\t\n\t\t\t\t\t\t\t\t\t\t<\/div>\n\t\t\t\t\t\t\t\t\t\t\n\t\t\t\t\t\t\t\t\t<\/li>\n\t\t\t\t\t\t\t\t\n\t\t\t\t\t\t<\/ul>\n\t\t\t\t\t\t\t\t<div class=\"photospace_clear\"><\/div>\n\t\t\t\t\t\t\t\t<a class=\"pageLink prev\" style=\"display:none\" href=\"#\" title=\"Previous Page\"><\/a>\n\t\t\t\t\t\t<a class=\"pageLink next\" style=\"display:none\" href=\"#\" title=\"Next Page\"><\/a>\n\t\t\t\t\t<\/div>\n\t\t\t\t<\/div>\n\t\t\t<\/div>\n\t\t\t\n\t\t\t<!-- Start Advanced Gallery Html Containers -->\n\t\t\t<div class=\"gal_content\">\n\t\t\t\t\n\t\t\t\t<div class=\"slideshow-container\">\n\t\t\t\t\t<div id=\"loading_1093_1\" class=\"loader\"><\/div>\n\t\t\t\t\t<div id=\"slideshow_1093_1\" class=\"slideshow\"><\/div>\n\t\t\t\t\t<div id=\"caption_1093_1\" class=\"caption-container\"><\/div>\n\t\t\t\t<\/div>\n\t\t\t\t\n\t\t\t<\/div>\n\t\n\t<\/div>\n\t\n\t<div class=\"gallery_clear\"><\/div>\n\t\n\t\n\t\n\t<script type='text\/javascript'>\n\t\t\t\n\t\t\tjQuery(document).ready(function($) {\n\t\t\t\t\n\t\t\t\t\/\/ We only want these styles applied when javascript is enabled\n\t\t\t\t$('.gal_content').css('display', 'block');\n\t\t\t\t$('.thumnail_col').css('width', '181px');\n\t\t\t\t\n\t\t\t\t\/\/ Initialize Advanced Galleriffic Gallery \n\t\t\t\tvar gallery = $('#thumbs_1093_1').galleriffic({ \n\t\t\t\t\tdelay:                     3500,\n\t\t\t\t\tnumThumbs:                 9,\n\t\t\t\t\tpreloadAhead:              9,\n\t\t\t\t\tenableTopPager:            0,\n\t\t\t\t\tenableBottomPager:         false,\n\t\t\t\t\timageContainerSel:         '#slideshow_1093_1',\n\t\t\t\t\tcontrolsContainerSel:      '#controls_1093_1',\n\t\t\t\t\tcaptionContainerSel:       '#caption_1093_1',  \n\t\t\t\t\tloadingContainerSel:       '#loading_1093_1',\n\t\t\t\t\trenderSSControls:          true,\n\t\t\t\t\trenderNavControls:         true,\n\t\t\t\t\tplayLinkText:              'Play Slideshow',\n\t\t\t\t\tpauseLinkText:             'Pause Slideshow',\n\t\t\t\t\tprevLinkText:              '&lsaquo; Previous Photo',\n\t\t\t\t\tnextLinkText:              'Next Photo &rsaquo;',\n\t\t\t\t\tnextPageLinkText:          '&rsaquo;',\n\t\t\t\t\tprevPageLinkText:          '&lsaquo;',\n\t\t\t\t\tenableHistory:              0,\n\t\t\t\t\tautoStart:                 \t0,\n\t\t\t\t\tenableKeyboardNavigation:\ttrue,\n\t\t\t\t\tsyncTransitions:           \t1,\n\t\t\t\t\tdefaultTransitionDuration: \t300,\n\t\t\t\t\t\t\n\t\t\t\t\tonTransitionOut:           function(slide, caption, isSync, callback) {\n\t\t\t\t\t\tslide.fadeTo(this.getDefaultTransitionDuration(isSync), 0.0, callback);\n\t\t\t\t\t\tcaption.fadeTo(this.getDefaultTransitionDuration(isSync), 0.0);\n\t\t\t\t\t},\n\t\t\t\t\tonTransitionIn:            function(slide, caption, isSync) {\n\t\t\t\t\t\tvar duration = this.getDefaultTransitionDuration(isSync);\n\t\t\t\t\t\tslide.fadeTo(duration, 1.0);\n\t\n\t\t\t\t\t\t\/\/ Position the caption at the bottom of the image and set its opacity\n\t\t\t\t\t\tvar slideImage = slide.find('img');\n\t\t\t\t\t\tcaption.width(slideImage.width())\n\t\t\t\t\t\t\t.css({\n\t\t\t\t\t\t\t\t\/\/'bottom' : Math.floor((slide.height() - slideImage.outerHeight()) \/ 2 - 40),\n\t\t\t\t\t\t\t\t'top' : slideImage.outerHeight(),\n\t\t\t\t\t\t\t\t'left' : Math.floor((slide.width() - slideImage.width()) \/ 2) + slideImage.outerWidth() - slideImage.width()\n\t\t\t\t\t\t\t})\n\t\t\t\t\t\t\t.fadeTo(duration, 1.0);\n\t\t\t\t\t\t\n\t\t\t\t\t},\n\t\t\t\t\tonPageTransitionOut:       function(callback) {\n\t\t\t\t\t\tthis.hide();\n\t\t\t\t\t\tsetTimeout(callback, 100); \/\/ wait a bit\n\t\t\t\t\t},\n\t\t\t\t\tonPageTransitionIn:        function() {\n\t\t\t\t\t\tvar prevPageLink = this.find('a.prev').css('display', 'none');\n\t\t\t\t\t\tvar nextPageLink = this.find('a.next').css('display', 'none');\n\t\t\t\t\t\t\n\t\t\t\t\t\t\/\/ Show appropriate next \/ prev page links\n\t\t\t\t\t\tif (this.displayedPage > 0)\n\t\t\t\t\t\t\tprevPageLink.css('display', 'block');\n\t\t\n\t\t\t\t\t\tvar lastPage = this.getNumPages() - 1;\n\t\t\t\t\t\tif (this.displayedPage < lastPage)\n\t\t\t\t\t\t\tnextPageLink.css('display', 'block');\n\t\t\n\t\t\t\t\t\tthis.fadeTo('fast', 1.0);\n\t\t\t\t\t}\n\t\t\t\t\t\n\t\t\t\t}); \n\t\t\t\t\n\t\t\t\t\n\t\t\t\t\n\t\t\t\t\/**************** Event handlers for custom next \/ prev page links **********************\/\n\t\t\n\t\t\t\tgallery.find('a.prev').click(function(e) {\n\t\t\t\t\tgallery.previousPage();\n\t\t\t\t\te.preventDefault();\n\t\t\t\t});\n\t\t\n\t\t\t\tgallery.find('a.next').click(function(e) {\n\t\t\t\t\tgallery.nextPage(); \n\t\t\t\t\te.preventDefault();\n\t\t\t\t});\n\t\t\n\t\t\t});\n\t\t<\/script>\n\t\t\n\t\t\n","protected":false},"excerpt":{"rendered":"<p>13. Mai Mein Komilitone Roman hat herausgefunden, dass ein kleiner Fischerladen in der Stadt jeden Mittwoch eine kostenlose Einf\u00fchrung ins Fliegenfischen gibt. Da wir Friluftsliv Studenten in so etwas nat\u00fcrlich immer interessiert sind und auch gerade nicht auf einem Trip &hellip; <a href=\"https:\/\/home.uia.no\/katjaw14\/blog-2\/05-mai\/02-fliegenfischen\/\">Continue reading <span class=\"meta-nav\">&rarr;<\/span><\/a><\/p>\n","protected":false},"author":621,"featured_media":0,"parent":1082,"menu_order":0,"comment_status":"closed","ping_status":"closed","template":"","meta":{"_exactmetrics_skip_tracking":false,"_exactmetrics_sitenote_active":false,"_exactmetrics_sitenote_note":"","_exactmetrics_sitenote_category":0,"footnotes":""},"_links":{"self":[{"href":"https:\/\/home.uia.no\/katjaw14\/wp-json\/wp\/v2\/pages\/1093"}],"collection":[{"href":"https:\/\/home.uia.no\/katjaw14\/wp-json\/wp\/v2\/pages"}],"about":[{"href":"https:\/\/home.uia.no\/katjaw14\/wp-json\/wp\/v2\/types\/page"}],"author":[{"embeddable":true,"href":"https:\/\/home.uia.no\/katjaw14\/wp-json\/wp\/v2\/users\/621"}],"replies":[{"embeddable":true,"href":"https:\/\/home.uia.no\/katjaw14\/wp-json\/wp\/v2\/comments?post=1093"}],"version-history":[{"count":1,"href":"https:\/\/home.uia.no\/katjaw14\/wp-json\/wp\/v2\/pages\/1093\/revisions"}],"predecessor-version":[{"id":1106,"href":"https:\/\/home.uia.no\/katjaw14\/wp-json\/wp\/v2\/pages\/1093\/revisions\/1106"}],"up":[{"embeddable":true,"href":"https:\/\/home.uia.no\/katjaw14\/wp-json\/wp\/v2\/pages\/1082"}],"wp:attachment":[{"href":"https:\/\/home.uia.no\/katjaw14\/wp-json\/wp\/v2\/media?parent=1093"}],"curies":[{"name":"wp","href":"https:\/\/api.w.org\/{rel}","templated":true}]}}