
{"id":196,"date":"2015-02-07T12:25:00","date_gmt":"2015-02-07T11:25:00","guid":{"rendered":"http:\/\/home.uia.no\/katjaw14\/?page_id=196"},"modified":"2015-06-12T11:17:59","modified_gmt":"2015-06-12T10:17:59","slug":"february","status":"publish","type":"page","link":"https:\/\/home.uia.no\/katjaw14\/blog-2\/02-february\/february\/","title":{"rendered":"01 Stavanger"},"content":{"rendered":"<p><strong>15. Februar: Wochenend-Trip nach Stavanger und zum Preikestolen mit Andi<\/strong><\/p>\n<p>Der Trip mit Andi nach Stavanger war gebucht &#8211; aber ist es m\u00f6glich den bekannten Preikestolen\/Predigtstuhl\/Pulpit Rock, ein 30m Felsplateau, das an seinen Enden fast senkrecht 600 m zum Lysefjord abf\u00e4llt, sodass man geniale Aussichten genie\u00dfen kann! <a href=\"http:\/\/home.uia.no\/katjaw14\/files\/2015\/02\/CIMG9834.jpg\"><img loading=\"lazy\" decoding=\"async\" class=\"alignright size-medium wp-image-408\" src=\"http:\/\/home.uia.no\/katjaw14\/files\/2015\/02\/CIMG9834-300x225.jpg\" alt=\"\" width=\"300\" height=\"225\" srcset=\"https:\/\/home.uia.no\/katjaw14\/files\/2015\/02\/CIMG9834-300x225.jpg 300w, https:\/\/home.uia.no\/katjaw14\/files\/2015\/02\/CIMG9834-1024x768.jpg 1024w, https:\/\/home.uia.no\/katjaw14\/files\/2015\/02\/CIMG9834-400x300.jpg 400w\" sizes=\"(max-width: 300px) 100vw, 300px\" \/><\/a><a href=\"http:\/\/home.uia.no\/katjaw14\/files\/2015\/02\/CIMG9772.jpg\"><img loading=\"lazy\" decoding=\"async\" class=\"alignleft size-medium wp-image-409\" src=\"http:\/\/home.uia.no\/katjaw14\/files\/2015\/02\/CIMG9772-300x225.jpg\" alt=\"\" width=\"300\" height=\"225\" srcset=\"https:\/\/home.uia.no\/katjaw14\/files\/2015\/02\/CIMG9772-300x225.jpg 300w, https:\/\/home.uia.no\/katjaw14\/files\/2015\/02\/CIMG9772-1024x768.jpg 1024w, https:\/\/home.uia.no\/katjaw14\/files\/2015\/02\/CIMG9772-400x300.jpg 400w\" sizes=\"(max-width: 300px) 100vw, 300px\" \/><\/a>Viele Leute die wir fragten, ob es m\u00f6glich w\u00e4re diese Tour zu unternehmen, haben uns f\u00fcr verr\u00fcckt erkl\u00e4rt, denn es ist Winter und normalerweise liegt dort dann relativ viel Schnee und der Weg ist vereist&#8230; Wir dachten uns aber, dass der Winter hier in Norwegen im Moment echt mild ist und es sogar Plus-Grade in der Region hat. Nachdem wir in Stavanger selbst auch noch ein paar positive Meinungen geh\u00f6rt haben, machten wir uns auf den Weg.<br \/>\nLeider war das Fr\u00fchst\u00fccksbuffet einfach viel zu lecker, sodass wir dann zur 9-Uhr F\u00e4hre rennen mussten und sie auch nur wegen der netten Mitarbeiter, die extra f\u00fcr uns noch einmal die Einstiegsklappe herunterlie\u00dfen, erreicht haben. Dort angekommen, haben wir erst mal realisiert, was f\u00fcr ein Gl\u00fcck wir mit dem Wetter hatten: klarer Himmel mit ein paar Wolken und knapp \u00fcber Null Grad \ud83d\ude42<br \/>\nDie Jugendherberge vom Preikestolen ist etwa 20 Minuten mit dem Auto von Tau &#8211; das <a href=\"http:\/\/home.uia.no\/katjaw14\/files\/2015\/02\/IMAG0581.jpg\"><img loading=\"lazy\" decoding=\"async\" class=\"alignright size-medium wp-image-410\" src=\"http:\/\/home.uia.no\/katjaw14\/files\/2015\/02\/IMAG0581-179x300.jpg\" alt=\"\" width=\"179\" height=\"300\" srcset=\"https:\/\/home.uia.no\/katjaw14\/files\/2015\/02\/IMAG0581-179x300.jpg 179w, https:\/\/home.uia.no\/katjaw14\/files\/2015\/02\/IMAG0581-613x1024.jpg 613w, https:\/\/home.uia.no\/katjaw14\/files\/2015\/02\/IMAG0581-299x500.jpg 299w, https:\/\/home.uia.no\/katjaw14\/files\/2015\/02\/IMAG0581.jpg 1552w\" sizes=\"(max-width: 179px) 100vw, 179px\" \/><\/a>Dorf, in dem die F\u00e4hre anlegte &#8211; entfernt. Da nur im Sommer Busse direkt dorthin fahren, hie\u00df unser Plan trampen! Am Ortsausgang warteten wir also mit Schild und rausgestreckten Daumen und wurden auch prompt vom 2. vorbeifahrenden Auto mitgenommen. Thone, ein in Tau lebender \u00d6larbeiter, war sehr nett und erz\u00e4hlte uns noch ein paar Insider \u00fcber Stavanger: Wenn wir Kristiansand schon teuer finden, sollten wir in Stavanger lieber kein Bier trinken gehen. Denn wegen der boomenden \u00d6lwirtschaft und den dementsprechenden L\u00f6hnen, k\u00f6nnen nat\u00fcrlich auch die Preisr in der Stadt angepasst werden&#8230; Au\u00dferdem sind Norweger weniger Wandersleute, als es die Deutschen sind und dazu oft noch \u00fcbervorsichtig (ich glaube, dass das von Person zu Person unterschiedlich ist&#8230;)<br \/>\nZur\u00fcck zum Preikestolen: an der wundersch\u00f6n gelegenen Jugendherberge angekommen, <a href=\"http:\/\/home.uia.no\/katjaw14\/files\/2015\/02\/CIMG9787.jpg\"><img loading=\"lazy\" decoding=\"async\" class=\"alignright size-medium wp-image-411\" src=\"http:\/\/home.uia.no\/katjaw14\/files\/2015\/02\/CIMG9787-300x225.jpg\" alt=\"\" width=\"300\" height=\"225\" srcset=\"https:\/\/home.uia.no\/katjaw14\/files\/2015\/02\/CIMG9787-300x225.jpg 300w, https:\/\/home.uia.no\/katjaw14\/files\/2015\/02\/CIMG9787-1024x768.jpg 1024w, https:\/\/home.uia.no\/katjaw14\/files\/2015\/02\/CIMG9787-400x300.jpg 400w\" sizes=\"(max-width: 300px) 100vw, 300px\" \/><\/a>haben wir dort noch einmal nach dem aktuellen Zustand gefragt: es wurde uns nicht empfohlen ohne Schneeschuhe den Gipfel zu besteigen &#8211; ach Quatsch, wir haben (1 Paar) Spikes und so viel Schnee lag hier gar nicht! &#8211; Und los gings mit teilweise etwas mulmigem Gef\u00fchl, da wir ja nicht wussten, was auf uns zukommt. Wir kamen dann aber echt gut durch ohne eine Menschenseele zu treffen und als wir dann kurz vor der &#8220;Kanzel&#8221; einen Russen in normalen Halbschuhen auf dem R\u00fcckweg begegneten, stand der Vorfreude auf das Ziel nichts mehr im Wege!<br \/>\nDie Aussicht und das Gef\u00fchl alleine oben auf dem Plateau zu stehen und den sch\u00f6nen Lysefjord entlang zu schauen war einfach unbeschreiblich!! Es gab zwar einige Eisplatten <a href=\"http:\/\/home.uia.no\/katjaw14\/files\/2015\/02\/CIMG9809.jpg\"><img loading=\"lazy\" decoding=\"async\" class=\"alignleft size-medium wp-image-412\" src=\"http:\/\/home.uia.no\/katjaw14\/files\/2015\/02\/CIMG9809-225x300.jpg\" alt=\"\" width=\"225\" height=\"300\" srcset=\"https:\/\/home.uia.no\/katjaw14\/files\/2015\/02\/CIMG9809-225x300.jpg 225w, https:\/\/home.uia.no\/katjaw14\/files\/2015\/02\/CIMG9809-768x1024.jpg 768w, https:\/\/home.uia.no\/katjaw14\/files\/2015\/02\/CIMG9809-375x500.jpg 375w\" sizes=\"(max-width: 225px) 100vw, 225px\" \/><\/a>und eine d\u00fcnne Schneeschicht, aber mit etwas Vorsicht war es auch m\u00f6glich sich an den Rand zu setzen und die F\u00fc\u00dfe baumeln zu lassen &#8211; wenn man schwindelfrei ist \ud83d\ude09 Nach ein paar Minuten kam dann sogar die Sonne endg\u00fcltig hinter den Wolken vor und schien den restlichen Tag \u00fcber. Daf\u00fcr trudelten dann aber nach und nach noch ein paar andere Wanderer ein, sodass wir uns auf den R\u00fcckweg begaben. Wir entschlossen uns diesmal f\u00fcr die Alternativroute, die aber leider ziemlich im Schnee versteckt war, sodass wir \u00f6fter bis zum Knie oder sogar zur H\u00fcfte im Schnee versanken. Kurz vor Ende des R\u00fcckwegs, fanden wir noch einen sch\u00f6nen Platz in der Sonne, um Nudeln mit Pesto zu kochen. Nach Tau fanden wir nach kurzem Suchen auch eine Mitfahrgelegenheit. So kamen wir p\u00fcnktlich zum Sonnenuntergang an der F\u00e4hre an!<br \/>\nWundersch\u00f6ner Tag mit spitze Wetter &#8211; echt empfehlenswert!! Nur leider wird im Sommer dann etwas mehr los sein&#8230;<br \/>\n<a href=\"http:\/\/home.uia.no\/katjaw14\/files\/2015\/02\/CIMG9786.jpg\"><img loading=\"lazy\" decoding=\"async\" class=\"size-medium wp-image-413 alignnone\" src=\"http:\/\/home.uia.no\/katjaw14\/files\/2015\/02\/CIMG9786-300x225.jpg\" alt=\"\" width=\"234\" height=\"176\" srcset=\"https:\/\/home.uia.no\/katjaw14\/files\/2015\/02\/CIMG9786-300x225.jpg 300w, https:\/\/home.uia.no\/katjaw14\/files\/2015\/02\/CIMG9786-1024x768.jpg 1024w, https:\/\/home.uia.no\/katjaw14\/files\/2015\/02\/CIMG9786-400x300.jpg 400w\" sizes=\"(max-width: 234px) 100vw, 234px\" \/><\/a> <a href=\"http:\/\/home.uia.no\/katjaw14\/files\/2015\/02\/CIMG9791.jpg\"><img loading=\"lazy\" decoding=\"async\" class=\"alignnone size-medium wp-image-414\" src=\"http:\/\/home.uia.no\/katjaw14\/files\/2015\/02\/CIMG9791-300x225.jpg\" alt=\"\" width=\"300\" height=\"225\" srcset=\"https:\/\/home.uia.no\/katjaw14\/files\/2015\/02\/CIMG9791-300x225.jpg 300w, https:\/\/home.uia.no\/katjaw14\/files\/2015\/02\/CIMG9791-1024x768.jpg 1024w, https:\/\/home.uia.no\/katjaw14\/files\/2015\/02\/CIMG9791-400x300.jpg 400w\" sizes=\"(max-width: 300px) 100vw, 300px\" \/><\/a><a href=\"http:\/\/home.uia.no\/katjaw14\/files\/2015\/02\/CIMG9793.jpg\"><img loading=\"lazy\" decoding=\"async\" class=\"alignnone size-medium wp-image-415\" src=\"http:\/\/home.uia.no\/katjaw14\/files\/2015\/02\/CIMG9793-300x225.jpg\" alt=\"\" width=\"300\" height=\"225\" srcset=\"https:\/\/home.uia.no\/katjaw14\/files\/2015\/02\/CIMG9793-300x225.jpg 300w, https:\/\/home.uia.no\/katjaw14\/files\/2015\/02\/CIMG9793-1024x768.jpg 1024w, https:\/\/home.uia.no\/katjaw14\/files\/2015\/02\/CIMG9793-400x300.jpg 400w\" sizes=\"(max-width: 300px) 100vw, 300px\" \/><\/a><a href=\"http:\/\/home.uia.no\/katjaw14\/files\/2015\/02\/CIMG9798.jpg\"><img loading=\"lazy\" decoding=\"async\" class=\"alignnone size-medium wp-image-416\" src=\"http:\/\/home.uia.no\/katjaw14\/files\/2015\/02\/CIMG9798-300x225.jpg\" alt=\"\" width=\"300\" height=\"225\" srcset=\"https:\/\/home.uia.no\/katjaw14\/files\/2015\/02\/CIMG9798-300x225.jpg 300w, https:\/\/home.uia.no\/katjaw14\/files\/2015\/02\/CIMG9798-1024x768.jpg 1024w, https:\/\/home.uia.no\/katjaw14\/files\/2015\/02\/CIMG9798-400x300.jpg 400w\" sizes=\"(max-width: 300px) 100vw, 300px\" \/><\/a><a href=\"http:\/\/home.uia.no\/katjaw14\/files\/2015\/02\/CIMG9820.jpg\"><img loading=\"lazy\" decoding=\"async\" class=\"alignnone size-medium wp-image-417\" src=\"http:\/\/home.uia.no\/katjaw14\/files\/2015\/02\/CIMG9820-300x225.jpg\" alt=\"\" width=\"300\" height=\"225\" srcset=\"https:\/\/home.uia.no\/katjaw14\/files\/2015\/02\/CIMG9820-300x225.jpg 300w, https:\/\/home.uia.no\/katjaw14\/files\/2015\/02\/CIMG9820-1024x768.jpg 1024w, https:\/\/home.uia.no\/katjaw14\/files\/2015\/02\/CIMG9820-400x300.jpg 400w\" sizes=\"(max-width: 300px) 100vw, 300px\" \/><\/a><a href=\"http:\/\/home.uia.no\/katjaw14\/files\/2015\/02\/CIMG9853.jpg\"><img loading=\"lazy\" decoding=\"async\" class=\"alignnone size-medium wp-image-419\" src=\"http:\/\/home.uia.no\/katjaw14\/files\/2015\/02\/CIMG9853-300x225.jpg\" alt=\"\" width=\"300\" height=\"225\" srcset=\"https:\/\/home.uia.no\/katjaw14\/files\/2015\/02\/CIMG9853-300x225.jpg 300w, https:\/\/home.uia.no\/katjaw14\/files\/2015\/02\/CIMG9853-1024x768.jpg 1024w, https:\/\/home.uia.no\/katjaw14\/files\/2015\/02\/CIMG9853-400x300.jpg 400w\" sizes=\"(max-width: 300px) 100vw, 300px\" \/><\/a><a href=\"http:\/\/home.uia.no\/katjaw14\/files\/2015\/02\/CIMG98511.jpg\"><img loading=\"lazy\" decoding=\"async\" class=\"alignnone size-medium wp-image-424\" src=\"http:\/\/home.uia.no\/katjaw14\/files\/2015\/02\/CIMG98511-300x84.jpg\" alt=\"\" width=\"300\" height=\"84\" srcset=\"https:\/\/home.uia.no\/katjaw14\/files\/2015\/02\/CIMG98511-300x84.jpg 300w, https:\/\/home.uia.no\/katjaw14\/files\/2015\/02\/CIMG98511-1024x288.jpg 1024w, https:\/\/home.uia.no\/katjaw14\/files\/2015\/02\/CIMG98511-400x112.jpg 400w, https:\/\/home.uia.no\/katjaw14\/files\/2015\/02\/CIMG98511-500x140.jpg 500w\" sizes=\"(max-width: 300px) 100vw, 300px\" \/><\/a><a href=\"http:\/\/home.uia.no\/katjaw14\/files\/2015\/02\/CIMG9857.jpg\"><img loading=\"lazy\" decoding=\"async\" class=\"alignnone size-medium wp-image-420\" src=\"http:\/\/home.uia.no\/katjaw14\/files\/2015\/02\/CIMG9857-300x225.jpg\" alt=\"\" width=\"300\" height=\"225\" srcset=\"https:\/\/home.uia.no\/katjaw14\/files\/2015\/02\/CIMG9857-300x225.jpg 300w, https:\/\/home.uia.no\/katjaw14\/files\/2015\/02\/CIMG9857-1024x768.jpg 1024w, https:\/\/home.uia.no\/katjaw14\/files\/2015\/02\/CIMG9857-400x300.jpg 400w\" sizes=\"(max-width: 300px) 100vw, 300px\" \/><\/a><a href=\"http:\/\/home.uia.no\/katjaw14\/files\/2015\/02\/CIMG9867.jpg\"><img loading=\"lazy\" decoding=\"async\" class=\"alignnone size-medium wp-image-421\" src=\"http:\/\/home.uia.no\/katjaw14\/files\/2015\/02\/CIMG9867-300x225.jpg\" alt=\"\" width=\"300\" height=\"225\" srcset=\"https:\/\/home.uia.no\/katjaw14\/files\/2015\/02\/CIMG9867-300x225.jpg 300w, https:\/\/home.uia.no\/katjaw14\/files\/2015\/02\/CIMG9867-1024x768.jpg 1024w, https:\/\/home.uia.no\/katjaw14\/files\/2015\/02\/CIMG9867-400x300.jpg 400w\" sizes=\"(max-width: 300px) 100vw, 300px\" \/><\/a><a href=\"http:\/\/home.uia.no\/katjaw14\/files\/2015\/02\/CIMG9880.jpg\"><img loading=\"lazy\" decoding=\"async\" class=\"alignnone size-medium wp-image-422\" src=\"http:\/\/home.uia.no\/katjaw14\/files\/2015\/02\/CIMG9880-300x225.jpg\" alt=\"\" width=\"300\" height=\"225\" srcset=\"https:\/\/home.uia.no\/katjaw14\/files\/2015\/02\/CIMG9880-300x225.jpg 300w, https:\/\/home.uia.no\/katjaw14\/files\/2015\/02\/CIMG9880-1024x768.jpg 1024w, https:\/\/home.uia.no\/katjaw14\/files\/2015\/02\/CIMG9880-400x300.jpg 400w\" sizes=\"(max-width: 300px) 100vw, 300px\" \/><\/a><a href=\"http:\/\/home.uia.no\/katjaw14\/files\/2015\/02\/CIMG9881.jpg\"><img loading=\"lazy\" decoding=\"async\" class=\"alignnone size-medium wp-image-423\" src=\"http:\/\/home.uia.no\/katjaw14\/files\/2015\/02\/CIMG9881-300x225.jpg\" alt=\"\" width=\"300\" height=\"225\" srcset=\"https:\/\/home.uia.no\/katjaw14\/files\/2015\/02\/CIMG9881-300x225.jpg 300w, https:\/\/home.uia.no\/katjaw14\/files\/2015\/02\/CIMG9881-1024x768.jpg 1024w, https:\/\/home.uia.no\/katjaw14\/files\/2015\/02\/CIMG9881-400x300.jpg 400w\" sizes=\"(max-width: 300px) 100vw, 300px\" \/><\/a><br \/>\nAm Sonntag wurde dann Stavanger selbst und seine Umgebung erkundet. Der Mosvatnet-See ist zwar sehr sch\u00f6n zum Spazieren gehen (was auch vi<a href=\"http:\/\/home.uia.no\/katjaw14\/files\/2015\/02\/CIMG9893.jpg\"><img loading=\"lazy\" decoding=\"async\" class=\"alignright size-medium wp-image-425\" src=\"http:\/\/home.uia.no\/katjaw14\/files\/2015\/02\/CIMG9893-300x225.jpg\" alt=\"\" width=\"300\" height=\"225\" srcset=\"https:\/\/home.uia.no\/katjaw14\/files\/2015\/02\/CIMG9893-300x225.jpg 300w, https:\/\/home.uia.no\/katjaw14\/files\/2015\/02\/CIMG9893-1024x768.jpg 1024w, https:\/\/home.uia.no\/katjaw14\/files\/2015\/02\/CIMG9893-400x300.jpg 400w\" sizes=\"(max-width: 300px) 100vw, 300px\" \/><\/a>ele Norweger aufgrund des sonnigen Wetters taten), aber noch sch\u00f6ner war die \u00f6stliche Bucht von \u00d8stre, einem Stadtteil von Stavanger: felsige Kanten, sch\u00f6ner kleiner Rundweg, Blick auf die umliegenden Inseln und teilweise schneebedeckten Berge im Hintergrund! Am Ende begutachteten wir den Hafen Stavangers noch aus der Vogelperspektive von der Br\u00fccke Richtung Norden.<br \/>\nDie eigentliche Innenstadt kam mir relativ klein vor, was wohl an den vielen verwinkelten Gassen lag, die aber ein geborgenes Gef\u00fchl vermittelten und wir immer wieder neue Gassen entdeckten. Abends ist in den vielen Kneipen, Bars und Restaurants richtig was los! Einladend, aber f\u00fcr deutsche Studenten etwas zu teuer&#8230; Aber auch das durch die Stra\u00dfen und die alte Stadt Schlendern kann sch\u00f6n sein und dazu noch Geld sparen \ud83d\ude09<\/p>\n<p>&nbsp;<br \/>\n<a href=\"http:\/\/home.uia.no\/katjaw14\/files\/2015\/02\/CIMG9757.jpg\"><img loading=\"lazy\" decoding=\"async\" class=\"alignnone size-medium wp-image-426\" src=\"http:\/\/home.uia.no\/katjaw14\/files\/2015\/02\/CIMG9757-300x225.jpg\" alt=\"\" width=\"300\" height=\"225\" srcset=\"https:\/\/home.uia.no\/katjaw14\/files\/2015\/02\/CIMG9757-300x225.jpg 300w, https:\/\/home.uia.no\/katjaw14\/files\/2015\/02\/CIMG9757-1024x768.jpg 1024w, https:\/\/home.uia.no\/katjaw14\/files\/2015\/02\/CIMG9757-400x300.jpg 400w\" sizes=\"(max-width: 300px) 100vw, 300px\" \/><\/a> <a href=\"http:\/\/home.uia.no\/katjaw14\/files\/2015\/02\/CIMG9760.jpg\"><img loading=\"lazy\" decoding=\"async\" class=\"alignnone size-medium wp-image-427\" src=\"http:\/\/home.uia.no\/katjaw14\/files\/2015\/02\/CIMG9760-225x300.jpg\" alt=\"\" width=\"225\" height=\"300\" srcset=\"https:\/\/home.uia.no\/katjaw14\/files\/2015\/02\/CIMG9760-225x300.jpg 225w, https:\/\/home.uia.no\/katjaw14\/files\/2015\/02\/CIMG9760-768x1024.jpg 768w, https:\/\/home.uia.no\/katjaw14\/files\/2015\/02\/CIMG9760-375x500.jpg 375w\" sizes=\"(max-width: 225px) 100vw, 225px\" \/><\/a><a href=\"http:\/\/home.uia.no\/katjaw14\/files\/2015\/02\/CIMG9761.jpg\"><img loading=\"lazy\" decoding=\"async\" class=\"alignnone size-medium wp-image-428\" src=\"http:\/\/home.uia.no\/katjaw14\/files\/2015\/02\/CIMG9761-225x300.jpg\" alt=\"\" width=\"225\" height=\"300\" srcset=\"https:\/\/home.uia.no\/katjaw14\/files\/2015\/02\/CIMG9761-225x300.jpg 225w, https:\/\/home.uia.no\/katjaw14\/files\/2015\/02\/CIMG9761-768x1024.jpg 768w, https:\/\/home.uia.no\/katjaw14\/files\/2015\/02\/CIMG9761-375x500.jpg 375w\" sizes=\"(max-width: 225px) 100vw, 225px\" \/><\/a><a href=\"http:\/\/home.uia.no\/katjaw14\/files\/2015\/02\/CIMG9889.jpg\"><img loading=\"lazy\" decoding=\"async\" class=\"alignnone size-medium wp-image-429\" src=\"http:\/\/home.uia.no\/katjaw14\/files\/2015\/02\/CIMG9889-300x225.jpg\" alt=\"\" width=\"300\" height=\"225\" srcset=\"https:\/\/home.uia.no\/katjaw14\/files\/2015\/02\/CIMG9889-300x225.jpg 300w, https:\/\/home.uia.no\/katjaw14\/files\/2015\/02\/CIMG9889-1024x768.jpg 1024w, https:\/\/home.uia.no\/katjaw14\/files\/2015\/02\/CIMG9889-400x300.jpg 400w\" sizes=\"(max-width: 300px) 100vw, 300px\" \/><\/a><a href=\"http:\/\/home.uia.no\/katjaw14\/files\/2015\/02\/CIMG9891.jpg\"><img loading=\"lazy\" decoding=\"async\" class=\"alignnone size-medium wp-image-430\" src=\"http:\/\/home.uia.no\/katjaw14\/files\/2015\/02\/CIMG9891-300x225.jpg\" alt=\"\" width=\"300\" height=\"225\" srcset=\"https:\/\/home.uia.no\/katjaw14\/files\/2015\/02\/CIMG9891-300x225.jpg 300w, https:\/\/home.uia.no\/katjaw14\/files\/2015\/02\/CIMG9891-1024x768.jpg 1024w, https:\/\/home.uia.no\/katjaw14\/files\/2015\/02\/CIMG9891-400x300.jpg 400w\" sizes=\"(max-width: 300px) 100vw, 300px\" \/><\/a><a href=\"http:\/\/home.uia.no\/katjaw14\/files\/2015\/02\/CIMG9892.jpg\"><img loading=\"lazy\" decoding=\"async\" class=\"alignnone size-medium wp-image-431\" src=\"http:\/\/home.uia.no\/katjaw14\/files\/2015\/02\/CIMG9892-300x225.jpg\" alt=\"\" width=\"300\" height=\"225\" srcset=\"https:\/\/home.uia.no\/katjaw14\/files\/2015\/02\/CIMG9892-300x225.jpg 300w, https:\/\/home.uia.no\/katjaw14\/files\/2015\/02\/CIMG9892-1024x768.jpg 1024w, https:\/\/home.uia.no\/katjaw14\/files\/2015\/02\/CIMG9892-400x300.jpg 400w\" sizes=\"(max-width: 300px) 100vw, 300px\" \/><\/a><a href=\"http:\/\/home.uia.no\/katjaw14\/files\/2015\/02\/CIMG9894.jpg\"><img loading=\"lazy\" decoding=\"async\" class=\"alignnone size-medium wp-image-432\" src=\"http:\/\/home.uia.no\/katjaw14\/files\/2015\/02\/CIMG9894-300x225.jpg\" alt=\"\" width=\"300\" height=\"225\" srcset=\"https:\/\/home.uia.no\/katjaw14\/files\/2015\/02\/CIMG9894-300x225.jpg 300w, https:\/\/home.uia.no\/katjaw14\/files\/2015\/02\/CIMG9894-1024x768.jpg 1024w, https:\/\/home.uia.no\/katjaw14\/files\/2015\/02\/CIMG9894-400x300.jpg 400w\" sizes=\"(max-width: 300px) 100vw, 300px\" \/><\/a><a href=\"http:\/\/home.uia.no\/katjaw14\/files\/2015\/02\/IMAG0692.jpg\"><img loading=\"lazy\" decoding=\"async\" class=\"alignnone size-medium wp-image-433\" src=\"http:\/\/home.uia.no\/katjaw14\/files\/2015\/02\/IMAG0692-300x179.jpg\" alt=\"\" width=\"300\" height=\"179\" srcset=\"https:\/\/home.uia.no\/katjaw14\/files\/2015\/02\/IMAG0692-300x179.jpg 300w, https:\/\/home.uia.no\/katjaw14\/files\/2015\/02\/IMAG0692-1024x613.jpg 1024w, https:\/\/home.uia.no\/katjaw14\/files\/2015\/02\/IMAG0692-400x239.jpg 400w, https:\/\/home.uia.no\/katjaw14\/files\/2015\/02\/IMAG0692-500x300.jpg 500w\" sizes=\"(max-width: 300px) 100vw, 300px\" \/><\/a><a href=\"http:\/\/home.uia.no\/katjaw14\/files\/2015\/02\/IMAG0696.jpg\"><img loading=\"lazy\" decoding=\"async\" class=\"alignnone size-medium wp-image-434\" src=\"http:\/\/home.uia.no\/katjaw14\/files\/2015\/02\/IMAG0696-300x179.jpg\" alt=\"\" width=\"300\" height=\"179\" srcset=\"https:\/\/home.uia.no\/katjaw14\/files\/2015\/02\/IMAG0696-300x179.jpg 300w, https:\/\/home.uia.no\/katjaw14\/files\/2015\/02\/IMAG0696-1024x613.jpg 1024w, https:\/\/home.uia.no\/katjaw14\/files\/2015\/02\/IMAG0696-400x239.jpg 400w, https:\/\/home.uia.no\/katjaw14\/files\/2015\/02\/IMAG0696-500x300.jpg 500w\" sizes=\"(max-width: 300px) 100vw, 300px\" \/><\/a><a href=\"http:\/\/home.uia.no\/katjaw14\/files\/2015\/02\/IMAG0703.jpg\"><img loading=\"lazy\" decoding=\"async\" class=\"alignnone size-medium wp-image-435\" src=\"http:\/\/home.uia.no\/katjaw14\/files\/2015\/02\/IMAG0703-300x179.jpg\" alt=\"\" width=\"300\" height=\"179\" srcset=\"https:\/\/home.uia.no\/katjaw14\/files\/2015\/02\/IMAG0703-300x179.jpg 300w, https:\/\/home.uia.no\/katjaw14\/files\/2015\/02\/IMAG0703-1024x613.jpg 1024w, https:\/\/home.uia.no\/katjaw14\/files\/2015\/02\/IMAG0703-400x239.jpg 400w, https:\/\/home.uia.no\/katjaw14\/files\/2015\/02\/IMAG0703-500x300.jpg 500w\" sizes=\"(max-width: 300px) 100vw, 300px\" \/><\/a><a href=\"http:\/\/home.uia.no\/katjaw14\/files\/2015\/02\/IMAG0708.jpg\"><img loading=\"lazy\" decoding=\"async\" class=\"alignnone size-medium wp-image-436\" src=\"http:\/\/home.uia.no\/katjaw14\/files\/2015\/02\/IMAG0708-300x179.jpg\" alt=\"\" width=\"300\" height=\"179\" srcset=\"https:\/\/home.uia.no\/katjaw14\/files\/2015\/02\/IMAG0708-300x179.jpg 300w, https:\/\/home.uia.no\/katjaw14\/files\/2015\/02\/IMAG0708-1024x613.jpg 1024w, https:\/\/home.uia.no\/katjaw14\/files\/2015\/02\/IMAG0708-400x239.jpg 400w, https:\/\/home.uia.no\/katjaw14\/files\/2015\/02\/IMAG0708-500x300.jpg 500w\" sizes=\"(max-width: 300px) 100vw, 300px\" \/><\/a><br \/>\nAchja, die L\u00e4nge des Eintrags ist \u00fcbrigens der 3h-Zugfahrt nach Kristiansand zu verdanken&#8230; \ud83d\ude00<\/p>\n","protected":false},"excerpt":{"rendered":"<p>15. Februar: Wochenend-Trip nach Stavanger und zum Preikestolen mit Andi Der Trip mit Andi nach Stavanger war gebucht &#8211; aber ist es m\u00f6glich den bekannten Preikestolen\/Predigtstuhl\/Pulpit Rock, ein 30m Felsplateau, das an seinen Enden fast senkrecht 600 m zum Lysefjord &hellip; <a href=\"https:\/\/home.uia.no\/katjaw14\/blog-2\/02-february\/february\/\">Continue reading <span class=\"meta-nav\">&rarr;<\/span><\/a><\/p>\n","protected":false},"author":621,"featured_media":0,"parent":444,"menu_order":0,"comment_status":"closed","ping_status":"closed","template":"","meta":{"_exactmetrics_skip_tracking":false,"_exactmetrics_sitenote_active":false,"_exactmetrics_sitenote_note":"","_exactmetrics_sitenote_category":0,"footnotes":""},"_links":{"self":[{"href":"https:\/\/home.uia.no\/katjaw14\/wp-json\/wp\/v2\/pages\/196"}],"collection":[{"href":"https:\/\/home.uia.no\/katjaw14\/wp-json\/wp\/v2\/pages"}],"about":[{"href":"https:\/\/home.uia.no\/katjaw14\/wp-json\/wp\/v2\/types\/page"}],"author":[{"embeddable":true,"href":"https:\/\/home.uia.no\/katjaw14\/wp-json\/wp\/v2\/users\/621"}],"replies":[{"embeddable":true,"href":"https:\/\/home.uia.no\/katjaw14\/wp-json\/wp\/v2\/comments?post=196"}],"version-history":[{"count":8,"href":"https:\/\/home.uia.no\/katjaw14\/wp-json\/wp\/v2\/pages\/196\/revisions"}],"predecessor-version":[{"id":1376,"href":"https:\/\/home.uia.no\/katjaw14\/wp-json\/wp\/v2\/pages\/196\/revisions\/1376"}],"up":[{"embeddable":true,"href":"https:\/\/home.uia.no\/katjaw14\/wp-json\/wp\/v2\/pages\/444"}],"wp:attachment":[{"href":"https:\/\/home.uia.no\/katjaw14\/wp-json\/wp\/v2\/media?parent=196"}],"curies":[{"name":"wp","href":"https:\/\/api.w.org\/{rel}","templated":true}]}}