
{"id":640,"date":"2015-03-30T09:09:57","date_gmt":"2015-03-30T08:09:57","guid":{"rendered":"http:\/\/home.uia.no\/katjaw14\/?page_id=640"},"modified":"2015-06-12T11:19:01","modified_gmt":"2015-06-12T10:19:01","slug":"04-tagesausfluge-in-die-gegend","status":"publish","type":"page","link":"https:\/\/home.uia.no\/katjaw14\/blog-2\/02-february\/04-tagesausfluge-in-die-gegend\/","title":{"rendered":"03 Tagesausfl\u00fcge in die Gegend"},"content":{"rendered":"<p>25. Februar: Besuch des 2. Standorts der Universitetet i Agder &#8211; Grimstad<\/p>\n<p><a href=\"http:\/\/home.uia.no\/katjaw14\/files\/2015\/03\/CIMG0115.jpg\"><img loading=\"lazy\" decoding=\"async\" class=\"alignnone size-medium wp-image-641\" src=\"http:\/\/home.uia.no\/katjaw14\/files\/2015\/03\/CIMG0115-300x225.jpg\" alt=\"\" width=\"300\" height=\"225\" srcset=\"https:\/\/home.uia.no\/katjaw14\/files\/2015\/03\/CIMG0115-300x225.jpg 300w, https:\/\/home.uia.no\/katjaw14\/files\/2015\/03\/CIMG0115-1024x768.jpg 1024w, https:\/\/home.uia.no\/katjaw14\/files\/2015\/03\/CIMG0115-400x300.jpg 400w\" sizes=\"(max-width: 300px) 100vw, 300px\" \/><\/a><a href=\"http:\/\/home.uia.no\/katjaw14\/files\/2015\/03\/CIMG0120.jpg\"><img loading=\"lazy\" decoding=\"async\" class=\"alignnone size-medium wp-image-642\" src=\"http:\/\/home.uia.no\/katjaw14\/files\/2015\/03\/CIMG0120-300x225.jpg\" alt=\"\" width=\"300\" height=\"225\" srcset=\"https:\/\/home.uia.no\/katjaw14\/files\/2015\/03\/CIMG0120-300x225.jpg 300w, https:\/\/home.uia.no\/katjaw14\/files\/2015\/03\/CIMG0120-1024x768.jpg 1024w, https:\/\/home.uia.no\/katjaw14\/files\/2015\/03\/CIMG0120-400x300.jpg 400w\" sizes=\"(max-width: 300px) 100vw, 300px\" \/><\/a><a href=\"http:\/\/home.uia.no\/katjaw14\/files\/2015\/03\/CIMG0145.jpg\"><img loading=\"lazy\" decoding=\"async\" class=\"alignnone size-medium wp-image-645\" src=\"http:\/\/home.uia.no\/katjaw14\/files\/2015\/03\/CIMG0145-300x225.jpg\" alt=\"\" width=\"300\" height=\"225\" srcset=\"https:\/\/home.uia.no\/katjaw14\/files\/2015\/03\/CIMG0145-300x225.jpg 300w, https:\/\/home.uia.no\/katjaw14\/files\/2015\/03\/CIMG0145-1024x768.jpg 1024w, https:\/\/home.uia.no\/katjaw14\/files\/2015\/03\/CIMG0145-400x300.jpg 400w\" sizes=\"(max-width: 300px) 100vw, 300px\" \/><\/a><a href=\"http:\/\/home.uia.no\/katjaw14\/files\/2015\/03\/CIMG0122.jpg\"><img loading=\"lazy\" decoding=\"async\" class=\"alignnone size-medium wp-image-643\" src=\"http:\/\/home.uia.no\/katjaw14\/files\/2015\/03\/CIMG0122-300x225.jpg\" alt=\"\" width=\"300\" height=\"225\" srcset=\"https:\/\/home.uia.no\/katjaw14\/files\/2015\/03\/CIMG0122-300x225.jpg 300w, https:\/\/home.uia.no\/katjaw14\/files\/2015\/03\/CIMG0122-1024x768.jpg 1024w, https:\/\/home.uia.no\/katjaw14\/files\/2015\/03\/CIMG0122-400x300.jpg 400w\" sizes=\"(max-width: 300px) 100vw, 300px\" \/><\/a><a href=\"http:\/\/home.uia.no\/katjaw14\/files\/2015\/03\/CIMG0135.jpg\"><img loading=\"lazy\" decoding=\"async\" class=\"alignnone size-medium wp-image-644\" src=\"http:\/\/home.uia.no\/katjaw14\/files\/2015\/03\/CIMG0135-300x225.jpg\" alt=\"\" width=\"300\" height=\"225\" srcset=\"https:\/\/home.uia.no\/katjaw14\/files\/2015\/03\/CIMG0135-300x225.jpg 300w, https:\/\/home.uia.no\/katjaw14\/files\/2015\/03\/CIMG0135-1024x768.jpg 1024w, https:\/\/home.uia.no\/katjaw14\/files\/2015\/03\/CIMG0135-400x300.jpg 400w\" sizes=\"(max-width: 300px) 100vw, 300px\" \/><\/a><a href=\"http:\/\/home.uia.no\/katjaw14\/files\/2015\/03\/CIMG0153.jpg\"><img loading=\"lazy\" decoding=\"async\" class=\"alignnone size-medium wp-image-646\" src=\"http:\/\/home.uia.no\/katjaw14\/files\/2015\/03\/CIMG0153-300x225.jpg\" alt=\"\" width=\"300\" height=\"225\" srcset=\"https:\/\/home.uia.no\/katjaw14\/files\/2015\/03\/CIMG0153-300x225.jpg 300w, https:\/\/home.uia.no\/katjaw14\/files\/2015\/03\/CIMG0153-1024x768.jpg 1024w, https:\/\/home.uia.no\/katjaw14\/files\/2015\/03\/CIMG0153-400x300.jpg 400w\" sizes=\"(max-width: 300px) 100vw, 300px\" \/><\/a><a href=\"http:\/\/home.uia.no\/katjaw14\/files\/2015\/03\/CIMG0165.jpg\"><img loading=\"lazy\" decoding=\"async\" class=\"alignnone size-medium wp-image-647\" src=\"http:\/\/home.uia.no\/katjaw14\/files\/2015\/03\/CIMG0165-300x225.jpg\" alt=\"\" width=\"300\" height=\"225\" srcset=\"https:\/\/home.uia.no\/katjaw14\/files\/2015\/03\/CIMG0165-300x225.jpg 300w, https:\/\/home.uia.no\/katjaw14\/files\/2015\/03\/CIMG0165-1024x768.jpg 1024w, https:\/\/home.uia.no\/katjaw14\/files\/2015\/03\/CIMG0165-400x300.jpg 400w\" sizes=\"(max-width: 300px) 100vw, 300px\" \/><\/a><a href=\"http:\/\/home.uia.no\/katjaw14\/files\/2015\/03\/CIMG0174.jpg\"><img loading=\"lazy\" decoding=\"async\" class=\"alignnone size-medium wp-image-648\" src=\"http:\/\/home.uia.no\/katjaw14\/files\/2015\/03\/CIMG0174-300x225.jpg\" alt=\"\" width=\"300\" height=\"225\" srcset=\"https:\/\/home.uia.no\/katjaw14\/files\/2015\/03\/CIMG0174-300x225.jpg 300w, https:\/\/home.uia.no\/katjaw14\/files\/2015\/03\/CIMG0174-1024x768.jpg 1024w, https:\/\/home.uia.no\/katjaw14\/files\/2015\/03\/CIMG0174-400x300.jpg 400w\" sizes=\"(max-width: 300px) 100vw, 300px\" \/><\/a><\/p>\n<p>&nbsp;<\/p>\n<p>26. Februar: M\u00e4delsausflug nach Lillesand<\/p>\n<p><a href=\"http:\/\/home.uia.no\/katjaw14\/files\/2015\/03\/CIMG0178.jpg\"><img loading=\"lazy\" decoding=\"async\" class=\"alignnone size-medium wp-image-649\" src=\"http:\/\/home.uia.no\/katjaw14\/files\/2015\/03\/CIMG0178-300x225.jpg\" alt=\"\" width=\"300\" height=\"225\" srcset=\"https:\/\/home.uia.no\/katjaw14\/files\/2015\/03\/CIMG0178-300x225.jpg 300w, https:\/\/home.uia.no\/katjaw14\/files\/2015\/03\/CIMG0178-1024x768.jpg 1024w, https:\/\/home.uia.no\/katjaw14\/files\/2015\/03\/CIMG0178-400x300.jpg 400w\" sizes=\"(max-width: 300px) 100vw, 300px\" \/><\/a><a href=\"http:\/\/home.uia.no\/katjaw14\/files\/2015\/03\/CIMG0186a.jpg\"><img loading=\"lazy\" decoding=\"async\" class=\"alignnone size-medium wp-image-650\" src=\"http:\/\/home.uia.no\/katjaw14\/files\/2015\/03\/CIMG0186a-300x214.jpg\" alt=\"\" width=\"300\" height=\"214\" srcset=\"https:\/\/home.uia.no\/katjaw14\/files\/2015\/03\/CIMG0186a-300x214.jpg 300w, https:\/\/home.uia.no\/katjaw14\/files\/2015\/03\/CIMG0186a-1024x730.jpg 1024w, https:\/\/home.uia.no\/katjaw14\/files\/2015\/03\/CIMG0186a-400x285.jpg 400w, https:\/\/home.uia.no\/katjaw14\/files\/2015\/03\/CIMG0186a-420x300.jpg 420w\" sizes=\"(max-width: 300px) 100vw, 300px\" \/><\/a><a href=\"http:\/\/home.uia.no\/katjaw14\/files\/2015\/03\/CIMG0193.jpg\"><img loading=\"lazy\" decoding=\"async\" class=\"alignnone size-medium wp-image-651\" src=\"http:\/\/home.uia.no\/katjaw14\/files\/2015\/03\/CIMG0193-300x225.jpg\" alt=\"\" width=\"300\" height=\"225\" srcset=\"https:\/\/home.uia.no\/katjaw14\/files\/2015\/03\/CIMG0193-300x225.jpg 300w, https:\/\/home.uia.no\/katjaw14\/files\/2015\/03\/CIMG0193-1024x768.jpg 1024w, https:\/\/home.uia.no\/katjaw14\/files\/2015\/03\/CIMG0193-400x300.jpg 400w\" sizes=\"(max-width: 300px) 100vw, 300px\" \/><\/a><a href=\"http:\/\/home.uia.no\/katjaw14\/files\/2015\/03\/CIMG0195.jpg\"><img loading=\"lazy\" decoding=\"async\" class=\"alignnone size-medium wp-image-652\" src=\"http:\/\/home.uia.no\/katjaw14\/files\/2015\/03\/CIMG0195-300x225.jpg\" alt=\"\" width=\"300\" height=\"225\" srcset=\"https:\/\/home.uia.no\/katjaw14\/files\/2015\/03\/CIMG0195-300x225.jpg 300w, https:\/\/home.uia.no\/katjaw14\/files\/2015\/03\/CIMG0195-1024x768.jpg 1024w, https:\/\/home.uia.no\/katjaw14\/files\/2015\/03\/CIMG0195-400x300.jpg 400w\" sizes=\"(max-width: 300px) 100vw, 300px\" \/><\/a><\/p>\n<p>&nbsp;<\/p>\n<p>28. Februar: Mandal und Lindesnes Fyr (Leuchtturm) &#8211; am s\u00fcdlichsten Punkt Norwegens<\/p>\n<p><a href=\"http:\/\/home.uia.no\/katjaw14\/files\/2015\/03\/CIMG0229.jpg\"><img loading=\"lazy\" decoding=\"async\" class=\"alignnone size-medium wp-image-655\" src=\"http:\/\/home.uia.no\/katjaw14\/files\/2015\/03\/CIMG0229-300x225.jpg\" alt=\"\" width=\"300\" height=\"225\" srcset=\"https:\/\/home.uia.no\/katjaw14\/files\/2015\/03\/CIMG0229-300x225.jpg 300w, https:\/\/home.uia.no\/katjaw14\/files\/2015\/03\/CIMG0229-1024x768.jpg 1024w, https:\/\/home.uia.no\/katjaw14\/files\/2015\/03\/CIMG0229-400x300.jpg 400w\" sizes=\"(max-width: 300px) 100vw, 300px\" \/><\/a><a href=\"http:\/\/home.uia.no\/katjaw14\/files\/2015\/03\/CIMG0233.jpg\"><img loading=\"lazy\" decoding=\"async\" class=\"alignnone size-medium wp-image-656\" src=\"http:\/\/home.uia.no\/katjaw14\/files\/2015\/03\/CIMG0233-300x84.jpg\" alt=\"\" width=\"300\" height=\"84\" srcset=\"https:\/\/home.uia.no\/katjaw14\/files\/2015\/03\/CIMG0233-300x84.jpg 300w, https:\/\/home.uia.no\/katjaw14\/files\/2015\/03\/CIMG0233-1024x288.jpg 1024w, https:\/\/home.uia.no\/katjaw14\/files\/2015\/03\/CIMG0233-400x112.jpg 400w, https:\/\/home.uia.no\/katjaw14\/files\/2015\/03\/CIMG0233-500x140.jpg 500w\" sizes=\"(max-width: 300px) 100vw, 300px\" \/><\/a><a href=\"http:\/\/home.uia.no\/katjaw14\/files\/2015\/03\/CIMG0244.jpg\"><img loading=\"lazy\" decoding=\"async\" class=\"alignnone size-medium wp-image-657\" src=\"http:\/\/home.uia.no\/katjaw14\/files\/2015\/03\/CIMG0244-300x225.jpg\" alt=\"\" width=\"300\" height=\"225\" srcset=\"https:\/\/home.uia.no\/katjaw14\/files\/2015\/03\/CIMG0244-300x225.jpg 300w, https:\/\/home.uia.no\/katjaw14\/files\/2015\/03\/CIMG0244-1024x768.jpg 1024w, https:\/\/home.uia.no\/katjaw14\/files\/2015\/03\/CIMG0244-400x300.jpg 400w\" sizes=\"(max-width: 300px) 100vw, 300px\" \/><\/a><a href=\"http:\/\/home.uia.no\/katjaw14\/files\/2015\/03\/CIMG0246.jpg\"><img loading=\"lazy\" decoding=\"async\" class=\"alignnone size-medium wp-image-658\" src=\"http:\/\/home.uia.no\/katjaw14\/files\/2015\/03\/CIMG0246-300x225.jpg\" alt=\"\" width=\"300\" height=\"225\" srcset=\"https:\/\/home.uia.no\/katjaw14\/files\/2015\/03\/CIMG0246-300x225.jpg 300w, https:\/\/home.uia.no\/katjaw14\/files\/2015\/03\/CIMG0246-1024x768.jpg 1024w, https:\/\/home.uia.no\/katjaw14\/files\/2015\/03\/CIMG0246-400x300.jpg 400w\" sizes=\"(max-width: 300px) 100vw, 300px\" \/><\/a><a href=\"http:\/\/home.uia.no\/katjaw14\/files\/2015\/03\/CIMG0253.jpg\"><img loading=\"lazy\" decoding=\"async\" class=\"alignnone size-medium wp-image-659\" src=\"http:\/\/home.uia.no\/katjaw14\/files\/2015\/03\/CIMG0253-300x225.jpg\" alt=\"\" width=\"300\" height=\"225\" srcset=\"https:\/\/home.uia.no\/katjaw14\/files\/2015\/03\/CIMG0253-300x225.jpg 300w, https:\/\/home.uia.no\/katjaw14\/files\/2015\/03\/CIMG0253-1024x768.jpg 1024w, https:\/\/home.uia.no\/katjaw14\/files\/2015\/03\/CIMG0253-400x300.jpg 400w\" sizes=\"(max-width: 300px) 100vw, 300px\" \/><\/a><a href=\"http:\/\/home.uia.no\/katjaw14\/files\/2015\/03\/CIMG0256.jpg\"><img loading=\"lazy\" decoding=\"async\" class=\"alignnone size-medium wp-image-660\" src=\"http:\/\/home.uia.no\/katjaw14\/files\/2015\/03\/CIMG0256-300x225.jpg\" alt=\"\" width=\"300\" height=\"225\" srcset=\"https:\/\/home.uia.no\/katjaw14\/files\/2015\/03\/CIMG0256-300x225.jpg 300w, https:\/\/home.uia.no\/katjaw14\/files\/2015\/03\/CIMG0256-1024x768.jpg 1024w, https:\/\/home.uia.no\/katjaw14\/files\/2015\/03\/CIMG0256-400x300.jpg 400w\" sizes=\"(max-width: 300px) 100vw, 300px\" \/><\/a><\/p>\n<p>&nbsp;<\/p>\n<p>Roligheden Bay mit Anne<\/p>\n<p><a href=\"http:\/\/home.uia.no\/katjaw14\/files\/2015\/03\/CIMG0210.jpg\"><img loading=\"lazy\" decoding=\"async\" class=\"alignnone size-medium wp-image-653\" src=\"http:\/\/home.uia.no\/katjaw14\/files\/2015\/03\/CIMG0210-300x225.jpg\" alt=\"\" width=\"300\" height=\"225\" srcset=\"https:\/\/home.uia.no\/katjaw14\/files\/2015\/03\/CIMG0210-300x225.jpg 300w, https:\/\/home.uia.no\/katjaw14\/files\/2015\/03\/CIMG0210-1024x768.jpg 1024w, https:\/\/home.uia.no\/katjaw14\/files\/2015\/03\/CIMG0210-400x300.jpg 400w\" sizes=\"(max-width: 300px) 100vw, 300px\" \/><\/a><a href=\"http:\/\/home.uia.no\/katjaw14\/files\/2015\/03\/CIMG0225.jpg\"><img loading=\"lazy\" decoding=\"async\" class=\"alignnone size-medium wp-image-654\" src=\"http:\/\/home.uia.no\/katjaw14\/files\/2015\/03\/CIMG0225-300x225.jpg\" alt=\"\" width=\"300\" height=\"225\" srcset=\"https:\/\/home.uia.no\/katjaw14\/files\/2015\/03\/CIMG0225-300x225.jpg 300w, https:\/\/home.uia.no\/katjaw14\/files\/2015\/03\/CIMG0225-1024x768.jpg 1024w, https:\/\/home.uia.no\/katjaw14\/files\/2015\/03\/CIMG0225-400x300.jpg 400w\" sizes=\"(max-width: 300px) 100vw, 300px\" \/><\/a><\/p>\n<p>&nbsp;<\/p>\n<p>1. M\u00e4rz: Halbtagesausflug nach D\u00e4nemark<\/p>\n<p><a href=\"http:\/\/home.uia.no\/katjaw14\/files\/2015\/03\/CIMG0267.jpg\"><img loading=\"lazy\" decoding=\"async\" class=\"alignnone size-medium wp-image-661\" src=\"http:\/\/home.uia.no\/katjaw14\/files\/2015\/03\/CIMG0267-300x225.jpg\" alt=\"\" width=\"300\" height=\"225\" srcset=\"https:\/\/home.uia.no\/katjaw14\/files\/2015\/03\/CIMG0267-300x225.jpg 300w, https:\/\/home.uia.no\/katjaw14\/files\/2015\/03\/CIMG0267-1024x768.jpg 1024w, https:\/\/home.uia.no\/katjaw14\/files\/2015\/03\/CIMG0267-400x300.jpg 400w\" sizes=\"(max-width: 300px) 100vw, 300px\" \/><\/a><a href=\"http:\/\/home.uia.no\/katjaw14\/files\/2015\/03\/CIMG0268.jpg\"><img loading=\"lazy\" decoding=\"async\" class=\"alignnone size-medium wp-image-662\" src=\"http:\/\/home.uia.no\/katjaw14\/files\/2015\/03\/CIMG0268-225x300.jpg\" alt=\"\" width=\"225\" height=\"300\" srcset=\"https:\/\/home.uia.no\/katjaw14\/files\/2015\/03\/CIMG0268-225x300.jpg 225w, https:\/\/home.uia.no\/katjaw14\/files\/2015\/03\/CIMG0268-768x1024.jpg 768w, https:\/\/home.uia.no\/katjaw14\/files\/2015\/03\/CIMG0268-375x500.jpg 375w\" sizes=\"(max-width: 225px) 100vw, 225px\" \/><\/a><a href=\"http:\/\/home.uia.no\/katjaw14\/files\/2015\/03\/CIMG0279.jpg\"><img loading=\"lazy\" decoding=\"async\" class=\"alignnone size-medium wp-image-663\" src=\"http:\/\/home.uia.no\/katjaw14\/files\/2015\/03\/CIMG0279-300x225.jpg\" alt=\"\" width=\"300\" height=\"225\" srcset=\"https:\/\/home.uia.no\/katjaw14\/files\/2015\/03\/CIMG0279-300x225.jpg 300w, https:\/\/home.uia.no\/katjaw14\/files\/2015\/03\/CIMG0279-1024x768.jpg 1024w, https:\/\/home.uia.no\/katjaw14\/files\/2015\/03\/CIMG0279-400x300.jpg 400w\" sizes=\"(max-width: 300px) 100vw, 300px\" \/><\/a><a href=\"http:\/\/home.uia.no\/katjaw14\/files\/2015\/03\/CIMG0282.jpg\"><img loading=\"lazy\" decoding=\"async\" class=\"alignnone size-medium wp-image-664\" src=\"http:\/\/home.uia.no\/katjaw14\/files\/2015\/03\/CIMG0282-300x225.jpg\" alt=\"\" width=\"300\" height=\"225\" srcset=\"https:\/\/home.uia.no\/katjaw14\/files\/2015\/03\/CIMG0282-300x225.jpg 300w, https:\/\/home.uia.no\/katjaw14\/files\/2015\/03\/CIMG0282-1024x768.jpg 1024w, https:\/\/home.uia.no\/katjaw14\/files\/2015\/03\/CIMG0282-400x300.jpg 400w\" sizes=\"(max-width: 300px) 100vw, 300px\" \/><\/a><a href=\"http:\/\/home.uia.no\/katjaw14\/files\/2015\/03\/CIMG0298.jpg\"><img loading=\"lazy\" decoding=\"async\" class=\"alignnone size-medium wp-image-666\" src=\"http:\/\/home.uia.no\/katjaw14\/files\/2015\/03\/CIMG0298-225x300.jpg\" alt=\"\" width=\"225\" height=\"300\" srcset=\"https:\/\/home.uia.no\/katjaw14\/files\/2015\/03\/CIMG0298-225x300.jpg 225w, https:\/\/home.uia.no\/katjaw14\/files\/2015\/03\/CIMG0298-768x1024.jpg 768w, https:\/\/home.uia.no\/katjaw14\/files\/2015\/03\/CIMG0298-375x500.jpg 375w\" sizes=\"(max-width: 225px) 100vw, 225px\" \/><\/a><\/p>\n","protected":false},"excerpt":{"rendered":"<p>25. Februar: Besuch des 2. Standorts der Universitetet i Agder &#8211; Grimstad &nbsp; 26. Februar: M\u00e4delsausflug nach Lillesand &nbsp; 28. Februar: Mandal und Lindesnes Fyr (Leuchtturm) &#8211; am s\u00fcdlichsten Punkt Norwegens &nbsp; Roligheden Bay mit Anne &nbsp; 1. M\u00e4rz: Halbtagesausflug &hellip; <a href=\"https:\/\/home.uia.no\/katjaw14\/blog-2\/02-february\/04-tagesausfluge-in-die-gegend\/\">Continue reading <span class=\"meta-nav\">&rarr;<\/span><\/a><\/p>\n","protected":false},"author":621,"featured_media":0,"parent":444,"menu_order":0,"comment_status":"closed","ping_status":"closed","template":"","meta":{"_exactmetrics_skip_tracking":false,"_exactmetrics_sitenote_active":false,"_exactmetrics_sitenote_note":"","_exactmetrics_sitenote_category":0,"footnotes":""},"_links":{"self":[{"href":"https:\/\/home.uia.no\/katjaw14\/wp-json\/wp\/v2\/pages\/640"}],"collection":[{"href":"https:\/\/home.uia.no\/katjaw14\/wp-json\/wp\/v2\/pages"}],"about":[{"href":"https:\/\/home.uia.no\/katjaw14\/wp-json\/wp\/v2\/types\/page"}],"author":[{"embeddable":true,"href":"https:\/\/home.uia.no\/katjaw14\/wp-json\/wp\/v2\/users\/621"}],"replies":[{"embeddable":true,"href":"https:\/\/home.uia.no\/katjaw14\/wp-json\/wp\/v2\/comments?post=640"}],"version-history":[{"count":2,"href":"https:\/\/home.uia.no\/katjaw14\/wp-json\/wp\/v2\/pages\/640\/revisions"}],"predecessor-version":[{"id":1378,"href":"https:\/\/home.uia.no\/katjaw14\/wp-json\/wp\/v2\/pages\/640\/revisions\/1378"}],"up":[{"embeddable":true,"href":"https:\/\/home.uia.no\/katjaw14\/wp-json\/wp\/v2\/pages\/444"}],"wp:attachment":[{"href":"https:\/\/home.uia.no\/katjaw14\/wp-json\/wp\/v2\/media?parent=640"}],"curies":[{"name":"wp","href":"https:\/\/api.w.org\/{rel}","templated":true}]}}