
{"id":770,"date":"2015-04-18T10:02:48","date_gmt":"2015-04-18T09:02:48","guid":{"rendered":"http:\/\/home.uia.no\/katjaw14\/?page_id=770"},"modified":"2015-04-25T11:30:59","modified_gmt":"2015-04-25T10:30:59","slug":"bird-watching","status":"publish","type":"page","link":"https:\/\/home.uia.no\/katjaw14\/blog-2\/04-april\/bird-watching\/","title":{"rendered":"04 Bird Watching"},"content":{"rendered":"<p>15. \u2013 16. April<\/p>\n<p>Am sp\u00e4ten Nachmittag begaben wir uns auf den Weg nach Songdalen (30 min Fahrt von Kristiansand), um dort in der N\u00e4he Auerh\u00fchnern bei der Brunft zuzuschauen und zu h\u00f6ren. Unser Guide f\u00fcr diesen Trip war Svein, ein Biologielehrer der UiA. Dieser hat uns viele Infos \u00fcber die umliegende Natur gegeben: Knospen die nach Marzipan schmecken, Sauerampfer in der N\u00e4he von B\u00e4chen, ein Gras, dessen Innenleben als Docht f\u00fcr Kerzen verwendet werden kann, konservierende Moose und auch, dass Ameisen nicht nur pinkeln k\u00f6nnen, sondern gut schmecken (m\u00fcsst ihr unbedingt probieren!!!!). In der N\u00e4he von Songdalen haben wir dann auf einem Bauernhof geparkt und sind ein St\u00fcck in die Natur gelaufen. An einem Punkt &#8211; der perfekte Platz zur Auerhuhn-Beobachtung &#8211; lagen schon ein paar lange Holzst\u00fccke bereit (macht er jedes Jahr), sodass wir mit den mitgebrachten Planen und Seilen unser Quartier f\u00fcr die Nacht bauen konnten, die gleichzeitig am Morgen unsere \u201eBird Watching Shelter\u201c darstellen sollte. Obwohl die V\u00f6gel schon abends vielversprechend gegurrt haben, konnten wir am fr\u00fchen Morgen dann doch nur ein Auerhuhn auf dem Baum ersp\u00e4hen und h\u00f6ren. W\u00e4hrend ich noch einem weiteren, nicht sichtbaren Huhn im Liegen lauschte, bin ich aber leider wieder eingeschlafen \u2013 habe aber wohl nichts verpasst: es gab leider keinen M\u00e4nnerstreit mit anschlie\u00dfendem Flirten mit der Frau\u2026 schade! Aber Svein meinte, dass wir uns schon froh sch\u00e4tzen konnten, \u00fcberhaupt ein Auerhuhn gesehen und geh\u00f6rt zu haben, denn auch das ist nicht selbstverst\u00e4ndlich.<\/p>\n<p>Trotzdem hat es Spa\u00df gemacht mit 10 anderen Studenten das Schelter zu bauen, den Abend damit zu verbringen, die Natur zu erkunden, in der Nacht den super Sternenhimmel zu bestaunen und am n\u00e4chsten Morgen (mehr oder weniger) gespannt auf die V\u00f6gel zu warten! Den das Wetter war gl\u00fccklicherweise trotz recht starkem Wind immer sonnig, sodass unser Trip nicht ins Wasser gefallen ist, womit man vor allem in Norwegen immer rechnen muss\u2026 \ud83d\ude09<\/p>\n\n\t\n\t\t<div class=\"gallery_clear\"><\/div> \n\t\t<div id=\"gallery_770_1\" class=\"photospace\"> \n\t\n\t\t\t<!-- Start Advanced Gallery Html Containers -->\n\t\t\t<div class=\"thumbs_wrap2\">\n\t\t\t\t<div class=\"thumbs_wrap\">\n\t\t\t\t\t<div id=\"thumbs_770_1\" class=\"thumnail_col \" >\n\t\t\t\t\t\t \n\t\t\t\t\t\t<ul class=\"thumbs noscript\">\t\t\t\t\n\t\t\t\t\t\t\n\t\t\t\t\t\t\t\t\t<li><a class=\"thumb\" href=\"https:\/\/home.uia.no\/katjaw14\/files\/2015\/04\/CIMG2391-400x300.jpg\" title=\"Sauerampfer\" >\t\t\t\t\t\t\t\t\n\t\t\t\t\t\t\t\t\t\t\t<img decoding=\"async\" src=\"https:\/\/home.uia.no\/katjaw14\/files\/2015\/04\/CIMG2391-50x50.jpg\" alt=\"\" title=\"Sauerampfer\" \/>\n\t\t\t\t\t\t\t\t\t\t<\/a>\n\t\t\t\t\t\t\t\t\t\t\n\t\t\t\t\t\t\t\t\t\t<div class=\"caption\">\n\t\t\t\t\t\t\t\t\t\t\t\n\t\t\t\t\t\t\t\t\t\t<\/div>\n\t\t\t\t\t\t\t\t\t\t\n\t\t\t\t\t\t\t\t\t<\/li>\n\t\t\t\t\t\t\t\t\n\t\t\t\t\t\t\t\t\t<li><a class=\"thumb\" href=\"https:\/\/home.uia.no\/katjaw14\/files\/2015\/04\/CIMG2392-375x500.jpg\" title=\"&quot;Marzipan&quot;-Baum\" >\t\t\t\t\t\t\t\t\n\t\t\t\t\t\t\t\t\t\t\t<img decoding=\"async\" src=\"https:\/\/home.uia.no\/katjaw14\/files\/2015\/04\/CIMG2392-50x50.jpg\" alt=\"\" title=\"&quot;Marzipan&quot;-Baum\" \/>\n\t\t\t\t\t\t\t\t\t\t<\/a>\n\t\t\t\t\t\t\t\t\t\t\n\t\t\t\t\t\t\t\t\t\t<div class=\"caption\">\n\t\t\t\t\t\t\t\t\t\t\t\n\t\t\t\t\t\t\t\t\t\t<\/div>\n\t\t\t\t\t\t\t\t\t\t\n\t\t\t\t\t\t\t\t\t<\/li>\n\t\t\t\t\t\t\t\t\n\t\t\t\t\t\t\t\t\t<li><a class=\"thumb\" href=\"https:\/\/home.uia.no\/katjaw14\/files\/2015\/04\/CIMG2393-375x500.jpg\" title=\"Gr\u00e4ser f\u00fcr den Kerzendocht\" >\t\t\t\t\t\t\t\t\n\t\t\t\t\t\t\t\t\t\t\t<img decoding=\"async\" src=\"https:\/\/home.uia.no\/katjaw14\/files\/2015\/04\/CIMG2393-50x50.jpg\" alt=\"\" title=\"Gr\u00e4ser f\u00fcr den Kerzendocht\" \/>\n\t\t\t\t\t\t\t\t\t\t<\/a>\n\t\t\t\t\t\t\t\t\t\t\n\t\t\t\t\t\t\t\t\t\t<div class=\"caption\">\n\t\t\t\t\t\t\t\t\t\t\t\n\t\t\t\t\t\t\t\t\t\t<\/div>\n\t\t\t\t\t\t\t\t\t\t\n\t\t\t\t\t\t\t\t\t<\/li>\n\t\t\t\t\t\t\t\t\n\t\t\t\t\t\t\t\t\t<li><a class=\"thumb\" href=\"https:\/\/home.uia.no\/katjaw14\/files\/2015\/04\/CIMG2402-400x300.jpg\" title=\"diese Ameise lebt nicht mehr lange... :D\" >\t\t\t\t\t\t\t\t\n\t\t\t\t\t\t\t\t\t\t\t<img decoding=\"async\" src=\"https:\/\/home.uia.no\/katjaw14\/files\/2015\/04\/CIMG2402-50x50.jpg\" alt=\"\" title=\"diese Ameise lebt nicht mehr lange... :D\" \/>\n\t\t\t\t\t\t\t\t\t\t<\/a>\n\t\t\t\t\t\t\t\t\t\t\n\t\t\t\t\t\t\t\t\t\t<div class=\"caption\">\n\t\t\t\t\t\t\t\t\t\t\t\n\t\t\t\t\t\t\t\t\t\t<\/div>\n\t\t\t\t\t\t\t\t\t\t\n\t\t\t\t\t\t\t\t\t<\/li>\n\t\t\t\t\t\t\t\t\n\t\t\t\t\t\t\t\t\t<li><a class=\"thumb\" href=\"https:\/\/home.uia.no\/katjaw14\/files\/2015\/04\/CIMG2408-400x300.jpg\" title=\"H\u00e4usla bauen\" >\t\t\t\t\t\t\t\t\n\t\t\t\t\t\t\t\t\t\t\t<img decoding=\"async\" src=\"https:\/\/home.uia.no\/katjaw14\/files\/2015\/04\/CIMG2408-50x50.jpg\" alt=\"\" title=\"H\u00e4usla bauen\" \/>\n\t\t\t\t\t\t\t\t\t\t<\/a>\n\t\t\t\t\t\t\t\t\t\t\n\t\t\t\t\t\t\t\t\t\t<div class=\"caption\">\n\t\t\t\t\t\t\t\t\t\t\t\n\t\t\t\t\t\t\t\t\t\t<\/div>\n\t\t\t\t\t\t\t\t\t\t\n\t\t\t\t\t\t\t\t\t<\/li>\n\t\t\t\t\t\t\t\t\n\t\t\t\t\t\t\t\t\t<li><a class=\"thumb\" href=\"https:\/\/home.uia.no\/katjaw14\/files\/2015\/04\/CIMG2413-400x112.jpg\" title=\"alle sind mit eingespannt\" >\t\t\t\t\t\t\t\t\n\t\t\t\t\t\t\t\t\t\t\t<img decoding=\"async\" src=\"https:\/\/home.uia.no\/katjaw14\/files\/2015\/04\/CIMG2413-50x50.jpg\" alt=\"\" title=\"alle sind mit eingespannt\" \/>\n\t\t\t\t\t\t\t\t\t\t<\/a>\n\t\t\t\t\t\t\t\t\t\t\n\t\t\t\t\t\t\t\t\t\t<div class=\"caption\">\n\t\t\t\t\t\t\t\t\t\t\t\n\t\t\t\t\t\t\t\t\t\t<\/div>\n\t\t\t\t\t\t\t\t\t\t\n\t\t\t\t\t\t\t\t\t<\/li>\n\t\t\t\t\t\t\t\t\n\t\t\t\t\t\t\t\t\t<li><a class=\"thumb\" href=\"https:\/\/home.uia.no\/katjaw14\/files\/2015\/04\/CIMG2417-375x500.jpg\" title=\"Abendsonne :)\" >\t\t\t\t\t\t\t\t\n\t\t\t\t\t\t\t\t\t\t\t<img decoding=\"async\" src=\"https:\/\/home.uia.no\/katjaw14\/files\/2015\/04\/CIMG2417-50x50.jpg\" alt=\"\" title=\"Abendsonne :)\" \/>\n\t\t\t\t\t\t\t\t\t\t<\/a>\n\t\t\t\t\t\t\t\t\t\t\n\t\t\t\t\t\t\t\t\t\t<div class=\"caption\">\n\t\t\t\t\t\t\t\t\t\t\t\n\t\t\t\t\t\t\t\t\t\t<\/div>\n\t\t\t\t\t\t\t\t\t\t\n\t\t\t\t\t\t\t\t\t<\/li>\n\t\t\t\t\t\t\t\t\n\t\t\t\t\t\t\t\t\t<li><a class=\"thumb\" href=\"https:\/\/home.uia.no\/katjaw14\/files\/2015\/04\/CIMG2453-400x300.jpg\" title=\"Sonnenaufgang - aber kein Vogel zu sehen...\" >\t\t\t\t\t\t\t\t\n\t\t\t\t\t\t\t\t\t\t\t<img decoding=\"async\" src=\"https:\/\/home.uia.no\/katjaw14\/files\/2015\/04\/CIMG2453-50x50.jpg\" alt=\"\" title=\"Sonnenaufgang - aber kein Vogel zu sehen...\" \/>\n\t\t\t\t\t\t\t\t\t\t<\/a>\n\t\t\t\t\t\t\t\t\t\t\n\t\t\t\t\t\t\t\t\t\t<div class=\"caption\">\n\t\t\t\t\t\t\t\t\t\t\t\n\t\t\t\t\t\t\t\t\t\t<\/div>\n\t\t\t\t\t\t\t\t\t\t\n\t\t\t\t\t\t\t\t\t<\/li>\n\t\t\t\t\t\t\t\t\n\t\t\t\t\t\t\t\t\t<li><a class=\"thumb\" href=\"https:\/\/home.uia.no\/katjaw14\/files\/2015\/04\/CIMG2459-400x300.jpg\" title=\"H\u00fchnchen auf dem Baum - das ist ein Auerhuhn\" >\t\t\t\t\t\t\t\t\n\t\t\t\t\t\t\t\t\t\t\t<img decoding=\"async\" src=\"https:\/\/home.uia.no\/katjaw14\/files\/2015\/04\/CIMG2459-50x50.jpg\" alt=\"\" title=\"H\u00fchnchen auf dem Baum - das ist ein Auerhuhn\" \/>\n\t\t\t\t\t\t\t\t\t\t<\/a>\n\t\t\t\t\t\t\t\t\t\t\n\t\t\t\t\t\t\t\t\t\t<div class=\"caption\">\n\t\t\t\t\t\t\t\t\t\t\t\n\t\t\t\t\t\t\t\t\t\t<\/div>\n\t\t\t\t\t\t\t\t\t\t\n\t\t\t\t\t\t\t\t\t<\/li>\n\t\t\t\t\t\t\t\t\n\t\t\t\t\t\t\t\t\t<li><a class=\"thumb\" href=\"https:\/\/home.uia.no\/katjaw14\/files\/2015\/04\/CIMG2461-400x300.jpg\" title=\"Where is the bird??\" >\t\t\t\t\t\t\t\t\n\t\t\t\t\t\t\t\t\t\t\t<img decoding=\"async\" src=\"https:\/\/home.uia.no\/katjaw14\/files\/2015\/04\/CIMG2461-50x50.jpg\" alt=\"\" title=\"Where is the bird??\" \/>\n\t\t\t\t\t\t\t\t\t\t<\/a>\n\t\t\t\t\t\t\t\t\t\t\n\t\t\t\t\t\t\t\t\t\t<div class=\"caption\">\n\t\t\t\t\t\t\t\t\t\t\t\n\t\t\t\t\t\t\t\t\t\t<\/div>\n\t\t\t\t\t\t\t\t\t\t\n\t\t\t\t\t\t\t\t\t<\/li>\n\t\t\t\t\t\t\t\t\n\t\t\t\t\t\t\t\t\t<li><a class=\"thumb\" href=\"https:\/\/home.uia.no\/katjaw14\/files\/2015\/04\/CIMG2464-400x300.jpg\" title=\"unser Bird Watching Shelter\" >\t\t\t\t\t\t\t\t\n\t\t\t\t\t\t\t\t\t\t\t<img decoding=\"async\" src=\"https:\/\/home.uia.no\/katjaw14\/files\/2015\/04\/CIMG2464-50x50.jpg\" alt=\"\" title=\"unser Bird Watching Shelter\" \/>\n\t\t\t\t\t\t\t\t\t\t<\/a>\n\t\t\t\t\t\t\t\t\t\t\n\t\t\t\t\t\t\t\t\t\t<div class=\"caption\">\n\t\t\t\t\t\t\t\t\t\t\t\n\t\t\t\t\t\t\t\t\t\t<\/div>\n\t\t\t\t\t\t\t\t\t\t\n\t\t\t\t\t\t\t\t\t<\/li>\n\t\t\t\t\t\t\t\t\n\t\t\t\t\t\t<\/ul>\n\t\t\t\t\t\t\t\t<div class=\"photospace_clear\"><\/div>\n\t\t\t\t\t\t\t\t<a class=\"pageLink prev\" style=\"display:none\" href=\"#\" title=\"Previous Page\"><\/a>\n\t\t\t\t\t\t<a class=\"pageLink next\" style=\"display:none\" href=\"#\" title=\"Next Page\"><\/a>\n\t\t\t\t\t<\/div>\n\t\t\t\t<\/div>\n\t\t\t<\/div>\n\t\t\t\n\t\t\t<!-- Start Advanced Gallery Html Containers -->\n\t\t\t<div class=\"gal_content\">\n\t\t\t\t\n\t\t\t\t<div class=\"slideshow-container\">\n\t\t\t\t\t<div id=\"loading_770_1\" class=\"loader\"><\/div>\n\t\t\t\t\t<div id=\"slideshow_770_1\" class=\"slideshow\"><\/div>\n\t\t\t\t\t<div id=\"caption_770_1\" class=\"caption-container\"><\/div>\n\t\t\t\t<\/div>\n\t\t\t\t\n\t\t\t<\/div>\n\t\n\t<\/div>\n\t\n\t<div class=\"gallery_clear\"><\/div>\n\t\n\t\n\t\n\t<script type='text\/javascript'>\n\t\t\t\n\t\t\tjQuery(document).ready(function($) {\n\t\t\t\t\n\t\t\t\t\/\/ We only want these styles applied when javascript is enabled\n\t\t\t\t$('.gal_content').css('display', 'block');\n\t\t\t\t$('.thumnail_col').css('width', '181px');\n\t\t\t\t\n\t\t\t\t\/\/ Initialize Advanced Galleriffic Gallery \n\t\t\t\tvar gallery = $('#thumbs_770_1').galleriffic({ \n\t\t\t\t\tdelay:                     3500,\n\t\t\t\t\tnumThumbs:                 9,\n\t\t\t\t\tpreloadAhead:              9,\n\t\t\t\t\tenableTopPager:            0,\n\t\t\t\t\tenableBottomPager:         false,\n\t\t\t\t\timageContainerSel:         '#slideshow_770_1',\n\t\t\t\t\tcontrolsContainerSel:      '#controls_770_1',\n\t\t\t\t\tcaptionContainerSel:       '#caption_770_1',  \n\t\t\t\t\tloadingContainerSel:       '#loading_770_1',\n\t\t\t\t\trenderSSControls:          true,\n\t\t\t\t\trenderNavControls:         true,\n\t\t\t\t\tplayLinkText:              'Play Slideshow',\n\t\t\t\t\tpauseLinkText:             'Pause Slideshow',\n\t\t\t\t\tprevLinkText:              '&lsaquo; Previous Photo',\n\t\t\t\t\tnextLinkText:              'Next Photo &rsaquo;',\n\t\t\t\t\tnextPageLinkText:          '&rsaquo;',\n\t\t\t\t\tprevPageLinkText:          '&lsaquo;',\n\t\t\t\t\tenableHistory:              0,\n\t\t\t\t\tautoStart:                 \t0,\n\t\t\t\t\tenableKeyboardNavigation:\ttrue,\n\t\t\t\t\tsyncTransitions:           \t1,\n\t\t\t\t\tdefaultTransitionDuration: \t300,\n\t\t\t\t\t\t\n\t\t\t\t\tonTransitionOut:           function(slide, caption, isSync, callback) {\n\t\t\t\t\t\tslide.fadeTo(this.getDefaultTransitionDuration(isSync), 0.0, callback);\n\t\t\t\t\t\tcaption.fadeTo(this.getDefaultTransitionDuration(isSync), 0.0);\n\t\t\t\t\t},\n\t\t\t\t\tonTransitionIn:            function(slide, caption, isSync) {\n\t\t\t\t\t\tvar duration = this.getDefaultTransitionDuration(isSync);\n\t\t\t\t\t\tslide.fadeTo(duration, 1.0);\n\t\n\t\t\t\t\t\t\/\/ Position the caption at the bottom of the image and set its opacity\n\t\t\t\t\t\tvar slideImage = slide.find('img');\n\t\t\t\t\t\tcaption.width(slideImage.width())\n\t\t\t\t\t\t\t.css({\n\t\t\t\t\t\t\t\t\/\/'bottom' : Math.floor((slide.height() - slideImage.outerHeight()) \/ 2 - 40),\n\t\t\t\t\t\t\t\t'top' : slideImage.outerHeight(),\n\t\t\t\t\t\t\t\t'left' : Math.floor((slide.width() - slideImage.width()) \/ 2) + slideImage.outerWidth() - slideImage.width()\n\t\t\t\t\t\t\t})\n\t\t\t\t\t\t\t.fadeTo(duration, 1.0);\n\t\t\t\t\t\t\n\t\t\t\t\t},\n\t\t\t\t\tonPageTransitionOut:       function(callback) {\n\t\t\t\t\t\tthis.hide();\n\t\t\t\t\t\tsetTimeout(callback, 100); \/\/ wait a bit\n\t\t\t\t\t},\n\t\t\t\t\tonPageTransitionIn:        function() {\n\t\t\t\t\t\tvar prevPageLink = this.find('a.prev').css('display', 'none');\n\t\t\t\t\t\tvar nextPageLink = this.find('a.next').css('display', 'none');\n\t\t\t\t\t\t\n\t\t\t\t\t\t\/\/ Show appropriate next \/ prev page links\n\t\t\t\t\t\tif (this.displayedPage > 0)\n\t\t\t\t\t\t\tprevPageLink.css('display', 'block');\n\t\t\n\t\t\t\t\t\tvar lastPage = this.getNumPages() - 1;\n\t\t\t\t\t\tif (this.displayedPage < lastPage)\n\t\t\t\t\t\t\tnextPageLink.css('display', 'block');\n\t\t\n\t\t\t\t\t\tthis.fadeTo('fast', 1.0);\n\t\t\t\t\t}\n\t\t\t\t\t\n\t\t\t\t}); \n\t\t\t\t\n\t\t\t\t\n\t\t\t\t\n\t\t\t\t\/**************** Event handlers for custom next \/ prev page links **********************\/\n\t\t\n\t\t\t\tgallery.find('a.prev').click(function(e) {\n\t\t\t\t\tgallery.previousPage();\n\t\t\t\t\te.preventDefault();\n\t\t\t\t});\n\t\t\n\t\t\t\tgallery.find('a.next').click(function(e) {\n\t\t\t\t\tgallery.nextPage(); \n\t\t\t\t\te.preventDefault();\n\t\t\t\t});\n\t\t\n\t\t\t});\n\t\t<\/script>\n\t\t\n\t\t\n","protected":false},"excerpt":{"rendered":"<p>15. \u2013 16. April Am sp\u00e4ten Nachmittag begaben wir uns auf den Weg nach Songdalen (30 min Fahrt von Kristiansand), um dort in der N\u00e4he Auerh\u00fchnern bei der Brunft zuzuschauen und zu h\u00f6ren. Unser Guide f\u00fcr diesen Trip war Svein, &hellip; <a href=\"https:\/\/home.uia.no\/katjaw14\/blog-2\/04-april\/bird-watching\/\">Continue reading <span class=\"meta-nav\">&rarr;<\/span><\/a><\/p>\n","protected":false},"author":621,"featured_media":0,"parent":694,"menu_order":0,"comment_status":"closed","ping_status":"closed","template":"","meta":{"_exactmetrics_skip_tracking":false,"_exactmetrics_sitenote_active":false,"_exactmetrics_sitenote_note":"","_exactmetrics_sitenote_category":0,"footnotes":""},"_links":{"self":[{"href":"https:\/\/home.uia.no\/katjaw14\/wp-json\/wp\/v2\/pages\/770"}],"collection":[{"href":"https:\/\/home.uia.no\/katjaw14\/wp-json\/wp\/v2\/pages"}],"about":[{"href":"https:\/\/home.uia.no\/katjaw14\/wp-json\/wp\/v2\/types\/page"}],"author":[{"embeddable":true,"href":"https:\/\/home.uia.no\/katjaw14\/wp-json\/wp\/v2\/users\/621"}],"replies":[{"embeddable":true,"href":"https:\/\/home.uia.no\/katjaw14\/wp-json\/wp\/v2\/comments?post=770"}],"version-history":[{"count":3,"href":"https:\/\/home.uia.no\/katjaw14\/wp-json\/wp\/v2\/pages\/770\/revisions"}],"predecessor-version":[{"id":935,"href":"https:\/\/home.uia.no\/katjaw14\/wp-json\/wp\/v2\/pages\/770\/revisions\/935"}],"up":[{"embeddable":true,"href":"https:\/\/home.uia.no\/katjaw14\/wp-json\/wp\/v2\/pages\/694"}],"wp:attachment":[{"href":"https:\/\/home.uia.no\/katjaw14\/wp-json\/wp\/v2\/media?parent=770"}],"curies":[{"name":"wp","href":"https:\/\/api.w.org\/{rel}","templated":true}]}}