
{"id":784,"date":"2015-04-18T10:49:04","date_gmt":"2015-04-18T09:49:04","guid":{"rendered":"http:\/\/home.uia.no\/katjaw14\/?page_id=784"},"modified":"2015-06-12T11:19:30","modified_gmt":"2015-06-12T10:19:30","slug":"02-besuch-von-mama-und-chris","status":"publish","type":"page","link":"https:\/\/home.uia.no\/katjaw14\/blog-2\/04-april\/02-besuch-von-mama-und-chris\/","title":{"rendered":"01 Besuch aus der Heimat"},"content":{"rendered":"<p>P\u00fcnktlich zum Ostersonntag hat mir der Osterhase noch ein Geschenk aus der Heimat mitgebracht: Mama und Christian sind angekommen, um mich f\u00fcr eine Woche in meiner aktuellen Heimat zu besuchen. Leider hatte ich nur eine Woche Osterferien, in der ich ja schon in Bergen war, sodass ich tags\u00fcber meist Uni hatte (jaaa Klettern kann auch ein Kurs an der Uni sein ;)) und deshalb meist nur sp\u00e4tnachmittags und abends Zeit f\u00fcr die beiden hatte. Gl\u00fccklicherweise war in dieser Woche aber meist herrliches Wetter f\u00fcr Norwegen, sodass sie die umliegende Natur (Jegersberg und Baneheia), genauso wie die Stadt schon einmal auf eigene Faust erkunden konnten.<\/p>\n<p>Am Ostermontag haben wir einen Ausflug auf die kleine Insel Flekker\u00f8y gemacht, um dort die sch\u00f6nen, typisch norwegischen (Ferien-?)H\u00e4user zu bestaunen und unser Ostermen\u00fc \u00fcber dem selbst angesch\u00fcrten Feuer zuzubereiten: Hotdogs in Lompe (Wraps aus Kartoffelteig) mit R\u00f6stzwiebeln und Senf\/Ketchup. In Norwegen ist es erlaubt zwischen dem 15. September und dem 15. April in der Natur ein Feuer zu machen, in der restlichen Zeit ist es eigentlich verboten, das hei\u00dft man wird f\u00fcr Folgesch\u00e4den richtig hart bestraft (aber eigentlich nicht, wenn nichts passiert :P). Zur Abrundung des Ostermontags gab es nachmittags im Garten von meinem Studentenwohnheim Kaffee und das mitgebrachte Osterlamm mit Ostereiern!<\/p>\n<p>Programm der n\u00e4chsten Tage war zum Beispiel der Besuch der w\u00f6chentlichen Waffel Hour an der Universitetet i Agder mit anschlie\u00dfendem Frisbee spielen, ein Ausflug zum S\u00f8rlandscenter (gro\u00dfer Shoppingcenter etwas au\u00dferhalb von Kristiansand), Abendspazierg\u00e4nge an der Bucht und in der Stadt, Schafkopf spielen (endlich mal wieder ein ordentliches Kartenspiel :D), uns gegenseitig leckeres Essen kochen (Rouladen \u00e4hnliches Geschnetzeltes mit Kl\u00f6sen und Blaukraut, Nudeln mit Lachs-Brokkoli-Sahne-So\u00dfe, \u2026), Geburtstag eines Komilitonen auf der Halbinsel Odder\u00f8ya feiern, Brot backen, ein Familien Skype Date, \u2026<\/p>\n<p>Am letzten Tag haben wir noch eine Sonntagstur auf die Halbinsel Odder\u00f8ya unternommen, um dort in den Felsen zu klettern, Lachswrap-Picknick zu machen, den Leuchtturm zu besuchen und leckere Waffeln im Waffel Haus zu essen!<\/p>\n<p>Ich habe mich sehr \u00fcber den Besuch gefreut und hoffe, dass ich einiges von der gelernten norwegischen Kutur zeigen und weitergeben konnte!<br \/>\nJetzt sind es auch nur noch 2 Monate, bis ich auch den Rest meiner Familie und Freunde daheim wieder sehe! J<\/p>\n\n\t\n\t\t<div class=\"gallery_clear\"><\/div> \n\t\t<div id=\"gallery_784_1\" class=\"photospace\"> \n\t\n\t\t\t<!-- Start Advanced Gallery Html Containers -->\n\t\t\t<div class=\"thumbs_wrap2\">\n\t\t\t\t<div class=\"thumbs_wrap\">\n\t\t\t\t\t<div id=\"thumbs_784_1\" class=\"thumnail_col \" >\n\t\t\t\t\t\t \n\t\t\t\t\t\t<ul class=\"thumbs noscript\">\t\t\t\t\n\t\t\t\t\t\t\n\t\t\t\t\t\t\t\t\t<li><a class=\"thumb\" href=\"https:\/\/home.uia.no\/katjaw14\/files\/2015\/04\/CIMG2035-400x300.jpg\" title=\"Velkommen\" >\t\t\t\t\t\t\t\t\n\t\t\t\t\t\t\t\t\t\t\t<img decoding=\"async\" src=\"https:\/\/home.uia.no\/katjaw14\/files\/2015\/04\/CIMG2035-50x50.jpg\" alt=\"\" title=\"Velkommen\" \/>\n\t\t\t\t\t\t\t\t\t\t<\/a>\n\t\t\t\t\t\t\t\t\t\t\n\t\t\t\t\t\t\t\t\t\t<div class=\"caption\">\n\t\t\t\t\t\t\t\t\t\t\t\n\t\t\t\t\t\t\t\t\t\t<\/div>\n\t\t\t\t\t\t\t\t\t\t\n\t\t\t\t\t\t\t\t\t<\/li>\n\t\t\t\t\t\t\t\t\n\t\t\t\t\t\t\t\t\t<li><a class=\"thumb\" href=\"https:\/\/home.uia.no\/katjaw14\/files\/2015\/04\/CIMG2040-400x300.jpg\" title=\"Flekker\u00f8y\" >\t\t\t\t\t\t\t\t\n\t\t\t\t\t\t\t\t\t\t\t<img decoding=\"async\" src=\"https:\/\/home.uia.no\/katjaw14\/files\/2015\/04\/CIMG2040-50x50.jpg\" alt=\"\" title=\"Flekker\u00f8y\" \/>\n\t\t\t\t\t\t\t\t\t\t<\/a>\n\t\t\t\t\t\t\t\t\t\t\n\t\t\t\t\t\t\t\t\t\t<div class=\"caption\">\n\t\t\t\t\t\t\t\t\t\t\t\n\t\t\t\t\t\t\t\t\t\t<\/div>\n\t\t\t\t\t\t\t\t\t\t\n\t\t\t\t\t\t\t\t\t<\/li>\n\t\t\t\t\t\t\t\t\n\t\t\t\t\t\t\t\t\t<li><a class=\"thumb\" href=\"https:\/\/home.uia.no\/katjaw14\/files\/2015\/04\/CIMG2046-400x112.jpg\" title=\"Flekker\u00f8y\" >\t\t\t\t\t\t\t\t\n\t\t\t\t\t\t\t\t\t\t\t<img decoding=\"async\" src=\"https:\/\/home.uia.no\/katjaw14\/files\/2015\/04\/CIMG2046-50x50.jpg\" alt=\"\" title=\"Flekker\u00f8y\" \/>\n\t\t\t\t\t\t\t\t\t\t<\/a>\n\t\t\t\t\t\t\t\t\t\t\n\t\t\t\t\t\t\t\t\t\t<div class=\"caption\">\n\t\t\t\t\t\t\t\t\t\t\t\n\t\t\t\t\t\t\t\t\t\t<\/div>\n\t\t\t\t\t\t\t\t\t\t\n\t\t\t\t\t\t\t\t\t<\/li>\n\t\t\t\t\t\t\t\t\n\t\t\t\t\t\t\t\t\t<li><a class=\"thumb\" href=\"https:\/\/home.uia.no\/katjaw14\/files\/2015\/04\/CIMG2049-400x300.jpg\" title=\"Flekker\u00f8y\" >\t\t\t\t\t\t\t\t\n\t\t\t\t\t\t\t\t\t\t\t<img decoding=\"async\" src=\"https:\/\/home.uia.no\/katjaw14\/files\/2015\/04\/CIMG2049-50x50.jpg\" alt=\"\" title=\"Flekker\u00f8y\" \/>\n\t\t\t\t\t\t\t\t\t\t<\/a>\n\t\t\t\t\t\t\t\t\t\t\n\t\t\t\t\t\t\t\t\t\t<div class=\"caption\">\n\t\t\t\t\t\t\t\t\t\t\t\n\t\t\t\t\t\t\t\t\t\t<\/div>\n\t\t\t\t\t\t\t\t\t\t\n\t\t\t\t\t\t\t\t\t<\/li>\n\t\t\t\t\t\t\t\t\n\t\t\t\t\t\t\t\t\t<li><a class=\"thumb\" href=\"https:\/\/home.uia.no\/katjaw14\/files\/2015\/04\/CIMG2051-400x300.jpg\" title=\"Flekker\u00f8y: Chris auf  &quot;seinem&quot; Balkon ;)\" >\t\t\t\t\t\t\t\t\n\t\t\t\t\t\t\t\t\t\t\t<img decoding=\"async\" src=\"https:\/\/home.uia.no\/katjaw14\/files\/2015\/04\/CIMG2051-50x50.jpg\" alt=\"\" title=\"Flekker\u00f8y: Chris auf  &quot;seinem&quot; Balkon ;)\" \/>\n\t\t\t\t\t\t\t\t\t\t<\/a>\n\t\t\t\t\t\t\t\t\t\t\n\t\t\t\t\t\t\t\t\t\t<div class=\"caption\">\n\t\t\t\t\t\t\t\t\t\t\t\n\t\t\t\t\t\t\t\t\t\t<\/div>\n\t\t\t\t\t\t\t\t\t\t\n\t\t\t\t\t\t\t\t\t<\/li>\n\t\t\t\t\t\t\t\t\n\t\t\t\t\t\t\t\t\t<li><a class=\"thumb\" href=\"https:\/\/home.uia.no\/katjaw14\/files\/2015\/04\/CIMG2057-400x300.jpg\" title=\"Flekker\u00f8y: Holz sammeln f\u00fcr das Lagerfeuer\" >\t\t\t\t\t\t\t\t\n\t\t\t\t\t\t\t\t\t\t\t<img decoding=\"async\" src=\"https:\/\/home.uia.no\/katjaw14\/files\/2015\/04\/CIMG2057-50x50.jpg\" alt=\"\" title=\"Flekker\u00f8y: Holz sammeln f\u00fcr das Lagerfeuer\" \/>\n\t\t\t\t\t\t\t\t\t\t<\/a>\n\t\t\t\t\t\t\t\t\t\t\n\t\t\t\t\t\t\t\t\t\t<div class=\"caption\">\n\t\t\t\t\t\t\t\t\t\t\t\n\t\t\t\t\t\t\t\t\t\t<\/div>\n\t\t\t\t\t\t\t\t\t\t\n\t\t\t\t\t\t\t\t\t<\/li>\n\t\t\t\t\t\t\t\t\n\t\t\t\t\t\t\t\t\t<li><a class=\"thumb\" href=\"https:\/\/home.uia.no\/katjaw14\/files\/2015\/04\/CIMG2064-400x300.jpg\" title=\"Flekker\u00f8y: Whirpool im Garten mit Blick aufs Meer &lt;3\" >\t\t\t\t\t\t\t\t\n\t\t\t\t\t\t\t\t\t\t\t<img decoding=\"async\" src=\"https:\/\/home.uia.no\/katjaw14\/files\/2015\/04\/CIMG2064-50x50.jpg\" alt=\"\" title=\"Flekker\u00f8y: Whirpool im Garten mit Blick aufs Meer &lt;3\" \/>\n\t\t\t\t\t\t\t\t\t\t<\/a>\n\t\t\t\t\t\t\t\t\t\t\n\t\t\t\t\t\t\t\t\t\t<div class=\"caption\">\n\t\t\t\t\t\t\t\t\t\t\t\n\t\t\t\t\t\t\t\t\t\t<\/div>\n\t\t\t\t\t\t\t\t\t\t\n\t\t\t\t\t\t\t\t\t<\/li>\n\t\t\t\t\t\t\t\t\n\t\t\t\t\t\t\t\t\t<li><a class=\"thumb\" href=\"https:\/\/home.uia.no\/katjaw14\/files\/2015\/04\/CIMG2070-400x300.jpg\" title=\"Flekker\u00f8y: Hotdogs am Lagerfeuer :)\" >\t\t\t\t\t\t\t\t\n\t\t\t\t\t\t\t\t\t\t\t<img decoding=\"async\" src=\"https:\/\/home.uia.no\/katjaw14\/files\/2015\/04\/CIMG2070-50x50.jpg\" alt=\"\" title=\"Flekker\u00f8y: Hotdogs am Lagerfeuer :)\" \/>\n\t\t\t\t\t\t\t\t\t\t<\/a>\n\t\t\t\t\t\t\t\t\t\t\n\t\t\t\t\t\t\t\t\t\t<div class=\"caption\">\n\t\t\t\t\t\t\t\t\t\t\t\n\t\t\t\t\t\t\t\t\t\t<\/div>\n\t\t\t\t\t\t\t\t\t\t\n\t\t\t\t\t\t\t\t\t<\/li>\n\t\t\t\t\t\t\t\t\n\t\t\t\t\t\t\t\t\t<li><a class=\"thumb\" href=\"https:\/\/home.uia.no\/katjaw14\/files\/2015\/04\/CIMG2074-400x300.jpg\" title=\"Flekker\u00f8y: Traumhaus?! \" >\t\t\t\t\t\t\t\t\n\t\t\t\t\t\t\t\t\t\t\t<img decoding=\"async\" src=\"https:\/\/home.uia.no\/katjaw14\/files\/2015\/04\/CIMG2074-50x50.jpg\" alt=\"\" title=\"Flekker\u00f8y: Traumhaus?! \" \/>\n\t\t\t\t\t\t\t\t\t\t<\/a>\n\t\t\t\t\t\t\t\t\t\t\n\t\t\t\t\t\t\t\t\t\t<div class=\"caption\">\n\t\t\t\t\t\t\t\t\t\t\t\n\t\t\t\t\t\t\t\t\t\t<\/div>\n\t\t\t\t\t\t\t\t\t\t\n\t\t\t\t\t\t\t\t\t<\/li>\n\t\t\t\t\t\t\t\t\n\t\t\t\t\t\t\t\t\t<li><a class=\"thumb\" href=\"https:\/\/home.uia.no\/katjaw14\/files\/2015\/04\/CIMG2077-400x300.jpg\" title=\"Osterlamm...\" >\t\t\t\t\t\t\t\t\n\t\t\t\t\t\t\t\t\t\t\t<img decoding=\"async\" src=\"https:\/\/home.uia.no\/katjaw14\/files\/2015\/04\/CIMG2077-50x50.jpg\" alt=\"\" title=\"Osterlamm...\" \/>\n\t\t\t\t\t\t\t\t\t\t<\/a>\n\t\t\t\t\t\t\t\t\t\t\n\t\t\t\t\t\t\t\t\t\t<div class=\"caption\">\n\t\t\t\t\t\t\t\t\t\t\t\n\t\t\t\t\t\t\t\t\t\t<\/div>\n\t\t\t\t\t\t\t\t\t\t\n\t\t\t\t\t\t\t\t\t<\/li>\n\t\t\t\t\t\t\t\t\n\t\t\t\t\t\t\t\t\t<li><a class=\"thumb\" href=\"https:\/\/home.uia.no\/katjaw14\/files\/2015\/04\/CIMG2079-400x300.jpg\" title=\"und Kaffee im Garten mit Mama, Chris, Anne und ihrem Freund Kai\" >\t\t\t\t\t\t\t\t\n\t\t\t\t\t\t\t\t\t\t\t<img decoding=\"async\" src=\"https:\/\/home.uia.no\/katjaw14\/files\/2015\/04\/CIMG2079-50x50.jpg\" alt=\"\" title=\"und Kaffee im Garten mit Mama, Chris, Anne und ihrem Freund Kai\" \/>\n\t\t\t\t\t\t\t\t\t\t<\/a>\n\t\t\t\t\t\t\t\t\t\t\n\t\t\t\t\t\t\t\t\t\t<div class=\"caption\">\n\t\t\t\t\t\t\t\t\t\t\t\n\t\t\t\t\t\t\t\t\t\t<\/div>\n\t\t\t\t\t\t\t\t\t\t\n\t\t\t\t\t\t\t\t\t<\/li>\n\t\t\t\t\t\t\t\t\n\t\t\t\t\t\t\t\t\t<li><a class=\"thumb\" href=\"https:\/\/home.uia.no\/katjaw14\/files\/2015\/04\/CIMG2088-400x300.jpg\" title=\"Waffel Hour an der UiA\" >\t\t\t\t\t\t\t\t\n\t\t\t\t\t\t\t\t\t\t\t<img decoding=\"async\" src=\"https:\/\/home.uia.no\/katjaw14\/files\/2015\/04\/CIMG2088-50x50.jpg\" alt=\"\" title=\"Waffel Hour an der UiA\" \/>\n\t\t\t\t\t\t\t\t\t\t<\/a>\n\t\t\t\t\t\t\t\t\t\t\n\t\t\t\t\t\t\t\t\t\t<div class=\"caption\">\n\t\t\t\t\t\t\t\t\t\t\t\n\t\t\t\t\t\t\t\t\t\t<\/div>\n\t\t\t\t\t\t\t\t\t\t\n\t\t\t\t\t\t\t\t\t<\/li>\n\t\t\t\t\t\t\t\t\n\t\t\t\t\t\t\t\t\t<li><a class=\"thumb\" href=\"https:\/\/home.uia.no\/katjaw14\/files\/2015\/04\/CIMG2090-400x300.jpg\" title=\"Frisbee im Uni-Innenhof\" >\t\t\t\t\t\t\t\t\n\t\t\t\t\t\t\t\t\t\t\t<img decoding=\"async\" src=\"https:\/\/home.uia.no\/katjaw14\/files\/2015\/04\/CIMG2090-50x50.jpg\" alt=\"\" title=\"Frisbee im Uni-Innenhof\" \/>\n\t\t\t\t\t\t\t\t\t\t<\/a>\n\t\t\t\t\t\t\t\t\t\t\n\t\t\t\t\t\t\t\t\t\t<div class=\"caption\">\n\t\t\t\t\t\t\t\t\t\t\t\n\t\t\t\t\t\t\t\t\t\t<\/div>\n\t\t\t\t\t\t\t\t\t\t\n\t\t\t\t\t\t\t\t\t<\/li>\n\t\t\t\t\t\t\t\t\n\t\t\t\t\t\t\t\t\t<li><a class=\"thumb\" href=\"https:\/\/home.uia.no\/katjaw14\/files\/2015\/04\/CIMG2094-400x300.jpg\" title=\"Familien-Skype-Date :D\" >\t\t\t\t\t\t\t\t\n\t\t\t\t\t\t\t\t\t\t\t<img decoding=\"async\" src=\"https:\/\/home.uia.no\/katjaw14\/files\/2015\/04\/CIMG2094-50x50.jpg\" alt=\"\" title=\"Familien-Skype-Date :D\" \/>\n\t\t\t\t\t\t\t\t\t\t<\/a>\n\t\t\t\t\t\t\t\t\t\t\n\t\t\t\t\t\t\t\t\t\t<div class=\"caption\">\n\t\t\t\t\t\t\t\t\t\t\t\n\t\t\t\t\t\t\t\t\t\t<\/div>\n\t\t\t\t\t\t\t\t\t\t\n\t\t\t\t\t\t\t\t\t<\/li>\n\t\t\t\t\t\t\t\t\n\t\t\t\t\t\t\t\t\t<li><a class=\"thumb\" href=\"https:\/\/home.uia.no\/katjaw14\/files\/2015\/04\/CIMG2149-375x500.jpg\" title=\"Abendspaziergang an der Bucht\" >\t\t\t\t\t\t\t\t\n\t\t\t\t\t\t\t\t\t\t\t<img decoding=\"async\" src=\"https:\/\/home.uia.no\/katjaw14\/files\/2015\/04\/CIMG2149-50x50.jpg\" alt=\"\" title=\"Abendspaziergang an der Bucht\" \/>\n\t\t\t\t\t\t\t\t\t\t<\/a>\n\t\t\t\t\t\t\t\t\t\t\n\t\t\t\t\t\t\t\t\t\t<div class=\"caption\">\n\t\t\t\t\t\t\t\t\t\t\t\n\t\t\t\t\t\t\t\t\t\t<\/div>\n\t\t\t\t\t\t\t\t\t\t\n\t\t\t\t\t\t\t\t\t<\/li>\n\t\t\t\t\t\t\t\t\n\t\t\t\t\t\t\t\t\t<li><a class=\"thumb\" href=\"https:\/\/home.uia.no\/katjaw14\/files\/2015\/04\/CIMG2160-400x300.jpg\" title=\"Sonnenuntergang auf dem Heimweg\" >\t\t\t\t\t\t\t\t\n\t\t\t\t\t\t\t\t\t\t\t<img decoding=\"async\" src=\"https:\/\/home.uia.no\/katjaw14\/files\/2015\/04\/CIMG2160-50x50.jpg\" alt=\"\" title=\"Sonnenuntergang auf dem Heimweg\" \/>\n\t\t\t\t\t\t\t\t\t\t<\/a>\n\t\t\t\t\t\t\t\t\t\t\n\t\t\t\t\t\t\t\t\t\t<div class=\"caption\">\n\t\t\t\t\t\t\t\t\t\t\t\n\t\t\t\t\t\t\t\t\t\t<\/div>\n\t\t\t\t\t\t\t\t\t\t\n\t\t\t\t\t\t\t\t\t<\/li>\n\t\t\t\t\t\t\t\t\n\t\t\t\t\t\t\t\t\t<li><a class=\"thumb\" href=\"https:\/\/home.uia.no\/katjaw14\/files\/2015\/04\/CIMG2271-400x300.jpg\" title=\"Roligheden Bay\" >\t\t\t\t\t\t\t\t\n\t\t\t\t\t\t\t\t\t\t\t<img decoding=\"async\" src=\"https:\/\/home.uia.no\/katjaw14\/files\/2015\/04\/CIMG2271-50x50.jpg\" alt=\"\" title=\"Roligheden Bay\" \/>\n\t\t\t\t\t\t\t\t\t\t<\/a>\n\t\t\t\t\t\t\t\t\t\t\n\t\t\t\t\t\t\t\t\t\t<div class=\"caption\">\n\t\t\t\t\t\t\t\t\t\t\t\n\t\t\t\t\t\t\t\t\t\t<\/div>\n\t\t\t\t\t\t\t\t\t\t\n\t\t\t\t\t\t\t\t\t<\/li>\n\t\t\t\t\t\t\t\t\n\t\t\t\t\t\t\t\t\t<li><a class=\"thumb\" href=\"https:\/\/home.uia.no\/katjaw14\/files\/2015\/04\/CIMG2280-375x500.jpg\" title=\"Roligheden Bay bei etwas tr\u00fcbem Wetter...\" >\t\t\t\t\t\t\t\t\n\t\t\t\t\t\t\t\t\t\t\t<img decoding=\"async\" src=\"https:\/\/home.uia.no\/katjaw14\/files\/2015\/04\/CIMG2280-50x50.jpg\" alt=\"\" title=\"Roligheden Bay bei etwas tr\u00fcbem Wetter...\" \/>\n\t\t\t\t\t\t\t\t\t\t<\/a>\n\t\t\t\t\t\t\t\t\t\t\n\t\t\t\t\t\t\t\t\t\t<div class=\"caption\">\n\t\t\t\t\t\t\t\t\t\t\t\n\t\t\t\t\t\t\t\t\t\t<\/div>\n\t\t\t\t\t\t\t\t\t\t\n\t\t\t\t\t\t\t\t\t<\/li>\n\t\t\t\t\t\t\t\t\n\t\t\t\t\t\t\t\t\t<li><a class=\"thumb\" href=\"https:\/\/home.uia.no\/katjaw14\/files\/2015\/04\/CIMG2287-400x300.jpg\" title=\"Geschwister in der Bucht\" >\t\t\t\t\t\t\t\t\n\t\t\t\t\t\t\t\t\t\t\t<img decoding=\"async\" src=\"https:\/\/home.uia.no\/katjaw14\/files\/2015\/04\/CIMG2287-50x50.jpg\" alt=\"\" title=\"Geschwister in der Bucht\" \/>\n\t\t\t\t\t\t\t\t\t\t<\/a>\n\t\t\t\t\t\t\t\t\t\t\n\t\t\t\t\t\t\t\t\t\t<div class=\"caption\">\n\t\t\t\t\t\t\t\t\t\t\t\n\t\t\t\t\t\t\t\t\t\t<\/div>\n\t\t\t\t\t\t\t\t\t\t\n\t\t\t\t\t\t\t\t\t<\/li>\n\t\t\t\t\t\t\t\t\n\t\t\t\t\t\t\t\t\t<li><a class=\"thumb\" href=\"https:\/\/home.uia.no\/katjaw14\/files\/2015\/04\/CIMG2295-400x112.jpg\" title=\"Selfiiiiie ;)\" >\t\t\t\t\t\t\t\t\n\t\t\t\t\t\t\t\t\t\t\t<img decoding=\"async\" src=\"https:\/\/home.uia.no\/katjaw14\/files\/2015\/04\/CIMG2295-50x50.jpg\" alt=\"\" title=\"Selfiiiiie ;)\" \/>\n\t\t\t\t\t\t\t\t\t\t<\/a>\n\t\t\t\t\t\t\t\t\t\t\n\t\t\t\t\t\t\t\t\t\t<div class=\"caption\">\n\t\t\t\t\t\t\t\t\t\t\t\n\t\t\t\t\t\t\t\t\t\t<\/div>\n\t\t\t\t\t\t\t\t\t\t\n\t\t\t\t\t\t\t\t\t<\/li>\n\t\t\t\t\t\t\t\t\n\t\t\t\t\t\t\t\t\t<li><a class=\"thumb\" href=\"https:\/\/home.uia.no\/katjaw14\/files\/2015\/04\/CIMG2303-400x300.jpg\" title=\"das k\u00f6nnte Ihr Auto sein... ;)\" >\t\t\t\t\t\t\t\t\n\t\t\t\t\t\t\t\t\t\t\t<img decoding=\"async\" src=\"https:\/\/home.uia.no\/katjaw14\/files\/2015\/04\/CIMG2303-50x50.jpg\" alt=\"\" title=\"das k\u00f6nnte Ihr Auto sein... ;)\" \/>\n\t\t\t\t\t\t\t\t\t\t<\/a>\n\t\t\t\t\t\t\t\t\t\t\n\t\t\t\t\t\t\t\t\t\t<div class=\"caption\">\n\t\t\t\t\t\t\t\t\t\t\t\n\t\t\t\t\t\t\t\t\t\t<\/div>\n\t\t\t\t\t\t\t\t\t\t\n\t\t\t\t\t\t\t\t\t<\/li>\n\t\t\t\t\t\t\t\t\n\t\t\t\t\t\t\t\t\t<li><a class=\"thumb\" href=\"https:\/\/home.uia.no\/katjaw14\/files\/2015\/04\/CIMG2306-400x300.jpg\" title=\"Karten spielen :)\" >\t\t\t\t\t\t\t\t\n\t\t\t\t\t\t\t\t\t\t\t<img decoding=\"async\" src=\"https:\/\/home.uia.no\/katjaw14\/files\/2015\/04\/CIMG2306-50x50.jpg\" alt=\"\" title=\"Karten spielen :)\" \/>\n\t\t\t\t\t\t\t\t\t\t<\/a>\n\t\t\t\t\t\t\t\t\t\t\n\t\t\t\t\t\t\t\t\t\t<div class=\"caption\">\n\t\t\t\t\t\t\t\t\t\t\t\n\t\t\t\t\t\t\t\t\t\t<\/div>\n\t\t\t\t\t\t\t\t\t\t\n\t\t\t\t\t\t\t\t\t<\/li>\n\t\t\t\t\t\t\t\t\n\t\t\t\t\t\t\t\t\t<li><a class=\"thumb\" href=\"https:\/\/home.uia.no\/katjaw14\/files\/2015\/04\/CIMG2309-375x500.jpg\" title=\"B\u00e4ckermeister\" >\t\t\t\t\t\t\t\t\n\t\t\t\t\t\t\t\t\t\t\t<img decoding=\"async\" src=\"https:\/\/home.uia.no\/katjaw14\/files\/2015\/04\/CIMG2309-50x50.jpg\" alt=\"\" title=\"B\u00e4ckermeister\" \/>\n\t\t\t\t\t\t\t\t\t\t<\/a>\n\t\t\t\t\t\t\t\t\t\t\n\t\t\t\t\t\t\t\t\t\t<div class=\"caption\">\n\t\t\t\t\t\t\t\t\t\t\t\n\t\t\t\t\t\t\t\t\t\t<\/div>\n\t\t\t\t\t\t\t\t\t\t\n\t\t\t\t\t\t\t\t\t<\/li>\n\t\t\t\t\t\t\t\t\n\t\t\t\t\t\t\t\t\t<li><a class=\"thumb\" href=\"https:\/\/home.uia.no\/katjaw14\/files\/2015\/04\/CIMG2310-375x500.jpg\" title=\"Mitbringsel von daheim &lt;3\" >\t\t\t\t\t\t\t\t\n\t\t\t\t\t\t\t\t\t\t\t<img decoding=\"async\" src=\"https:\/\/home.uia.no\/katjaw14\/files\/2015\/04\/CIMG2310-50x50.jpg\" alt=\"\" title=\"Mitbringsel von daheim &lt;3\" \/>\n\t\t\t\t\t\t\t\t\t\t<\/a>\n\t\t\t\t\t\t\t\t\t\t\n\t\t\t\t\t\t\t\t\t\t<div class=\"caption\">\n\t\t\t\t\t\t\t\t\t\t\t\n\t\t\t\t\t\t\t\t\t\t<\/div>\n\t\t\t\t\t\t\t\t\t\t\n\t\t\t\t\t\t\t\t\t<\/li>\n\t\t\t\t\t\t\t\t\n\t\t\t\t\t\t\t\t\t<li><a class=\"thumb\" href=\"https:\/\/home.uia.no\/katjaw14\/files\/2015\/04\/CIMG2317-400x300.jpg\" title=\"Abendspaziergang\" >\t\t\t\t\t\t\t\t\n\t\t\t\t\t\t\t\t\t\t\t<img decoding=\"async\" src=\"https:\/\/home.uia.no\/katjaw14\/files\/2015\/04\/CIMG2317-50x50.jpg\" alt=\"\" title=\"Abendspaziergang\" \/>\n\t\t\t\t\t\t\t\t\t\t<\/a>\n\t\t\t\t\t\t\t\t\t\t\n\t\t\t\t\t\t\t\t\t\t<div class=\"caption\">\n\t\t\t\t\t\t\t\t\t\t\t\n\t\t\t\t\t\t\t\t\t\t<\/div>\n\t\t\t\t\t\t\t\t\t\t\n\t\t\t\t\t\t\t\t\t<\/li>\n\t\t\t\t\t\t\t\t\n\t\t\t\t\t\t\t\t\t<li><a class=\"thumb\" href=\"https:\/\/home.uia.no\/katjaw14\/files\/2015\/04\/CIMG2322-400x300.jpg\" title=\"Stadt-Bucht\" >\t\t\t\t\t\t\t\t\n\t\t\t\t\t\t\t\t\t\t\t<img decoding=\"async\" src=\"https:\/\/home.uia.no\/katjaw14\/files\/2015\/04\/CIMG2322-50x50.jpg\" alt=\"\" title=\"Stadt-Bucht\" \/>\n\t\t\t\t\t\t\t\t\t\t<\/a>\n\t\t\t\t\t\t\t\t\t\t\n\t\t\t\t\t\t\t\t\t\t<div class=\"caption\">\n\t\t\t\t\t\t\t\t\t\t\t\n\t\t\t\t\t\t\t\t\t\t<\/div>\n\t\t\t\t\t\t\t\t\t\t\n\t\t\t\t\t\t\t\t\t<\/li>\n\t\t\t\t\t\t\t\t\n\t\t\t\t\t\t\t\t\t<li><a class=\"thumb\" href=\"https:\/\/home.uia.no\/katjaw14\/files\/2015\/04\/CIMG2323-400x112.jpg\" title=\"Odder\u00f8ya\" >\t\t\t\t\t\t\t\t\n\t\t\t\t\t\t\t\t\t\t\t<img decoding=\"async\" src=\"https:\/\/home.uia.no\/katjaw14\/files\/2015\/04\/CIMG2323-50x50.jpg\" alt=\"\" title=\"Odder\u00f8ya\" \/>\n\t\t\t\t\t\t\t\t\t\t<\/a>\n\t\t\t\t\t\t\t\t\t\t\n\t\t\t\t\t\t\t\t\t\t<div class=\"caption\">\n\t\t\t\t\t\t\t\t\t\t\t\n\t\t\t\t\t\t\t\t\t\t<\/div>\n\t\t\t\t\t\t\t\t\t\t\n\t\t\t\t\t\t\t\t\t<\/li>\n\t\t\t\t\t\t\t\t\n\t\t\t\t\t\t\t\t\t<li><a class=\"thumb\" href=\"https:\/\/home.uia.no\/katjaw14\/files\/2015\/04\/CIMG2332-375x500.jpg\" title=\"Picknick auf Odder\u00f8ya\" >\t\t\t\t\t\t\t\t\n\t\t\t\t\t\t\t\t\t\t\t<img decoding=\"async\" src=\"https:\/\/home.uia.no\/katjaw14\/files\/2015\/04\/CIMG2332-50x50.jpg\" alt=\"\" title=\"Picknick auf Odder\u00f8ya\" \/>\n\t\t\t\t\t\t\t\t\t\t<\/a>\n\t\t\t\t\t\t\t\t\t\t\n\t\t\t\t\t\t\t\t\t\t<div class=\"caption\">\n\t\t\t\t\t\t\t\t\t\t\t\n\t\t\t\t\t\t\t\t\t\t<\/div>\n\t\t\t\t\t\t\t\t\t\t\n\t\t\t\t\t\t\t\t\t<\/li>\n\t\t\t\t\t\t\t\t\n\t\t\t\t\t\t\t\t\t<li><a class=\"thumb\" href=\"https:\/\/home.uia.no\/katjaw14\/files\/2015\/04\/CIMG2339-400x300.jpg\" title=\"Odder\u00f8ya Fyr\" >\t\t\t\t\t\t\t\t\n\t\t\t\t\t\t\t\t\t\t\t<img decoding=\"async\" src=\"https:\/\/home.uia.no\/katjaw14\/files\/2015\/04\/CIMG2339-50x50.jpg\" alt=\"\" title=\"Odder\u00f8ya Fyr\" \/>\n\t\t\t\t\t\t\t\t\t\t<\/a>\n\t\t\t\t\t\t\t\t\t\t\n\t\t\t\t\t\t\t\t\t\t<div class=\"caption\">\n\t\t\t\t\t\t\t\t\t\t\t\n\t\t\t\t\t\t\t\t\t\t<\/div>\n\t\t\t\t\t\t\t\t\t\t\n\t\t\t\t\t\t\t\t\t<\/li>\n\t\t\t\t\t\t\t\t\n\t\t\t\t\t\t\t\t\t<li><a class=\"thumb\" href=\"https:\/\/home.uia.no\/katjaw14\/files\/2015\/04\/CIMG2351-400x300.jpg\" title=\"Odder\u00f8ya Waffel House\" >\t\t\t\t\t\t\t\t\n\t\t\t\t\t\t\t\t\t\t\t<img decoding=\"async\" src=\"https:\/\/home.uia.no\/katjaw14\/files\/2015\/04\/CIMG2351-50x50.jpg\" alt=\"\" title=\"Odder\u00f8ya Waffel House\" \/>\n\t\t\t\t\t\t\t\t\t\t<\/a>\n\t\t\t\t\t\t\t\t\t\t\n\t\t\t\t\t\t\t\t\t\t<div class=\"caption\">\n\t\t\t\t\t\t\t\t\t\t\t\n\t\t\t\t\t\t\t\t\t\t<\/div>\n\t\t\t\t\t\t\t\t\t\t\n\t\t\t\t\t\t\t\t\t<\/li>\n\t\t\t\t\t\t\t\t\n\t\t\t\t\t\t\t\t\t<li><a class=\"thumb\" href=\"https:\/\/home.uia.no\/katjaw14\/files\/2015\/04\/CIMG2354-375x500.jpg\" title=\"Odder\u00f8ya\" >\t\t\t\t\t\t\t\t\n\t\t\t\t\t\t\t\t\t\t\t<img decoding=\"async\" src=\"https:\/\/home.uia.no\/katjaw14\/files\/2015\/04\/CIMG2354-50x50.jpg\" alt=\"\" title=\"Odder\u00f8ya\" \/>\n\t\t\t\t\t\t\t\t\t\t<\/a>\n\t\t\t\t\t\t\t\t\t\t\n\t\t\t\t\t\t\t\t\t\t<div class=\"caption\">\n\t\t\t\t\t\t\t\t\t\t\t\n\t\t\t\t\t\t\t\t\t\t<\/div>\n\t\t\t\t\t\t\t\t\t\t\n\t\t\t\t\t\t\t\t\t<\/li>\n\t\t\t\t\t\t\t\t\n\t\t\t\t\t\t<\/ul>\n\t\t\t\t\t\t\t\t<div class=\"photospace_clear\"><\/div>\n\t\t\t\t\t\t\t\t<a class=\"pageLink prev\" style=\"display:none\" href=\"#\" title=\"Previous Page\"><\/a>\n\t\t\t\t\t\t<a class=\"pageLink next\" style=\"display:none\" href=\"#\" title=\"Next Page\"><\/a>\n\t\t\t\t\t<\/div>\n\t\t\t\t<\/div>\n\t\t\t<\/div>\n\t\t\t\n\t\t\t<!-- Start Advanced Gallery Html Containers -->\n\t\t\t<div class=\"gal_content\">\n\t\t\t\t\n\t\t\t\t<div class=\"slideshow-container\">\n\t\t\t\t\t<div id=\"loading_784_1\" class=\"loader\"><\/div>\n\t\t\t\t\t<div id=\"slideshow_784_1\" class=\"slideshow\"><\/div>\n\t\t\t\t\t<div id=\"caption_784_1\" class=\"caption-container\"><\/div>\n\t\t\t\t<\/div>\n\t\t\t\t\n\t\t\t<\/div>\n\t\n\t<\/div>\n\t\n\t<div class=\"gallery_clear\"><\/div>\n\t\n\t\n\t\n\t<script type='text\/javascript'>\n\t\t\t\n\t\t\tjQuery(document).ready(function($) {\n\t\t\t\t\n\t\t\t\t\/\/ We only want these styles applied when javascript is enabled\n\t\t\t\t$('.gal_content').css('display', 'block');\n\t\t\t\t$('.thumnail_col').css('width', '181px');\n\t\t\t\t\n\t\t\t\t\/\/ Initialize Advanced Galleriffic Gallery \n\t\t\t\tvar gallery = $('#thumbs_784_1').galleriffic({ \n\t\t\t\t\tdelay:                     3500,\n\t\t\t\t\tnumThumbs:                 9,\n\t\t\t\t\tpreloadAhead:              9,\n\t\t\t\t\tenableTopPager:            0,\n\t\t\t\t\tenableBottomPager:         false,\n\t\t\t\t\timageContainerSel:         '#slideshow_784_1',\n\t\t\t\t\tcontrolsContainerSel:      '#controls_784_1',\n\t\t\t\t\tcaptionContainerSel:       '#caption_784_1',  \n\t\t\t\t\tloadingContainerSel:       '#loading_784_1',\n\t\t\t\t\trenderSSControls:          true,\n\t\t\t\t\trenderNavControls:         true,\n\t\t\t\t\tplayLinkText:              'Play Slideshow',\n\t\t\t\t\tpauseLinkText:             'Pause Slideshow',\n\t\t\t\t\tprevLinkText:              '&lsaquo; Previous Photo',\n\t\t\t\t\tnextLinkText:              'Next Photo &rsaquo;',\n\t\t\t\t\tnextPageLinkText:          '&rsaquo;',\n\t\t\t\t\tprevPageLinkText:          '&lsaquo;',\n\t\t\t\t\tenableHistory:              0,\n\t\t\t\t\tautoStart:                 \t0,\n\t\t\t\t\tenableKeyboardNavigation:\ttrue,\n\t\t\t\t\tsyncTransitions:           \t1,\n\t\t\t\t\tdefaultTransitionDuration: \t300,\n\t\t\t\t\t\t\n\t\t\t\t\tonTransitionOut:           function(slide, caption, isSync, callback) {\n\t\t\t\t\t\tslide.fadeTo(this.getDefaultTransitionDuration(isSync), 0.0, callback);\n\t\t\t\t\t\tcaption.fadeTo(this.getDefaultTransitionDuration(isSync), 0.0);\n\t\t\t\t\t},\n\t\t\t\t\tonTransitionIn:            function(slide, caption, isSync) {\n\t\t\t\t\t\tvar duration = this.getDefaultTransitionDuration(isSync);\n\t\t\t\t\t\tslide.fadeTo(duration, 1.0);\n\t\n\t\t\t\t\t\t\/\/ Position the caption at the bottom of the image and set its opacity\n\t\t\t\t\t\tvar slideImage = slide.find('img');\n\t\t\t\t\t\tcaption.width(slideImage.width())\n\t\t\t\t\t\t\t.css({\n\t\t\t\t\t\t\t\t\/\/'bottom' : Math.floor((slide.height() - slideImage.outerHeight()) \/ 2 - 40),\n\t\t\t\t\t\t\t\t'top' : slideImage.outerHeight(),\n\t\t\t\t\t\t\t\t'left' : Math.floor((slide.width() - slideImage.width()) \/ 2) + slideImage.outerWidth() - slideImage.width()\n\t\t\t\t\t\t\t})\n\t\t\t\t\t\t\t.fadeTo(duration, 1.0);\n\t\t\t\t\t\t\n\t\t\t\t\t},\n\t\t\t\t\tonPageTransitionOut:       function(callback) {\n\t\t\t\t\t\tthis.hide();\n\t\t\t\t\t\tsetTimeout(callback, 100); \/\/ wait a bit\n\t\t\t\t\t},\n\t\t\t\t\tonPageTransitionIn:        function() {\n\t\t\t\t\t\tvar prevPageLink = this.find('a.prev').css('display', 'none');\n\t\t\t\t\t\tvar nextPageLink = this.find('a.next').css('display', 'none');\n\t\t\t\t\t\t\n\t\t\t\t\t\t\/\/ Show appropriate next \/ prev page links\n\t\t\t\t\t\tif (this.displayedPage > 0)\n\t\t\t\t\t\t\tprevPageLink.css('display', 'block');\n\t\t\n\t\t\t\t\t\tvar lastPage = this.getNumPages() - 1;\n\t\t\t\t\t\tif (this.displayedPage < lastPage)\n\t\t\t\t\t\t\tnextPageLink.css('display', 'block');\n\t\t\n\t\t\t\t\t\tthis.fadeTo('fast', 1.0);\n\t\t\t\t\t}\n\t\t\t\t\t\n\t\t\t\t}); \n\t\t\t\t\n\t\t\t\t\n\t\t\t\t\n\t\t\t\t\/**************** Event handlers for custom next \/ prev page links **********************\/\n\t\t\n\t\t\t\tgallery.find('a.prev').click(function(e) {\n\t\t\t\t\tgallery.previousPage();\n\t\t\t\t\te.preventDefault();\n\t\t\t\t});\n\t\t\n\t\t\t\tgallery.find('a.next').click(function(e) {\n\t\t\t\t\tgallery.nextPage(); \n\t\t\t\t\te.preventDefault();\n\t\t\t\t});\n\t\t\n\t\t\t});\n\t\t<\/script>\n\t\t\n\t\t\n","protected":false},"excerpt":{"rendered":"<p>P\u00fcnktlich zum Ostersonntag hat mir der Osterhase noch ein Geschenk aus der Heimat mitgebracht: Mama und Christian sind angekommen, um mich f\u00fcr eine Woche in meiner aktuellen Heimat zu besuchen. Leider hatte ich nur eine Woche Osterferien, in der ich &hellip; <a href=\"https:\/\/home.uia.no\/katjaw14\/blog-2\/04-april\/02-besuch-von-mama-und-chris\/\">Continue reading <span class=\"meta-nav\">&rarr;<\/span><\/a><\/p>\n","protected":false},"author":621,"featured_media":0,"parent":694,"menu_order":0,"comment_status":"closed","ping_status":"closed","template":"","meta":{"_exactmetrics_skip_tracking":false,"_exactmetrics_sitenote_active":false,"_exactmetrics_sitenote_note":"","_exactmetrics_sitenote_category":0,"footnotes":""},"_links":{"self":[{"href":"https:\/\/home.uia.no\/katjaw14\/wp-json\/wp\/v2\/pages\/784"}],"collection":[{"href":"https:\/\/home.uia.no\/katjaw14\/wp-json\/wp\/v2\/pages"}],"about":[{"href":"https:\/\/home.uia.no\/katjaw14\/wp-json\/wp\/v2\/types\/page"}],"author":[{"embeddable":true,"href":"https:\/\/home.uia.no\/katjaw14\/wp-json\/wp\/v2\/users\/621"}],"replies":[{"embeddable":true,"href":"https:\/\/home.uia.no\/katjaw14\/wp-json\/wp\/v2\/comments?post=784"}],"version-history":[{"count":6,"href":"https:\/\/home.uia.no\/katjaw14\/wp-json\/wp\/v2\/pages\/784\/revisions"}],"predecessor-version":[{"id":817,"href":"https:\/\/home.uia.no\/katjaw14\/wp-json\/wp\/v2\/pages\/784\/revisions\/817"}],"up":[{"embeddable":true,"href":"https:\/\/home.uia.no\/katjaw14\/wp-json\/wp\/v2\/pages\/694"}],"wp:attachment":[{"href":"https:\/\/home.uia.no\/katjaw14\/wp-json\/wp\/v2\/media?parent=784"}],"curies":[{"name":"wp","href":"https:\/\/api.w.org\/{rel}","templated":true}]}}