
{"id":822,"date":"2015-04-19T09:21:51","date_gmt":"2015-04-19T08:21:51","guid":{"rendered":"http:\/\/home.uia.no\/katjaw14\/?page_id=822"},"modified":"2015-04-19T10:11:14","modified_gmt":"2015-04-19T09:11:14","slug":"03-klettern","status":"publish","type":"page","link":"https:\/\/home.uia.no\/katjaw14\/blog-2\/04-april\/03-klettern\/","title":{"rendered":"03 Klettern"},"content":{"rendered":"<p>7. \u2013 10. April<\/p>\n<p>Bei einem Studiengang, der Friluftsliv hei\u00dft, kann es auch vorkommen, dass eine Woche nur aus Klettern und allem m\u00f6glichem Wissenserwerb au\u00dfen herum besteht. Gl\u00fccklicherweise war genau diese Woche bis auf Freitag super Wetter, sodass wir gen\u00fcgend Zeit hatten, unsere neuen Kenntnisse in die Tat umzusetzen. Neben dem \u201enormalem\u201c Top Rope Klettern haben wir auch die Basiskenntnisse des Abseilens und des \u201eLead Climbings\u201c (Vorstieg) gelernt und umgesetzt.<\/p>\n<p>Nach einem Tag in der Kletterhalle, ging es dann an den richtigen Stein und zwar an den W\u00e4nden der Halbinsel Odderoya. Los ging es zum Aufw\u00e4rmen mit ein bisschen Bouldern mit Spotter (eine Person steht hinter dem Bouldernden, beobachtet aufmerksam und hat die H\u00e4nde bereit, um ihn im Notfall aufzufangen\/einen Sto\u00df am R\u00fccken zu geben, um St\u00fcrze auf den Kopf zu vermeiden). Nach Erkundung der umliegenden Felsbrocken, ging es dann an die 15 \u2013 20 Meter hohe Wand. F\u00fcr viele war es recht ungewohnt, da sie das erste Mal drau\u00dfen am richtigen Stein geklettert sind. Ich war es allerdings eher gewohnt als die Griffe der Kletterhalle (Erfahrung am Kemnitzenstein) und mag es auch definitiv lieber! Das Problem an diesen hohen W\u00e4nden war nur, dass man doch irgendwann merkt, dass die Unterarmmuskeln bei normalen Menschen nicht daf\u00fcr ausgebildet sind und gerne mal nach einem Gro\u00dfteil der Strecke streiken\u2026 Aber wir hatten ja zum Gl\u00fcck 4 Tage Zeit und auch ein paar Alternativaktivit\u00e4ten: H\u00e4ngematte, Slackline und Baumklettern :D.<\/p>\n<p>Teil dieser Ausbildung war auch die Seilkunde, also der Umgang mit Seilen. So haben wir z. B. gelernt, wie man sich auf Geltschern gegenseitig etwas unterst\u00fctzen kann, indem mehrere Personen ihren Klettergurt an einem gemeinsamen Seil verbinden. Dadurch wird das bergauf und bergab Steigen erleichtert und gr\u00f6\u00dfere St\u00fcrze verhindert. Weiterhin haben wir 2 Methoden f\u00fcr Seil-Tragen gelernt, falls sich ein Teammitglied verletzt, nicht mehr laufen kann und eine gewisse Strecke getragen werden muss. Auch das \u201eVerstauen\u201c eines 40 Meter Seils soll gewusst sein. Um es am Ende wie einen Rucksack tragen zu k\u00f6nnen bzw. sich auch einfach nur ins Genick zu legen, gibt es eine relativ einfache und schnelle \u201eLegetechnik\u201c, die man aber eben erst mal wissen muss\u2026 \ud83d\ude09<\/p>\n<p>Insgesamt mal wieder eine sch\u00f6ne, wissenswerte, aber auch anstrengende (jeden Tag 45 min hin und zur\u00fcck laufen &amp; einige Stunden klettern etc.) Woche meines Outdoor-Studiengangs! Leider vergisst man die ganzen Knoten und Abl\u00e4ufe immer schnell, wenn man sie nicht regelm\u00e4\u00dfig anwendet\u2026 Aber auf dem baldigen Mountain to Fjord Trip k\u00f6nnen wir das dann noch einmal vertiefen. Au\u00dferdem f\u00e4ngt ja der Sommer erst an, sodass sich evtl. doch noch einmal die M\u00f6glichkeit zum Klettern ergibt (einige Outdoor Studenten haben eine ordentliche Kletterausr\u00fcstung dabei und manche Dinge kann man sich auch von der Uni ausleihen).<\/p>\n\n\t\n\t\t<div class=\"gallery_clear\"><\/div> \n\t\t<div id=\"gallery_822_1\" class=\"photospace\"> \n\t\n\t\t\t<!-- Start Advanced Gallery Html Containers -->\n\t\t\t<div class=\"thumbs_wrap2\">\n\t\t\t\t<div class=\"thumbs_wrap\">\n\t\t\t\t\t<div id=\"thumbs_822_1\" class=\"thumnail_col \" >\n\t\t\t\t\t\t \n\t\t\t\t\t\t<ul class=\"thumbs noscript\">\t\t\t\t\n\t\t\t\t\t\t\n\t\t\t\t\t\t\t\t\t<li><a class=\"thumb\" href=\"https:\/\/home.uia.no\/katjaw14\/files\/2015\/04\/CIMG2095-400x300.jpg\" title=\"Odderoya im Morgenlicht\" >\t\t\t\t\t\t\t\t\n\t\t\t\t\t\t\t\t\t\t\t<img decoding=\"async\" src=\"https:\/\/home.uia.no\/katjaw14\/files\/2015\/04\/CIMG2095-50x50.jpg\" alt=\"\" title=\"Odderoya im Morgenlicht\" \/>\n\t\t\t\t\t\t\t\t\t\t<\/a>\n\t\t\t\t\t\t\t\t\t\t\n\t\t\t\t\t\t\t\t\t\t<div class=\"caption\">\n\t\t\t\t\t\t\t\t\t\t\t\n\t\t\t\t\t\t\t\t\t\t<\/div>\n\t\t\t\t\t\t\t\t\t\t\n\t\t\t\t\t\t\t\t\t<\/li>\n\t\t\t\t\t\t\t\t\n\t\t\t\t\t\t\t\t\t<li><a class=\"thumb\" href=\"https:\/\/home.uia.no\/katjaw14\/files\/2015\/04\/CIMG2097-400x300.jpg\" title=\"der Kurs\" >\t\t\t\t\t\t\t\t\n\t\t\t\t\t\t\t\t\t\t\t<img decoding=\"async\" src=\"https:\/\/home.uia.no\/katjaw14\/files\/2015\/04\/CIMG2097-50x50.jpg\" alt=\"\" title=\"der Kurs\" \/>\n\t\t\t\t\t\t\t\t\t\t<\/a>\n\t\t\t\t\t\t\t\t\t\t\n\t\t\t\t\t\t\t\t\t\t<div class=\"caption\">\n\t\t\t\t\t\t\t\t\t\t\t\n\t\t\t\t\t\t\t\t\t\t<\/div>\n\t\t\t\t\t\t\t\t\t\t\n\t\t\t\t\t\t\t\t\t<\/li>\n\t\t\t\t\t\t\t\t\n\t\t\t\t\t\t\t\t\t<li><a class=\"thumb\" href=\"https:\/\/home.uia.no\/katjaw14\/files\/2015\/04\/CIMG2100-400x300.jpg\" title=\"Bouldern mit Spotter\" >\t\t\t\t\t\t\t\t\n\t\t\t\t\t\t\t\t\t\t\t<img decoding=\"async\" src=\"https:\/\/home.uia.no\/katjaw14\/files\/2015\/04\/CIMG2100-50x50.jpg\" alt=\"\" title=\"Bouldern mit Spotter\" \/>\n\t\t\t\t\t\t\t\t\t\t<\/a>\n\t\t\t\t\t\t\t\t\t\t\n\t\t\t\t\t\t\t\t\t\t<div class=\"caption\">\n\t\t\t\t\t\t\t\t\t\t\t\n\t\t\t\t\t\t\t\t\t\t<\/div>\n\t\t\t\t\t\t\t\t\t\t\n\t\t\t\t\t\t\t\t\t<\/li>\n\t\t\t\t\t\t\t\t\n\t\t\t\t\t\t\t\t\t<li><a class=\"thumb\" href=\"https:\/\/home.uia.no\/katjaw14\/files\/2015\/04\/CIMG2105-400x300.jpg\" title=\"Wand Nr. 1\" >\t\t\t\t\t\t\t\t\n\t\t\t\t\t\t\t\t\t\t\t<img decoding=\"async\" src=\"https:\/\/home.uia.no\/katjaw14\/files\/2015\/04\/CIMG2105-50x50.jpg\" alt=\"\" title=\"Wand Nr. 1\" \/>\n\t\t\t\t\t\t\t\t\t\t<\/a>\n\t\t\t\t\t\t\t\t\t\t\n\t\t\t\t\t\t\t\t\t\t<div class=\"caption\">\n\t\t\t\t\t\t\t\t\t\t\t\n\t\t\t\t\t\t\t\t\t\t<\/div>\n\t\t\t\t\t\t\t\t\t\t\n\t\t\t\t\t\t\t\t\t<\/li>\n\t\t\t\t\t\t\t\t\n\t\t\t\t\t\t\t\t\t<li><a class=\"thumb\" href=\"https:\/\/home.uia.no\/katjaw14\/files\/2015\/04\/CIMG2107-375x500.jpg\" title=\"chillen :)\" >\t\t\t\t\t\t\t\t\n\t\t\t\t\t\t\t\t\t\t\t<img decoding=\"async\" src=\"https:\/\/home.uia.no\/katjaw14\/files\/2015\/04\/CIMG2107-50x50.jpg\" alt=\"\" title=\"chillen :)\" \/>\n\t\t\t\t\t\t\t\t\t\t<\/a>\n\t\t\t\t\t\t\t\t\t\t\n\t\t\t\t\t\t\t\t\t\t<div class=\"caption\">\n\t\t\t\t\t\t\t\t\t\t\t\n\t\t\t\t\t\t\t\t\t\t<\/div>\n\t\t\t\t\t\t\t\t\t\t\n\t\t\t\t\t\t\t\t\t<\/li>\n\t\t\t\t\t\t\t\t\n\t\t\t\t\t\t\t\t\t<li><a class=\"thumb\" href=\"https:\/\/home.uia.no\/katjaw14\/files\/2015\/04\/CIMG2116-400x300.jpg\" title=\"der Kurs in Action\" >\t\t\t\t\t\t\t\t\n\t\t\t\t\t\t\t\t\t\t\t<img decoding=\"async\" src=\"https:\/\/home.uia.no\/katjaw14\/files\/2015\/04\/CIMG2116-50x50.jpg\" alt=\"\" title=\"der Kurs in Action\" \/>\n\t\t\t\t\t\t\t\t\t\t<\/a>\n\t\t\t\t\t\t\t\t\t\t\n\t\t\t\t\t\t\t\t\t\t<div class=\"caption\">\n\t\t\t\t\t\t\t\t\t\t\t\n\t\t\t\t\t\t\t\t\t\t<\/div>\n\t\t\t\t\t\t\t\t\t\t\n\t\t\t\t\t\t\t\t\t<\/li>\n\t\t\t\t\t\t\t\t\n\t\t\t\t\t\t\t\t\t<li><a class=\"thumb\" href=\"https:\/\/home.uia.no\/katjaw14\/files\/2015\/04\/CIMG2121-400x300.jpg\" title=\"meine Slackline...\" >\t\t\t\t\t\t\t\t\n\t\t\t\t\t\t\t\t\t\t\t<img decoding=\"async\" src=\"https:\/\/home.uia.no\/katjaw14\/files\/2015\/04\/CIMG2121-50x50.jpg\" alt=\"\" title=\"meine Slackline...\" \/>\n\t\t\t\t\t\t\t\t\t\t<\/a>\n\t\t\t\t\t\t\t\t\t\t\n\t\t\t\t\t\t\t\t\t\t<div class=\"caption\">\n\t\t\t\t\t\t\t\t\t\t\t\n\t\t\t\t\t\t\t\t\t\t<\/div>\n\t\t\t\t\t\t\t\t\t\t\n\t\t\t\t\t\t\t\t\t<\/li>\n\t\t\t\t\t\t\t\t\n\t\t\t\t\t\t\t\t\t<li><a class=\"thumb\" href=\"https:\/\/home.uia.no\/katjaw14\/files\/2015\/04\/CIMG2128-400x300.jpg\" title=\"... kommt hier auch ganz gut zum Einsatz :)\" >\t\t\t\t\t\t\t\t\n\t\t\t\t\t\t\t\t\t\t\t<img decoding=\"async\" src=\"https:\/\/home.uia.no\/katjaw14\/files\/2015\/04\/CIMG2128-50x50.jpg\" alt=\"\" title=\"... kommt hier auch ganz gut zum Einsatz :)\" \/>\n\t\t\t\t\t\t\t\t\t\t<\/a>\n\t\t\t\t\t\t\t\t\t\t\n\t\t\t\t\t\t\t\t\t\t<div class=\"caption\">\n\t\t\t\t\t\t\t\t\t\t\t\n\t\t\t\t\t\t\t\t\t\t<\/div>\n\t\t\t\t\t\t\t\t\t\t\n\t\t\t\t\t\t\t\t\t<\/li>\n\t\t\t\t\t\t\t\t\n\t\t\t\t\t\t\t\t\t<li><a class=\"thumb\" href=\"https:\/\/home.uia.no\/katjaw14\/files\/2015\/04\/CIMG2139-400x300.jpg\" title=\"Sonne tanken!\" >\t\t\t\t\t\t\t\t\n\t\t\t\t\t\t\t\t\t\t\t<img decoding=\"async\" src=\"https:\/\/home.uia.no\/katjaw14\/files\/2015\/04\/CIMG2139-50x50.jpg\" alt=\"\" title=\"Sonne tanken!\" \/>\n\t\t\t\t\t\t\t\t\t\t<\/a>\n\t\t\t\t\t\t\t\t\t\t\n\t\t\t\t\t\t\t\t\t\t<div class=\"caption\">\n\t\t\t\t\t\t\t\t\t\t\t\n\t\t\t\t\t\t\t\t\t\t<\/div>\n\t\t\t\t\t\t\t\t\t\t\n\t\t\t\t\t\t\t\t\t<\/li>\n\t\t\t\t\t\t\t\t\n\t\t\t\t\t\t\t\t\t<li><a class=\"thumb\" href=\"https:\/\/home.uia.no\/katjaw14\/files\/2015\/04\/CIMG2161-400x300.jpg\" title=\"&quot;Haus-Baum&quot; :D\" >\t\t\t\t\t\t\t\t\n\t\t\t\t\t\t\t\t\t\t\t<img decoding=\"async\" src=\"https:\/\/home.uia.no\/katjaw14\/files\/2015\/04\/CIMG2161-50x50.jpg\" alt=\"\" title=\"&quot;Haus-Baum&quot; :D\" \/>\n\t\t\t\t\t\t\t\t\t\t<\/a>\n\t\t\t\t\t\t\t\t\t\t\n\t\t\t\t\t\t\t\t\t\t<div class=\"caption\">\n\t\t\t\t\t\t\t\t\t\t\t\n\t\t\t\t\t\t\t\t\t\t<\/div>\n\t\t\t\t\t\t\t\t\t\t\n\t\t\t\t\t\t\t\t\t<\/li>\n\t\t\t\t\t\t\t\t\n\t\t\t\t\t\t\t\t\t<li><a class=\"thumb\" href=\"https:\/\/home.uia.no\/katjaw14\/files\/2015\/04\/CIMG2167-400x112.jpg\" title=\"&quot;Haus-Baum&quot;: super Aussicht und immer Sonne\" >\t\t\t\t\t\t\t\t\n\t\t\t\t\t\t\t\t\t\t\t<img decoding=\"async\" src=\"https:\/\/home.uia.no\/katjaw14\/files\/2015\/04\/CIMG2167-50x50.jpg\" alt=\"\" title=\"&quot;Haus-Baum&quot;: super Aussicht und immer Sonne\" \/>\n\t\t\t\t\t\t\t\t\t\t<\/a>\n\t\t\t\t\t\t\t\t\t\t\n\t\t\t\t\t\t\t\t\t\t<div class=\"caption\">\n\t\t\t\t\t\t\t\t\t\t\t\n\t\t\t\t\t\t\t\t\t\t<\/div>\n\t\t\t\t\t\t\t\t\t\t\n\t\t\t\t\t\t\t\t\t<\/li>\n\t\t\t\t\t\t\t\t\n\t\t\t\t\t\t\t\t\t<li><a class=\"thumb\" href=\"https:\/\/home.uia.no\/katjaw14\/files\/2015\/04\/CIMG2179-400x300.jpg\" title=\"fast geschafft - und dann hat mich die Kraft verlassen...\" >\t\t\t\t\t\t\t\t\n\t\t\t\t\t\t\t\t\t\t\t<img decoding=\"async\" src=\"https:\/\/home.uia.no\/katjaw14\/files\/2015\/04\/CIMG2179-50x50.jpg\" alt=\"\" title=\"fast geschafft - und dann hat mich die Kraft verlassen...\" \/>\n\t\t\t\t\t\t\t\t\t\t<\/a>\n\t\t\t\t\t\t\t\t\t\t\n\t\t\t\t\t\t\t\t\t\t<div class=\"caption\">\n\t\t\t\t\t\t\t\t\t\t\t\n\t\t\t\t\t\t\t\t\t\t<\/div>\n\t\t\t\t\t\t\t\t\t\t\n\t\t\t\t\t\t\t\t\t<\/li>\n\t\t\t\t\t\t\t\t\n\t\t\t\t\t\t\t\t\t<li><a class=\"thumb\" href=\"https:\/\/home.uia.no\/katjaw14\/files\/2015\/04\/CIMG2224-400x300.jpg\" title=\"Gletscher-Sicherung\" >\t\t\t\t\t\t\t\t\n\t\t\t\t\t\t\t\t\t\t\t<img decoding=\"async\" src=\"https:\/\/home.uia.no\/katjaw14\/files\/2015\/04\/CIMG2224-50x50.jpg\" alt=\"\" title=\"Gletscher-Sicherung\" \/>\n\t\t\t\t\t\t\t\t\t\t<\/a>\n\t\t\t\t\t\t\t\t\t\t\n\t\t\t\t\t\t\t\t\t\t<div class=\"caption\">\n\t\t\t\t\t\t\t\t\t\t\t\n\t\t\t\t\t\t\t\t\t\t<\/div>\n\t\t\t\t\t\t\t\t\t\t\n\t\t\t\t\t\t\t\t\t<\/li>\n\t\t\t\t\t\t\t\t\n\t\t\t\t\t\t\t\t\t<li><a class=\"thumb\" href=\"https:\/\/home.uia.no\/katjaw14\/files\/2015\/04\/CIMG2228-400x300.jpg\" title=\"Rope-Stretcher I\" >\t\t\t\t\t\t\t\t\n\t\t\t\t\t\t\t\t\t\t\t<img decoding=\"async\" src=\"https:\/\/home.uia.no\/katjaw14\/files\/2015\/04\/CIMG2228-50x50.jpg\" alt=\"\" title=\"Rope-Stretcher I\" \/>\n\t\t\t\t\t\t\t\t\t\t<\/a>\n\t\t\t\t\t\t\t\t\t\t\n\t\t\t\t\t\t\t\t\t\t<div class=\"caption\">\n\t\t\t\t\t\t\t\t\t\t\t\n\t\t\t\t\t\t\t\t\t\t<\/div>\n\t\t\t\t\t\t\t\t\t\t\n\t\t\t\t\t\t\t\t\t<\/li>\n\t\t\t\t\t\t\t\t\n\t\t\t\t\t\t\t\t\t<li><a class=\"thumb\" href=\"https:\/\/home.uia.no\/katjaw14\/files\/2015\/04\/CIMG2230-375x500.jpg\" title=\"Rope-Stretcher I\" >\t\t\t\t\t\t\t\t\n\t\t\t\t\t\t\t\t\t\t\t<img decoding=\"async\" src=\"https:\/\/home.uia.no\/katjaw14\/files\/2015\/04\/CIMG2230-50x50.jpg\" alt=\"\" title=\"Rope-Stretcher I\" \/>\n\t\t\t\t\t\t\t\t\t\t<\/a>\n\t\t\t\t\t\t\t\t\t\t\n\t\t\t\t\t\t\t\t\t\t<div class=\"caption\">\n\t\t\t\t\t\t\t\t\t\t\t\n\t\t\t\t\t\t\t\t\t\t<\/div>\n\t\t\t\t\t\t\t\t\t\t\n\t\t\t\t\t\t\t\t\t<\/li>\n\t\t\t\t\t\t\t\t\n\t\t\t\t\t\t\t\t\t<li><a class=\"thumb\" href=\"https:\/\/home.uia.no\/katjaw14\/files\/2015\/04\/CIMG2239-375x500.jpg\" title=\"Rope Stretcher II\" >\t\t\t\t\t\t\t\t\n\t\t\t\t\t\t\t\t\t\t\t<img decoding=\"async\" src=\"https:\/\/home.uia.no\/katjaw14\/files\/2015\/04\/CIMG2239-50x50.jpg\" alt=\"\" title=\"Rope Stretcher II\" \/>\n\t\t\t\t\t\t\t\t\t\t<\/a>\n\t\t\t\t\t\t\t\t\t\t\n\t\t\t\t\t\t\t\t\t\t<div class=\"caption\">\n\t\t\t\t\t\t\t\t\t\t\t\n\t\t\t\t\t\t\t\t\t\t<\/div>\n\t\t\t\t\t\t\t\t\t\t\n\t\t\t\t\t\t\t\t\t<\/li>\n\t\t\t\t\t\t\t\t\n\t\t\t\t\t\t\t\t\t<li><a class=\"thumb\" href=\"https:\/\/home.uia.no\/katjaw14\/files\/2015\/04\/CIMG2241-375x500.jpg\" title=\"Rope-Stretcher II\" >\t\t\t\t\t\t\t\t\n\t\t\t\t\t\t\t\t\t\t\t<img decoding=\"async\" src=\"https:\/\/home.uia.no\/katjaw14\/files\/2015\/04\/CIMG2241-50x50.jpg\" alt=\"\" title=\"Rope-Stretcher II\" \/>\n\t\t\t\t\t\t\t\t\t\t<\/a>\n\t\t\t\t\t\t\t\t\t\t\n\t\t\t\t\t\t\t\t\t\t<div class=\"caption\">\n\t\t\t\t\t\t\t\t\t\t\t\n\t\t\t\t\t\t\t\t\t\t<\/div>\n\t\t\t\t\t\t\t\t\t\t\n\t\t\t\t\t\t\t\t\t<\/li>\n\t\t\t\t\t\t\t\t\n\t\t\t\t\t\t\t\t\t<li><a class=\"thumb\" href=\"https:\/\/home.uia.no\/katjaw14\/files\/2015\/04\/CIMG2254-400x300.jpg\" title=\"Rope-Stretcher II\" >\t\t\t\t\t\t\t\t\n\t\t\t\t\t\t\t\t\t\t\t<img decoding=\"async\" src=\"https:\/\/home.uia.no\/katjaw14\/files\/2015\/04\/CIMG2254-50x50.jpg\" alt=\"\" title=\"Rope-Stretcher II\" \/>\n\t\t\t\t\t\t\t\t\t\t<\/a>\n\t\t\t\t\t\t\t\t\t\t\n\t\t\t\t\t\t\t\t\t\t<div class=\"caption\">\n\t\t\t\t\t\t\t\t\t\t\t\n\t\t\t\t\t\t\t\t\t\t<\/div>\n\t\t\t\t\t\t\t\t\t\t\n\t\t\t\t\t\t\t\t\t<\/li>\n\t\t\t\t\t\t\t\t\n\t\t\t\t\t\t\t\t\t<li><a class=\"thumb\" href=\"https:\/\/home.uia.no\/katjaw14\/files\/2015\/04\/CIMG2260-375x500.jpg\" title=\"Seil-Legen...\" >\t\t\t\t\t\t\t\t\n\t\t\t\t\t\t\t\t\t\t\t<img decoding=\"async\" src=\"https:\/\/home.uia.no\/katjaw14\/files\/2015\/04\/CIMG2260-50x50.jpg\" alt=\"\" title=\"Seil-Legen...\" \/>\n\t\t\t\t\t\t\t\t\t\t<\/a>\n\t\t\t\t\t\t\t\t\t\t\n\t\t\t\t\t\t\t\t\t\t<div class=\"caption\">\n\t\t\t\t\t\t\t\t\t\t\t\n\t\t\t\t\t\t\t\t\t\t<\/div>\n\t\t\t\t\t\t\t\t\t\t\n\t\t\t\t\t\t\t\t\t<\/li>\n\t\t\t\t\t\t\t\t\n\t\t\t\t\t\t\t\t\t<li><a class=\"thumb\" href=\"https:\/\/home.uia.no\/katjaw14\/files\/2015\/04\/CIMG2261-375x500.jpg\" title=\"... zum Rucksack\" >\t\t\t\t\t\t\t\t\n\t\t\t\t\t\t\t\t\t\t\t<img decoding=\"async\" src=\"https:\/\/home.uia.no\/katjaw14\/files\/2015\/04\/CIMG2261-50x50.jpg\" alt=\"\" title=\"... zum Rucksack\" \/>\n\t\t\t\t\t\t\t\t\t\t<\/a>\n\t\t\t\t\t\t\t\t\t\t\n\t\t\t\t\t\t\t\t\t\t<div class=\"caption\">\n\t\t\t\t\t\t\t\t\t\t\t\n\t\t\t\t\t\t\t\t\t\t<\/div>\n\t\t\t\t\t\t\t\t\t\t\n\t\t\t\t\t\t\t\t\t<\/li>\n\t\t\t\t\t\t\t\t\n\t\t\t\t\t\t\t\t\t<li><a class=\"thumb\" href=\"https:\/\/home.uia.no\/katjaw14\/files\/2015\/04\/CIMG2263-400x300.jpg\" title=\"Ausr\u00fcstung..... :O\" >\t\t\t\t\t\t\t\t\n\t\t\t\t\t\t\t\t\t\t\t<img decoding=\"async\" src=\"https:\/\/home.uia.no\/katjaw14\/files\/2015\/04\/CIMG2263-50x50.jpg\" alt=\"\" title=\"Ausr\u00fcstung..... :O\" \/>\n\t\t\t\t\t\t\t\t\t\t<\/a>\n\t\t\t\t\t\t\t\t\t\t\n\t\t\t\t\t\t\t\t\t\t<div class=\"caption\">\n\t\t\t\t\t\t\t\t\t\t\t\n\t\t\t\t\t\t\t\t\t\t<\/div>\n\t\t\t\t\t\t\t\t\t\t\n\t\t\t\t\t\t\t\t\t<\/li>\n\t\t\t\t\t\t\t\t\n\t\t\t\t\t\t\t\t\t<li><a class=\"thumb\" href=\"https:\/\/home.uia.no\/katjaw14\/files\/2015\/04\/CIMG2178-400x300.jpg\" title=\"beim Klettern... ;)\" >\t\t\t\t\t\t\t\t\n\t\t\t\t\t\t\t\t\t\t\t<img decoding=\"async\" src=\"https:\/\/home.uia.no\/katjaw14\/files\/2015\/04\/CIMG2178-50x50.jpg\" alt=\"\" title=\"beim Klettern... ;)\" \/>\n\t\t\t\t\t\t\t\t\t\t<\/a>\n\t\t\t\t\t\t\t\t\t\t\n\t\t\t\t\t\t\t\t\t\t<div class=\"caption\">\n\t\t\t\t\t\t\t\t\t\t\t\n\t\t\t\t\t\t\t\t\t\t<\/div>\n\t\t\t\t\t\t\t\t\t\t\n\t\t\t\t\t\t\t\t\t<\/li>\n\t\t\t\t\t\t\t\t\n\t\t\t\t\t\t<\/ul>\n\t\t\t\t\t\t\t\t<div class=\"photospace_clear\"><\/div>\n\t\t\t\t\t\t\t\t<a class=\"pageLink prev\" style=\"display:none\" href=\"#\" title=\"Previous Page\"><\/a>\n\t\t\t\t\t\t<a class=\"pageLink next\" style=\"display:none\" href=\"#\" title=\"Next Page\"><\/a>\n\t\t\t\t\t<\/div>\n\t\t\t\t<\/div>\n\t\t\t<\/div>\n\t\t\t\n\t\t\t<!-- Start Advanced Gallery Html Containers -->\n\t\t\t<div class=\"gal_content\">\n\t\t\t\t\n\t\t\t\t<div class=\"slideshow-container\">\n\t\t\t\t\t<div id=\"loading_822_1\" class=\"loader\"><\/div>\n\t\t\t\t\t<div id=\"slideshow_822_1\" class=\"slideshow\"><\/div>\n\t\t\t\t\t<div id=\"caption_822_1\" class=\"caption-container\"><\/div>\n\t\t\t\t<\/div>\n\t\t\t\t\n\t\t\t<\/div>\n\t\n\t<\/div>\n\t\n\t<div class=\"gallery_clear\"><\/div>\n\t\n\t\n\t\n\t<script type='text\/javascript'>\n\t\t\t\n\t\t\tjQuery(document).ready(function($) {\n\t\t\t\t\n\t\t\t\t\/\/ We only want these styles applied when javascript is enabled\n\t\t\t\t$('.gal_content').css('display', 'block');\n\t\t\t\t$('.thumnail_col').css('width', '181px');\n\t\t\t\t\n\t\t\t\t\/\/ Initialize Advanced Galleriffic Gallery \n\t\t\t\tvar gallery = $('#thumbs_822_1').galleriffic({ \n\t\t\t\t\tdelay:                     3500,\n\t\t\t\t\tnumThumbs:                 9,\n\t\t\t\t\tpreloadAhead:              9,\n\t\t\t\t\tenableTopPager:            0,\n\t\t\t\t\tenableBottomPager:         false,\n\t\t\t\t\timageContainerSel:         '#slideshow_822_1',\n\t\t\t\t\tcontrolsContainerSel:      '#controls_822_1',\n\t\t\t\t\tcaptionContainerSel:       '#caption_822_1',  \n\t\t\t\t\tloadingContainerSel:       '#loading_822_1',\n\t\t\t\t\trenderSSControls:          true,\n\t\t\t\t\trenderNavControls:         true,\n\t\t\t\t\tplayLinkText:              'Play Slideshow',\n\t\t\t\t\tpauseLinkText:             'Pause Slideshow',\n\t\t\t\t\tprevLinkText:              '&lsaquo; Previous Photo',\n\t\t\t\t\tnextLinkText:              'Next Photo &rsaquo;',\n\t\t\t\t\tnextPageLinkText:          '&rsaquo;',\n\t\t\t\t\tprevPageLinkText:          '&lsaquo;',\n\t\t\t\t\tenableHistory:              0,\n\t\t\t\t\tautoStart:                 \t0,\n\t\t\t\t\tenableKeyboardNavigation:\ttrue,\n\t\t\t\t\tsyncTransitions:           \t1,\n\t\t\t\t\tdefaultTransitionDuration: \t300,\n\t\t\t\t\t\t\n\t\t\t\t\tonTransitionOut:           function(slide, caption, isSync, callback) {\n\t\t\t\t\t\tslide.fadeTo(this.getDefaultTransitionDuration(isSync), 0.0, callback);\n\t\t\t\t\t\tcaption.fadeTo(this.getDefaultTransitionDuration(isSync), 0.0);\n\t\t\t\t\t},\n\t\t\t\t\tonTransitionIn:            function(slide, caption, isSync) {\n\t\t\t\t\t\tvar duration = this.getDefaultTransitionDuration(isSync);\n\t\t\t\t\t\tslide.fadeTo(duration, 1.0);\n\t\n\t\t\t\t\t\t\/\/ Position the caption at the bottom of the image and set its opacity\n\t\t\t\t\t\tvar slideImage = slide.find('img');\n\t\t\t\t\t\tcaption.width(slideImage.width())\n\t\t\t\t\t\t\t.css({\n\t\t\t\t\t\t\t\t\/\/'bottom' : Math.floor((slide.height() - slideImage.outerHeight()) \/ 2 - 40),\n\t\t\t\t\t\t\t\t'top' : slideImage.outerHeight(),\n\t\t\t\t\t\t\t\t'left' : Math.floor((slide.width() - slideImage.width()) \/ 2) + slideImage.outerWidth() - slideImage.width()\n\t\t\t\t\t\t\t})\n\t\t\t\t\t\t\t.fadeTo(duration, 1.0);\n\t\t\t\t\t\t\n\t\t\t\t\t},\n\t\t\t\t\tonPageTransitionOut:       function(callback) {\n\t\t\t\t\t\tthis.hide();\n\t\t\t\t\t\tsetTimeout(callback, 100); \/\/ wait a bit\n\t\t\t\t\t},\n\t\t\t\t\tonPageTransitionIn:        function() {\n\t\t\t\t\t\tvar prevPageLink = this.find('a.prev').css('display', 'none');\n\t\t\t\t\t\tvar nextPageLink = this.find('a.next').css('display', 'none');\n\t\t\t\t\t\t\n\t\t\t\t\t\t\/\/ Show appropriate next \/ prev page links\n\t\t\t\t\t\tif (this.displayedPage > 0)\n\t\t\t\t\t\t\tprevPageLink.css('display', 'block');\n\t\t\n\t\t\t\t\t\tvar lastPage = this.getNumPages() - 1;\n\t\t\t\t\t\tif (this.displayedPage < lastPage)\n\t\t\t\t\t\t\tnextPageLink.css('display', 'block');\n\t\t\n\t\t\t\t\t\tthis.fadeTo('fast', 1.0);\n\t\t\t\t\t}\n\t\t\t\t\t\n\t\t\t\t}); \n\t\t\t\t\n\t\t\t\t\n\t\t\t\t\n\t\t\t\t\/**************** Event handlers for custom next \/ prev page links **********************\/\n\t\t\n\t\t\t\tgallery.find('a.prev').click(function(e) {\n\t\t\t\t\tgallery.previousPage();\n\t\t\t\t\te.preventDefault();\n\t\t\t\t});\n\t\t\n\t\t\t\tgallery.find('a.next').click(function(e) {\n\t\t\t\t\tgallery.nextPage(); \n\t\t\t\t\te.preventDefault();\n\t\t\t\t});\n\t\t\n\t\t\t});\n\t\t<\/script>\n\t\t\n\t\t\n","protected":false},"excerpt":{"rendered":"<p>7. \u2013 10. April Bei einem Studiengang, der Friluftsliv hei\u00dft, kann es auch vorkommen, dass eine Woche nur aus Klettern und allem m\u00f6glichem Wissenserwerb au\u00dfen herum besteht. Gl\u00fccklicherweise war genau diese Woche bis auf Freitag super Wetter, sodass wir gen\u00fcgend &hellip; <a href=\"https:\/\/home.uia.no\/katjaw14\/blog-2\/04-april\/03-klettern\/\">Continue reading <span class=\"meta-nav\">&rarr;<\/span><\/a><\/p>\n","protected":false},"author":621,"featured_media":0,"parent":694,"menu_order":0,"comment_status":"closed","ping_status":"closed","template":"","meta":{"_exactmetrics_skip_tracking":false,"_exactmetrics_sitenote_active":false,"_exactmetrics_sitenote_note":"","_exactmetrics_sitenote_category":0,"footnotes":""},"_links":{"self":[{"href":"https:\/\/home.uia.no\/katjaw14\/wp-json\/wp\/v2\/pages\/822"}],"collection":[{"href":"https:\/\/home.uia.no\/katjaw14\/wp-json\/wp\/v2\/pages"}],"about":[{"href":"https:\/\/home.uia.no\/katjaw14\/wp-json\/wp\/v2\/types\/page"}],"author":[{"embeddable":true,"href":"https:\/\/home.uia.no\/katjaw14\/wp-json\/wp\/v2\/users\/621"}],"replies":[{"embeddable":true,"href":"https:\/\/home.uia.no\/katjaw14\/wp-json\/wp\/v2\/comments?post=822"}],"version-history":[{"count":2,"href":"https:\/\/home.uia.no\/katjaw14\/wp-json\/wp\/v2\/pages\/822\/revisions"}],"predecessor-version":[{"id":847,"href":"https:\/\/home.uia.no\/katjaw14\/wp-json\/wp\/v2\/pages\/822\/revisions\/847"}],"up":[{"embeddable":true,"href":"https:\/\/home.uia.no\/katjaw14\/wp-json\/wp\/v2\/pages\/694"}],"wp:attachment":[{"href":"https:\/\/home.uia.no\/katjaw14\/wp-json\/wp\/v2\/media?parent=822"}],"curies":[{"name":"wp","href":"https:\/\/api.w.org\/{rel}","templated":true}]}}