
{"id":923,"date":"2015-04-25T11:30:19","date_gmt":"2015-04-25T10:30:19","guid":{"rendered":"http:\/\/home.uia.no\/katjaw14\/?page_id=923"},"modified":"2015-04-25T11:30:19","modified_gmt":"2015-04-25T10:30:19","slug":"05-summer-is-coming","status":"publish","type":"page","link":"https:\/\/home.uia.no\/katjaw14\/blog-2\/04-april\/05-summer-is-coming\/","title":{"rendered":"05 Summer is coming"},"content":{"rendered":"<p>Nachdem der Winter hier in Kristiansand schon so bescheiden und recht warm war, haben wir daf\u00fcr jetzt echt Gl\u00fcck mit dem Wetter und schon seit einigen Tagen fast nur Sonne und relativ warme Temperaturen f\u00fcr April! Da hat es sich angeboten den Volleyball aufzupumpen und eine Mannschaft zusammenzutrommeln, den Frisbee zu werfen, ein Penny Board zu kaufen und auch die neue Angelrute auszuprobieren, die der Osterhase mitgebracht hat&#8230; \ud83d\ude09<\/p>\n<p>Ansonsten nach dem Motto: Bilder sagen mehr als 1000 Worte&#8230;<\/p>\n\n\t\n\t\t<div class=\"gallery_clear\"><\/div> \n\t\t<div id=\"gallery_923_1\" class=\"photospace\"> \n\t\n\t\t\t<!-- Start Advanced Gallery Html Containers -->\n\t\t\t<div class=\"thumbs_wrap2\">\n\t\t\t\t<div class=\"thumbs_wrap\">\n\t\t\t\t\t<div id=\"thumbs_923_1\" class=\"thumnail_col \" >\n\t\t\t\t\t\t \n\t\t\t\t\t\t<ul class=\"thumbs noscript\">\t\t\t\t\n\t\t\t\t\t\t\n\t\t\t\t\t\t\t\t\t<li><a class=\"thumb\" href=\"https:\/\/home.uia.no\/katjaw14\/files\/2015\/04\/CIMG2468-400x300.jpg\" title=\"Penny-Board-Kauf mit Adele...\" >\t\t\t\t\t\t\t\t\n\t\t\t\t\t\t\t\t\t\t\t<img decoding=\"async\" src=\"https:\/\/home.uia.no\/katjaw14\/files\/2015\/04\/CIMG2468-50x50.jpg\" alt=\"\" title=\"Penny-Board-Kauf mit Adele...\" \/>\n\t\t\t\t\t\t\t\t\t\t<\/a>\n\t\t\t\t\t\t\t\t\t\t\n\t\t\t\t\t\t\t\t\t\t<div class=\"caption\">\n\t\t\t\t\t\t\t\t\t\t\t\n\t\t\t\t\t\t\t\t\t\t<\/div>\n\t\t\t\t\t\t\t\t\t\t\n\t\t\t\t\t\t\t\t\t<\/li>\n\t\t\t\t\t\t\t\t\n\t\t\t\t\t\t\t\t\t<li><a class=\"thumb\" href=\"https:\/\/home.uia.no\/katjaw14\/files\/2015\/04\/CIMG2474-400x300.jpg\" title=\"... und wird auch gleich getestet\" >\t\t\t\t\t\t\t\t\n\t\t\t\t\t\t\t\t\t\t\t<img decoding=\"async\" src=\"https:\/\/home.uia.no\/katjaw14\/files\/2015\/04\/CIMG2474-50x50.jpg\" alt=\"\" title=\"... und wird auch gleich getestet\" \/>\n\t\t\t\t\t\t\t\t\t\t<\/a>\n\t\t\t\t\t\t\t\t\t\t\n\t\t\t\t\t\t\t\t\t\t<div class=\"caption\">\n\t\t\t\t\t\t\t\t\t\t\t\n\t\t\t\t\t\t\t\t\t\t<\/div>\n\t\t\t\t\t\t\t\t\t\t\n\t\t\t\t\t\t\t\t\t<\/li>\n\t\t\t\t\t\t\t\t\n\t\t\t\t\t\t\t\t\t<li><a class=\"thumb\" href=\"https:\/\/home.uia.no\/katjaw14\/files\/2015\/04\/CIMG2482-400x300.jpg\" title=\"Beachvolleyballfelder sind bereit, Blumen bl\u00fchen...\" >\t\t\t\t\t\t\t\t\n\t\t\t\t\t\t\t\t\t\t\t<img decoding=\"async\" src=\"https:\/\/home.uia.no\/katjaw14\/files\/2015\/04\/CIMG2482-50x50.jpg\" alt=\"\" title=\"Beachvolleyballfelder sind bereit, Blumen bl\u00fchen...\" \/>\n\t\t\t\t\t\t\t\t\t\t<\/a>\n\t\t\t\t\t\t\t\t\t\t\n\t\t\t\t\t\t\t\t\t\t<div class=\"caption\">\n\t\t\t\t\t\t\t\t\t\t\t\n\t\t\t\t\t\t\t\t\t\t<\/div>\n\t\t\t\t\t\t\t\t\t\t\n\t\t\t\t\t\t\t\t\t<\/li>\n\t\t\t\t\t\t\t\t\n\t\t\t\t\t\t\t\t\t<li><a class=\"thumb\" href=\"https:\/\/home.uia.no\/katjaw14\/files\/2015\/04\/CIMG2521-375x500.jpg\" title=\"... also auf gehts...\" >\t\t\t\t\t\t\t\t\n\t\t\t\t\t\t\t\t\t\t\t<img decoding=\"async\" src=\"https:\/\/home.uia.no\/katjaw14\/files\/2015\/04\/CIMG2521-50x50.jpg\" alt=\"\" title=\"... also auf gehts...\" \/>\n\t\t\t\t\t\t\t\t\t\t<\/a>\n\t\t\t\t\t\t\t\t\t\t\n\t\t\t\t\t\t\t\t\t\t<div class=\"caption\">\n\t\t\t\t\t\t\t\t\t\t\t\n\t\t\t\t\t\t\t\t\t\t<\/div>\n\t\t\t\t\t\t\t\t\t\t\n\t\t\t\t\t\t\t\t\t<\/li>\n\t\t\t\t\t\t\t\t\n\t\t\t\t\t\t\t\t\t<li><a class=\"thumb\" href=\"https:\/\/home.uia.no\/katjaw14\/files\/2015\/04\/CIMG2525-400x300.jpg\" title=\"... \u00fcber den Fluss, durch die Stadt...\" >\t\t\t\t\t\t\t\t\n\t\t\t\t\t\t\t\t\t\t\t<img decoding=\"async\" src=\"https:\/\/home.uia.no\/katjaw14\/files\/2015\/04\/CIMG2525-50x50.jpg\" alt=\"\" title=\"... \u00fcber den Fluss, durch die Stadt...\" \/>\n\t\t\t\t\t\t\t\t\t\t<\/a>\n\t\t\t\t\t\t\t\t\t\t\n\t\t\t\t\t\t\t\t\t\t<div class=\"caption\">\n\t\t\t\t\t\t\t\t\t\t\t\n\t\t\t\t\t\t\t\t\t\t<\/div>\n\t\t\t\t\t\t\t\t\t\t\n\t\t\t\t\t\t\t\t\t<\/li>\n\t\t\t\t\t\t\t\t\n\t\t\t\t\t\t\t\t\t<li><a class=\"thumb\" href=\"https:\/\/home.uia.no\/katjaw14\/files\/2015\/04\/CIMG2529-400x300.jpg\" title=\"... zum Volleyball spielen...\" >\t\t\t\t\t\t\t\t\n\t\t\t\t\t\t\t\t\t\t\t<img decoding=\"async\" src=\"https:\/\/home.uia.no\/katjaw14\/files\/2015\/04\/CIMG2529-50x50.jpg\" alt=\"\" title=\"... zum Volleyball spielen...\" \/>\n\t\t\t\t\t\t\t\t\t\t<\/a>\n\t\t\t\t\t\t\t\t\t\t\n\t\t\t\t\t\t\t\t\t\t<div class=\"caption\">\n\t\t\t\t\t\t\t\t\t\t\t\n\t\t\t\t\t\t\t\t\t\t<\/div>\n\t\t\t\t\t\t\t\t\t\t\n\t\t\t\t\t\t\t\t\t<\/li>\n\t\t\t\t\t\t\t\t\n\t\t\t\t\t\t\t\t\t<li><a class=\"thumb\" href=\"https:\/\/home.uia.no\/katjaw14\/files\/2015\/04\/CIMG2533-400x300.jpg\" title=\"... und Frisbee werfen :)\" >\t\t\t\t\t\t\t\t\n\t\t\t\t\t\t\t\t\t\t\t<img decoding=\"async\" src=\"https:\/\/home.uia.no\/katjaw14\/files\/2015\/04\/CIMG2533-50x50.jpg\" alt=\"\" title=\"... und Frisbee werfen :)\" \/>\n\t\t\t\t\t\t\t\t\t\t<\/a>\n\t\t\t\t\t\t\t\t\t\t\n\t\t\t\t\t\t\t\t\t\t<div class=\"caption\">\n\t\t\t\t\t\t\t\t\t\t\t\n\t\t\t\t\t\t\t\t\t\t<\/div>\n\t\t\t\t\t\t\t\t\t\t\n\t\t\t\t\t\t\t\t\t<\/li>\n\t\t\t\t\t\t\t\t\n\t\t\t\t\t\t\t\t\t<li><a class=\"thumb\" href=\"https:\/\/home.uia.no\/katjaw14\/files\/2015\/04\/CIMG2538-400x300.jpg\" title=\"in Sommer-Stimmung mit Anne :)\" >\t\t\t\t\t\t\t\t\n\t\t\t\t\t\t\t\t\t\t\t<img decoding=\"async\" src=\"https:\/\/home.uia.no\/katjaw14\/files\/2015\/04\/CIMG2538-50x50.jpg\" alt=\"\" title=\"in Sommer-Stimmung mit Anne :)\" \/>\n\t\t\t\t\t\t\t\t\t\t<\/a>\n\t\t\t\t\t\t\t\t\t\t\n\t\t\t\t\t\t\t\t\t\t<div class=\"caption\">\n\t\t\t\t\t\t\t\t\t\t\t\n\t\t\t\t\t\t\t\t\t\t<\/div>\n\t\t\t\t\t\t\t\t\t\t\n\t\t\t\t\t\t\t\t\t<\/li>\n\t\t\t\t\t\t\t\t\n\t\t\t\t\t\t\t\t\t<li><a class=\"thumb\" href=\"https:\/\/home.uia.no\/katjaw14\/files\/2015\/04\/CIMG2543-400x300.jpg\" title=\"Angelstunden bei Roman\" >\t\t\t\t\t\t\t\t\n\t\t\t\t\t\t\t\t\t\t\t<img decoding=\"async\" src=\"https:\/\/home.uia.no\/katjaw14\/files\/2015\/04\/CIMG2543-50x50.jpg\" alt=\"\" title=\"Angelstunden bei Roman\" \/>\n\t\t\t\t\t\t\t\t\t\t<\/a>\n\t\t\t\t\t\t\t\t\t\t\n\t\t\t\t\t\t\t\t\t\t<div class=\"caption\">\n\t\t\t\t\t\t\t\t\t\t\t\n\t\t\t\t\t\t\t\t\t\t<\/div>\n\t\t\t\t\t\t\t\t\t\t\n\t\t\t\t\t\t\t\t\t<\/li>\n\t\t\t\t\t\t\t\t\n\t\t\t\t\t\t\t\t\t<li><a class=\"thumb\" href=\"https:\/\/home.uia.no\/katjaw14\/files\/2015\/04\/CIMG2546-400x300.jpg\" title=\"mal schauen, wann ich den ersten Fisch am Haken hab...\" >\t\t\t\t\t\t\t\t\n\t\t\t\t\t\t\t\t\t\t\t<img decoding=\"async\" src=\"https:\/\/home.uia.no\/katjaw14\/files\/2015\/04\/CIMG2546-50x50.jpg\" alt=\"\" title=\"mal schauen, wann ich den ersten Fisch am Haken hab...\" \/>\n\t\t\t\t\t\t\t\t\t\t<\/a>\n\t\t\t\t\t\t\t\t\t\t\n\t\t\t\t\t\t\t\t\t\t<div class=\"caption\">\n\t\t\t\t\t\t\t\t\t\t\t\n\t\t\t\t\t\t\t\t\t\t<\/div>\n\t\t\t\t\t\t\t\t\t\t\n\t\t\t\t\t\t\t\t\t<\/li>\n\t\t\t\t\t\t\t\t\n\t\t\t\t\t\t<\/ul>\n\t\t\t\t\t\t\t\t<div class=\"photospace_clear\"><\/div>\n\t\t\t\t\t\t\t\t<a class=\"pageLink prev\" style=\"display:none\" href=\"#\" title=\"Previous Page\"><\/a>\n\t\t\t\t\t\t<a class=\"pageLink next\" style=\"display:none\" href=\"#\" title=\"Next Page\"><\/a>\n\t\t\t\t\t<\/div>\n\t\t\t\t<\/div>\n\t\t\t<\/div>\n\t\t\t\n\t\t\t<!-- Start Advanced Gallery Html Containers -->\n\t\t\t<div class=\"gal_content\">\n\t\t\t\t\n\t\t\t\t<div class=\"slideshow-container\">\n\t\t\t\t\t<div id=\"loading_923_1\" class=\"loader\"><\/div>\n\t\t\t\t\t<div id=\"slideshow_923_1\" class=\"slideshow\"><\/div>\n\t\t\t\t\t<div id=\"caption_923_1\" class=\"caption-container\"><\/div>\n\t\t\t\t<\/div>\n\t\t\t\t\n\t\t\t<\/div>\n\t\n\t<\/div>\n\t\n\t<div class=\"gallery_clear\"><\/div>\n\t\n\t\n\t\n\t<script type='text\/javascript'>\n\t\t\t\n\t\t\tjQuery(document).ready(function($) {\n\t\t\t\t\n\t\t\t\t\/\/ We only want these styles applied when javascript is enabled\n\t\t\t\t$('.gal_content').css('display', 'block');\n\t\t\t\t$('.thumnail_col').css('width', '181px');\n\t\t\t\t\n\t\t\t\t\/\/ Initialize Advanced Galleriffic Gallery \n\t\t\t\tvar gallery = $('#thumbs_923_1').galleriffic({ \n\t\t\t\t\tdelay:                     3500,\n\t\t\t\t\tnumThumbs:                 9,\n\t\t\t\t\tpreloadAhead:              9,\n\t\t\t\t\tenableTopPager:            0,\n\t\t\t\t\tenableBottomPager:         false,\n\t\t\t\t\timageContainerSel:         '#slideshow_923_1',\n\t\t\t\t\tcontrolsContainerSel:      '#controls_923_1',\n\t\t\t\t\tcaptionContainerSel:       '#caption_923_1',  \n\t\t\t\t\tloadingContainerSel:       '#loading_923_1',\n\t\t\t\t\trenderSSControls:          true,\n\t\t\t\t\trenderNavControls:         true,\n\t\t\t\t\tplayLinkText:              'Play Slideshow',\n\t\t\t\t\tpauseLinkText:             'Pause Slideshow',\n\t\t\t\t\tprevLinkText:              '&lsaquo; Previous Photo',\n\t\t\t\t\tnextLinkText:              'Next Photo &rsaquo;',\n\t\t\t\t\tnextPageLinkText:          '&rsaquo;',\n\t\t\t\t\tprevPageLinkText:          '&lsaquo;',\n\t\t\t\t\tenableHistory:              0,\n\t\t\t\t\tautoStart:                 \t0,\n\t\t\t\t\tenableKeyboardNavigation:\ttrue,\n\t\t\t\t\tsyncTransitions:           \t1,\n\t\t\t\t\tdefaultTransitionDuration: \t300,\n\t\t\t\t\t\t\n\t\t\t\t\tonTransitionOut:           function(slide, caption, isSync, callback) {\n\t\t\t\t\t\tslide.fadeTo(this.getDefaultTransitionDuration(isSync), 0.0, callback);\n\t\t\t\t\t\tcaption.fadeTo(this.getDefaultTransitionDuration(isSync), 0.0);\n\t\t\t\t\t},\n\t\t\t\t\tonTransitionIn:            function(slide, caption, isSync) {\n\t\t\t\t\t\tvar duration = this.getDefaultTransitionDuration(isSync);\n\t\t\t\t\t\tslide.fadeTo(duration, 1.0);\n\t\n\t\t\t\t\t\t\/\/ Position the caption at the bottom of the image and set its opacity\n\t\t\t\t\t\tvar slideImage = slide.find('img');\n\t\t\t\t\t\tcaption.width(slideImage.width())\n\t\t\t\t\t\t\t.css({\n\t\t\t\t\t\t\t\t\/\/'bottom' : Math.floor((slide.height() - slideImage.outerHeight()) \/ 2 - 40),\n\t\t\t\t\t\t\t\t'top' : slideImage.outerHeight(),\n\t\t\t\t\t\t\t\t'left' : Math.floor((slide.width() - slideImage.width()) \/ 2) + slideImage.outerWidth() - slideImage.width()\n\t\t\t\t\t\t\t})\n\t\t\t\t\t\t\t.fadeTo(duration, 1.0);\n\t\t\t\t\t\t\n\t\t\t\t\t},\n\t\t\t\t\tonPageTransitionOut:       function(callback) {\n\t\t\t\t\t\tthis.hide();\n\t\t\t\t\t\tsetTimeout(callback, 100); \/\/ wait a bit\n\t\t\t\t\t},\n\t\t\t\t\tonPageTransitionIn:        function() {\n\t\t\t\t\t\tvar prevPageLink = this.find('a.prev').css('display', 'none');\n\t\t\t\t\t\tvar nextPageLink = this.find('a.next').css('display', 'none');\n\t\t\t\t\t\t\n\t\t\t\t\t\t\/\/ Show appropriate next \/ prev page links\n\t\t\t\t\t\tif (this.displayedPage > 0)\n\t\t\t\t\t\t\tprevPageLink.css('display', 'block');\n\t\t\n\t\t\t\t\t\tvar lastPage = this.getNumPages() - 1;\n\t\t\t\t\t\tif (this.displayedPage < lastPage)\n\t\t\t\t\t\t\tnextPageLink.css('display', 'block');\n\t\t\n\t\t\t\t\t\tthis.fadeTo('fast', 1.0);\n\t\t\t\t\t}\n\t\t\t\t\t\n\t\t\t\t}); \n\t\t\t\t\n\t\t\t\t\n\t\t\t\t\n\t\t\t\t\/**************** Event handlers for custom next \/ prev page links **********************\/\n\t\t\n\t\t\t\tgallery.find('a.prev').click(function(e) {\n\t\t\t\t\tgallery.previousPage();\n\t\t\t\t\te.preventDefault();\n\t\t\t\t});\n\t\t\n\t\t\t\tgallery.find('a.next').click(function(e) {\n\t\t\t\t\tgallery.nextPage(); \n\t\t\t\t\te.preventDefault();\n\t\t\t\t});\n\t\t\n\t\t\t});\n\t\t<\/script>\n\t\t\n\t\t\n","protected":false},"excerpt":{"rendered":"<p>Nachdem der Winter hier in Kristiansand schon so bescheiden und recht warm war, haben wir daf\u00fcr jetzt echt Gl\u00fcck mit dem Wetter und schon seit einigen Tagen fast nur Sonne und relativ warme Temperaturen f\u00fcr April! Da hat es sich &hellip; <a href=\"https:\/\/home.uia.no\/katjaw14\/blog-2\/04-april\/05-summer-is-coming\/\">Continue reading <span class=\"meta-nav\">&rarr;<\/span><\/a><\/p>\n","protected":false},"author":621,"featured_media":0,"parent":694,"menu_order":0,"comment_status":"closed","ping_status":"closed","template":"","meta":{"_exactmetrics_skip_tracking":false,"_exactmetrics_sitenote_active":false,"_exactmetrics_sitenote_note":"","_exactmetrics_sitenote_category":0,"footnotes":""},"_links":{"self":[{"href":"https:\/\/home.uia.no\/katjaw14\/wp-json\/wp\/v2\/pages\/923"}],"collection":[{"href":"https:\/\/home.uia.no\/katjaw14\/wp-json\/wp\/v2\/pages"}],"about":[{"href":"https:\/\/home.uia.no\/katjaw14\/wp-json\/wp\/v2\/types\/page"}],"author":[{"embeddable":true,"href":"https:\/\/home.uia.no\/katjaw14\/wp-json\/wp\/v2\/users\/621"}],"replies":[{"embeddable":true,"href":"https:\/\/home.uia.no\/katjaw14\/wp-json\/wp\/v2\/comments?post=923"}],"version-history":[{"count":1,"href":"https:\/\/home.uia.no\/katjaw14\/wp-json\/wp\/v2\/pages\/923\/revisions"}],"predecessor-version":[{"id":934,"href":"https:\/\/home.uia.no\/katjaw14\/wp-json\/wp\/v2\/pages\/923\/revisions\/934"}],"up":[{"embeddable":true,"href":"https:\/\/home.uia.no\/katjaw14\/wp-json\/wp\/v2\/pages\/694"}],"wp:attachment":[{"href":"https:\/\/home.uia.no\/katjaw14\/wp-json\/wp\/v2\/media?parent=923"}],"curies":[{"name":"wp","href":"https:\/\/api.w.org\/{rel}","templated":true}]}}