
{"id":122,"date":"2017-10-25T22:57:46","date_gmt":"2017-10-25T21:57:46","guid":{"rendered":"http:\/\/home.uia.no\/mahamy16\/?page_id=122"},"modified":"2017-10-25T23:37:38","modified_gmt":"2017-10-25T22:37:38","slug":"sammendrag","status":"publish","type":"page","link":"https:\/\/home.uia.no\/mahamy16\/sammendrag\/","title":{"rendered":"Sammendrag"},"content":{"rendered":"<p>Skriv en oppsumering om det du har l\u00e6rt s\u00e5 langt p\u00e5 bloggen din.<\/p>\n<p>Jeg har l\u00e6rt mye siden jeg begynnte \u00e5 programmere p\u00e5 bluej. Det har v\u00e6rt lesing, skriving, og koding fra uke 34 til uke 43. De f\u00f8rste ukene fra programmet nytt for meg og har ikke brukt f\u00f8r, etter \u00e5 ha fullf\u00f8rt modul 1 l\u00e6rte jeg mye om selve programmet. Jeg l\u00e6rte hvordan man \u00e5pner, lagrer prosjekter i BlueJ, lage klasse og objekter, hvordan man under s\u00f8ker kildekoden til en klasse.<\/p>\n<p>Etter som jeg forsatte \u00e5 lese kapitlene og gj\u00f8re modul l\u00e6rte jeg mer om koding og hvordan man lager og dokumenterer en klasse fra skratsj. Jeg l\u00e6rte f\u00f8rst om klass deifinisjon, constructor og forskjellige metoder i en kilde koden til en klasse. Det var viktig at disse var p\u00e5 plass f\u00f8r jeg kunne l\u00e6re noe mer avansert. Etter hvert l\u00e6rte jeg om data typer, de forskjellige data typene int, String, double. Disse som er mest brukt og itlegg om boolean, flout osv., og variabler (instance og local vairabel). Jeg l\u00e6rte if conditions og operatorer, har l\u00e6rt om loops, for each, for og while loop. Selv om jeg har ikke brukt loops i modulene forst\u00e5r jeg hvordan jeg kan bruke de og hva de brukes til. Har ogs\u00e5 l\u00e6rt om Array, etter \u00e5 ha lest kapittel 4 skj\u00f8nte hvordan loops og Array fungerer med hverandre.<\/p>\n<p>Jeg har l\u00e6rt mye forskjellig, noe av det var enkelt l\u00e6re, mens andre var kompliserte og m\u00e5tte s\u00f8ke hjelp. Hvert kapittel og modul er det nye programmeringa konsepter man m\u00e5 sette seg inn, praktisere dem ogs\u00e5 bruke de sammen med det man har l\u00e6rt f\u00f8r. Jeg gleder meg til \u00e5 l\u00e6re mye om programmering, og satser p\u00e5 \u00e5 gj\u00f8re masse praksis oppgaver som mulig for \u00e5 bli flink til \u00e5 programmere.<\/p>\n","protected":false},"excerpt":{"rendered":"<p>Skriv en oppsumering om det du har l\u00e6rt s\u00e5 langt p\u00e5 bloggen din. Jeg har l\u00e6rt mye siden jeg begynnte \u00e5 programmere p\u00e5 bluej. Det har v\u00e6rt lesing, skriving, og koding fra uke 34 til uke 43. De f\u00f8rste ukene fra programmet nytt for meg og har ikke brukt f\u00f8r, etter \u00e5 ha fullf\u00f8rt modul [&hellip;]<\/p>\n","protected":false},"author":1340,"featured_media":0,"parent":0,"menu_order":0,"comment_status":"closed","ping_status":"closed","template":"","meta":{"_exactmetrics_skip_tracking":false,"_exactmetrics_sitenote_active":false,"_exactmetrics_sitenote_note":"","_exactmetrics_sitenote_category":0,"footnotes":""},"_links":{"self":[{"href":"https:\/\/home.uia.no\/mahamy16\/wp-json\/wp\/v2\/pages\/122"}],"collection":[{"href":"https:\/\/home.uia.no\/mahamy16\/wp-json\/wp\/v2\/pages"}],"about":[{"href":"https:\/\/home.uia.no\/mahamy16\/wp-json\/wp\/v2\/types\/page"}],"author":[{"embeddable":true,"href":"https:\/\/home.uia.no\/mahamy16\/wp-json\/wp\/v2\/users\/1340"}],"replies":[{"embeddable":true,"href":"https:\/\/home.uia.no\/mahamy16\/wp-json\/wp\/v2\/comments?post=122"}],"version-history":[{"count":3,"href":"https:\/\/home.uia.no\/mahamy16\/wp-json\/wp\/v2\/pages\/122\/revisions"}],"predecessor-version":[{"id":140,"href":"https:\/\/home.uia.no\/mahamy16\/wp-json\/wp\/v2\/pages\/122\/revisions\/140"}],"wp:attachment":[{"href":"https:\/\/home.uia.no\/mahamy16\/wp-json\/wp\/v2\/media?parent=122"}],"curies":[{"name":"wp","href":"https:\/\/api.w.org\/{rel}","templated":true}]}}