
{"id":61,"date":"2023-02-12T20:52:20","date_gmt":"2023-02-12T19:52:20","guid":{"rendered":"https:\/\/home.uia.no\/mkhara01\/?page_id=61"},"modified":"2023-02-12T20:53:34","modified_gmt":"2023-02-12T19:53:34","slug":"programmering-i-skulen","status":"publish","type":"page","link":"https:\/\/home.uia.no\/mkhara01\/programmering-i-skulen\/","title":{"rendered":"Programmering i skulen"},"content":{"rendered":"\n<p>Micro:bit &#8211; programmere ein bil til \u00e5 halde seg p\u00e5 vegen<\/p>\n\n\n\n<figure class=\"wp-block-image size-full\"><img loading=\"lazy\" decoding=\"async\" width=\"566\" height=\"428\" src=\"https:\/\/home.uia.no\/mkhara01\/files\/2023\/02\/bitbot.jpg\" alt=\"\" class=\"wp-image-63\" srcset=\"https:\/\/home.uia.no\/mkhara01\/files\/2023\/02\/bitbot.jpg 566w, https:\/\/home.uia.no\/mkhara01\/files\/2023\/02\/bitbot-300x227.jpg 300w, https:\/\/home.uia.no\/mkhara01\/files\/2023\/02\/bitbot-400x302.jpg 400w, https:\/\/home.uia.no\/mkhara01\/files\/2023\/02\/bitbot-397x300.jpg 397w\" sizes=\"(max-width: 566px) 100vw, 566px\" \/><\/figure>\n\n\n\n<p>Elevane g\u00e5r i 9.klasse og har hatt programmering som valfag. Vi har arbeidd mykje med micro:bit fr\u00e5 f\u00f8r, men det er sv\u00e6rt stor variasjon i kor mykje elevane mestrer. Vi hadde 4 biler tilgjengelig og elevane var i grupper p\u00e5 to eller tre. <\/p>\n\n\n\n<p>M\u00e5let til slutt var \u00e5 f\u00e5 bilen til \u00e5 k\u00f8yre ei gitt strekning og s\u00e5 stoppe inne i eit merka omr\u00e5de.<\/p>\n\n\n\n<p>Dei valde ulike m\u00e5ter for \u00e5 n\u00e5 m\u00e5let. Nokre brukte sensorane under bilen til \u00e5 halde seg langs ei teipa rute p\u00e5 gulvet. Nokre fors\u00f8kte \u00e5 programmere inn ruta ved \u00e5 pr\u00f8ve seg fram. (dette gjekk d\u00e5rleg) og andre brukte to microbiter for \u00e5 lage ein fjernkontroll som kunne kontrollere bilen. <\/p>\n\n\n\n<p>Vi brukte 3 skuletimer for \u00e5 f\u00e5 dette til. Nokre vart veldig tidleg ferdige d\u00e5 dei henta ferdige oppskrifter, medan andre klarte til slutt \u00e5 finn ut av det sj\u00f8lve.<\/p>\n\n\n\n<figure class=\"wp-block-image size-full\"><img loading=\"lazy\" decoding=\"async\" width=\"697\" height=\"564\" src=\"https:\/\/home.uia.no\/mkhara01\/files\/2023\/02\/bitbot-remote.jpg\" alt=\"\" class=\"wp-image-65\" srcset=\"https:\/\/home.uia.no\/mkhara01\/files\/2023\/02\/bitbot-remote.jpg 697w, https:\/\/home.uia.no\/mkhara01\/files\/2023\/02\/bitbot-remote-300x243.jpg 300w, https:\/\/home.uia.no\/mkhara01\/files\/2023\/02\/bitbot-remote-400x324.jpg 400w, https:\/\/home.uia.no\/mkhara01\/files\/2023\/02\/bitbot-remote-371x300.jpg 371w\" sizes=\"(max-width: 697px) 100vw, 697px\" \/><\/figure>\n","protected":false},"excerpt":{"rendered":"<p>Micro:bit &#8211; programmere ein bil til \u00e5 halde seg p\u00e5 vegen Elevane g\u00e5r i 9.klasse og har hatt programmering som valfag. Vi har arbeidd mykje med micro:bit fr\u00e5 f\u00f8r, men det er sv\u00e6rt stor variasjon i kor mykje elevane mestrer. &hellip; <a href=\"https:\/\/home.uia.no\/mkhara01\/programmering-i-skulen\/\">Les videre <span class=\"meta-nav\">&rarr;<\/span><\/a><\/p>\n","protected":false},"author":3501,"featured_media":0,"parent":0,"menu_order":0,"comment_status":"open","ping_status":"closed","template":"","meta":{"_exactmetrics_skip_tracking":false,"_exactmetrics_sitenote_active":false,"_exactmetrics_sitenote_note":"","_exactmetrics_sitenote_category":0,"footnotes":""},"_links":{"self":[{"href":"https:\/\/home.uia.no\/mkhara01\/wp-json\/wp\/v2\/pages\/61"}],"collection":[{"href":"https:\/\/home.uia.no\/mkhara01\/wp-json\/wp\/v2\/pages"}],"about":[{"href":"https:\/\/home.uia.no\/mkhara01\/wp-json\/wp\/v2\/types\/page"}],"author":[{"embeddable":true,"href":"https:\/\/home.uia.no\/mkhara01\/wp-json\/wp\/v2\/users\/3501"}],"replies":[{"embeddable":true,"href":"https:\/\/home.uia.no\/mkhara01\/wp-json\/wp\/v2\/comments?post=61"}],"version-history":[{"count":1,"href":"https:\/\/home.uia.no\/mkhara01\/wp-json\/wp\/v2\/pages\/61\/revisions"}],"predecessor-version":[{"id":67,"href":"https:\/\/home.uia.no\/mkhara01\/wp-json\/wp\/v2\/pages\/61\/revisions\/67"}],"wp:attachment":[{"href":"https:\/\/home.uia.no\/mkhara01\/wp-json\/wp\/v2\/media?parent=61"}],"curies":[{"name":"wp","href":"https:\/\/api.w.org\/{rel}","templated":true}]}}