
{"id":84,"date":"2023-03-12T21:12:30","date_gmt":"2023-03-12T20:12:30","guid":{"rendered":"https:\/\/home.uia.no\/mkhara01\/?page_id=84"},"modified":"2023-03-12T21:23:16","modified_gmt":"2023-03-12T20:23:16","slug":"vr-og-ar-mogelegheiter-til-bruk-i-undervisninga","status":"publish","type":"page","link":"https:\/\/home.uia.no\/mkhara01\/vr-og-ar-mogelegheiter-til-bruk-i-undervisninga\/","title":{"rendered":"VR og AR &#8211; mogelegheiter til bruk i undervisninga"},"content":{"rendered":"\n<p>Eg har for mange \u00e5r sidan brukt VR-briller i undervisninga n\u00e5r ein hadde om verdsrommet i naturfag p\u00e5 9. trinn. Dette var heit enkelt og mest meint som noko som skulle vere litt morosamt. Eg hadde g\u00e5tt til innkj\u00f8p av eit sett &laquo;briller&raquo;, dvs, ei kasse til \u00e5 feste mobiltelefonen inni. M\u00e5let var at elevane skulle f\u00e5 eit innblikk i at det ikkje er noko opp eller ned i verdensrommet ved \u00e5 sj\u00e5 ein video p\u00e5 youtube der ein astronaut kom bort fr\u00e5 romferga og byrja \u00e5 spinne. <\/p>\n\n\n\n<figure class=\"wp-block-image size-full\"><img loading=\"lazy\" decoding=\"async\" width=\"466\" height=\"488\" src=\"https:\/\/home.uia.no\/mkhara01\/files\/2023\/03\/image-1.png\" alt=\"\" class=\"wp-image-92\" srcset=\"https:\/\/home.uia.no\/mkhara01\/files\/2023\/03\/image-1.png 466w, https:\/\/home.uia.no\/mkhara01\/files\/2023\/03\/image-1-286x300.png 286w, https:\/\/home.uia.no\/mkhara01\/files\/2023\/03\/image-1-400x419.png 400w\" sizes=\"(max-width: 466px) 100vw, 466px\" \/><figcaption>Skjermbilde fr\u00e5 Aliexpress.<\/figcaption><\/figure>\n\n\n\n<p>Det har skjedd ei lita utvikling sida sist eg pr\u00f8vde dette og eg har s\u00e5vidt pr\u00f8vd Google Earth VR. Det er veldig spennande, mest for \u00e5 utforske nye stader ein ikkje har vore p\u00e5 f\u00f8r. Dette vil eg fors\u00f8ke i klassen ved eit h\u00f8veleg tilfelle.<\/p>\n\n\n\n<figure class=\"wp-block-image size-large\"><img loading=\"lazy\" decoding=\"async\" width=\"1024\" height=\"628\" src=\"https:\/\/home.uia.no\/mkhara01\/files\/2023\/03\/image-1024x628.png\" alt=\"\" class=\"wp-image-88\" srcset=\"https:\/\/home.uia.no\/mkhara01\/files\/2023\/03\/image-1024x628.png 1024w, https:\/\/home.uia.no\/mkhara01\/files\/2023\/03\/image-300x184.png 300w, https:\/\/home.uia.no\/mkhara01\/files\/2023\/03\/image-768x471.png 768w, https:\/\/home.uia.no\/mkhara01\/files\/2023\/03\/image-400x245.png 400w, https:\/\/home.uia.no\/mkhara01\/files\/2023\/03\/image-489x300.png 489w, https:\/\/home.uia.no\/mkhara01\/files\/2023\/03\/image.png 1109w\" sizes=\"(max-width: 1024px) 100vw, 1024px\" \/><\/figure>\n","protected":false},"excerpt":{"rendered":"<p>Eg har for mange \u00e5r sidan brukt VR-briller i undervisninga n\u00e5r ein hadde om verdsrommet i naturfag p\u00e5 9. trinn. Dette var heit enkelt og mest meint som noko som skulle vere litt morosamt. Eg hadde g\u00e5tt til innkj\u00f8p av &hellip; <a href=\"https:\/\/home.uia.no\/mkhara01\/vr-og-ar-mogelegheiter-til-bruk-i-undervisninga\/\">Les videre <span class=\"meta-nav\">&rarr;<\/span><\/a><\/p>\n","protected":false},"author":3501,"featured_media":0,"parent":0,"menu_order":0,"comment_status":"closed","ping_status":"closed","template":"","meta":{"_exactmetrics_skip_tracking":false,"_exactmetrics_sitenote_active":false,"_exactmetrics_sitenote_note":"","_exactmetrics_sitenote_category":0,"footnotes":""},"_links":{"self":[{"href":"https:\/\/home.uia.no\/mkhara01\/wp-json\/wp\/v2\/pages\/84"}],"collection":[{"href":"https:\/\/home.uia.no\/mkhara01\/wp-json\/wp\/v2\/pages"}],"about":[{"href":"https:\/\/home.uia.no\/mkhara01\/wp-json\/wp\/v2\/types\/page"}],"author":[{"embeddable":true,"href":"https:\/\/home.uia.no\/mkhara01\/wp-json\/wp\/v2\/users\/3501"}],"replies":[{"embeddable":true,"href":"https:\/\/home.uia.no\/mkhara01\/wp-json\/wp\/v2\/comments?post=84"}],"version-history":[{"count":3,"href":"https:\/\/home.uia.no\/mkhara01\/wp-json\/wp\/v2\/pages\/84\/revisions"}],"predecessor-version":[{"id":94,"href":"https:\/\/home.uia.no\/mkhara01\/wp-json\/wp\/v2\/pages\/84\/revisions\/94"}],"wp:attachment":[{"href":"https:\/\/home.uia.no\/mkhara01\/wp-json\/wp\/v2\/media?parent=84"}],"curies":[{"name":"wp","href":"https:\/\/api.w.org\/{rel}","templated":true}]}}