
{"id":111,"date":"2014-02-24T22:43:48","date_gmt":"2014-02-24T21:43:48","guid":{"rendered":"http:\/\/home.uia.no\/ninaaf13\/?page_id=111"},"modified":"2014-02-25T00:17:35","modified_gmt":"2014-02-24T23:17:35","slug":"a-ga-pa-tur","status":"publish","type":"page","link":"https:\/\/home.uia.no\/ninaaf13\/a-ga-pa-tur\/","title":{"rendered":"\u00e5 g\u00e5 p\u00e5 tur"},"content":{"rendered":"<p>the world has a lot to offer, go out, see it, feel it!<\/p>\n","protected":false},"excerpt":{"rendered":"<p>the world has a lot to offer, go out, see it, feel it!<\/p>\n","protected":false},"author":330,"featured_media":0,"parent":0,"menu_order":0,"comment_status":"closed","ping_status":"open","template":"","meta":{"_exactmetrics_skip_tracking":false,"_exactmetrics_sitenote_active":false,"_exactmetrics_sitenote_note":"","_exactmetrics_sitenote_category":0,"footnotes":""},"_links":{"self":[{"href":"https:\/\/home.uia.no\/ninaaf13\/wp-json\/wp\/v2\/pages\/111"}],"collection":[{"href":"https:\/\/home.uia.no\/ninaaf13\/wp-json\/wp\/v2\/pages"}],"about":[{"href":"https:\/\/home.uia.no\/ninaaf13\/wp-json\/wp\/v2\/types\/page"}],"author":[{"embeddable":true,"href":"https:\/\/home.uia.no\/ninaaf13\/wp-json\/wp\/v2\/users\/330"}],"replies":[{"embeddable":true,"href":"https:\/\/home.uia.no\/ninaaf13\/wp-json\/wp\/v2\/comments?post=111"}],"version-history":[{"count":2,"href":"https:\/\/home.uia.no\/ninaaf13\/wp-json\/wp\/v2\/pages\/111\/revisions"}],"predecessor-version":[{"id":160,"href":"https:\/\/home.uia.no\/ninaaf13\/wp-json\/wp\/v2\/pages\/111\/revisions\/160"}],"wp:attachment":[{"href":"https:\/\/home.uia.no\/ninaaf13\/wp-json\/wp\/v2\/media?parent=111"}],"curies":[{"name":"wp","href":"https:\/\/api.w.org\/{rel}","templated":true}]}}