
{"id":236,"date":"2014-04-10T15:05:33","date_gmt":"2014-04-10T14:05:33","guid":{"rendered":"http:\/\/home.uia.no\/ninaaf13\/?page_id=236"},"modified":"2014-05-27T11:04:36","modified_gmt":"2014-05-27T10:04:36","slug":"sirdalsheiane-pa-ski","status":"publish","type":"page","link":"https:\/\/home.uia.no\/ninaaf13\/a-ga-pa-tur\/sirdalsheiane-pa-ski\/","title":{"rendered":"sirdalsheiane p\u00e5 ski"},"content":{"rendered":"<p><a href=\"http:\/\/home.uia.no\/ninaaf13\/files\/2014\/04\/IMG_4415.jpg\"><img loading=\"lazy\" decoding=\"async\" class=\"alignright size-large wp-image-249\" src=\"http:\/\/home.uia.no\/ninaaf13\/files\/2014\/04\/IMG_4415-1024x768.jpg\" alt=\"\" width=\"584\" height=\"438\" srcset=\"https:\/\/home.uia.no\/ninaaf13\/files\/2014\/04\/IMG_4415-1024x768.jpg 1024w, https:\/\/home.uia.no\/ninaaf13\/files\/2014\/04\/IMG_4415-300x225.jpg 300w, https:\/\/home.uia.no\/ninaaf13\/files\/2014\/04\/IMG_4415-400x300.jpg 400w\" sizes=\"(max-width: 584px) 100vw, 584px\" \/><\/a>4 day round-trip from hut to hut<\/p>\n<p>\u00e5dneram &#8211; grautheller &#8211; litle aur\u00e5dal &#8211; grautheller &#8211; \u00e5dneram<\/p>\n<p>15km &#8211; 17km &#8211; \u00a013km &#8211; 15km<\/p>\n<p>sun &#8211; sun &#8211; sun &#8211; sun<\/p>\n","protected":false},"excerpt":{"rendered":"<p>4 day round-trip from hut to hut \u00e5dneram &#8211; grautheller &#8211; litle aur\u00e5dal &#8211; grautheller &#8211; \u00e5dneram 15km &#8211; 17km &#8211; \u00a013km &#8211; 15km sun &#8211; sun &#8211; sun &#8211; sun<\/p>\n","protected":false},"author":330,"featured_media":0,"parent":111,"menu_order":0,"comment_status":"closed","ping_status":"open","template":"","meta":{"_exactmetrics_skip_tracking":false,"_exactmetrics_sitenote_active":false,"_exactmetrics_sitenote_note":"","_exactmetrics_sitenote_category":0,"footnotes":""},"_links":{"self":[{"href":"https:\/\/home.uia.no\/ninaaf13\/wp-json\/wp\/v2\/pages\/236"}],"collection":[{"href":"https:\/\/home.uia.no\/ninaaf13\/wp-json\/wp\/v2\/pages"}],"about":[{"href":"https:\/\/home.uia.no\/ninaaf13\/wp-json\/wp\/v2\/types\/page"}],"author":[{"embeddable":true,"href":"https:\/\/home.uia.no\/ninaaf13\/wp-json\/wp\/v2\/users\/330"}],"replies":[{"embeddable":true,"href":"https:\/\/home.uia.no\/ninaaf13\/wp-json\/wp\/v2\/comments?post=236"}],"version-history":[{"count":2,"href":"https:\/\/home.uia.no\/ninaaf13\/wp-json\/wp\/v2\/pages\/236\/revisions"}],"predecessor-version":[{"id":250,"href":"https:\/\/home.uia.no\/ninaaf13\/wp-json\/wp\/v2\/pages\/236\/revisions\/250"}],"up":[{"embeddable":true,"href":"https:\/\/home.uia.no\/ninaaf13\/wp-json\/wp\/v2\/pages\/111"}],"wp:attachment":[{"href":"https:\/\/home.uia.no\/ninaaf13\/wp-json\/wp\/v2\/media?parent=236"}],"curies":[{"name":"wp","href":"https:\/\/api.w.org\/{rel}","templated":true}]}}