
{"id":14,"date":"2015-08-23T22:44:03","date_gmt":"2015-08-23T21:44:03","guid":{"rendered":"http:\/\/home.uia.no\/olae15\/?page_id=14"},"modified":"2015-08-23T22:45:29","modified_gmt":"2015-08-23T21:45:29","slug":"uke-34","status":"publish","type":"page","link":"https:\/\/home.uia.no\/olae15\/uke-34\/","title":{"rendered":"Uke 34"},"content":{"rendered":"<p>IS 109 logg:<\/p>\n<p>\u00c5pne og lagre prosjekter i BlueJ.<\/p>\n<p>Gjort flere \u00f8velser i kap 1<\/p>\n<p>lest. kap1<\/p>\n<p>startet og skj\u00f8nne forskjellen p\u00e5 klasser og objekter.<\/p>\n<p>Noen f\u00e5 kommandoer eks: \u00e5 et objekt til og bevege seg sakte.<\/p>\n","protected":false},"excerpt":{"rendered":"<p>IS 109 logg: \u00c5pne og lagre prosjekter i BlueJ. Gjort flere \u00f8velser i kap 1 lest. kap1 startet og skj\u00f8nne forskjellen p\u00e5 klasser og objekter. Noen f\u00e5 kommandoer eks: \u00e5 et objekt til og bevege seg sakte.<\/p>\n","protected":false},"author":825,"featured_media":0,"parent":0,"menu_order":0,"comment_status":"closed","ping_status":"closed","template":"","meta":{"_exactmetrics_skip_tracking":false,"_exactmetrics_sitenote_active":false,"_exactmetrics_sitenote_note":"","_exactmetrics_sitenote_category":0,"footnotes":""},"_links":{"self":[{"href":"https:\/\/home.uia.no\/olae15\/wp-json\/wp\/v2\/pages\/14"}],"collection":[{"href":"https:\/\/home.uia.no\/olae15\/wp-json\/wp\/v2\/pages"}],"about":[{"href":"https:\/\/home.uia.no\/olae15\/wp-json\/wp\/v2\/types\/page"}],"author":[{"embeddable":true,"href":"https:\/\/home.uia.no\/olae15\/wp-json\/wp\/v2\/users\/825"}],"replies":[{"embeddable":true,"href":"https:\/\/home.uia.no\/olae15\/wp-json\/wp\/v2\/comments?post=14"}],"version-history":[{"count":2,"href":"https:\/\/home.uia.no\/olae15\/wp-json\/wp\/v2\/pages\/14\/revisions"}],"predecessor-version":[{"id":18,"href":"https:\/\/home.uia.no\/olae15\/wp-json\/wp\/v2\/pages\/14\/revisions\/18"}],"wp:attachment":[{"href":"https:\/\/home.uia.no\/olae15\/wp-json\/wp\/v2\/media?parent=14"}],"curies":[{"name":"wp","href":"https:\/\/api.w.org\/{rel}","templated":true}]}}