
{"id":45,"date":"2015-01-27T04:09:27","date_gmt":"2015-01-27T03:09:27","guid":{"rendered":"http:\/\/home.uia.no\/osvalg14\/?page_id=45"},"modified":"2015-06-04T02:16:55","modified_gmt":"2015-06-04T01:16:55","slug":"about-me","status":"publish","type":"page","link":"https:\/\/home.uia.no\/osvalg14\/about-me\/","title":{"rendered":"About me&#8230;."},"content":{"rendered":"<p><a href=\"http:\/\/home.uia.no\/osvalg14\/files\/2015\/01\/DSCF9536-deleted-d58678ec6510827632e4019a3aa791fc1.jpg\"><img loading=\"lazy\" decoding=\"async\" class=\"aligncenter size-full wp-image-326\" src=\"http:\/\/home.uia.no\/osvalg14\/files\/2015\/01\/DSCF9536-deleted-d58678ec6510827632e4019a3aa791fc1.jpg\" alt=\"\" width=\"3648\" height=\"2736\" srcset=\"https:\/\/home.uia.no\/osvalg14\/files\/2015\/01\/DSCF9536-deleted-d58678ec6510827632e4019a3aa791fc1.jpg 3648w, https:\/\/home.uia.no\/osvalg14\/files\/2015\/01\/DSCF9536-deleted-d58678ec6510827632e4019a3aa791fc1-300x225.jpg 300w, https:\/\/home.uia.no\/osvalg14\/files\/2015\/01\/DSCF9536-deleted-d58678ec6510827632e4019a3aa791fc1-1024x768.jpg 1024w, https:\/\/home.uia.no\/osvalg14\/files\/2015\/01\/DSCF9536-deleted-d58678ec6510827632e4019a3aa791fc1-400x300.jpg 400w\" sizes=\"(max-width: 3648px) 100vw, 3648px\" \/><\/a><br \/>\nLabas(Hello) I&#8217;m Osvaldas Gruzdas, ordinary guy from small but great country Lithuania. All my life I was intrested in sports, since I was\u00a0 5\u00a0 I was playing basketball, later handball and volleyball, I always was intrested to reach my own goals , that&#8217;s why when I finished my secondary school I knew that I will study at Lithuanian Sports University and now\u00a0 I&#8217;m in second course of\u00a0 sports reacreation and tourism program. After these studies I hope I will be professional sport instructor. But the main reason why I create this blog is to tell you guys about the biggest adventure of my life &#8211; 5 months studying in Norway, where I will do a lot of cool things like skying, canoing, camping, hicking and etc.<\/p>\n<p>I hope that writing a blog will provide me the chance to explore some of the experiences I have lived in the norwegian nature.<\/p>\n<p>So I hope you will be interesting in reading my stories&#8230;.:)<\/p>\n<p>Sveiki visi Esu Osvaldas Gruzdas paprastas vaikinas kil\u0119s i\u0161 netoli Pasvalio esan\u010dio kaimelio pavadinimu NARTEIKIAI.Vis\u0105 gyvenim\u0105 siejau su sportu tod\u0117l dabar jau baig\u0119s vidurin\u0119 mokykl\u0105 tapau studentu studijuojan\u010diu Lietuvos Sporto Universitete Sportin\u0119 rekreacija ir turizm\u0105.\u0160iuo metu esu antrakursis. Baig\u0119s \u0161i\u0105 specialyb\u0119 tikiuosi tapti profesionaliu sporto instruktoriumi.Taigi Suk\u016briau \u0161\u012f tinklalap\u012f nor\u0117damas parodyti, papasakoti apie savo pat\u012f did\u017eiausia nuotyk\u012f gyvenim\u0119 (iki \u0161iol) 5 m\u0117nesi\u0173 kelion\u0119 \u012f Norvegij\u0105, bei i\u0161 ar\u010diau jus supa\u017eindinti su \u0161i\u0105 nuostabia \u0161alimi.Tai bus lyg blogas\/dienora\u0161tis kur\u012f stengsiuos papildyti kuo da\u017eniau \ud83d\ude42<br \/>\nTikiuosi j\u016bs\u0173 palaikymo- Tai dar labiau mane motyvuos \ud83d\ude42<\/p>\n","protected":false},"excerpt":{"rendered":"<p>Labas(Hello) I&#8217;m Osvaldas Gruzdas, ordinary guy from small but great country Lithuania. All my life I was intrested in sports, since I was\u00a0 5\u00a0 I was playing basketball, later handball and volleyball, I always was intrested to reach my own &hellip; <a href=\"https:\/\/home.uia.no\/osvalg14\/about-me\/\">Continue reading <span class=\"meta-nav\">&rarr;<\/span><\/a><\/p>\n","protected":false},"author":623,"featured_media":97,"parent":0,"menu_order":0,"comment_status":"closed","ping_status":"closed","template":"","meta":{"_exactmetrics_skip_tracking":false,"_exactmetrics_sitenote_active":false,"_exactmetrics_sitenote_note":"","_exactmetrics_sitenote_category":0,"footnotes":""},"_links":{"self":[{"href":"https:\/\/home.uia.no\/osvalg14\/wp-json\/wp\/v2\/pages\/45"}],"collection":[{"href":"https:\/\/home.uia.no\/osvalg14\/wp-json\/wp\/v2\/pages"}],"about":[{"href":"https:\/\/home.uia.no\/osvalg14\/wp-json\/wp\/v2\/types\/page"}],"author":[{"embeddable":true,"href":"https:\/\/home.uia.no\/osvalg14\/wp-json\/wp\/v2\/users\/623"}],"replies":[{"embeddable":true,"href":"https:\/\/home.uia.no\/osvalg14\/wp-json\/wp\/v2\/comments?post=45"}],"version-history":[{"count":9,"href":"https:\/\/home.uia.no\/osvalg14\/wp-json\/wp\/v2\/pages\/45\/revisions"}],"predecessor-version":[{"id":327,"href":"https:\/\/home.uia.no\/osvalg14\/wp-json\/wp\/v2\/pages\/45\/revisions\/327"}],"wp:featuredmedia":[{"embeddable":true,"href":"https:\/\/home.uia.no\/osvalg14\/wp-json\/wp\/v2\/media\/97"}],"wp:attachment":[{"href":"https:\/\/home.uia.no\/osvalg14\/wp-json\/wp\/v2\/media?parent=45"}],"curies":[{"name":"wp","href":"https:\/\/api.w.org\/{rel}","templated":true}]}}