
{"id":14,"date":"2016-08-19T11:50:16","date_gmt":"2016-08-19T10:50:16","guid":{"rendered":"http:\/\/home.uia.no\/pertb14\/?page_id=14"},"modified":"2016-09-13T18:50:08","modified_gmt":"2016-09-13T17:50:08","slug":"kunde-1","status":"publish","type":"page","link":"https:\/\/home.uia.no\/pertb14\/oppgaver\/idr-129\/kunde-1\/","title":{"rendered":"Kunde 1"},"content":{"rendered":"<p>Kj\u00f8nn: Mann<br \/>\nAlder: 24 \u00e5r<br \/>\nYrke: Student<br \/>\nSivilstand: Singel<br \/>\nTid\/tilgjenglighet:\u00a0Stort sett tilgjengelig. Har mye ledig tid mellom forelesninger, samt p\u00e5 kveldstid.<br \/>\nM\u00e5l: Kunden \u00f8nsker \u00e5 \u00f8ke stabilitet og styrke sin kjernemuskulatur<\/p>\n","protected":false},"excerpt":{"rendered":"<p>Kj\u00f8nn: Mann Alder: 24 \u00e5r Yrke: Student Sivilstand: Singel Tid\/tilgjenglighet:\u00a0Stort sett tilgjengelig. Har mye ledig tid mellom forelesninger, samt p\u00e5 kveldstid. M\u00e5l: Kunden \u00f8nsker \u00e5 \u00f8ke stabilitet og styrke sin kjernemuskulatur<\/p>\n","protected":false},"author":1074,"featured_media":0,"parent":37,"menu_order":0,"comment_status":"closed","ping_status":"closed","template":"","meta":{"_exactmetrics_skip_tracking":false,"_exactmetrics_sitenote_active":false,"_exactmetrics_sitenote_note":"","_exactmetrics_sitenote_category":0,"footnotes":""},"_links":{"self":[{"href":"https:\/\/home.uia.no\/pertb14\/wp-json\/wp\/v2\/pages\/14"}],"collection":[{"href":"https:\/\/home.uia.no\/pertb14\/wp-json\/wp\/v2\/pages"}],"about":[{"href":"https:\/\/home.uia.no\/pertb14\/wp-json\/wp\/v2\/types\/page"}],"author":[{"embeddable":true,"href":"https:\/\/home.uia.no\/pertb14\/wp-json\/wp\/v2\/users\/1074"}],"replies":[{"embeddable":true,"href":"https:\/\/home.uia.no\/pertb14\/wp-json\/wp\/v2\/comments?post=14"}],"version-history":[{"count":5,"href":"https:\/\/home.uia.no\/pertb14\/wp-json\/wp\/v2\/pages\/14\/revisions"}],"predecessor-version":[{"id":91,"href":"https:\/\/home.uia.no\/pertb14\/wp-json\/wp\/v2\/pages\/14\/revisions\/91"}],"up":[{"embeddable":true,"href":"https:\/\/home.uia.no\/pertb14\/wp-json\/wp\/v2\/pages\/37"}],"wp:attachment":[{"href":"https:\/\/home.uia.no\/pertb14\/wp-json\/wp\/v2\/media?parent=14"}],"curies":[{"name":"wp","href":"https:\/\/api.w.org\/{rel}","templated":true}]}}