
{"id":16,"date":"2016-08-19T11:50:46","date_gmt":"2016-08-19T10:50:46","guid":{"rendered":"http:\/\/home.uia.no\/pertb14\/?page_id=16"},"modified":"2016-09-13T20:22:31","modified_gmt":"2016-09-13T19:22:31","slug":"kunde-2","status":"publish","type":"page","link":"https:\/\/home.uia.no\/pertb14\/oppgaver\/idr-129\/kunde-2\/","title":{"rendered":"Kunde 2"},"content":{"rendered":"<p>Alder: 23<br \/>\nKj\u00f8nn: Mann<br \/>\nYrke: Student<br \/>\nSivilstand: Singel<br \/>\nTid\/tilgjengelighet: Har en fleksibel timeplan som gir mye ledig tid p\u00e5 dagtid. \u00d8nsker prim\u00e6rt ikke trening p\u00e5 ettermiddag\/kveld.<br \/>\n<span style=\"font-weight: 300\">Kundens m\u00e5lsetting: \u00d8nsker \u00e5 best\u00e5 opptakskravene p\u00e5 politih\u00f8gskolen.<\/span><\/p>\n<p>&nbsp;<\/p>\n","protected":false},"excerpt":{"rendered":"<p>Alder: 23 Kj\u00f8nn: Mann Yrke: Student Sivilstand: Singel Tid\/tilgjengelighet: Har en fleksibel timeplan som gir mye ledig tid p\u00e5 dagtid. \u00d8nsker prim\u00e6rt ikke trening p\u00e5 ettermiddag\/kveld. Kundens m\u00e5lsetting: \u00d8nsker \u00e5 best\u00e5 opptakskravene p\u00e5 politih\u00f8gskolen. &nbsp;<\/p>\n","protected":false},"author":1074,"featured_media":0,"parent":37,"menu_order":0,"comment_status":"closed","ping_status":"closed","template":"","meta":{"_exactmetrics_skip_tracking":false,"_exactmetrics_sitenote_active":false,"_exactmetrics_sitenote_note":"","_exactmetrics_sitenote_category":0,"footnotes":""},"_links":{"self":[{"href":"https:\/\/home.uia.no\/pertb14\/wp-json\/wp\/v2\/pages\/16"}],"collection":[{"href":"https:\/\/home.uia.no\/pertb14\/wp-json\/wp\/v2\/pages"}],"about":[{"href":"https:\/\/home.uia.no\/pertb14\/wp-json\/wp\/v2\/types\/page"}],"author":[{"embeddable":true,"href":"https:\/\/home.uia.no\/pertb14\/wp-json\/wp\/v2\/users\/1074"}],"replies":[{"embeddable":true,"href":"https:\/\/home.uia.no\/pertb14\/wp-json\/wp\/v2\/comments?post=16"}],"version-history":[{"count":6,"href":"https:\/\/home.uia.no\/pertb14\/wp-json\/wp\/v2\/pages\/16\/revisions"}],"predecessor-version":[{"id":103,"href":"https:\/\/home.uia.no\/pertb14\/wp-json\/wp\/v2\/pages\/16\/revisions\/103"}],"up":[{"embeddable":true,"href":"https:\/\/home.uia.no\/pertb14\/wp-json\/wp\/v2\/pages\/37"}],"wp:attachment":[{"href":"https:\/\/home.uia.no\/pertb14\/wp-json\/wp\/v2\/media?parent=16"}],"curies":[{"name":"wp","href":"https:\/\/api.w.org\/{rel}","templated":true}]}}