
{"id":21,"date":"2016-08-21T13:56:41","date_gmt":"2016-08-21T12:56:41","guid":{"rendered":"http:\/\/home.uia.no\/pertb14\/?page_id=21"},"modified":"2016-09-13T21:02:26","modified_gmt":"2016-09-13T20:02:26","slug":"time-1","status":"publish","type":"page","link":"https:\/\/home.uia.no\/pertb14\/oppgaver\/idr-129\/kunde-1\/time-1\/","title":{"rendered":"Time 1"},"content":{"rendered":"<p>Den f\u00f8rste timen var avsatt til en samtale med kunden. Kunden fikk fortalt litt om seg, historikk og m\u00e5l \/ \u00f8nske med treningen.<\/p>\n<p><span style=\"text-decoration: underline\">Spicheren den 26. August 2016<br \/>\n<\/span>Kj\u00f8nn: Mann<span style=\"text-decoration: underline\"><br \/>\n<\/span><span style=\"font-weight: 300\">Alder: 24 \u00e5r<br \/>\n<\/span><span style=\"font-weight: 300\">Yrke: Student<br \/>\n<\/span><span style=\"font-weight: 300\">Sivilstand: Singel<br \/>\n<\/span><span style=\"font-weight: 300\">Tid\/tilgjenglighet:\u00a0Stort sett tilgjengelig. Har mye ledig tid mellom forelesninger, samt p\u00e5 kveldstid.<br \/>\n<\/span><span style=\"font-weight: 300\">M\u00e5l: Kunden \u00f8nsker \u00e5 \u00f8ke stabilitet og styrke sin kjernemuskulatur<\/span><\/p>\n<p><span style=\"font-weight: 300\">Treningsbakgrunn:<br \/>\nKunden er sv\u00e6rt aktiv fra f\u00f8r og har drevet med styrketrening i over 5 \u00e5r. Han trener n\u00e5 styrke daglig. Hans eget m\u00e5l med treningen er \u00e5 trene for \u00e5 holde seg i form, samt \u00e5 se fremgang i egen trening.<\/span><\/p>\n<p>Hensyn \/ skader<br \/>\nKunden l\u00f8fter mye tungt, og har med tiden f\u00e5tt noe smerter i rygg og skulder. Dette skjer hovedsakelig under tynge l\u00f8ft. Det trengs ikke \u00e5 tas noe hensyn til dette, men disse plagene er blant \u00e5rsakene til at kunden \u00f8nsker hjelp til \u00e5 fokusere p\u00e5 stabilitet og kjernemuskulatur, da han har hatt lite fokus p\u00e5 dette selv.<\/p>\n<p>Etter at PT og kunden har snakket sammen, tar vi turen inn i selve treningssenteret. Kunden forklarer litt om treningen han har gjort tidligere og hvilke apparater\/utstyr han har brukt.<\/p>\n<p>Etter avtale blir PT og kunden enige om \u00e5 ta neste \u00f8kt tirsdag 30. august.<\/p>\n","protected":false},"excerpt":{"rendered":"<p>Den f\u00f8rste timen var avsatt til en samtale med kunden. Kunden fikk fortalt litt om seg, historikk og m\u00e5l \/ \u00f8nske med treningen. Spicheren den 26. August 2016 Kj\u00f8nn: Mann Alder: 24 \u00e5r Yrke: Student Sivilstand: Singel Tid\/tilgjenglighet:\u00a0Stort sett tilgjengelig. &hellip; <a href=\"https:\/\/home.uia.no\/pertb14\/oppgaver\/idr-129\/kunde-1\/time-1\/\">Les videre <span class=\"meta-nav\">&rarr;<\/span><\/a><\/p>\n","protected":false},"author":1074,"featured_media":0,"parent":14,"menu_order":0,"comment_status":"closed","ping_status":"closed","template":"","meta":{"_exactmetrics_skip_tracking":false,"_exactmetrics_sitenote_active":false,"_exactmetrics_sitenote_note":"","_exactmetrics_sitenote_category":0,"footnotes":""},"_links":{"self":[{"href":"https:\/\/home.uia.no\/pertb14\/wp-json\/wp\/v2\/pages\/21"}],"collection":[{"href":"https:\/\/home.uia.no\/pertb14\/wp-json\/wp\/v2\/pages"}],"about":[{"href":"https:\/\/home.uia.no\/pertb14\/wp-json\/wp\/v2\/types\/page"}],"author":[{"embeddable":true,"href":"https:\/\/home.uia.no\/pertb14\/wp-json\/wp\/v2\/users\/1074"}],"replies":[{"embeddable":true,"href":"https:\/\/home.uia.no\/pertb14\/wp-json\/wp\/v2\/comments?post=21"}],"version-history":[{"count":7,"href":"https:\/\/home.uia.no\/pertb14\/wp-json\/wp\/v2\/pages\/21\/revisions"}],"predecessor-version":[{"id":109,"href":"https:\/\/home.uia.no\/pertb14\/wp-json\/wp\/v2\/pages\/21\/revisions\/109"}],"up":[{"embeddable":true,"href":"https:\/\/home.uia.no\/pertb14\/wp-json\/wp\/v2\/pages\/14"}],"wp:attachment":[{"href":"https:\/\/home.uia.no\/pertb14\/wp-json\/wp\/v2\/media?parent=21"}],"curies":[{"name":"wp","href":"https:\/\/api.w.org\/{rel}","templated":true}]}}