
{"id":23,"date":"2016-08-21T13:56:58","date_gmt":"2016-08-21T12:56:58","guid":{"rendered":"http:\/\/home.uia.no\/pertb14\/?page_id=23"},"modified":"2016-09-13T18:51:02","modified_gmt":"2016-09-13T17:51:02","slug":"time-2","status":"publish","type":"page","link":"https:\/\/home.uia.no\/pertb14\/oppgaver\/idr-129\/kunde-1\/time-2\/","title":{"rendered":"Time 2"},"content":{"rendered":"<p>Etter avtale fra forrige \u00f8kt, ble \u00f8kt nr. 2 lagt til Spicheren fitnessenter, tirsdag 30. August.<\/p>\n<p>Fokuset for denne \u00f8kta var stabilitet og kjerne i hele kroppen.<\/p>\n<p><a href=\"http:\/\/home.uia.no\/pertb14\/files\/2016\/08\/Skjermbilde-2016-09-12-kl.-22.12.38.png\"><img loading=\"lazy\" decoding=\"async\" class=\"alignnone size-full wp-image-50\" src=\"http:\/\/home.uia.no\/pertb14\/files\/2016\/08\/Skjermbilde-2016-09-12-kl.-22.12.38.png\" alt=\"\" width=\"502\" height=\"634\" srcset=\"https:\/\/home.uia.no\/pertb14\/files\/2016\/08\/Skjermbilde-2016-09-12-kl.-22.12.38.png 502w, https:\/\/home.uia.no\/pertb14\/files\/2016\/08\/Skjermbilde-2016-09-12-kl.-22.12.38-237x300.png 237w, https:\/\/home.uia.no\/pertb14\/files\/2016\/08\/Skjermbilde-2016-09-12-kl.-22.12.38-395x500.png 395w\" sizes=\"(max-width: 502px) 100vw, 502px\" \/><\/a><a href=\"http:\/\/home.uia.no\/pertb14\/files\/2016\/08\/Skjermbilde-2016-09-12-kl.-22.12.54.png\"><img loading=\"lazy\" decoding=\"async\" class=\"alignnone size-full wp-image-49\" src=\"http:\/\/home.uia.no\/pertb14\/files\/2016\/08\/Skjermbilde-2016-09-12-kl.-22.12.54.png\" alt=\"\" width=\"492\" height=\"488\" srcset=\"https:\/\/home.uia.no\/pertb14\/files\/2016\/08\/Skjermbilde-2016-09-12-kl.-22.12.54.png 492w, https:\/\/home.uia.no\/pertb14\/files\/2016\/08\/Skjermbilde-2016-09-12-kl.-22.12.54-150x150.png 150w, https:\/\/home.uia.no\/pertb14\/files\/2016\/08\/Skjermbilde-2016-09-12-kl.-22.12.54-300x297.png 300w, https:\/\/home.uia.no\/pertb14\/files\/2016\/08\/Skjermbilde-2016-09-12-kl.-22.12.54-50x50.png 50w, https:\/\/home.uia.no\/pertb14\/files\/2016\/08\/Skjermbilde-2016-09-12-kl.-22.12.54-400x396.png 400w, https:\/\/home.uia.no\/pertb14\/files\/2016\/08\/Skjermbilde-2016-09-12-kl.-22.12.54-302x300.png 302w\" sizes=\"(max-width: 492px) 100vw, 492px\" \/><\/a><\/p>\n<p>Begrunnelse for valg av \u00f8velser:<br \/>\nKunden \u00f8nsker \u00e5 forbedre stabilitet og kjerne. Da kunden har drevet mye med tunge, store l\u00f8ft, velger jeg \u00e5 bruke slynger. Trening i slynger er med p\u00e5 \u00e5 forbedre stabiliteten gjennom \u00e5 skape ustabilitet. Som PT har jeg lagt vekt p\u00e5 de store muskelgruppene, og pr\u00f8vd \u00e5 f\u00e5 med mest mulig av hele kroppen.\u00a0<span style=\"font-weight: 300\">\u00a0<\/span><\/p>\n<p><span style=\"font-weight: 300\">Egenevaluering av \u00f8kta<\/span><\/p>\n<p>Denne \u00f8kta ble for lang. Jeg som PT har lagt opp for mange \u00f8velser til \u00e5 klare disse p\u00e5 1 time. Det er ogs\u00e5 en d\u00e5rlig id\u00e9 \u00e5 legge opp \u00f8velser der kunden skal gjennomf\u00f8re oppgaven p\u00e5 tid. Dette gj\u00f8r at det kan oppst\u00e5 en fare for at \u00f8velsen ikke blir gjennomf\u00f8rt med den n\u00f8yaktighet og teknikk som kreves for at det skal utf\u00f8res korrekt. P\u00e5 sikt kan dette f\u00f8re til feil belastning og skader. PT har ogs\u00e5 et klart bilde av hvordan enkelte \u00f8velser skal gjennomf\u00f8res, men har ikke testet dem ut selv. Dette f\u00f8rer til uheldige \u00f8yeblikk der PT m\u00e5 bruke tid p\u00e5 \u00e5 finne rett startposisjon for \u00e5 gjennomf\u00f8re \u00f8velsen. Alltid bruk \u00f8velser som PT selv kjenner godt, eller i det miste som PT har testet godt ut i forkant. B\u00e5de for \u00e5 kunne vise, men ogs\u00e5 for \u00e5 kunne forklare og rettlede kunden p\u00e5 hva som er rett og gal teknikk.<\/p>\n","protected":false},"excerpt":{"rendered":"<p>Etter avtale fra forrige \u00f8kt, ble \u00f8kt nr. 2 lagt til Spicheren fitnessenter, tirsdag 30. August. Fokuset for denne \u00f8kta var stabilitet og kjerne i hele kroppen. Begrunnelse for valg av \u00f8velser: Kunden \u00f8nsker \u00e5 forbedre stabilitet og kjerne. Da &hellip; <a href=\"https:\/\/home.uia.no\/pertb14\/oppgaver\/idr-129\/kunde-1\/time-2\/\">Les videre <span class=\"meta-nav\">&rarr;<\/span><\/a><\/p>\n","protected":false},"author":1074,"featured_media":0,"parent":14,"menu_order":0,"comment_status":"closed","ping_status":"closed","template":"","meta":{"_exactmetrics_skip_tracking":false,"_exactmetrics_sitenote_active":false,"_exactmetrics_sitenote_note":"","_exactmetrics_sitenote_category":0,"footnotes":""},"_links":{"self":[{"href":"https:\/\/home.uia.no\/pertb14\/wp-json\/wp\/v2\/pages\/23"}],"collection":[{"href":"https:\/\/home.uia.no\/pertb14\/wp-json\/wp\/v2\/pages"}],"about":[{"href":"https:\/\/home.uia.no\/pertb14\/wp-json\/wp\/v2\/types\/page"}],"author":[{"embeddable":true,"href":"https:\/\/home.uia.no\/pertb14\/wp-json\/wp\/v2\/users\/1074"}],"replies":[{"embeddable":true,"href":"https:\/\/home.uia.no\/pertb14\/wp-json\/wp\/v2\/comments?post=23"}],"version-history":[{"count":10,"href":"https:\/\/home.uia.no\/pertb14\/wp-json\/wp\/v2\/pages\/23\/revisions"}],"predecessor-version":[{"id":45,"href":"https:\/\/home.uia.no\/pertb14\/wp-json\/wp\/v2\/pages\/23\/revisions\/45"}],"up":[{"embeddable":true,"href":"https:\/\/home.uia.no\/pertb14\/wp-json\/wp\/v2\/pages\/14"}],"wp:attachment":[{"href":"https:\/\/home.uia.no\/pertb14\/wp-json\/wp\/v2\/media?parent=23"}],"curies":[{"name":"wp","href":"https:\/\/api.w.org\/{rel}","templated":true}]}}