
{"id":25,"date":"2016-08-21T13:57:13","date_gmt":"2016-08-21T12:57:13","guid":{"rendered":"http:\/\/home.uia.no\/pertb14\/?page_id=25"},"modified":"2016-09-13T18:53:53","modified_gmt":"2016-09-13T17:53:53","slug":"time-3","status":"publish","type":"page","link":"https:\/\/home.uia.no\/pertb14\/oppgaver\/idr-129\/kunde-1\/time-3\/","title":{"rendered":"Time 3"},"content":{"rendered":"<p>Fredag 2. September, Spicheren Fitnessenter.<\/p>\n<p>Etter erfaring fra forrige \u00f8kt, der det ble for mange \u00f8velser, har antall \u00f8velser blitt kortet ned til denne \u00f8kta. Det har ogs\u00e5 blitt lagt inn nye \u00f8velser for \u00e5 gi kunden litt nye erfaringer.<\/p>\n<p><a href=\"http:\/\/home.uia.no\/pertb14\/files\/2016\/08\/Skjermbilde-2016-09-12-kl.-22.20.52.png\"><img loading=\"lazy\" decoding=\"async\" class=\"alignnone size-full wp-image-58\" src=\"http:\/\/home.uia.no\/pertb14\/files\/2016\/08\/Skjermbilde-2016-09-12-kl.-22.20.52.png\" alt=\"\" width=\"493\" height=\"633\" srcset=\"https:\/\/home.uia.no\/pertb14\/files\/2016\/08\/Skjermbilde-2016-09-12-kl.-22.20.52.png 493w, https:\/\/home.uia.no\/pertb14\/files\/2016\/08\/Skjermbilde-2016-09-12-kl.-22.20.52-233x300.png 233w, https:\/\/home.uia.no\/pertb14\/files\/2016\/08\/Skjermbilde-2016-09-12-kl.-22.20.52-389x500.png 389w\" sizes=\"(max-width: 493px) 100vw, 493px\" \/><\/a><a href=\"http:\/\/home.uia.no\/pertb14\/files\/2016\/08\/Skjermbilde-2016-09-12-kl.-22.21.00.png\"><img loading=\"lazy\" decoding=\"async\" class=\"alignnone size-full wp-image-57\" src=\"http:\/\/home.uia.no\/pertb14\/files\/2016\/08\/Skjermbilde-2016-09-12-kl.-22.21.00.png\" alt=\"\" width=\"499\" height=\"311\" srcset=\"https:\/\/home.uia.no\/pertb14\/files\/2016\/08\/Skjermbilde-2016-09-12-kl.-22.21.00.png 499w, https:\/\/home.uia.no\/pertb14\/files\/2016\/08\/Skjermbilde-2016-09-12-kl.-22.21.00-300x186.png 300w, https:\/\/home.uia.no\/pertb14\/files\/2016\/08\/Skjermbilde-2016-09-12-kl.-22.21.00-400x249.png 400w, https:\/\/home.uia.no\/pertb14\/files\/2016\/08\/Skjermbilde-2016-09-12-kl.-22.21.00-481x300.png 481w\" sizes=\"(max-width: 499px) 100vw, 499px\" \/><\/a><\/p>\n<p><span style=\"text-decoration: underline\">Begrunnelse for valg av \u00f8velser<br \/>\n<\/span>For \u00e5 vise kunden litt alternative \u00f8velser, velges nye \u00f8velser denne \u00f8kta. Kunden nevnte at han hadde slitt med blant annet rygg. Han har ikke trent denne s\u00e6rlig tidligere, s\u00e5 det legges derfor inn noen \u00f8velser med rygghev. For \u00e5 s\u00f8rge for progresjon er det lagt til en \u00f8kning i antall sett.<\/p>\n<p><span style=\"text-decoration: underline\">Erfaring\/evaluering av \u00f8kta<br \/>\n<\/span>Denne \u00f8kta virket veldig bra! Kunden var forn\u00f8yd med at det var tatt hensyn til hans skadesituasjon, samtidig som han ble pushet videre! Det fungerte ogs\u00e5 bedre tidsmessig denne \u00f8kta.<\/p>\n","protected":false},"excerpt":{"rendered":"<p>Fredag 2. September, Spicheren Fitnessenter. Etter erfaring fra forrige \u00f8kt, der det ble for mange \u00f8velser, har antall \u00f8velser blitt kortet ned til denne \u00f8kta. Det har ogs\u00e5 blitt lagt inn nye \u00f8velser for \u00e5 gi kunden litt nye erfaringer. &hellip; <a href=\"https:\/\/home.uia.no\/pertb14\/oppgaver\/idr-129\/kunde-1\/time-3\/\">Les videre <span class=\"meta-nav\">&rarr;<\/span><\/a><\/p>\n","protected":false},"author":1074,"featured_media":0,"parent":14,"menu_order":0,"comment_status":"closed","ping_status":"closed","template":"","meta":{"_exactmetrics_skip_tracking":false,"_exactmetrics_sitenote_active":false,"_exactmetrics_sitenote_note":"","_exactmetrics_sitenote_category":0,"footnotes":""},"_links":{"self":[{"href":"https:\/\/home.uia.no\/pertb14\/wp-json\/wp\/v2\/pages\/25"}],"collection":[{"href":"https:\/\/home.uia.no\/pertb14\/wp-json\/wp\/v2\/pages"}],"about":[{"href":"https:\/\/home.uia.no\/pertb14\/wp-json\/wp\/v2\/types\/page"}],"author":[{"embeddable":true,"href":"https:\/\/home.uia.no\/pertb14\/wp-json\/wp\/v2\/users\/1074"}],"replies":[{"embeddable":true,"href":"https:\/\/home.uia.no\/pertb14\/wp-json\/wp\/v2\/comments?post=25"}],"version-history":[{"count":7,"href":"https:\/\/home.uia.no\/pertb14\/wp-json\/wp\/v2\/pages\/25\/revisions"}],"predecessor-version":[{"id":94,"href":"https:\/\/home.uia.no\/pertb14\/wp-json\/wp\/v2\/pages\/25\/revisions\/94"}],"up":[{"embeddable":true,"href":"https:\/\/home.uia.no\/pertb14\/wp-json\/wp\/v2\/pages\/14"}],"wp:attachment":[{"href":"https:\/\/home.uia.no\/pertb14\/wp-json\/wp\/v2\/media?parent=25"}],"curies":[{"name":"wp","href":"https:\/\/api.w.org\/{rel}","templated":true}]}}