
{"id":5,"date":"2022-08-30T20:11:05","date_gmt":"2022-08-30T18:11:05","guid":{"rendered":"https:\/\/home.uia.no\/racheh09\/?page_id=2"},"modified":"2022-09-01T20:02:38","modified_gmt":"2022-09-01T19:02:38","slug":"testside","status":"publish","type":"page","link":"https:\/\/home.uia.no\/racheh09\/testside\/","title":{"rendered":"Om meg"},"content":{"rendered":"\n<p>Hei, jeg er Rachel. <\/p>\n\n\n\n<p>Til vanlig er jeg l\u00e6rer ved Fagerholt skole. Der jobber jeg p\u00e5 sm\u00e5trinnet og trives godt med det. <\/p>\n\n\n\n<p>Dette skole\u00e5ret er jeg i f\u00f8dselspermisjon med min tredje jente, samtidig studerer jeg &laquo;Fremtidens profesjonsfaglig digital kompetanse for l\u00e6rere&raquo;. <\/p>\n\n\n\n<p> Jeg gleder meg til permisjonsliv og studieliv h\u00e5nd i h\u00e5nd.<\/p>\n\n\n\n<p>Her kan dere f\u00f8lge det vi jobber med p\u00e5 studiet. \ud83d\ude42<\/p>\n\n\n\n<figure class=\"wp-block-image size-full is-style-rounded\"><img loading=\"lazy\" decoding=\"async\" width=\"315\" height=\"315\" src=\"https:\/\/home.uia.no\/racheh09\/files\/2022\/09\/rachel.jpg\" alt=\"\" class=\"wp-image-57\" srcset=\"https:\/\/home.uia.no\/racheh09\/files\/2022\/09\/rachel.jpg 315w, https:\/\/home.uia.no\/racheh09\/files\/2022\/09\/rachel-300x300.jpg 300w, https:\/\/home.uia.no\/racheh09\/files\/2022\/09\/rachel-150x150.jpg 150w, https:\/\/home.uia.no\/racheh09\/files\/2022\/09\/rachel-50x50.jpg 50w\" sizes=\"(max-width: 315px) 100vw, 315px\" \/><\/figure>\n\n\n\n<p><\/p>\n","protected":false},"excerpt":{"rendered":"<p>Hei, jeg er Rachel. Til vanlig er jeg l\u00e6rer ved Fagerholt skole. Der jobber jeg p\u00e5 sm\u00e5trinnet og trives godt med det. Dette skole\u00e5ret er jeg i f\u00f8dselspermisjon med min tredje jente, samtidig studerer jeg &laquo;Fremtidens profesjonsfaglig digital kompetanse for &hellip; <a href=\"https:\/\/home.uia.no\/racheh09\/testside\/\">Continue reading <span class=\"meta-nav\">&rarr;<\/span><\/a><\/p>\n","protected":false},"author":3425,"featured_media":0,"parent":0,"menu_order":0,"comment_status":"closed","ping_status":"open","template":"","meta":{"_exactmetrics_skip_tracking":false,"_exactmetrics_sitenote_active":false,"_exactmetrics_sitenote_note":"","_exactmetrics_sitenote_category":0,"footnotes":""},"_links":{"self":[{"href":"https:\/\/home.uia.no\/racheh09\/wp-json\/wp\/v2\/pages\/5"}],"collection":[{"href":"https:\/\/home.uia.no\/racheh09\/wp-json\/wp\/v2\/pages"}],"about":[{"href":"https:\/\/home.uia.no\/racheh09\/wp-json\/wp\/v2\/types\/page"}],"author":[{"embeddable":true,"href":"https:\/\/home.uia.no\/racheh09\/wp-json\/wp\/v2\/users\/3425"}],"replies":[{"embeddable":true,"href":"https:\/\/home.uia.no\/racheh09\/wp-json\/wp\/v2\/comments?post=5"}],"version-history":[{"count":5,"href":"https:\/\/home.uia.no\/racheh09\/wp-json\/wp\/v2\/pages\/5\/revisions"}],"predecessor-version":[{"id":55,"href":"https:\/\/home.uia.no\/racheh09\/wp-json\/wp\/v2\/pages\/5\/revisions\/55"}],"wp:attachment":[{"href":"https:\/\/home.uia.no\/racheh09\/wp-json\/wp\/v2\/media?parent=5"}],"curies":[{"name":"wp","href":"https:\/\/api.w.org\/{rel}","templated":true}]}}