
{"id":13,"date":"2016-01-28T12:40:15","date_gmt":"2016-01-28T11:40:15","guid":{"rendered":"http:\/\/home.uia.no\/saedih15\/?page_id=13"},"modified":"2016-06-03T11:08:39","modified_gmt":"2016-06-03T10:08:39","slug":"home","status":"publish","type":"page","link":"https:\/\/home.uia.no\/saedih15\/","title":{"rendered":"S\u00e6d\u00eds \u00d3sk"},"content":{"rendered":"<p>This is a website used to reflect on my experience as an exchange student in the course outdoor education at the University of Agder in Kristiansand, Norway.<br \/>\n<strong>A little bit about me<\/strong><br \/>\nMy name is S\u00e6d\u00eds \u00d3sk Helgad\u00f3ttir and I&#8217;m a 23 year old student from Reykjav\u00edk Iceland.<br \/>\nI study in the faculty of sports, leisure studies and social education in the university of Iceland. \u00a0With a focus on the informal education and recreational education. \u00a0This study is just perfect for me because i really enjoy my leisure time \ud83d\ude42<\/p>\n<p><a href=\"http:\/\/home.uia.no\/saedih15\/files\/2016\/01\/IMG_8856.jpg\"><img loading=\"lazy\" decoding=\"async\" class=\"size-medium wp-image-27 alignleft\" src=\"http:\/\/home.uia.no\/saedih15\/files\/2016\/01\/IMG_8856-169x300.jpg\" alt=\"\" width=\"169\" height=\"300\" srcset=\"https:\/\/home.uia.no\/saedih15\/files\/2016\/01\/IMG_8856-169x300.jpg 169w, https:\/\/home.uia.no\/saedih15\/files\/2016\/01\/IMG_8856-576x1024.jpg 576w, https:\/\/home.uia.no\/saedih15\/files\/2016\/01\/IMG_8856-281x500.jpg 281w, https:\/\/home.uia.no\/saedih15\/files\/2016\/01\/IMG_8856.jpg 640w\" sizes=\"(max-width: 169px) 100vw, 169px\" \/><\/a><\/p>\n<p>I have always appreciated the nature around me. The beauty and tranquility as well as the different ways you can use the nature for your hobbies. As a scout I have been briefly introduced to different outdoor activities such as hiking, camping, climbing, abseiling, kayaking and canoeing to name a few. These introductions only made me want to do more. Learn new skills and technique in these sports as well as test and push my limits.<\/p>\n<p>&nbsp;<\/p>\n<p>&nbsp;<\/p>\n","protected":false},"excerpt":{"rendered":"<p>This is a website used to reflect on my experience as an exchange student in the course outdoor education at the University of Agder in Kristiansand, Norway. A little bit about me My name is S\u00e6d\u00eds \u00d3sk Helgad\u00f3ttir and I&#8217;m &hellip; <a href=\"https:\/\/home.uia.no\/saedih15\/\">Continue reading <span class=\"meta-nav\">&rarr;<\/span><\/a><\/p>\n","protected":false},"author":1031,"featured_media":0,"parent":0,"menu_order":0,"comment_status":"closed","ping_status":"closed","template":"","meta":{"_exactmetrics_skip_tracking":false,"_exactmetrics_sitenote_active":false,"_exactmetrics_sitenote_note":"","_exactmetrics_sitenote_category":0,"footnotes":""},"_links":{"self":[{"href":"https:\/\/home.uia.no\/saedih15\/wp-json\/wp\/v2\/pages\/13"}],"collection":[{"href":"https:\/\/home.uia.no\/saedih15\/wp-json\/wp\/v2\/pages"}],"about":[{"href":"https:\/\/home.uia.no\/saedih15\/wp-json\/wp\/v2\/types\/page"}],"author":[{"embeddable":true,"href":"https:\/\/home.uia.no\/saedih15\/wp-json\/wp\/v2\/users\/1031"}],"replies":[{"embeddable":true,"href":"https:\/\/home.uia.no\/saedih15\/wp-json\/wp\/v2\/comments?post=13"}],"version-history":[{"count":9,"href":"https:\/\/home.uia.no\/saedih15\/wp-json\/wp\/v2\/pages\/13\/revisions"}],"predecessor-version":[{"id":21,"href":"https:\/\/home.uia.no\/saedih15\/wp-json\/wp\/v2\/pages\/13\/revisions\/21"}],"wp:attachment":[{"href":"https:\/\/home.uia.no\/saedih15\/wp-json\/wp\/v2\/media?parent=13"}],"curies":[{"name":"wp","href":"https:\/\/api.w.org\/{rel}","templated":true}]}}